{"id":9989,"date":"2022-01-22T09:47:24","date_gmt":"2022-01-22T08:47:24","guid":{"rendered":"https:\/\/demoweb.info\/sexshop001\/producto\/earthly-body-skinny-dip-balsamo-labios\/"},"modified":"2022-01-22T09:47:31","modified_gmt":"2022-01-22T08:47:31","slug":"earthly-body-skinny-dip-balsamo-labios","status":"publish","type":"product","link":"https:\/\/demoweb.info\/sexshop001\/producto\/earthly-body-skinny-dip-balsamo-labios\/","title":{"rendered":"EARTHLY BODY SKINNY DIP &#8211; BALSAMO LABIOS"},"content":{"rendered":"<p><strong>SKINNY DIP LIP BALM POT<\/strong><\/p>\n<p>\u00a1Desde las laderas hasta el desierto, nuestro b\u00e1lsamo labial lo tiene cubierto!<\/p>\n<p>Alivia y protege tu puchero incluso de las condiciones m\u00e1s duras con esta mezcla bot\u00e1nica de ingredientes 100% naturales.<\/p>\n<p>Los aceites ultra hidratantes (que incluyen c\u00e1\u00f1amo, manteca de karit\u00e9, jojoba, aguacate y vitamina E) dejan los labios suaves, sexys y listos para besarse.<\/p><\/p>\n","protected":false},"excerpt":{"rendered":"<p>SKINNY DIP LIP BALM POT \u00a1Desde las laderas hasta el desierto, nuestro b\u00e1lsamo labial lo tiene cubierto! Alivia y protege<\/p>\n","protected":false},"featured_media":9990,"comment_status":"open","ping_status":"open","template":"","meta":[],"product_cat":[513],"product_tag":[511],"class_list":["post-9989","product","type-product","status-publish","has-post-thumbnail","hentry","product_cat-linea-cbd-salud-sexual","product_tag-earthly-body"],"bundled_by":[],"bundle_stock_status":"instock","bundle_stock_quantity":3,"bundle_virtual":false,"bundle_layout":"","bundle_add_to_cart_form_location":"","bundle_editable_in_cart":false,"bundle_sold_individually_context":"","bundle_item_grouping":"","bundle_min_size":"","bundle_max_size":"","bundled_items":[],"yoast_head":"<!-- This site is optimized with the Yoast SEO plugin v20.6 - https:\/\/yoast.com\/wordpress\/plugins\/seo\/ -->\n<title>EARTHLY BODY SKINNY DIP - BALSAMO LABIOS - Tienda Er\u00f3tica<\/title>\n<meta name=\"robots\" content=\"noindex, follow, max-snippet:-1, max-image-preview:large, max-video-preview:-1\" \/>\n<meta property=\"og:locale\" content=\"es_ES\" \/>\n<meta property=\"og:type\" content=\"article\" \/>\n<meta property=\"og:title\" content=\"EARTHLY BODY SKINNY DIP - BALSAMO LABIOS - Tienda Er\u00f3tica\" \/>\n<meta property=\"og:description\" content=\"SKINNY DIP LIP BALM POT \u00a1Desde las laderas hasta el desierto, nuestro b\u00e1lsamo labial lo tiene cubierto! Alivia y protege\" \/>\n<meta property=\"og:url\" content=\"https:\/\/demoweb.info\/sexshop001\/producto\/earthly-body-skinny-dip-balsamo-labios\/\" \/>\n<meta property=\"og:site_name\" content=\"Tienda Er\u00f3tica\" \/>\n<meta property=\"article:modified_time\" content=\"2022-01-22T08:47:31+00:00\" \/>\n<meta property=\"og:image\" content=\"https:\/\/demoweb.info\/sexshop001\/wp-content\/uploads\/2022\/01\/EARTHLY-BODY-SKINNY-DIP-BALSAMO-LABIOS.jpg\" \/>\n\t<meta property=\"og:image:width\" content=\"550\" \/>\n\t<meta property=\"og:image:height\" content=\"550\" \/>\n\t<meta property=\"og:image:type\" content=\"image\/jpeg\" \/>\n<meta name=\"twitter:card\" content=\"summary_large_image\" \/>\n<script type=\"application\/ld+json\" class=\"yoast-schema-graph\">{\"@context\":\"https:\/\/schema.org\",\"@graph\":[{\"@type\":\"WebPage\",\"@id\":\"https:\/\/demoweb.info\/sexshop001\/producto\/earthly-body-skinny-dip-balsamo-labios\/\",\"url\":\"https:\/\/demoweb.info\/sexshop001\/producto\/earthly-body-skinny-dip-balsamo-labios\/\",\"name\":\"EARTHLY BODY SKINNY DIP - BALSAMO LABIOS - Tienda Er\u00f3tica\",\"isPartOf\":{\"@id\":\"https:\/\/demoweb.info\/sexshop001\/#website\"},\"datePublished\":\"2022-01-22T08:47:24+00:00\",\"dateModified\":\"2022-01-22T08:47:31+00:00\",\"breadcrumb\":{\"@id\":\"https:\/\/demoweb.info\/sexshop001\/producto\/earthly-body-skinny-dip-balsamo-labios\/#breadcrumb\"},\"inLanguage\":\"es\",\"potentialAction\":[{\"@type\":\"ReadAction\",\"target\":[\"https:\/\/demoweb.info\/sexshop001\/producto\/earthly-body-skinny-dip-balsamo-labios\/\"]}]},{\"@type\":\"BreadcrumbList\",\"@id\":\"https:\/\/demoweb.info\/sexshop001\/producto\/earthly-body-skinny-dip-balsamo-labios\/#breadcrumb\",\"itemListElement\":[{\"@type\":\"ListItem\",\"position\":1,\"name\":\"Portada\",\"item\":\"https:\/\/demoweb.info\/sexshop001\/\"},{\"@type\":\"ListItem\",\"position\":2,\"name\":\"Tienda\",\"item\":\"https:\/\/demoweb.info\/sexshop001\/tienda\/\"},{\"@type\":\"ListItem\",\"position\":3,\"name\":\"EARTHLY BODY SKINNY DIP &#8211; BALSAMO LABIOS\"}]},{\"@type\":\"WebSite\",\"@id\":\"https:\/\/demoweb.info\/sexshop001\/#website\",\"url\":\"https:\/\/demoweb.info\/sexshop001\/\",\"name\":\"Tienda Er\u00f3tica\",\"description\":\"DEMOWEB SL\",\"potentialAction\":[{\"@type\":\"SearchAction\",\"target\":{\"@type\":\"EntryPoint\",\"urlTemplate\":\"https:\/\/demoweb.info\/sexshop001\/?s={search_term_string}\"},\"query-input\":\"required name=search_term_string\"}],\"inLanguage\":\"es\"}]}<\/script>\n<!-- \/ Yoast SEO plugin. -->","yoast_head_json":{"title":"EARTHLY BODY SKINNY DIP - BALSAMO LABIOS - Tienda Er\u00f3tica","robots":{"index":"noindex","follow":"follow","max-snippet":"max-snippet:-1","max-image-preview":"max-image-preview:large","max-video-preview":"max-video-preview:-1"},"og_locale":"es_ES","og_type":"article","og_title":"EARTHLY BODY SKINNY DIP - BALSAMO LABIOS - Tienda Er\u00f3tica","og_description":"SKINNY DIP LIP BALM POT \u00a1Desde las laderas hasta el desierto, nuestro b\u00e1lsamo labial lo tiene cubierto! Alivia y protege","og_url":"https:\/\/demoweb.info\/sexshop001\/producto\/earthly-body-skinny-dip-balsamo-labios\/","og_site_name":"Tienda Er\u00f3tica","article_modified_time":"2022-01-22T08:47:31+00:00","og_image":[{"width":550,"height":550,"url":"https:\/\/demoweb.info\/sexshop001\/wp-content\/uploads\/2022\/01\/EARTHLY-BODY-SKINNY-DIP-BALSAMO-LABIOS.jpg","type":"image\/jpeg"}],"twitter_card":"summary_large_image","schema":{"@context":"https:\/\/schema.org","@graph":[{"@type":"WebPage","@id":"https:\/\/demoweb.info\/sexshop001\/producto\/earthly-body-skinny-dip-balsamo-labios\/","url":"https:\/\/demoweb.info\/sexshop001\/producto\/earthly-body-skinny-dip-balsamo-labios\/","name":"EARTHLY BODY SKINNY DIP - BALSAMO LABIOS - Tienda Er\u00f3tica","isPartOf":{"@id":"https:\/\/demoweb.info\/sexshop001\/#website"},"datePublished":"2022-01-22T08:47:24+00:00","dateModified":"2022-01-22T08:47:31+00:00","breadcrumb":{"@id":"https:\/\/demoweb.info\/sexshop001\/producto\/earthly-body-skinny-dip-balsamo-labios\/#breadcrumb"},"inLanguage":"es","potentialAction":[{"@type":"ReadAction","target":["https:\/\/demoweb.info\/sexshop001\/producto\/earthly-body-skinny-dip-balsamo-labios\/"]}]},{"@type":"BreadcrumbList","@id":"https:\/\/demoweb.info\/sexshop001\/producto\/earthly-body-skinny-dip-balsamo-labios\/#breadcrumb","itemListElement":[{"@type":"ListItem","position":1,"name":"Portada","item":"https:\/\/demoweb.info\/sexshop001\/"},{"@type":"ListItem","position":2,"name":"Tienda","item":"https:\/\/demoweb.info\/sexshop001\/tienda\/"},{"@type":"ListItem","position":3,"name":"EARTHLY BODY SKINNY DIP &#8211; BALSAMO LABIOS"}]},{"@type":"WebSite","@id":"https:\/\/demoweb.info\/sexshop001\/#website","url":"https:\/\/demoweb.info\/sexshop001\/","name":"Tienda Er\u00f3tica","description":"DEMOWEB SL","potentialAction":[{"@type":"SearchAction","target":{"@type":"EntryPoint","urlTemplate":"https:\/\/demoweb.info\/sexshop001\/?s={search_term_string}"},"query-input":"required name=search_term_string"}],"inLanguage":"es"}]}},"_links":{"self":[{"href":"https:\/\/demoweb.info\/sexshop001\/wp-json\/wp\/v3\/product\/9989","targetHints":{"allow":["GET"]}}],"collection":[{"href":"https:\/\/demoweb.info\/sexshop001\/wp-json\/wp\/v3\/product"}],"about":[{"href":"https:\/\/demoweb.info\/sexshop001\/wp-json\/wp\/v2\/types\/product"}],"replies":[{"embeddable":true,"href":"https:\/\/demoweb.info\/sexshop001\/wp-json\/wp\/v2\/comments?post=9989"}],"wp:featuredmedia":[{"embeddable":true,"href":"https:\/\/demoweb.info\/sexshop001\/wp-json\/wp\/v2\/media\/9990"}],"wp:attachment":[{"href":"https:\/\/demoweb.info\/sexshop001\/wp-json\/wp\/v2\/media?parent=9989"}],"wp:term":[{"taxonomy":"product_cat","embeddable":true,"href":"https:\/\/demoweb.info\/sexshop001\/wp-json\/wp\/v2\/product_cat?post=9989"},{"taxonomy":"product_tag","embeddable":true,"href":"https:\/\/demoweb.info\/sexshop001\/wp-json\/wp\/v2\/product_tag?post=9989"}],"curies":[{"name":"wp","href":"https:\/\/api.w.org\/{rel}","templated":true}]}}