{"id":9946,"date":"2022-01-22T09:47:13","date_gmt":"2022-01-22T08:47:13","guid":{"rendered":"https:\/\/demoweb.info\/sexshop001\/producto\/earthly-body-aceite-masaje-liviano-237ml\/"},"modified":"2022-01-22T09:47:14","modified_gmt":"2022-01-22T08:47:14","slug":"earthly-body-aceite-masaje-liviano-237ml","status":"publish","type":"product","link":"https:\/\/demoweb.info\/sexshop001\/producto\/earthly-body-aceite-masaje-liviano-237ml\/","title":{"rendered":"EARTHLY BODY ACEITE MASAJE LIVIANO 237ML"},"content":{"rendered":"<p><strong>HIGH TIDE MOISTURIZING OIL SPRAY <\/strong><\/p>\n<p>\u00a1Un aerosol sensual para la piel que contiene solo los mejores aceites para el cuidado de la piel disponibles, nuestro spray de aceite hidratante reemplaza la loci\u00f3n ya que una crema hidratante diaria se puede usar de varias maneras!<\/p>\n<p>\u00a1Agregue al agua del ba\u00f1o para una m\u00e1xima relajaci\u00f3n y mimos, use como un aceite de masaje liviano, en lugar de perfume o como humectante para despu\u00e9s del ba\u00f1o y la ducha!<\/p>\n<p>Volumen del producto: 237 ml<\/p>\n<p>Ingredientes: Glycine Soja (Soybean) Oil, Cannabis Sativa (Hemp) Seed Oil, Persea Gratissima (Avocado) Oil, Prunus Armeniaca (Apricot) Kernel Oil, Parfum, Tocopherol, Cocos Nucifera Oil, Simmondsia Chinensis Seed Oil, Limonene, Benzyl Benzoate, Butylphenyl Methylpropional, Linalool, Benzyl, Salicylate, Coumarin, Citral<\/p>\n","protected":false},"excerpt":{"rendered":"<p>HIGH TIDE MOISTURIZING OIL SPRAY \u00a1Un aerosol sensual para la piel que contiene solo los mejores aceites para el cuidado<\/p>\n","protected":false},"featured_media":9947,"comment_status":"open","ping_status":"open","template":"","meta":[],"product_cat":[510],"product_tag":[511],"class_list":["post-9946","product","type-product","status-publish","has-post-thumbnail","hentry","product_cat-linea-cbd","product_tag-earthly-body"],"bundled_by":[],"bundle_stock_status":"instock","bundle_stock_quantity":1,"bundle_virtual":false,"bundle_layout":"","bundle_add_to_cart_form_location":"","bundle_editable_in_cart":false,"bundle_sold_individually_context":"","bundle_item_grouping":"","bundle_min_size":"","bundle_max_size":"","bundled_items":[],"yoast_head":"<!-- This site is optimized with the Yoast SEO plugin v20.6 - https:\/\/yoast.com\/wordpress\/plugins\/seo\/ -->\n<title>EARTHLY BODY ACEITE MASAJE LIVIANO 237ML - Tienda Er\u00f3tica<\/title>\n<meta name=\"robots\" content=\"noindex, follow, max-snippet:-1, max-image-preview:large, max-video-preview:-1\" \/>\n<meta property=\"og:locale\" content=\"es_ES\" \/>\n<meta property=\"og:type\" content=\"article\" \/>\n<meta property=\"og:title\" content=\"EARTHLY BODY ACEITE MASAJE LIVIANO 237ML - Tienda Er\u00f3tica\" \/>\n<meta property=\"og:description\" content=\"HIGH TIDE MOISTURIZING OIL SPRAY \u00a1Un aerosol sensual para la piel que contiene solo los mejores aceites para el cuidado\" \/>\n<meta property=\"og:url\" content=\"https:\/\/demoweb.info\/sexshop001\/producto\/earthly-body-aceite-masaje-liviano-237ml\/\" \/>\n<meta property=\"og:site_name\" content=\"Tienda Er\u00f3tica\" \/>\n<meta property=\"article:modified_time\" content=\"2022-01-22T08:47:14+00:00\" \/>\n<meta property=\"og:image\" content=\"https:\/\/demoweb.info\/sexshop001\/wp-content\/uploads\/2022\/01\/EARTHLY-BODY-ACEITE-MASAJE-LIVIANO-237ML.jpg\" \/>\n\t<meta property=\"og:image:width\" content=\"550\" \/>\n\t<meta property=\"og:image:height\" content=\"550\" \/>\n\t<meta property=\"og:image:type\" content=\"image\/jpeg\" \/>\n<meta name=\"twitter:card\" content=\"summary_large_image\" \/>\n<meta name=\"twitter:label1\" content=\"Tiempo de lectura\" \/>\n\t<meta name=\"twitter:data1\" content=\"1 minuto\" \/>\n<script type=\"application\/ld+json\" class=\"yoast-schema-graph\">{\"@context\":\"https:\/\/schema.org\",\"@graph\":[{\"@type\":\"WebPage\",\"@id\":\"https:\/\/demoweb.info\/sexshop001\/producto\/earthly-body-aceite-masaje-liviano-237ml\/\",\"url\":\"https:\/\/demoweb.info\/sexshop001\/producto\/earthly-body-aceite-masaje-liviano-237ml\/\",\"name\":\"EARTHLY BODY ACEITE MASAJE LIVIANO 237ML - Tienda Er\u00f3tica\",\"isPartOf\":{\"@id\":\"https:\/\/demoweb.info\/sexshop001\/#website\"},\"datePublished\":\"2022-01-22T08:47:13+00:00\",\"dateModified\":\"2022-01-22T08:47:14+00:00\",\"breadcrumb\":{\"@id\":\"https:\/\/demoweb.info\/sexshop001\/producto\/earthly-body-aceite-masaje-liviano-237ml\/#breadcrumb\"},\"inLanguage\":\"es\",\"potentialAction\":[{\"@type\":\"ReadAction\",\"target\":[\"https:\/\/demoweb.info\/sexshop001\/producto\/earthly-body-aceite-masaje-liviano-237ml\/\"]}]},{\"@type\":\"BreadcrumbList\",\"@id\":\"https:\/\/demoweb.info\/sexshop001\/producto\/earthly-body-aceite-masaje-liviano-237ml\/#breadcrumb\",\"itemListElement\":[{\"@type\":\"ListItem\",\"position\":1,\"name\":\"Portada\",\"item\":\"https:\/\/demoweb.info\/sexshop001\/\"},{\"@type\":\"ListItem\",\"position\":2,\"name\":\"Tienda\",\"item\":\"https:\/\/demoweb.info\/sexshop001\/tienda\/\"},{\"@type\":\"ListItem\",\"position\":3,\"name\":\"EARTHLY BODY ACEITE MASAJE LIVIANO 237ML\"}]},{\"@type\":\"WebSite\",\"@id\":\"https:\/\/demoweb.info\/sexshop001\/#website\",\"url\":\"https:\/\/demoweb.info\/sexshop001\/\",\"name\":\"Tienda Er\u00f3tica\",\"description\":\"DEMOWEB SL\",\"potentialAction\":[{\"@type\":\"SearchAction\",\"target\":{\"@type\":\"EntryPoint\",\"urlTemplate\":\"https:\/\/demoweb.info\/sexshop001\/?s={search_term_string}\"},\"query-input\":\"required name=search_term_string\"}],\"inLanguage\":\"es\"}]}<\/script>\n<!-- \/ Yoast SEO plugin. -->","yoast_head_json":{"title":"EARTHLY BODY ACEITE MASAJE LIVIANO 237ML - Tienda Er\u00f3tica","robots":{"index":"noindex","follow":"follow","max-snippet":"max-snippet:-1","max-image-preview":"max-image-preview:large","max-video-preview":"max-video-preview:-1"},"og_locale":"es_ES","og_type":"article","og_title":"EARTHLY BODY ACEITE MASAJE LIVIANO 237ML - Tienda Er\u00f3tica","og_description":"HIGH TIDE MOISTURIZING OIL SPRAY \u00a1Un aerosol sensual para la piel que contiene solo los mejores aceites para el cuidado","og_url":"https:\/\/demoweb.info\/sexshop001\/producto\/earthly-body-aceite-masaje-liviano-237ml\/","og_site_name":"Tienda Er\u00f3tica","article_modified_time":"2022-01-22T08:47:14+00:00","og_image":[{"width":550,"height":550,"url":"https:\/\/demoweb.info\/sexshop001\/wp-content\/uploads\/2022\/01\/EARTHLY-BODY-ACEITE-MASAJE-LIVIANO-237ML.jpg","type":"image\/jpeg"}],"twitter_card":"summary_large_image","twitter_misc":{"Tiempo de lectura":"1 minuto"},"schema":{"@context":"https:\/\/schema.org","@graph":[{"@type":"WebPage","@id":"https:\/\/demoweb.info\/sexshop001\/producto\/earthly-body-aceite-masaje-liviano-237ml\/","url":"https:\/\/demoweb.info\/sexshop001\/producto\/earthly-body-aceite-masaje-liviano-237ml\/","name":"EARTHLY BODY ACEITE MASAJE LIVIANO 237ML - Tienda Er\u00f3tica","isPartOf":{"@id":"https:\/\/demoweb.info\/sexshop001\/#website"},"datePublished":"2022-01-22T08:47:13+00:00","dateModified":"2022-01-22T08:47:14+00:00","breadcrumb":{"@id":"https:\/\/demoweb.info\/sexshop001\/producto\/earthly-body-aceite-masaje-liviano-237ml\/#breadcrumb"},"inLanguage":"es","potentialAction":[{"@type":"ReadAction","target":["https:\/\/demoweb.info\/sexshop001\/producto\/earthly-body-aceite-masaje-liviano-237ml\/"]}]},{"@type":"BreadcrumbList","@id":"https:\/\/demoweb.info\/sexshop001\/producto\/earthly-body-aceite-masaje-liviano-237ml\/#breadcrumb","itemListElement":[{"@type":"ListItem","position":1,"name":"Portada","item":"https:\/\/demoweb.info\/sexshop001\/"},{"@type":"ListItem","position":2,"name":"Tienda","item":"https:\/\/demoweb.info\/sexshop001\/tienda\/"},{"@type":"ListItem","position":3,"name":"EARTHLY BODY ACEITE MASAJE LIVIANO 237ML"}]},{"@type":"WebSite","@id":"https:\/\/demoweb.info\/sexshop001\/#website","url":"https:\/\/demoweb.info\/sexshop001\/","name":"Tienda Er\u00f3tica","description":"DEMOWEB SL","potentialAction":[{"@type":"SearchAction","target":{"@type":"EntryPoint","urlTemplate":"https:\/\/demoweb.info\/sexshop001\/?s={search_term_string}"},"query-input":"required name=search_term_string"}],"inLanguage":"es"}]}},"_links":{"self":[{"href":"https:\/\/demoweb.info\/sexshop001\/wp-json\/wp\/v3\/product\/9946","targetHints":{"allow":["GET"]}}],"collection":[{"href":"https:\/\/demoweb.info\/sexshop001\/wp-json\/wp\/v3\/product"}],"about":[{"href":"https:\/\/demoweb.info\/sexshop001\/wp-json\/wp\/v2\/types\/product"}],"replies":[{"embeddable":true,"href":"https:\/\/demoweb.info\/sexshop001\/wp-json\/wp\/v2\/comments?post=9946"}],"wp:featuredmedia":[{"embeddable":true,"href":"https:\/\/demoweb.info\/sexshop001\/wp-json\/wp\/v2\/media\/9947"}],"wp:attachment":[{"href":"https:\/\/demoweb.info\/sexshop001\/wp-json\/wp\/v2\/media?parent=9946"}],"wp:term":[{"taxonomy":"product_cat","embeddable":true,"href":"https:\/\/demoweb.info\/sexshop001\/wp-json\/wp\/v2\/product_cat?post=9946"},{"taxonomy":"product_tag","embeddable":true,"href":"https:\/\/demoweb.info\/sexshop001\/wp-json\/wp\/v2\/product_tag?post=9946"}],"curies":[{"name":"wp","href":"https:\/\/api.w.org\/{rel}","templated":true}]}}