{"id":9902,"date":"2022-01-22T09:46:40","date_gmt":"2022-01-22T08:46:40","guid":{"rendered":"https:\/\/demoweb.info\/sexshop001\/producto\/microscopic-mini-p-vibrador-lila\/"},"modified":"2022-01-22T09:46:54","modified_gmt":"2022-01-22T08:46:54","slug":"microscopic-mini-p-vibrador-lila","status":"publish","type":"product","link":"https:\/\/demoweb.info\/sexshop001\/producto\/microscopic-mini-p-vibrador-lila\/","title":{"rendered":"MICROSCOPIC MINI P VIBRADOR LILA"},"content":{"rendered":"<p><strong>MICROSCOPIC MINI P PURPLE<\/p>\n<p>Vibe Therapy <\/strong>a creado esta nueva generaci\u00f3n de vibradores pensando en la mujer moderna, teniendo muy en cuenta el dise\u00f1o y la calidad para proporcionar una experiencia completa y muy placentera. Experimenta la diferencia con este fant\u00e1stico producto<\/p>\n<p>El <strong>Mini P<\/strong> esta dise\u00f1ado para incrementar su intensidad adapt\u00e1ndose a tus estados de \u00e1nimo, fabricado al 100% en silicona m\u00e9dica y ergon\u00f3micamente dise\u00f1ado para adaptarse a la perfecci\u00f3n a tu cuerpo y a tu mano, este vibrador te proporcionara una experiencia \u00fanica.<\/p>\n<p>&#8211; Totalmente resistente al agua.<br \/>\n&#8211; Potente vibraci\u00f3n silenciosa.<br \/>\n&#8211; 7 programas que controlan la intensidad de la vibraci\u00f3n.<br \/>\n&#8211; Dise\u00f1o muy imaginativo y ergon\u00f3mico.<br \/>\n&#8211; Silicona m\u00e9dica higi\u00e9nicamente superior.<br \/>\n&#8211; Botones t\u00e1ctiles para facilitar el uso.<\/p>\n<p>Medidas: 12,5 cm x 2,5 cm.<\/p>\n<p>Funciona con 1 pila <strong>AA<\/strong> que podr\u00e1s encontrar en nuestra secci\u00f3n <strong>Pilas<\/strong>.<\/p>\n","protected":false},"excerpt":{"rendered":"<p>MICROSCOPIC MINI P PURPLE Vibe Therapy a creado esta nueva generaci\u00f3n de vibradores pensando en la mujer moderna, teniendo muy<\/p>\n","protected":false},"featured_media":9903,"comment_status":"open","ping_status":"open","template":"","meta":[],"product_cat":[317],"product_tag":[505],"class_list":["post-9902","product","type-product","status-publish","has-post-thumbnail","hentry","product_cat-con-vibrador","product_tag-vibe-therapy"],"bundled_by":[],"bundle_stock_status":"instock","bundle_stock_quantity":14,"bundle_virtual":false,"bundle_layout":"","bundle_add_to_cart_form_location":"","bundle_editable_in_cart":false,"bundle_sold_individually_context":"","bundle_item_grouping":"","bundle_min_size":"","bundle_max_size":"","bundled_items":[],"yoast_head":"<!-- This site is optimized with the Yoast SEO plugin v20.6 - https:\/\/yoast.com\/wordpress\/plugins\/seo\/ -->\n<title>MICROSCOPIC MINI P VIBRADOR LILA - Tienda Er\u00f3tica<\/title>\n<meta name=\"robots\" content=\"noindex, follow, max-snippet:-1, max-image-preview:large, max-video-preview:-1\" \/>\n<meta property=\"og:locale\" content=\"es_ES\" \/>\n<meta property=\"og:type\" content=\"article\" \/>\n<meta property=\"og:title\" content=\"MICROSCOPIC MINI P VIBRADOR LILA - Tienda Er\u00f3tica\" \/>\n<meta property=\"og:description\" content=\"MICROSCOPIC MINI P PURPLE Vibe Therapy a creado esta nueva generaci\u00f3n de vibradores pensando en la mujer moderna, teniendo muy\" \/>\n<meta property=\"og:url\" content=\"https:\/\/demoweb.info\/sexshop001\/producto\/microscopic-mini-p-vibrador-lila\/\" \/>\n<meta property=\"og:site_name\" content=\"Tienda Er\u00f3tica\" \/>\n<meta property=\"article:modified_time\" content=\"2022-01-22T08:46:54+00:00\" \/>\n<meta property=\"og:image\" content=\"https:\/\/demoweb.info\/sexshop001\/wp-content\/uploads\/2022\/01\/MICROSCOPIC-MINI-P-VIBRADOR-LILA.jpg\" \/>\n\t<meta property=\"og:image:width\" content=\"550\" \/>\n\t<meta property=\"og:image:height\" content=\"550\" \/>\n\t<meta property=\"og:image:type\" content=\"image\/jpeg\" \/>\n<meta name=\"twitter:card\" content=\"summary_large_image\" \/>\n<meta name=\"twitter:label1\" content=\"Tiempo de lectura\" \/>\n\t<meta name=\"twitter:data1\" content=\"1 minuto\" \/>\n<script type=\"application\/ld+json\" class=\"yoast-schema-graph\">{\"@context\":\"https:\/\/schema.org\",\"@graph\":[{\"@type\":\"WebPage\",\"@id\":\"https:\/\/demoweb.info\/sexshop001\/producto\/microscopic-mini-p-vibrador-lila\/\",\"url\":\"https:\/\/demoweb.info\/sexshop001\/producto\/microscopic-mini-p-vibrador-lila\/\",\"name\":\"MICROSCOPIC MINI P VIBRADOR LILA - Tienda Er\u00f3tica\",\"isPartOf\":{\"@id\":\"https:\/\/demoweb.info\/sexshop001\/#website\"},\"datePublished\":\"2022-01-22T08:46:40+00:00\",\"dateModified\":\"2022-01-22T08:46:54+00:00\",\"breadcrumb\":{\"@id\":\"https:\/\/demoweb.info\/sexshop001\/producto\/microscopic-mini-p-vibrador-lila\/#breadcrumb\"},\"inLanguage\":\"es\",\"potentialAction\":[{\"@type\":\"ReadAction\",\"target\":[\"https:\/\/demoweb.info\/sexshop001\/producto\/microscopic-mini-p-vibrador-lila\/\"]}]},{\"@type\":\"BreadcrumbList\",\"@id\":\"https:\/\/demoweb.info\/sexshop001\/producto\/microscopic-mini-p-vibrador-lila\/#breadcrumb\",\"itemListElement\":[{\"@type\":\"ListItem\",\"position\":1,\"name\":\"Portada\",\"item\":\"https:\/\/demoweb.info\/sexshop001\/\"},{\"@type\":\"ListItem\",\"position\":2,\"name\":\"Tienda\",\"item\":\"https:\/\/demoweb.info\/sexshop001\/tienda\/\"},{\"@type\":\"ListItem\",\"position\":3,\"name\":\"MICROSCOPIC MINI P VIBRADOR LILA\"}]},{\"@type\":\"WebSite\",\"@id\":\"https:\/\/demoweb.info\/sexshop001\/#website\",\"url\":\"https:\/\/demoweb.info\/sexshop001\/\",\"name\":\"Tienda Er\u00f3tica\",\"description\":\"DEMOWEB SL\",\"potentialAction\":[{\"@type\":\"SearchAction\",\"target\":{\"@type\":\"EntryPoint\",\"urlTemplate\":\"https:\/\/demoweb.info\/sexshop001\/?s={search_term_string}\"},\"query-input\":\"required name=search_term_string\"}],\"inLanguage\":\"es\"}]}<\/script>\n<!-- \/ Yoast SEO plugin. -->","yoast_head_json":{"title":"MICROSCOPIC MINI P VIBRADOR LILA - Tienda Er\u00f3tica","robots":{"index":"noindex","follow":"follow","max-snippet":"max-snippet:-1","max-image-preview":"max-image-preview:large","max-video-preview":"max-video-preview:-1"},"og_locale":"es_ES","og_type":"article","og_title":"MICROSCOPIC MINI P VIBRADOR LILA - Tienda Er\u00f3tica","og_description":"MICROSCOPIC MINI P PURPLE Vibe Therapy a creado esta nueva generaci\u00f3n de vibradores pensando en la mujer moderna, teniendo muy","og_url":"https:\/\/demoweb.info\/sexshop001\/producto\/microscopic-mini-p-vibrador-lila\/","og_site_name":"Tienda Er\u00f3tica","article_modified_time":"2022-01-22T08:46:54+00:00","og_image":[{"width":550,"height":550,"url":"https:\/\/demoweb.info\/sexshop001\/wp-content\/uploads\/2022\/01\/MICROSCOPIC-MINI-P-VIBRADOR-LILA.jpg","type":"image\/jpeg"}],"twitter_card":"summary_large_image","twitter_misc":{"Tiempo de lectura":"1 minuto"},"schema":{"@context":"https:\/\/schema.org","@graph":[{"@type":"WebPage","@id":"https:\/\/demoweb.info\/sexshop001\/producto\/microscopic-mini-p-vibrador-lila\/","url":"https:\/\/demoweb.info\/sexshop001\/producto\/microscopic-mini-p-vibrador-lila\/","name":"MICROSCOPIC MINI P VIBRADOR LILA - Tienda Er\u00f3tica","isPartOf":{"@id":"https:\/\/demoweb.info\/sexshop001\/#website"},"datePublished":"2022-01-22T08:46:40+00:00","dateModified":"2022-01-22T08:46:54+00:00","breadcrumb":{"@id":"https:\/\/demoweb.info\/sexshop001\/producto\/microscopic-mini-p-vibrador-lila\/#breadcrumb"},"inLanguage":"es","potentialAction":[{"@type":"ReadAction","target":["https:\/\/demoweb.info\/sexshop001\/producto\/microscopic-mini-p-vibrador-lila\/"]}]},{"@type":"BreadcrumbList","@id":"https:\/\/demoweb.info\/sexshop001\/producto\/microscopic-mini-p-vibrador-lila\/#breadcrumb","itemListElement":[{"@type":"ListItem","position":1,"name":"Portada","item":"https:\/\/demoweb.info\/sexshop001\/"},{"@type":"ListItem","position":2,"name":"Tienda","item":"https:\/\/demoweb.info\/sexshop001\/tienda\/"},{"@type":"ListItem","position":3,"name":"MICROSCOPIC MINI P VIBRADOR LILA"}]},{"@type":"WebSite","@id":"https:\/\/demoweb.info\/sexshop001\/#website","url":"https:\/\/demoweb.info\/sexshop001\/","name":"Tienda Er\u00f3tica","description":"DEMOWEB SL","potentialAction":[{"@type":"SearchAction","target":{"@type":"EntryPoint","urlTemplate":"https:\/\/demoweb.info\/sexshop001\/?s={search_term_string}"},"query-input":"required name=search_term_string"}],"inLanguage":"es"}]}},"_links":{"self":[{"href":"https:\/\/demoweb.info\/sexshop001\/wp-json\/wp\/v3\/product\/9902","targetHints":{"allow":["GET"]}}],"collection":[{"href":"https:\/\/demoweb.info\/sexshop001\/wp-json\/wp\/v3\/product"}],"about":[{"href":"https:\/\/demoweb.info\/sexshop001\/wp-json\/wp\/v2\/types\/product"}],"replies":[{"embeddable":true,"href":"https:\/\/demoweb.info\/sexshop001\/wp-json\/wp\/v2\/comments?post=9902"}],"wp:featuredmedia":[{"embeddable":true,"href":"https:\/\/demoweb.info\/sexshop001\/wp-json\/wp\/v2\/media\/9903"}],"wp:attachment":[{"href":"https:\/\/demoweb.info\/sexshop001\/wp-json\/wp\/v2\/media?parent=9902"}],"wp:term":[{"taxonomy":"product_cat","embeddable":true,"href":"https:\/\/demoweb.info\/sexshop001\/wp-json\/wp\/v2\/product_cat?post=9902"},{"taxonomy":"product_tag","embeddable":true,"href":"https:\/\/demoweb.info\/sexshop001\/wp-json\/wp\/v2\/product_tag?post=9902"}],"curies":[{"name":"wp","href":"https:\/\/api.w.org\/{rel}","templated":true}]}}