{"id":9882,"date":"2022-01-22T09:46:40","date_gmt":"2022-01-22T08:46:40","guid":{"rendered":"https:\/\/demoweb.info\/sexshop001\/producto\/zalo-hero-estimulador-clitoris-verde\/"},"modified":"2022-01-22T09:46:46","modified_gmt":"2022-01-22T08:46:46","slug":"zalo-hero-estimulador-clitoris-verde","status":"publish","type":"product","link":"https:\/\/demoweb.info\/sexshop001\/producto\/zalo-hero-estimulador-clitoris-verde\/","title":{"rendered":"ZALO HERO ESTIMULADOR CLITORIS VERDE"},"content":{"rendered":"<p><strong>HERO  JEWEL GREEN<\/strong><\/p>\n<p>Especialmente dise\u00f1ado para complacer y excitar el \u00e1rea sensible del cl\u00edtoris, HERO utiliza la tecnolog\u00eda patentada PulseWave \u2122 de ZALO para lograr un ancho de oscilaci\u00f3n de hasta 30 mm y una frecuencia de oscilaci\u00f3n de hasta 75 veces por segundo, evocando sensaciones \u00fanicas dise\u00f1adas para imitar un recuerdo memorable. sesi\u00f3n de sexo oral.<\/p>\n<p>Su forma elegante y compacta y sus potentes motores ofrecen una ergonom\u00eda y funcionalidad superiores para una experiencia perfecta que le brinda un placer en el cl\u00edtoris diferente a todos los que haya experimentado antes.<\/p>\n<p>Caracteristicas<br \/>\nSilicona premium segura para el cuerpo<br \/>\nDow Corning cumple con los requisitos de la FDA sobre silicona a nivel alimentario. Recubrimiento superficial exclusivo Softek \u2122.<\/p>\n<p>Revolucionaria tecnolog\u00eda electromagn\u00e9tica PulseWave \u2122<br \/>\nEspecialmente dise\u00f1ado para complacer y excitar el \u00e1rea sensible del cl\u00edtoris, HERO utiliza la tecnolog\u00eda patentada PulseWave \u2122 de ZALO para lograr un ancho de oscilaci\u00f3n de hasta 30 mm y una frecuencia de oscilaci\u00f3n de hasta 75 veces por segundo, evocando sensaciones \u00fanicas dise\u00f1adas para imitar un recuerdo memorable. sesi\u00f3n de sexo oral.<\/p>\n<p>Adornado con cristal SWAROVSKI<br \/>\nDos botones separados que funcionan para controlar el motor de vibraci\u00f3n y el motor de onda.<\/p>\n<p>Vibraciones poderosas<br \/>\nDise\u00f1o incomparable, la operaci\u00f3n de ultra alta potencia dura muchas, dej\u00e1ndolo con una experiencia verdaderamente satisfactoria.<\/p>\n<p>Carga magn\u00e9tica USB<br \/>\nBater\u00eda de iones de litio incorporada con capacidad de 530 mAh que se puede cargar completamente en solo 1 hora y proporciona aproximadamente 2-3 horas de placer continuo.<\/p>\n<p>Impermeable<br \/>\nGrado impermeable IPX4. El producto est\u00e1 protegido contra salpicaduras de agua, sin importar la direcci\u00f3n. Dise\u00f1o ergonomico<br \/>\nHero cabe perfectamente en la palma de tu mano.\n <\/p>\n<\/p>\n<ul>\n<li>Dimensiones embalaje    25,80 x 17,20 x 5,10 cm<\/li>\n<li>Peso embalaje    514 gram<\/li>\n<li>Dimensiones del producto    14,6 x 5,4 x 3,9 cm<\/li>\n<li>Peso del producto    115,00 gram<\/li>\n<li>Di\u00e1metro del producto    5,4 cm<\/li>\n<li>Longitud insertable    36,0 cm<\/li>\n<li>Cantidad de motores    2<\/li>\n<li>Rotaciones    4500 RPM<\/li>\n<li>Tipos de velocidad    4<\/li>\n<li>Nivel de ruido    40 dB<\/li>\n<li>Recargable    S\u00ed<\/li>\n<li>Tiempo de recarga    120 min<\/li>\n<li>Vida de la recarga de las bater\u00edas    120 min<\/li>\n<li>A prueba de salpicaduras    S\u00ed<\/li>\n<li>Materiales    Dow corning silicone\n\t <\/li>\n<\/ul>\n","protected":false},"excerpt":{"rendered":"<p>HERO JEWEL GREEN Especialmente dise\u00f1ado para complacer y excitar el \u00e1rea sensible del cl\u00edtoris, HERO utiliza la tecnolog\u00eda patentada PulseWave<\/p>\n","protected":false},"featured_media":9883,"comment_status":"open","ping_status":"open","template":"","meta":[],"product_cat":[370],"product_tag":[503],"class_list":["post-9882","product","type-product","status-publish","has-post-thumbnail","hentry","product_cat-clitoris","product_tag-zalo"],"bundled_by":[],"bundle_stock_status":"outofstock","bundle_stock_quantity":0,"bundle_virtual":false,"bundle_layout":"","bundle_add_to_cart_form_location":"","bundle_editable_in_cart":false,"bundle_sold_individually_context":"","bundle_item_grouping":"","bundle_min_size":"","bundle_max_size":"","bundled_items":[],"yoast_head":"<!-- This site is optimized with the Yoast SEO plugin v20.6 - https:\/\/yoast.com\/wordpress\/plugins\/seo\/ -->\n<title>ZALO HERO ESTIMULADOR CLITORIS VERDE - Tienda Er\u00f3tica<\/title>\n<meta name=\"robots\" content=\"noindex, follow, max-snippet:-1, max-image-preview:large, max-video-preview:-1\" \/>\n<meta property=\"og:locale\" content=\"es_ES\" \/>\n<meta property=\"og:type\" content=\"article\" \/>\n<meta property=\"og:title\" content=\"ZALO HERO ESTIMULADOR CLITORIS VERDE - Tienda Er\u00f3tica\" \/>\n<meta property=\"og:description\" content=\"HERO JEWEL GREEN Especialmente dise\u00f1ado para complacer y excitar el \u00e1rea sensible del cl\u00edtoris, HERO utiliza la tecnolog\u00eda patentada PulseWave\" \/>\n<meta property=\"og:url\" content=\"https:\/\/demoweb.info\/sexshop001\/producto\/zalo-hero-estimulador-clitoris-verde\/\" \/>\n<meta property=\"og:site_name\" content=\"Tienda Er\u00f3tica\" \/>\n<meta property=\"article:modified_time\" content=\"2022-01-22T08:46:46+00:00\" \/>\n<meta property=\"og:image\" content=\"https:\/\/demoweb.info\/sexshop001\/wp-content\/uploads\/2022\/01\/ZALO-HERO-ESTIMULADOR-CLITORIS-VERDE.jpg\" \/>\n\t<meta property=\"og:image:width\" content=\"550\" \/>\n\t<meta property=\"og:image:height\" content=\"550\" \/>\n\t<meta property=\"og:image:type\" content=\"image\/jpeg\" \/>\n<meta name=\"twitter:card\" content=\"summary_large_image\" \/>\n<meta name=\"twitter:label1\" content=\"Tiempo de lectura\" \/>\n\t<meta name=\"twitter:data1\" content=\"2 minutos\" \/>\n<script type=\"application\/ld+json\" class=\"yoast-schema-graph\">{\"@context\":\"https:\/\/schema.org\",\"@graph\":[{\"@type\":\"WebPage\",\"@id\":\"https:\/\/demoweb.info\/sexshop001\/producto\/zalo-hero-estimulador-clitoris-verde\/\",\"url\":\"https:\/\/demoweb.info\/sexshop001\/producto\/zalo-hero-estimulador-clitoris-verde\/\",\"name\":\"ZALO HERO ESTIMULADOR CLITORIS VERDE - Tienda Er\u00f3tica\",\"isPartOf\":{\"@id\":\"https:\/\/demoweb.info\/sexshop001\/#website\"},\"datePublished\":\"2022-01-22T08:46:40+00:00\",\"dateModified\":\"2022-01-22T08:46:46+00:00\",\"breadcrumb\":{\"@id\":\"https:\/\/demoweb.info\/sexshop001\/producto\/zalo-hero-estimulador-clitoris-verde\/#breadcrumb\"},\"inLanguage\":\"es\",\"potentialAction\":[{\"@type\":\"ReadAction\",\"target\":[\"https:\/\/demoweb.info\/sexshop001\/producto\/zalo-hero-estimulador-clitoris-verde\/\"]}]},{\"@type\":\"BreadcrumbList\",\"@id\":\"https:\/\/demoweb.info\/sexshop001\/producto\/zalo-hero-estimulador-clitoris-verde\/#breadcrumb\",\"itemListElement\":[{\"@type\":\"ListItem\",\"position\":1,\"name\":\"Portada\",\"item\":\"https:\/\/demoweb.info\/sexshop001\/\"},{\"@type\":\"ListItem\",\"position\":2,\"name\":\"Tienda\",\"item\":\"https:\/\/demoweb.info\/sexshop001\/tienda\/\"},{\"@type\":\"ListItem\",\"position\":3,\"name\":\"ZALO HERO ESTIMULADOR CLITORIS VERDE\"}]},{\"@type\":\"WebSite\",\"@id\":\"https:\/\/demoweb.info\/sexshop001\/#website\",\"url\":\"https:\/\/demoweb.info\/sexshop001\/\",\"name\":\"Tienda Er\u00f3tica\",\"description\":\"DEMOWEB SL\",\"potentialAction\":[{\"@type\":\"SearchAction\",\"target\":{\"@type\":\"EntryPoint\",\"urlTemplate\":\"https:\/\/demoweb.info\/sexshop001\/?s={search_term_string}\"},\"query-input\":\"required name=search_term_string\"}],\"inLanguage\":\"es\"}]}<\/script>\n<!-- \/ Yoast SEO plugin. -->","yoast_head_json":{"title":"ZALO HERO ESTIMULADOR CLITORIS VERDE - Tienda Er\u00f3tica","robots":{"index":"noindex","follow":"follow","max-snippet":"max-snippet:-1","max-image-preview":"max-image-preview:large","max-video-preview":"max-video-preview:-1"},"og_locale":"es_ES","og_type":"article","og_title":"ZALO HERO ESTIMULADOR CLITORIS VERDE - Tienda Er\u00f3tica","og_description":"HERO JEWEL GREEN Especialmente dise\u00f1ado para complacer y excitar el \u00e1rea sensible del cl\u00edtoris, HERO utiliza la tecnolog\u00eda patentada PulseWave","og_url":"https:\/\/demoweb.info\/sexshop001\/producto\/zalo-hero-estimulador-clitoris-verde\/","og_site_name":"Tienda Er\u00f3tica","article_modified_time":"2022-01-22T08:46:46+00:00","og_image":[{"width":550,"height":550,"url":"https:\/\/demoweb.info\/sexshop001\/wp-content\/uploads\/2022\/01\/ZALO-HERO-ESTIMULADOR-CLITORIS-VERDE.jpg","type":"image\/jpeg"}],"twitter_card":"summary_large_image","twitter_misc":{"Tiempo de lectura":"2 minutos"},"schema":{"@context":"https:\/\/schema.org","@graph":[{"@type":"WebPage","@id":"https:\/\/demoweb.info\/sexshop001\/producto\/zalo-hero-estimulador-clitoris-verde\/","url":"https:\/\/demoweb.info\/sexshop001\/producto\/zalo-hero-estimulador-clitoris-verde\/","name":"ZALO HERO ESTIMULADOR CLITORIS VERDE - Tienda Er\u00f3tica","isPartOf":{"@id":"https:\/\/demoweb.info\/sexshop001\/#website"},"datePublished":"2022-01-22T08:46:40+00:00","dateModified":"2022-01-22T08:46:46+00:00","breadcrumb":{"@id":"https:\/\/demoweb.info\/sexshop001\/producto\/zalo-hero-estimulador-clitoris-verde\/#breadcrumb"},"inLanguage":"es","potentialAction":[{"@type":"ReadAction","target":["https:\/\/demoweb.info\/sexshop001\/producto\/zalo-hero-estimulador-clitoris-verde\/"]}]},{"@type":"BreadcrumbList","@id":"https:\/\/demoweb.info\/sexshop001\/producto\/zalo-hero-estimulador-clitoris-verde\/#breadcrumb","itemListElement":[{"@type":"ListItem","position":1,"name":"Portada","item":"https:\/\/demoweb.info\/sexshop001\/"},{"@type":"ListItem","position":2,"name":"Tienda","item":"https:\/\/demoweb.info\/sexshop001\/tienda\/"},{"@type":"ListItem","position":3,"name":"ZALO HERO ESTIMULADOR CLITORIS VERDE"}]},{"@type":"WebSite","@id":"https:\/\/demoweb.info\/sexshop001\/#website","url":"https:\/\/demoweb.info\/sexshop001\/","name":"Tienda Er\u00f3tica","description":"DEMOWEB SL","potentialAction":[{"@type":"SearchAction","target":{"@type":"EntryPoint","urlTemplate":"https:\/\/demoweb.info\/sexshop001\/?s={search_term_string}"},"query-input":"required name=search_term_string"}],"inLanguage":"es"}]}},"_links":{"self":[{"href":"https:\/\/demoweb.info\/sexshop001\/wp-json\/wp\/v3\/product\/9882","targetHints":{"allow":["GET"]}}],"collection":[{"href":"https:\/\/demoweb.info\/sexshop001\/wp-json\/wp\/v3\/product"}],"about":[{"href":"https:\/\/demoweb.info\/sexshop001\/wp-json\/wp\/v2\/types\/product"}],"replies":[{"embeddable":true,"href":"https:\/\/demoweb.info\/sexshop001\/wp-json\/wp\/v2\/comments?post=9882"}],"wp:featuredmedia":[{"embeddable":true,"href":"https:\/\/demoweb.info\/sexshop001\/wp-json\/wp\/v2\/media\/9883"}],"wp:attachment":[{"href":"https:\/\/demoweb.info\/sexshop001\/wp-json\/wp\/v2\/media?parent=9882"}],"wp:term":[{"taxonomy":"product_cat","embeddable":true,"href":"https:\/\/demoweb.info\/sexshop001\/wp-json\/wp\/v2\/product_cat?post=9882"},{"taxonomy":"product_tag","embeddable":true,"href":"https:\/\/demoweb.info\/sexshop001\/wp-json\/wp\/v2\/product_tag?post=9882"}],"curies":[{"name":"wp","href":"https:\/\/api.w.org\/{rel}","templated":true}]}}