{"id":9867,"date":"2022-01-22T09:46:40","date_gmt":"2022-01-22T08:46:40","guid":{"rendered":"https:\/\/demoweb.info\/sexshop001\/producto\/zalo-kit-vibrador-reina-cleopatra-con-calor-verde\/"},"modified":"2022-01-22T09:46:40","modified_gmt":"2022-01-22T08:46:40","slug":"zalo-kit-vibrador-reina-cleopatra-con-calor-verde","status":"publish","type":"product","link":"https:\/\/demoweb.info\/sexshop001\/producto\/zalo-kit-vibrador-reina-cleopatra-con-calor-verde\/","title":{"rendered":"ZALO KIT VIBRADOR REINA CLEOPATRA CON CALOR &#8211; VERDE"},"content":{"rendered":"<p><strong>QUEEN SET JEWEL GREEN<\/strong><\/p>\n<p>Experimente el verdadero lujo con el vibrador PulseWave ZALO Queen G-spot, dise\u00f1ado para que se sienta como una reina.<\/p>\n<p>Inspirada en Cleopatra, la silueta elegante y seductora de la Reina, con detalles dorados y un verdadero adorno de Swarovski, irradia poder y opulencia.<\/p>\n<p>La innovadora tecnolog\u00eda PulseWave \u2122 de Queen llevar\u00e1 su placer a nuevas alturas mientras acaricia y pulsa suavemente contra su punto G, entregando sensaciones intensas. El \u00e1ngulo de curva adecuado de la punta asegura que localice y genere su punto G con afecto, cada vez, desbloqueando una experiencia poderosamente org\u00e1smica.<\/p>\n<p>Inserta las curvas sensuales de la Reina, enci\u00e9ndelo y recu\u00e9state y disfruta de las sensaciones contra tu punto G sin tener que empujarlo dentro y fuera como un vibrador normal. Con ocho modos de vibraci\u00f3n totalmente personalizables, la Reina te mantendr\u00e1 cautivado mientras su silencioso motor comienza a funcionar.<\/p>\n<p>Para mayor emoci\u00f3n, use la conectividad Bluetooth de Queen para vincularlo a su tel\u00e9fono inteligente y permita que su pareja controle todas sus sensaciones desde una distancia de hasta seis metros. Caracteristicas<br \/>\nSilicona premium segura para el cuerpo<br \/>\nDow Corning cumple con los requisitos de la FDA a nivel de alimentos. Recubrimiento superficial exclusivo Softek \u2122.<\/p>\n<p>Revolucionaria tecnolog\u00eda electromagn\u00e9tica PulseWave \u2122<br \/>\nMotor de tipo de onda en combinaci\u00f3n con un motor de vibraci\u00f3n. La tecnolog\u00eda PulseWave \u2122 utiliza intensidad ajustable con un rango de estimulaci\u00f3n de hasta 75 veces por segundo. Su dise\u00f1o elegante cuidadosamente elaborado es convexo en el centro con una forma en \u00e1ngulo que permite la estimulaci\u00f3n de agitaci\u00f3n punto a punto y el punto G de prensa de onda a alta frecuencia.<\/p>\n<p>Funci\u00f3n de precalentamiento para simular la temperatura del cuerpo humano<br \/>\nQueen est\u00e1 dise\u00f1ado para precalentar de forma segura antes de usar. Control inteligente de temperatura de precalentamiento de 107 \u00b0 Fahrenheit (42 \u00b0 Celsius). M\u00e1s c\u00f3modo en invierno, m\u00e1s apasionado en verano.<\/p>\n<p>Las caracter\u00edsticas \u00fanicas de control de dise\u00f1o de encanto de serpiente inspiradas en Cleopatra<br \/>\nAdornado con cristal SWAROVSKI. Tres botones separados que funcionan para controlar la calefacci\u00f3n, el motor de vibraci\u00f3n y el motor de onda.<\/p>\n<p>Potentes vibraciones silenciosas.<br \/>\nEl dise\u00f1o sin igual, la potencia ultra alta, la operaci\u00f3n silenciosa dura m\u00e1s que muchas, dej\u00e1ndolo con una experiencia realmente satisfactoria.<\/p>\n<p>Carga magn\u00e9tica USB<br \/>\nBater\u00eda de iones de litio incorporada con una capacidad de 530 mAh que se puede cargar completamente en solo 1 hora y proporciona aproximadamente 1-2 horas de placer continuo.<\/p>\n<p>Impermeable<br \/>\nGrado impermeable IPX4. El producto est\u00e1 protegido contra salpicaduras de agua, sin importar la direcci\u00f3n. Aplicaci\u00f3n de control remoto<br \/>\nLa innovadora conectividad Bluetooth le permite vincular su juguete \u00edntimo a su tel\u00e9fono inteligente con la aplicaci\u00f3n ZALO. \u00daselo como un control remoto personal o haga que su pareja se haga cargo de todas sus sensaciones con el toque de un dedo en la pantalla de su tel\u00e9fono inteligente.<\/p>\n<ul>\n<li>Dimensiones del producto 21,5 x 5,4 x 3,4 cm<\/li>\n<li>Peso del producto 196,00 gram<\/li>\n<li>Di\u00e1metro del producto 3,5 cm<\/li>\n<li>Longitud insertable 11,5 cm<\/li>\n<li>Cantidad de motores 2<\/li>\n<li>Rotaciones 4500 RPM<\/li>\n<li>Tipos de velocidad 8<\/li>\n<li>Nivel de ruido 40 dB<\/li>\n<li>Recargable S\u00ed<\/li>\n<li>Tiempo de recarga 120 min<\/li>\n<li>Vida de la recarga de las bater\u00edas 120 min<\/li>\n<li>A prueba de salpicaduras S\u00ed<\/li>\n<li>Materiales Dow corning silicone<\/li>\n<\/ul>\n","protected":false},"excerpt":{"rendered":"<p>QUEEN SET JEWEL GREEN Experimente el verdadero lujo con el vibrador PulseWave ZALO Queen G-spot, dise\u00f1ado para que se sienta<\/p>\n","protected":false},"featured_media":9868,"comment_status":"open","ping_status":"open","template":"","meta":[],"product_cat":[502],"product_tag":[503],"class_list":["post-9867","product","type-product","status-publish","has-post-thumbnail","hentry","product_cat-luxury","product_tag-zalo"],"bundled_by":[],"bundle_stock_status":"instock","bundle_stock_quantity":2,"bundle_virtual":false,"bundle_layout":"","bundle_add_to_cart_form_location":"","bundle_editable_in_cart":false,"bundle_sold_individually_context":"","bundle_item_grouping":"","bundle_min_size":"","bundle_max_size":"","bundled_items":[],"yoast_head":"<!-- This site is optimized with the Yoast SEO plugin v20.6 - https:\/\/yoast.com\/wordpress\/plugins\/seo\/ -->\n<title>ZALO KIT VIBRADOR REINA CLEOPATRA CON CALOR - VERDE - Tienda Er\u00f3tica<\/title>\n<meta name=\"robots\" content=\"noindex, follow, max-snippet:-1, max-image-preview:large, max-video-preview:-1\" \/>\n<meta property=\"og:locale\" content=\"es_ES\" \/>\n<meta property=\"og:type\" content=\"article\" \/>\n<meta property=\"og:title\" content=\"ZALO KIT VIBRADOR REINA CLEOPATRA CON CALOR - VERDE - Tienda Er\u00f3tica\" \/>\n<meta property=\"og:description\" content=\"QUEEN SET JEWEL GREEN Experimente el verdadero lujo con el vibrador PulseWave ZALO Queen G-spot, dise\u00f1ado para que se sienta\" \/>\n<meta property=\"og:url\" content=\"https:\/\/demoweb.info\/sexshop001\/producto\/zalo-kit-vibrador-reina-cleopatra-con-calor-verde\/\" \/>\n<meta property=\"og:site_name\" content=\"Tienda Er\u00f3tica\" \/>\n<meta property=\"og:image\" content=\"https:\/\/demoweb.info\/sexshop001\/wp-content\/uploads\/2022\/01\/ZALO-KIT-VIBRADOR-REINA-CLEOPATRA-CON-CALOR-VERDE.jpg\" \/>\n\t<meta property=\"og:image:width\" content=\"550\" \/>\n\t<meta property=\"og:image:height\" content=\"550\" \/>\n\t<meta property=\"og:image:type\" content=\"image\/jpeg\" \/>\n<meta name=\"twitter:card\" content=\"summary_large_image\" \/>\n<meta name=\"twitter:label1\" content=\"Tiempo de lectura\" \/>\n\t<meta name=\"twitter:data1\" content=\"3 minutos\" \/>\n<script type=\"application\/ld+json\" class=\"yoast-schema-graph\">{\"@context\":\"https:\/\/schema.org\",\"@graph\":[{\"@type\":\"WebPage\",\"@id\":\"https:\/\/demoweb.info\/sexshop001\/producto\/zalo-kit-vibrador-reina-cleopatra-con-calor-verde\/\",\"url\":\"https:\/\/demoweb.info\/sexshop001\/producto\/zalo-kit-vibrador-reina-cleopatra-con-calor-verde\/\",\"name\":\"ZALO KIT VIBRADOR REINA CLEOPATRA CON CALOR - VERDE - Tienda Er\u00f3tica\",\"isPartOf\":{\"@id\":\"https:\/\/demoweb.info\/sexshop001\/#website\"},\"datePublished\":\"2022-01-22T08:46:40+00:00\",\"dateModified\":\"2022-01-22T08:46:40+00:00\",\"breadcrumb\":{\"@id\":\"https:\/\/demoweb.info\/sexshop001\/producto\/zalo-kit-vibrador-reina-cleopatra-con-calor-verde\/#breadcrumb\"},\"inLanguage\":\"es\",\"potentialAction\":[{\"@type\":\"ReadAction\",\"target\":[\"https:\/\/demoweb.info\/sexshop001\/producto\/zalo-kit-vibrador-reina-cleopatra-con-calor-verde\/\"]}]},{\"@type\":\"BreadcrumbList\",\"@id\":\"https:\/\/demoweb.info\/sexshop001\/producto\/zalo-kit-vibrador-reina-cleopatra-con-calor-verde\/#breadcrumb\",\"itemListElement\":[{\"@type\":\"ListItem\",\"position\":1,\"name\":\"Portada\",\"item\":\"https:\/\/demoweb.info\/sexshop001\/\"},{\"@type\":\"ListItem\",\"position\":2,\"name\":\"Tienda\",\"item\":\"https:\/\/demoweb.info\/sexshop001\/tienda\/\"},{\"@type\":\"ListItem\",\"position\":3,\"name\":\"ZALO KIT VIBRADOR REINA CLEOPATRA CON CALOR &#8211; VERDE\"}]},{\"@type\":\"WebSite\",\"@id\":\"https:\/\/demoweb.info\/sexshop001\/#website\",\"url\":\"https:\/\/demoweb.info\/sexshop001\/\",\"name\":\"Tienda Er\u00f3tica\",\"description\":\"DEMOWEB SL\",\"potentialAction\":[{\"@type\":\"SearchAction\",\"target\":{\"@type\":\"EntryPoint\",\"urlTemplate\":\"https:\/\/demoweb.info\/sexshop001\/?s={search_term_string}\"},\"query-input\":\"required name=search_term_string\"}],\"inLanguage\":\"es\"}]}<\/script>\n<!-- \/ Yoast SEO plugin. -->","yoast_head_json":{"title":"ZALO KIT VIBRADOR REINA CLEOPATRA CON CALOR - VERDE - Tienda Er\u00f3tica","robots":{"index":"noindex","follow":"follow","max-snippet":"max-snippet:-1","max-image-preview":"max-image-preview:large","max-video-preview":"max-video-preview:-1"},"og_locale":"es_ES","og_type":"article","og_title":"ZALO KIT VIBRADOR REINA CLEOPATRA CON CALOR - VERDE - Tienda Er\u00f3tica","og_description":"QUEEN SET JEWEL GREEN Experimente el verdadero lujo con el vibrador PulseWave ZALO Queen G-spot, dise\u00f1ado para que se sienta","og_url":"https:\/\/demoweb.info\/sexshop001\/producto\/zalo-kit-vibrador-reina-cleopatra-con-calor-verde\/","og_site_name":"Tienda Er\u00f3tica","og_image":[{"width":550,"height":550,"url":"https:\/\/demoweb.info\/sexshop001\/wp-content\/uploads\/2022\/01\/ZALO-KIT-VIBRADOR-REINA-CLEOPATRA-CON-CALOR-VERDE.jpg","type":"image\/jpeg"}],"twitter_card":"summary_large_image","twitter_misc":{"Tiempo de lectura":"3 minutos"},"schema":{"@context":"https:\/\/schema.org","@graph":[{"@type":"WebPage","@id":"https:\/\/demoweb.info\/sexshop001\/producto\/zalo-kit-vibrador-reina-cleopatra-con-calor-verde\/","url":"https:\/\/demoweb.info\/sexshop001\/producto\/zalo-kit-vibrador-reina-cleopatra-con-calor-verde\/","name":"ZALO KIT VIBRADOR REINA CLEOPATRA CON CALOR - VERDE - Tienda Er\u00f3tica","isPartOf":{"@id":"https:\/\/demoweb.info\/sexshop001\/#website"},"datePublished":"2022-01-22T08:46:40+00:00","dateModified":"2022-01-22T08:46:40+00:00","breadcrumb":{"@id":"https:\/\/demoweb.info\/sexshop001\/producto\/zalo-kit-vibrador-reina-cleopatra-con-calor-verde\/#breadcrumb"},"inLanguage":"es","potentialAction":[{"@type":"ReadAction","target":["https:\/\/demoweb.info\/sexshop001\/producto\/zalo-kit-vibrador-reina-cleopatra-con-calor-verde\/"]}]},{"@type":"BreadcrumbList","@id":"https:\/\/demoweb.info\/sexshop001\/producto\/zalo-kit-vibrador-reina-cleopatra-con-calor-verde\/#breadcrumb","itemListElement":[{"@type":"ListItem","position":1,"name":"Portada","item":"https:\/\/demoweb.info\/sexshop001\/"},{"@type":"ListItem","position":2,"name":"Tienda","item":"https:\/\/demoweb.info\/sexshop001\/tienda\/"},{"@type":"ListItem","position":3,"name":"ZALO KIT VIBRADOR REINA CLEOPATRA CON CALOR &#8211; VERDE"}]},{"@type":"WebSite","@id":"https:\/\/demoweb.info\/sexshop001\/#website","url":"https:\/\/demoweb.info\/sexshop001\/","name":"Tienda Er\u00f3tica","description":"DEMOWEB SL","potentialAction":[{"@type":"SearchAction","target":{"@type":"EntryPoint","urlTemplate":"https:\/\/demoweb.info\/sexshop001\/?s={search_term_string}"},"query-input":"required name=search_term_string"}],"inLanguage":"es"}]}},"_links":{"self":[{"href":"https:\/\/demoweb.info\/sexshop001\/wp-json\/wp\/v3\/product\/9867","targetHints":{"allow":["GET"]}}],"collection":[{"href":"https:\/\/demoweb.info\/sexshop001\/wp-json\/wp\/v3\/product"}],"about":[{"href":"https:\/\/demoweb.info\/sexshop001\/wp-json\/wp\/v2\/types\/product"}],"replies":[{"embeddable":true,"href":"https:\/\/demoweb.info\/sexshop001\/wp-json\/wp\/v2\/comments?post=9867"}],"wp:featuredmedia":[{"embeddable":true,"href":"https:\/\/demoweb.info\/sexshop001\/wp-json\/wp\/v2\/media\/9868"}],"wp:attachment":[{"href":"https:\/\/demoweb.info\/sexshop001\/wp-json\/wp\/v2\/media?parent=9867"}],"wp:term":[{"taxonomy":"product_cat","embeddable":true,"href":"https:\/\/demoweb.info\/sexshop001\/wp-json\/wp\/v2\/product_cat?post=9867"},{"taxonomy":"product_tag","embeddable":true,"href":"https:\/\/demoweb.info\/sexshop001\/wp-json\/wp\/v2\/product_tag?post=9867"}],"curies":[{"name":"wp","href":"https:\/\/api.w.org\/{rel}","templated":true}]}}