{"id":9832,"date":"2022-01-22T09:46:09","date_gmt":"2022-01-22T08:46:09","guid":{"rendered":"https:\/\/demoweb.info\/sexshop001\/producto\/zalo-vibrador-con-mando-temptation-rosa\/"},"modified":"2022-01-22T09:46:24","modified_gmt":"2022-01-22T08:46:24","slug":"zalo-vibrador-con-mando-temptation-rosa","status":"publish","type":"product","link":"https:\/\/demoweb.info\/sexshop001\/producto\/zalo-vibrador-con-mando-temptation-rosa\/","title":{"rendered":"ZALO VIBRADOR CON MANDO TEMPTATION ROSA"},"content":{"rendered":"<p><strong>TEMPTATION FAIRY PINK<\/strong><\/p>\n<p>En la tentaci\u00f3n de desatar tus deseos m\u00e1s \u00edntimos con el ZALO Temptation Pre-Heating Bullet Thruster.<\/p>\n<p>Dise\u00f1ada para deslizarse \u00edntimamente dentro de usted para brindar vibraciones suaves y apasionadas controladas por un control remoto de mano vinculado, la funcionalidad inteligente de empuje autom\u00e1tico de Temptation le permite experimentar un placer profundo.<\/p>\n<p>Un motor silencioso, detalles ornamentales inspirados en joyas y un revestimiento suave y sedoso de Softek se unen para brindar la mejor experiencia sensorial.<\/p>\n<p>Con seis modos de empuje diferentes para elegir y una funci\u00f3n de precalentamiento que garantiza que su juguete tenga la temperatura corporal perfecta para cada uso, la Tentaci\u00f3n es demasiado tentadora para resistirla.<\/p>\n<p>Caracteristicas<br \/>\nSilicona premium segura para el cuerpo<br \/>\nDow Corning cumple con los requisitos de la FDA sobre silicona a nivel alimentario. Recubrimiento superficial exclusivo Softek \u2122.<\/p>\n<p>Apariencia apacible<br \/>\nExquisitos detalles en relieve. Adornado con cristal SWAROVSKI.<\/p>\n<p>La primera bala de empuje autom\u00e1tico de ZALO<br \/>\nSubvirtiendo la experiencia de vibrador tradicional con movimientos de empuje realistas que le permiten recostarse y disfrutar de la diversi\u00f3n sin la necesidad de manipulaci\u00f3n manual.<\/p>\n<p>Modo Turbo<br \/>\nUna funci\u00f3n \u00fanica de orgasmo de una tecla para llevar instant\u00e1neamente las vibraciones al nivel m\u00e1s poderoso para un cl\u00edmax devastador.<\/p>\n<p>Potentes vibraciones silenciosas.<br \/>\nEl motor potente y silencioso aporta toda la intensidad.<\/p>\n<p>USB recargable<br \/>\nBater\u00eda de iones de litio incorporada con una capacidad de 2000 mAh que se puede cargar completamente en solo 1 hora y proporciona entre 2 y 4 horas de placer continuo.<\/p>\n<p>A prueba de salpicaduras<br \/>\nGrado impermeable IPX4. El producto est\u00e1 protegido contra salpicaduras de agua, sin importar la direcci\u00f3n. Funci\u00f3n de precalentamiento<br \/>\nLa tentaci\u00f3n est\u00e1 dise\u00f1ada para precalentar de forma segura antes de su uso.<\/p>\n<p>Calentamiento r\u00e1pido a la temperatura del cuerpo humano en 2 minutos. M\u00e1s c\u00f3modo en invierno, m\u00e1s apasionado en verano.<\/p>\n<ul>\n<li>Dimensiones del producto 9,3 x 3,1 x 3,1 cm<\/li>\n<li>Peso del producto 225,00 gram<\/li>\n<li>Di\u00e1metro del producto 3,3 cm<\/li>\n<li>Longitud con cable: 10,5 cm<\/li>\n<li>Cantidad de motores 1<\/li>\n<li>Rotaciones 840 RPM<\/li>\n<li>Tipos de velocidad 7<\/li>\n<li>Nivel de ruido 40 dB<\/li>\n<li>Recargable S\u00ed<\/li>\n<li>Tiempo de recarga 120 min<\/li>\n<li>Vida de la recarga de las bater\u00edas 120 min<\/li>\n<li>A prueba de salpicaduras S\u00ed<\/li>\n<li>Materiales Dow corning silicone<\/li>\n<\/ul>\n","protected":false},"excerpt":{"rendered":"<p>TEMPTATION FAIRY PINK En la tentaci\u00f3n de desatar tus deseos m\u00e1s \u00edntimos con el ZALO Temptation Pre-Heating Bullet Thruster. Dise\u00f1ada<\/p>\n","protected":false},"featured_media":9833,"comment_status":"open","ping_status":"open","template":"","meta":[],"product_cat":[322],"product_tag":[503],"class_list":["post-9832","product","type-product","status-publish","has-post-thumbnail","hentry","product_cat-con-mando","product_tag-zalo"],"bundled_by":[],"bundle_stock_status":"instock","bundle_stock_quantity":2,"bundle_virtual":false,"bundle_layout":"","bundle_add_to_cart_form_location":"","bundle_editable_in_cart":false,"bundle_sold_individually_context":"","bundle_item_grouping":"","bundle_min_size":"","bundle_max_size":"","bundled_items":[],"yoast_head":"<!-- This site is optimized with the Yoast SEO plugin v20.6 - https:\/\/yoast.com\/wordpress\/plugins\/seo\/ -->\n<title>ZALO VIBRADOR CON MANDO TEMPTATION ROSA - Tienda Er\u00f3tica<\/title>\n<meta name=\"robots\" content=\"noindex, follow, max-snippet:-1, max-image-preview:large, max-video-preview:-1\" \/>\n<meta property=\"og:locale\" content=\"es_ES\" \/>\n<meta property=\"og:type\" content=\"article\" \/>\n<meta property=\"og:title\" content=\"ZALO VIBRADOR CON MANDO TEMPTATION ROSA - Tienda Er\u00f3tica\" \/>\n<meta property=\"og:description\" content=\"TEMPTATION FAIRY PINK En la tentaci\u00f3n de desatar tus deseos m\u00e1s \u00edntimos con el ZALO Temptation Pre-Heating Bullet Thruster. Dise\u00f1ada\" \/>\n<meta property=\"og:url\" content=\"https:\/\/demoweb.info\/sexshop001\/producto\/zalo-vibrador-con-mando-temptation-rosa\/\" \/>\n<meta property=\"og:site_name\" content=\"Tienda Er\u00f3tica\" \/>\n<meta property=\"article:modified_time\" content=\"2022-01-22T08:46:24+00:00\" \/>\n<meta property=\"og:image\" content=\"https:\/\/demoweb.info\/sexshop001\/wp-content\/uploads\/2022\/01\/ZALO-VIBRADOR-CON-MANDO-TEMPTATION-ROSA.jpg\" \/>\n\t<meta property=\"og:image:width\" content=\"550\" \/>\n\t<meta property=\"og:image:height\" content=\"550\" \/>\n\t<meta property=\"og:image:type\" content=\"image\/jpeg\" \/>\n<meta name=\"twitter:card\" content=\"summary_large_image\" \/>\n<meta name=\"twitter:label1\" content=\"Tiempo de lectura\" \/>\n\t<meta name=\"twitter:data1\" content=\"2 minutos\" \/>\n<script type=\"application\/ld+json\" class=\"yoast-schema-graph\">{\"@context\":\"https:\/\/schema.org\",\"@graph\":[{\"@type\":\"WebPage\",\"@id\":\"https:\/\/demoweb.info\/sexshop001\/producto\/zalo-vibrador-con-mando-temptation-rosa\/\",\"url\":\"https:\/\/demoweb.info\/sexshop001\/producto\/zalo-vibrador-con-mando-temptation-rosa\/\",\"name\":\"ZALO VIBRADOR CON MANDO TEMPTATION ROSA - Tienda Er\u00f3tica\",\"isPartOf\":{\"@id\":\"https:\/\/demoweb.info\/sexshop001\/#website\"},\"datePublished\":\"2022-01-22T08:46:09+00:00\",\"dateModified\":\"2022-01-22T08:46:24+00:00\",\"breadcrumb\":{\"@id\":\"https:\/\/demoweb.info\/sexshop001\/producto\/zalo-vibrador-con-mando-temptation-rosa\/#breadcrumb\"},\"inLanguage\":\"es\",\"potentialAction\":[{\"@type\":\"ReadAction\",\"target\":[\"https:\/\/demoweb.info\/sexshop001\/producto\/zalo-vibrador-con-mando-temptation-rosa\/\"]}]},{\"@type\":\"BreadcrumbList\",\"@id\":\"https:\/\/demoweb.info\/sexshop001\/producto\/zalo-vibrador-con-mando-temptation-rosa\/#breadcrumb\",\"itemListElement\":[{\"@type\":\"ListItem\",\"position\":1,\"name\":\"Portada\",\"item\":\"https:\/\/demoweb.info\/sexshop001\/\"},{\"@type\":\"ListItem\",\"position\":2,\"name\":\"Tienda\",\"item\":\"https:\/\/demoweb.info\/sexshop001\/tienda\/\"},{\"@type\":\"ListItem\",\"position\":3,\"name\":\"ZALO VIBRADOR CON MANDO TEMPTATION ROSA\"}]},{\"@type\":\"WebSite\",\"@id\":\"https:\/\/demoweb.info\/sexshop001\/#website\",\"url\":\"https:\/\/demoweb.info\/sexshop001\/\",\"name\":\"Tienda Er\u00f3tica\",\"description\":\"DEMOWEB SL\",\"potentialAction\":[{\"@type\":\"SearchAction\",\"target\":{\"@type\":\"EntryPoint\",\"urlTemplate\":\"https:\/\/demoweb.info\/sexshop001\/?s={search_term_string}\"},\"query-input\":\"required name=search_term_string\"}],\"inLanguage\":\"es\"}]}<\/script>\n<!-- \/ Yoast SEO plugin. -->","yoast_head_json":{"title":"ZALO VIBRADOR CON MANDO TEMPTATION ROSA - Tienda Er\u00f3tica","robots":{"index":"noindex","follow":"follow","max-snippet":"max-snippet:-1","max-image-preview":"max-image-preview:large","max-video-preview":"max-video-preview:-1"},"og_locale":"es_ES","og_type":"article","og_title":"ZALO VIBRADOR CON MANDO TEMPTATION ROSA - Tienda Er\u00f3tica","og_description":"TEMPTATION FAIRY PINK En la tentaci\u00f3n de desatar tus deseos m\u00e1s \u00edntimos con el ZALO Temptation Pre-Heating Bullet Thruster. Dise\u00f1ada","og_url":"https:\/\/demoweb.info\/sexshop001\/producto\/zalo-vibrador-con-mando-temptation-rosa\/","og_site_name":"Tienda Er\u00f3tica","article_modified_time":"2022-01-22T08:46:24+00:00","og_image":[{"width":550,"height":550,"url":"https:\/\/demoweb.info\/sexshop001\/wp-content\/uploads\/2022\/01\/ZALO-VIBRADOR-CON-MANDO-TEMPTATION-ROSA.jpg","type":"image\/jpeg"}],"twitter_card":"summary_large_image","twitter_misc":{"Tiempo de lectura":"2 minutos"},"schema":{"@context":"https:\/\/schema.org","@graph":[{"@type":"WebPage","@id":"https:\/\/demoweb.info\/sexshop001\/producto\/zalo-vibrador-con-mando-temptation-rosa\/","url":"https:\/\/demoweb.info\/sexshop001\/producto\/zalo-vibrador-con-mando-temptation-rosa\/","name":"ZALO VIBRADOR CON MANDO TEMPTATION ROSA - Tienda Er\u00f3tica","isPartOf":{"@id":"https:\/\/demoweb.info\/sexshop001\/#website"},"datePublished":"2022-01-22T08:46:09+00:00","dateModified":"2022-01-22T08:46:24+00:00","breadcrumb":{"@id":"https:\/\/demoweb.info\/sexshop001\/producto\/zalo-vibrador-con-mando-temptation-rosa\/#breadcrumb"},"inLanguage":"es","potentialAction":[{"@type":"ReadAction","target":["https:\/\/demoweb.info\/sexshop001\/producto\/zalo-vibrador-con-mando-temptation-rosa\/"]}]},{"@type":"BreadcrumbList","@id":"https:\/\/demoweb.info\/sexshop001\/producto\/zalo-vibrador-con-mando-temptation-rosa\/#breadcrumb","itemListElement":[{"@type":"ListItem","position":1,"name":"Portada","item":"https:\/\/demoweb.info\/sexshop001\/"},{"@type":"ListItem","position":2,"name":"Tienda","item":"https:\/\/demoweb.info\/sexshop001\/tienda\/"},{"@type":"ListItem","position":3,"name":"ZALO VIBRADOR CON MANDO TEMPTATION ROSA"}]},{"@type":"WebSite","@id":"https:\/\/demoweb.info\/sexshop001\/#website","url":"https:\/\/demoweb.info\/sexshop001\/","name":"Tienda Er\u00f3tica","description":"DEMOWEB SL","potentialAction":[{"@type":"SearchAction","target":{"@type":"EntryPoint","urlTemplate":"https:\/\/demoweb.info\/sexshop001\/?s={search_term_string}"},"query-input":"required name=search_term_string"}],"inLanguage":"es"}]}},"_links":{"self":[{"href":"https:\/\/demoweb.info\/sexshop001\/wp-json\/wp\/v3\/product\/9832","targetHints":{"allow":["GET"]}}],"collection":[{"href":"https:\/\/demoweb.info\/sexshop001\/wp-json\/wp\/v3\/product"}],"about":[{"href":"https:\/\/demoweb.info\/sexshop001\/wp-json\/wp\/v2\/types\/product"}],"replies":[{"embeddable":true,"href":"https:\/\/demoweb.info\/sexshop001\/wp-json\/wp\/v2\/comments?post=9832"}],"wp:featuredmedia":[{"embeddable":true,"href":"https:\/\/demoweb.info\/sexshop001\/wp-json\/wp\/v2\/media\/9833"}],"wp:attachment":[{"href":"https:\/\/demoweb.info\/sexshop001\/wp-json\/wp\/v2\/media?parent=9832"}],"wp:term":[{"taxonomy":"product_cat","embeddable":true,"href":"https:\/\/demoweb.info\/sexshop001\/wp-json\/wp\/v2\/product_cat?post=9832"},{"taxonomy":"product_tag","embeddable":true,"href":"https:\/\/demoweb.info\/sexshop001\/wp-json\/wp\/v2\/product_tag?post=9832"}],"curies":[{"name":"wp","href":"https:\/\/api.w.org\/{rel}","templated":true}]}}