{"id":9823,"date":"2022-01-22T09:46:09","date_gmt":"2022-01-22T08:46:09","guid":{"rendered":"https:\/\/demoweb.info\/sexshop001\/producto\/zalo-desire-fairy-vibrador-rosa\/"},"modified":"2022-01-22T09:46:20","modified_gmt":"2022-01-22T08:46:20","slug":"zalo-desire-fairy-vibrador-rosa","status":"publish","type":"product","link":"https:\/\/demoweb.info\/sexshop001\/producto\/zalo-desire-fairy-vibrador-rosa\/","title":{"rendered":"ZALO DESIRE FAIRY VIBRADOR ROSA"},"content":{"rendered":"<p><strong>DESIRE FAIRY PINK<\/strong><\/p>\n<p>D\u00e9 rienda suelta a sus deseos m\u00e1s \u00edntimos con el ZALO Desire Pre-Heating Thruster.<\/p>\n<p>Con una punta s\u00faper suave dise\u00f1ada para abrazar las curvas de tus zonas \u00edntimas y una capacidad de empuje autom\u00e1tico diferente a cualquier otra que hayas experimentado antes, el Desire llevar\u00e1 tu placer a un nuevo territorio inexplorado.<\/p>\n<p>Precali\u00e9ntelo a la temperatura corporal perfecta antes de cada uso con solo tocar un bot\u00f3n, luego ins\u00e9rtelo para disfrutar de sensaciones de empuje profundamente sensuales.<\/p>\n<p>El primer propulsor autom\u00e1tico de ZALO, con un motor silencioso, detalles de calidad de joyer\u00eda y un revestimiento suave y sedoso de Softek, el Desire ofrece la mejor experiencia sensorial. Con seis modos de empuje en oferta, est\u00e1 garantizado que nunca se cansar\u00e1 de descubrir el placer \u00fanico que ofrece el Deseo. Caracteristicas<br \/>\nSilicona premium segura para el cuerpo<br \/>\nDow Corning cumple con los requisitos de la FDA sobre silicona a nivel alimentario. Recubrimiento superficial exclusivo Softek \u2122.<\/p>\n<p>Apariencia apacible<br \/>\nExquisitos detalles en relieve. Adornado con cristal SWAROVSKI.<\/p>\n<p>El primer masajeador de empuje autom\u00e1tico de ZALO<br \/>\nSubvirtiendo la experiencia de vibrador tradicional con movimientos de empuje realistas que le permiten recostarse y disfrutar de la diversi\u00f3n sin la necesidad de manipulaci\u00f3n manual.<\/p>\n<p>Modo Turbo<br \/>\nUna funci\u00f3n \u00fanica de orgasmo de una tecla para llevar instant\u00e1neamente las vibraciones al nivel m\u00e1s poderoso para un cl\u00edmax devastador.<\/p>\n<p>Potentes vibraciones silenciosas.<br \/>\nEl motor potente y silencioso aporta toda la intensidad.<\/p>\n<p>USB recargable<br \/>\nBater\u00eda de iones de litio incorporada con una capacidad de 2000 mAh que se puede cargar completamente en solo 1 hora y proporciona aproximadamente 2-4 horas de placer continuo.<\/p>\n<p>A prueba de salpicaduras<br \/>\nGrado impermeable IPX4. El producto est\u00e1 protegido contra salpicaduras de agua, sin importar la direcci\u00f3n. Funci\u00f3n de precalentamiento<br \/>\nEl deseo est\u00e1 dise\u00f1ado para precalentar de forma segura antes de su uso. Calentamiento r\u00e1pido a la temperatura del cuerpo humano en 2 minutos. M\u00e1s c\u00f3modo en invierno, m\u00e1s apasionado en verano.<\/p>\n<p>Dimensiones del producto 22 x 4,5 x 4,5 cm<br \/>\nPeso del producto 278,00 gram<br \/>\nDi\u00e1metro del producto 3,8 cm<br \/>\nLongitud insertable 11,5 cm<br \/>\nCantidad de motores 1<br \/>\nRotaciones 840 RPM<br \/>\nTipos de velocidad 7<br \/>\nNivel de ruido 40 dB<br \/>\nRecargable S\u00ed<br \/>\nTiempo de recarga 120 min<br \/>\nVida de la recarga de las bater\u00edas 120 min<br \/>\nA prueba de salpicaduras S\u00ed<br \/>\nMateriales Dow corning silicone<\/p>\n","protected":false},"excerpt":{"rendered":"<p>DESIRE FAIRY PINK D\u00e9 rienda suelta a sus deseos m\u00e1s \u00edntimos con el ZALO Desire Pre-Heating Thruster. Con una punta<\/p>\n","protected":false},"featured_media":9824,"comment_status":"open","ping_status":"open","template":"","meta":[],"product_cat":[502],"product_tag":[503],"class_list":["post-9823","product","type-product","status-publish","has-post-thumbnail","hentry","product_cat-luxury","product_tag-zalo"],"bundled_by":[],"bundle_stock_status":"instock","bundle_stock_quantity":1,"bundle_virtual":false,"bundle_layout":"","bundle_add_to_cart_form_location":"","bundle_editable_in_cart":false,"bundle_sold_individually_context":"","bundle_item_grouping":"","bundle_min_size":"","bundle_max_size":"","bundled_items":[],"yoast_head":"<!-- This site is optimized with the Yoast SEO plugin v20.6 - https:\/\/yoast.com\/wordpress\/plugins\/seo\/ -->\n<title>ZALO DESIRE FAIRY VIBRADOR ROSA - Tienda Er\u00f3tica<\/title>\n<meta name=\"robots\" content=\"noindex, follow, max-snippet:-1, max-image-preview:large, max-video-preview:-1\" \/>\n<meta property=\"og:locale\" content=\"es_ES\" \/>\n<meta property=\"og:type\" content=\"article\" \/>\n<meta property=\"og:title\" content=\"ZALO DESIRE FAIRY VIBRADOR ROSA - Tienda Er\u00f3tica\" \/>\n<meta property=\"og:description\" content=\"DESIRE FAIRY PINK D\u00e9 rienda suelta a sus deseos m\u00e1s \u00edntimos con el ZALO Desire Pre-Heating Thruster. Con una punta\" \/>\n<meta property=\"og:url\" content=\"https:\/\/demoweb.info\/sexshop001\/producto\/zalo-desire-fairy-vibrador-rosa\/\" \/>\n<meta property=\"og:site_name\" content=\"Tienda Er\u00f3tica\" \/>\n<meta property=\"article:modified_time\" content=\"2022-01-22T08:46:20+00:00\" \/>\n<meta property=\"og:image\" content=\"https:\/\/demoweb.info\/sexshop001\/wp-content\/uploads\/2022\/01\/ZALO-DESIRE-FAIRY-VIBRADOR-ROSA.jpg\" \/>\n\t<meta property=\"og:image:width\" content=\"550\" \/>\n\t<meta property=\"og:image:height\" content=\"550\" \/>\n\t<meta property=\"og:image:type\" content=\"image\/jpeg\" \/>\n<meta name=\"twitter:card\" content=\"summary_large_image\" \/>\n<meta name=\"twitter:label1\" content=\"Tiempo de lectura\" \/>\n\t<meta name=\"twitter:data1\" content=\"2 minutos\" \/>\n<script type=\"application\/ld+json\" class=\"yoast-schema-graph\">{\"@context\":\"https:\/\/schema.org\",\"@graph\":[{\"@type\":\"WebPage\",\"@id\":\"https:\/\/demoweb.info\/sexshop001\/producto\/zalo-desire-fairy-vibrador-rosa\/\",\"url\":\"https:\/\/demoweb.info\/sexshop001\/producto\/zalo-desire-fairy-vibrador-rosa\/\",\"name\":\"ZALO DESIRE FAIRY VIBRADOR ROSA - Tienda Er\u00f3tica\",\"isPartOf\":{\"@id\":\"https:\/\/demoweb.info\/sexshop001\/#website\"},\"datePublished\":\"2022-01-22T08:46:09+00:00\",\"dateModified\":\"2022-01-22T08:46:20+00:00\",\"breadcrumb\":{\"@id\":\"https:\/\/demoweb.info\/sexshop001\/producto\/zalo-desire-fairy-vibrador-rosa\/#breadcrumb\"},\"inLanguage\":\"es\",\"potentialAction\":[{\"@type\":\"ReadAction\",\"target\":[\"https:\/\/demoweb.info\/sexshop001\/producto\/zalo-desire-fairy-vibrador-rosa\/\"]}]},{\"@type\":\"BreadcrumbList\",\"@id\":\"https:\/\/demoweb.info\/sexshop001\/producto\/zalo-desire-fairy-vibrador-rosa\/#breadcrumb\",\"itemListElement\":[{\"@type\":\"ListItem\",\"position\":1,\"name\":\"Portada\",\"item\":\"https:\/\/demoweb.info\/sexshop001\/\"},{\"@type\":\"ListItem\",\"position\":2,\"name\":\"Tienda\",\"item\":\"https:\/\/demoweb.info\/sexshop001\/tienda\/\"},{\"@type\":\"ListItem\",\"position\":3,\"name\":\"ZALO DESIRE FAIRY VIBRADOR ROSA\"}]},{\"@type\":\"WebSite\",\"@id\":\"https:\/\/demoweb.info\/sexshop001\/#website\",\"url\":\"https:\/\/demoweb.info\/sexshop001\/\",\"name\":\"Tienda Er\u00f3tica\",\"description\":\"DEMOWEB SL\",\"potentialAction\":[{\"@type\":\"SearchAction\",\"target\":{\"@type\":\"EntryPoint\",\"urlTemplate\":\"https:\/\/demoweb.info\/sexshop001\/?s={search_term_string}\"},\"query-input\":\"required name=search_term_string\"}],\"inLanguage\":\"es\"}]}<\/script>\n<!-- \/ Yoast SEO plugin. -->","yoast_head_json":{"title":"ZALO DESIRE FAIRY VIBRADOR ROSA - Tienda Er\u00f3tica","robots":{"index":"noindex","follow":"follow","max-snippet":"max-snippet:-1","max-image-preview":"max-image-preview:large","max-video-preview":"max-video-preview:-1"},"og_locale":"es_ES","og_type":"article","og_title":"ZALO DESIRE FAIRY VIBRADOR ROSA - Tienda Er\u00f3tica","og_description":"DESIRE FAIRY PINK D\u00e9 rienda suelta a sus deseos m\u00e1s \u00edntimos con el ZALO Desire Pre-Heating Thruster. Con una punta","og_url":"https:\/\/demoweb.info\/sexshop001\/producto\/zalo-desire-fairy-vibrador-rosa\/","og_site_name":"Tienda Er\u00f3tica","article_modified_time":"2022-01-22T08:46:20+00:00","og_image":[{"width":550,"height":550,"url":"https:\/\/demoweb.info\/sexshop001\/wp-content\/uploads\/2022\/01\/ZALO-DESIRE-FAIRY-VIBRADOR-ROSA.jpg","type":"image\/jpeg"}],"twitter_card":"summary_large_image","twitter_misc":{"Tiempo de lectura":"2 minutos"},"schema":{"@context":"https:\/\/schema.org","@graph":[{"@type":"WebPage","@id":"https:\/\/demoweb.info\/sexshop001\/producto\/zalo-desire-fairy-vibrador-rosa\/","url":"https:\/\/demoweb.info\/sexshop001\/producto\/zalo-desire-fairy-vibrador-rosa\/","name":"ZALO DESIRE FAIRY VIBRADOR ROSA - Tienda Er\u00f3tica","isPartOf":{"@id":"https:\/\/demoweb.info\/sexshop001\/#website"},"datePublished":"2022-01-22T08:46:09+00:00","dateModified":"2022-01-22T08:46:20+00:00","breadcrumb":{"@id":"https:\/\/demoweb.info\/sexshop001\/producto\/zalo-desire-fairy-vibrador-rosa\/#breadcrumb"},"inLanguage":"es","potentialAction":[{"@type":"ReadAction","target":["https:\/\/demoweb.info\/sexshop001\/producto\/zalo-desire-fairy-vibrador-rosa\/"]}]},{"@type":"BreadcrumbList","@id":"https:\/\/demoweb.info\/sexshop001\/producto\/zalo-desire-fairy-vibrador-rosa\/#breadcrumb","itemListElement":[{"@type":"ListItem","position":1,"name":"Portada","item":"https:\/\/demoweb.info\/sexshop001\/"},{"@type":"ListItem","position":2,"name":"Tienda","item":"https:\/\/demoweb.info\/sexshop001\/tienda\/"},{"@type":"ListItem","position":3,"name":"ZALO DESIRE FAIRY VIBRADOR ROSA"}]},{"@type":"WebSite","@id":"https:\/\/demoweb.info\/sexshop001\/#website","url":"https:\/\/demoweb.info\/sexshop001\/","name":"Tienda Er\u00f3tica","description":"DEMOWEB SL","potentialAction":[{"@type":"SearchAction","target":{"@type":"EntryPoint","urlTemplate":"https:\/\/demoweb.info\/sexshop001\/?s={search_term_string}"},"query-input":"required name=search_term_string"}],"inLanguage":"es"}]}},"_links":{"self":[{"href":"https:\/\/demoweb.info\/sexshop001\/wp-json\/wp\/v3\/product\/9823","targetHints":{"allow":["GET"]}}],"collection":[{"href":"https:\/\/demoweb.info\/sexshop001\/wp-json\/wp\/v3\/product"}],"about":[{"href":"https:\/\/demoweb.info\/sexshop001\/wp-json\/wp\/v2\/types\/product"}],"replies":[{"embeddable":true,"href":"https:\/\/demoweb.info\/sexshop001\/wp-json\/wp\/v2\/comments?post=9823"}],"wp:featuredmedia":[{"embeddable":true,"href":"https:\/\/demoweb.info\/sexshop001\/wp-json\/wp\/v2\/media\/9824"}],"wp:attachment":[{"href":"https:\/\/demoweb.info\/sexshop001\/wp-json\/wp\/v2\/media?parent=9823"}],"wp:term":[{"taxonomy":"product_cat","embeddable":true,"href":"https:\/\/demoweb.info\/sexshop001\/wp-json\/wp\/v2\/product_cat?post=9823"},{"taxonomy":"product_tag","embeddable":true,"href":"https:\/\/demoweb.info\/sexshop001\/wp-json\/wp\/v2\/product_tag?post=9823"}],"curies":[{"name":"wp","href":"https:\/\/api.w.org\/{rel}","templated":true}]}}