{"id":9820,"date":"2022-01-22T09:46:09","date_gmt":"2022-01-22T08:46:09","guid":{"rendered":"https:\/\/demoweb.info\/sexshop001\/producto\/zalo-vibrador-fantasia-morado\/"},"modified":"2022-01-22T09:46:19","modified_gmt":"2022-01-22T08:46:19","slug":"zalo-vibrador-fantasia-morado","status":"publish","type":"product","link":"https:\/\/demoweb.info\/sexshop001\/producto\/zalo-vibrador-fantasia-morado\/","title":{"rendered":"ZALO VIBRADOR FANTASIA MORADO"},"content":{"rendered":"<p><strong>COURAGE FANTASY VIOLET<\/strong><\/p>\n<p>Masaje de punto G precalentamiento ZALO Courage. Con una cabeza flexible s\u00faper suave y flexible de 360 grados dise\u00f1ada para abrazar la curva sensual de su punto G, el Courage lo llevar\u00e1 a un cl\u00edmax profundo y poderoso.<\/p>\n<p>Precali\u00e9ntelo a la temperatura corporal perfecta antes de cada uso con solo tocar un bot\u00f3n, luego ins\u00e9rtelo para disfrutar del sensual masaje del punto G.<\/p>\n<p>La funcionalidad de precalentamiento, un motor silencioso, detalles de calidad de joyer\u00eda y un revestimiento suave y sedoso de Softek se unen para brindar la mejor experiencia sensorial. Con ocho modos de vibraci\u00f3n que se ofrecen, est\u00e1 garantizado que nunca se cansar\u00e1 de explorar el placer explosivo que el Courage tiene para ofrecer. Caracteristicas<br \/>\nSilicona premium segura para el cuerpo<br \/>\nDow Corning cumple con los requisitos de la FDA sobre silicona a nivel alimentario. Recubrimiento superficial exclusivo Softek \u2122.<\/p>\n<p>Apariencia apacible<br \/>\nExquisitos detalles en relieve. Adornado con cristal SWAROVSKI.<\/p>\n<p>Revolucionario bot\u00f3n de control push-pull<br \/>\nRevolucionario bot\u00f3n m\u00e1gico manipulado en modo push-pull, simple pero divertido.<\/p>\n<p>Cabeza flexible<br \/>\nCurva libre de 360 grados para complacer suavemente tu cuerpo.<\/p>\n<p>Potentes vibraciones silenciosas.<br \/>\nEl potente motor aporta toda la intensidad con vibraciones silenciosas.<\/p>\n<p>USB recargable<br \/>\nBater\u00eda de iones de litio incorporada con una capacidad de 530 mAh que se puede cargar completamente en solo 1 hora y proporciona aproximadamente 2-4 horas de placer continuo.<\/p>\n<p>A prueba de salpicaduras<br \/>\nGrado impermeable IPX4. El producto est\u00e1 protegido contra salpicaduras de agua, sin importar la direcci\u00f3n. Funci\u00f3n de precalentamiento<br \/>\nCourage est\u00e1 dise\u00f1ado para precalentar de forma segura antes de su uso. Calentamiento r\u00e1pido a la temperatura del cuerpo humano en 2 minutos. M\u00e1s c\u00f3modo en invierno, m\u00e1s apasionado en verano.<\/p>\n<ul>\n<li>Dimensiones del producto 20,6 x 3,8 x 3,8 cm<\/li>\n<li>Peso del producto 110,00 gram<\/li>\n<li>Di\u00e1metro del producto 3,4 cm<\/li>\n<li>Longitud insertable 10,5 cm<\/li>\n<li>Cantidad de motores 1<\/li>\n<li>Rotaciones 6900 RPM<\/li>\n<li>Tipos de velocidad 8<\/li>\n<li>Nivel de ruido 40 dB<\/li>\n<li>Recargable S\u00ed<\/li>\n<li>Tiempo de recarga 120 min<\/li>\n<li>Vida de la recarga de las bater\u00edas 120 min<\/li>\n<li>A prueba de salpicaduras S\u00ed<\/li>\n<li>Materiales Dow corning silicone<\/li>\n<\/ul>\n","protected":false},"excerpt":{"rendered":"<p>COURAGE FANTASY VIOLET Masaje de punto G precalentamiento ZALO Courage. Con una cabeza flexible s\u00faper suave y flexible de 360<\/p>\n","protected":false},"featured_media":9821,"comment_status":"open","ping_status":"open","template":"","meta":[],"product_cat":[502],"product_tag":[503],"class_list":["post-9820","product","type-product","status-publish","has-post-thumbnail","hentry","product_cat-luxury","product_tag-zalo"],"bundled_by":[],"bundle_stock_status":"instock","bundle_stock_quantity":2,"bundle_virtual":false,"bundle_layout":"","bundle_add_to_cart_form_location":"","bundle_editable_in_cart":false,"bundle_sold_individually_context":"","bundle_item_grouping":"","bundle_min_size":"","bundle_max_size":"","bundled_items":[],"yoast_head":"<!-- This site is optimized with the Yoast SEO plugin v20.6 - https:\/\/yoast.com\/wordpress\/plugins\/seo\/ -->\n<title>ZALO VIBRADOR FANTASIA MORADO - Tienda Er\u00f3tica<\/title>\n<meta name=\"robots\" content=\"noindex, follow, max-snippet:-1, max-image-preview:large, max-video-preview:-1\" \/>\n<meta property=\"og:locale\" content=\"es_ES\" \/>\n<meta property=\"og:type\" content=\"article\" \/>\n<meta property=\"og:title\" content=\"ZALO VIBRADOR FANTASIA MORADO - Tienda Er\u00f3tica\" \/>\n<meta property=\"og:description\" content=\"COURAGE FANTASY VIOLET Masaje de punto G precalentamiento ZALO Courage. Con una cabeza flexible s\u00faper suave y flexible de 360\" \/>\n<meta property=\"og:url\" content=\"https:\/\/demoweb.info\/sexshop001\/producto\/zalo-vibrador-fantasia-morado\/\" \/>\n<meta property=\"og:site_name\" content=\"Tienda Er\u00f3tica\" \/>\n<meta property=\"article:modified_time\" content=\"2022-01-22T08:46:19+00:00\" \/>\n<meta property=\"og:image\" content=\"https:\/\/demoweb.info\/sexshop001\/wp-content\/uploads\/2022\/01\/ZALO-VIBRADOR-FANTASIA-MORADO.jpg\" \/>\n\t<meta property=\"og:image:width\" content=\"550\" \/>\n\t<meta property=\"og:image:height\" content=\"550\" \/>\n\t<meta property=\"og:image:type\" content=\"image\/jpeg\" \/>\n<meta name=\"twitter:card\" content=\"summary_large_image\" \/>\n<meta name=\"twitter:label1\" content=\"Tiempo de lectura\" \/>\n\t<meta name=\"twitter:data1\" content=\"2 minutos\" \/>\n<script type=\"application\/ld+json\" class=\"yoast-schema-graph\">{\"@context\":\"https:\/\/schema.org\",\"@graph\":[{\"@type\":\"WebPage\",\"@id\":\"https:\/\/demoweb.info\/sexshop001\/producto\/zalo-vibrador-fantasia-morado\/\",\"url\":\"https:\/\/demoweb.info\/sexshop001\/producto\/zalo-vibrador-fantasia-morado\/\",\"name\":\"ZALO VIBRADOR FANTASIA MORADO - Tienda Er\u00f3tica\",\"isPartOf\":{\"@id\":\"https:\/\/demoweb.info\/sexshop001\/#website\"},\"datePublished\":\"2022-01-22T08:46:09+00:00\",\"dateModified\":\"2022-01-22T08:46:19+00:00\",\"breadcrumb\":{\"@id\":\"https:\/\/demoweb.info\/sexshop001\/producto\/zalo-vibrador-fantasia-morado\/#breadcrumb\"},\"inLanguage\":\"es\",\"potentialAction\":[{\"@type\":\"ReadAction\",\"target\":[\"https:\/\/demoweb.info\/sexshop001\/producto\/zalo-vibrador-fantasia-morado\/\"]}]},{\"@type\":\"BreadcrumbList\",\"@id\":\"https:\/\/demoweb.info\/sexshop001\/producto\/zalo-vibrador-fantasia-morado\/#breadcrumb\",\"itemListElement\":[{\"@type\":\"ListItem\",\"position\":1,\"name\":\"Portada\",\"item\":\"https:\/\/demoweb.info\/sexshop001\/\"},{\"@type\":\"ListItem\",\"position\":2,\"name\":\"Tienda\",\"item\":\"https:\/\/demoweb.info\/sexshop001\/tienda\/\"},{\"@type\":\"ListItem\",\"position\":3,\"name\":\"ZALO VIBRADOR FANTASIA MORADO\"}]},{\"@type\":\"WebSite\",\"@id\":\"https:\/\/demoweb.info\/sexshop001\/#website\",\"url\":\"https:\/\/demoweb.info\/sexshop001\/\",\"name\":\"Tienda Er\u00f3tica\",\"description\":\"DEMOWEB SL\",\"potentialAction\":[{\"@type\":\"SearchAction\",\"target\":{\"@type\":\"EntryPoint\",\"urlTemplate\":\"https:\/\/demoweb.info\/sexshop001\/?s={search_term_string}\"},\"query-input\":\"required name=search_term_string\"}],\"inLanguage\":\"es\"}]}<\/script>\n<!-- \/ Yoast SEO plugin. -->","yoast_head_json":{"title":"ZALO VIBRADOR FANTASIA MORADO - Tienda Er\u00f3tica","robots":{"index":"noindex","follow":"follow","max-snippet":"max-snippet:-1","max-image-preview":"max-image-preview:large","max-video-preview":"max-video-preview:-1"},"og_locale":"es_ES","og_type":"article","og_title":"ZALO VIBRADOR FANTASIA MORADO - Tienda Er\u00f3tica","og_description":"COURAGE FANTASY VIOLET Masaje de punto G precalentamiento ZALO Courage. Con una cabeza flexible s\u00faper suave y flexible de 360","og_url":"https:\/\/demoweb.info\/sexshop001\/producto\/zalo-vibrador-fantasia-morado\/","og_site_name":"Tienda Er\u00f3tica","article_modified_time":"2022-01-22T08:46:19+00:00","og_image":[{"width":550,"height":550,"url":"https:\/\/demoweb.info\/sexshop001\/wp-content\/uploads\/2022\/01\/ZALO-VIBRADOR-FANTASIA-MORADO.jpg","type":"image\/jpeg"}],"twitter_card":"summary_large_image","twitter_misc":{"Tiempo de lectura":"2 minutos"},"schema":{"@context":"https:\/\/schema.org","@graph":[{"@type":"WebPage","@id":"https:\/\/demoweb.info\/sexshop001\/producto\/zalo-vibrador-fantasia-morado\/","url":"https:\/\/demoweb.info\/sexshop001\/producto\/zalo-vibrador-fantasia-morado\/","name":"ZALO VIBRADOR FANTASIA MORADO - Tienda Er\u00f3tica","isPartOf":{"@id":"https:\/\/demoweb.info\/sexshop001\/#website"},"datePublished":"2022-01-22T08:46:09+00:00","dateModified":"2022-01-22T08:46:19+00:00","breadcrumb":{"@id":"https:\/\/demoweb.info\/sexshop001\/producto\/zalo-vibrador-fantasia-morado\/#breadcrumb"},"inLanguage":"es","potentialAction":[{"@type":"ReadAction","target":["https:\/\/demoweb.info\/sexshop001\/producto\/zalo-vibrador-fantasia-morado\/"]}]},{"@type":"BreadcrumbList","@id":"https:\/\/demoweb.info\/sexshop001\/producto\/zalo-vibrador-fantasia-morado\/#breadcrumb","itemListElement":[{"@type":"ListItem","position":1,"name":"Portada","item":"https:\/\/demoweb.info\/sexshop001\/"},{"@type":"ListItem","position":2,"name":"Tienda","item":"https:\/\/demoweb.info\/sexshop001\/tienda\/"},{"@type":"ListItem","position":3,"name":"ZALO VIBRADOR FANTASIA MORADO"}]},{"@type":"WebSite","@id":"https:\/\/demoweb.info\/sexshop001\/#website","url":"https:\/\/demoweb.info\/sexshop001\/","name":"Tienda Er\u00f3tica","description":"DEMOWEB SL","potentialAction":[{"@type":"SearchAction","target":{"@type":"EntryPoint","urlTemplate":"https:\/\/demoweb.info\/sexshop001\/?s={search_term_string}"},"query-input":"required name=search_term_string"}],"inLanguage":"es"}]}},"_links":{"self":[{"href":"https:\/\/demoweb.info\/sexshop001\/wp-json\/wp\/v3\/product\/9820","targetHints":{"allow":["GET"]}}],"collection":[{"href":"https:\/\/demoweb.info\/sexshop001\/wp-json\/wp\/v3\/product"}],"about":[{"href":"https:\/\/demoweb.info\/sexshop001\/wp-json\/wp\/v2\/types\/product"}],"replies":[{"embeddable":true,"href":"https:\/\/demoweb.info\/sexshop001\/wp-json\/wp\/v2\/comments?post=9820"}],"wp:featuredmedia":[{"embeddable":true,"href":"https:\/\/demoweb.info\/sexshop001\/wp-json\/wp\/v2\/media\/9821"}],"wp:attachment":[{"href":"https:\/\/demoweb.info\/sexshop001\/wp-json\/wp\/v2\/media?parent=9820"}],"wp:term":[{"taxonomy":"product_cat","embeddable":true,"href":"https:\/\/demoweb.info\/sexshop001\/wp-json\/wp\/v2\/product_cat?post=9820"},{"taxonomy":"product_tag","embeddable":true,"href":"https:\/\/demoweb.info\/sexshop001\/wp-json\/wp\/v2\/product_tag?post=9820"}],"curies":[{"name":"wp","href":"https:\/\/api.w.org\/{rel}","templated":true}]}}