{"id":9815,"date":"2022-01-22T09:46:09","date_gmt":"2022-01-22T08:46:09","guid":{"rendered":"https:\/\/demoweb.info\/sexshop001\/producto\/zalo-baby-heart-vibrador-violeta\/"},"modified":"2022-01-22T09:46:17","modified_gmt":"2022-01-22T08:46:17","slug":"zalo-baby-heart-vibrador-violeta","status":"publish","type":"product","link":"https:\/\/demoweb.info\/sexshop001\/producto\/zalo-baby-heart-vibrador-violeta\/","title":{"rendered":"ZALO BABY HEART VIBRADOR &#8211; VIOLETA"},"content":{"rendered":"<p><strong>BABY HEART BERRY VIOLET<\/strong><\/p>\n<p>Creado con el amor y el lujo en mente, el masajeador de cuerpo entero ZALO Baby Heart ha sido dise\u00f1ado para encajar \u00edntimamente en todas sus zonas er\u00f3genas y desbloquear un intenso placer sensorial. Pase sus suaves curvas sobre su cl\u00edtoris para la excitaci\u00f3n org\u00e1smica, o trace sus bordes sobre su cuello y escote para un masaje sensual y hormigueante durante los juegos previos.<\/p>\n<p>Un motor silencioso, detalles de grado de joyer\u00eda chapados en oro de 18 quilates y un revestimiento suave y sedoso de Softek se unen para brindar la mejor experiencia sensorial. Con ocho modos de vibraci\u00f3n para arrancar, est\u00e1 garantizado que nunca se cansar\u00e1 de explorar la diversi\u00f3n sensual que Baby Heart tiene para ofrecer. Caracteristicas<br \/>\nSilicona premium segura para el cuerpo<br \/>\nDow Corning cumple con los requisitos de la FDA sobre silicona a nivel alimentario. Recubrimiento superficial exclusivo Softek \u2122.<\/p>\n<p>Esmalte artesanal de grado de joyer\u00eda<br \/>\nMateriales estables, duraderos y colores espl\u00e9ndidos con brillo duradero.<\/p>\n<p>Chapado en oro de 18 quilates sobre superficie de metal<br \/>\nUn exclusivo colgante desmontable chapado en oro que adorna una delicada cadena aporta romance y una belleza notable a esta pieza.<\/p>\n<p>Susurra vibraciones silenciosas<br \/>\nA pesar de ser mansos y silenciosos, las vibraciones siguen siendo poderosas. La gentileza de Baby Heart lo hace ideal para juegos suaves, para alguien que busca hacer una autoexploraci\u00f3n \u00edntima o para alguien que busca un juguete que no sea intimidante.<\/p>\n<p>USB recargable<br \/>\nBater\u00eda de iones de litio incorporada con una capacidad de 130 mAh que se puede cargar completamente en solo 1 hora y proporciona entre 2 y 4 horas de placer continuo.<\/p>\n<p>Impermeable<br \/>\nGrado impermeable IPX4. El producto est\u00e1 protegido contra salpicaduras de agua, sin importar la direcci\u00f3n. Aplicaci\u00f3n de control remoto<br \/>\nLa innovadora conectividad Bluetooth le permite vincular su juguete \u00edntimo a su tel\u00e9fono inteligente con la aplicaci\u00f3n ZALO. \u00daselo como un control remoto personal o haga que su pareja se haga cargo de todas sus sensaciones con el toque de un dedo en la pantalla de su tel\u00e9fono inteligente.<\/p>\n<ul>\n<li>Dimensiones embalaje 13,80 x 17,50 x 7 cm<\/li>\n<li>Peso embalaje 322 gram<\/li>\n<li>Dimensiones del producto 7,5 x 6,1 x 3 cm<\/li>\n<li>Peso del producto 75,00 gram<\/li>\n<li>Di\u00e1metro del producto 6,1 cm<\/li>\n<li>Cantidad de motores 1<\/li>\n<li>Rotaciones 7800 RPM<\/li>\n<li>Tipos de velocidad 8<\/li>\n<li>Nivel de ruido 40 dB<\/li>\n<li>Recargable S\u00ed<\/li>\n<li>Tiempo de recarga 120 min<\/li>\n<li>Vida de la recarga de las bater\u00edas 120 min<\/li>\n<li>A prueba de salpicaduras S\u00ed<\/li>\n<li>Materiales Dow corning silicone<\/li>\n<li> <\/li>\n<\/ul>\n","protected":false},"excerpt":{"rendered":"<p>BABY HEART BERRY VIOLET Creado con el amor y el lujo en mente, el masajeador de cuerpo entero ZALO Baby<\/p>\n","protected":false},"featured_media":9816,"comment_status":"open","ping_status":"open","template":"","meta":[],"product_cat":[502],"product_tag":[503],"class_list":["post-9815","product","type-product","status-publish","has-post-thumbnail","hentry","product_cat-luxury","product_tag-zalo"],"bundled_by":[],"bundle_stock_status":"instock","bundle_stock_quantity":1,"bundle_virtual":false,"bundle_layout":"","bundle_add_to_cart_form_location":"","bundle_editable_in_cart":false,"bundle_sold_individually_context":"","bundle_item_grouping":"","bundle_min_size":"","bundle_max_size":"","bundled_items":[],"yoast_head":"<!-- This site is optimized with the Yoast SEO plugin v20.6 - https:\/\/yoast.com\/wordpress\/plugins\/seo\/ -->\n<title>ZALO BABY HEART VIBRADOR - VIOLETA - Tienda Er\u00f3tica<\/title>\n<meta name=\"robots\" content=\"noindex, follow, max-snippet:-1, max-image-preview:large, max-video-preview:-1\" \/>\n<meta property=\"og:locale\" content=\"es_ES\" \/>\n<meta property=\"og:type\" content=\"article\" \/>\n<meta property=\"og:title\" content=\"ZALO BABY HEART VIBRADOR - VIOLETA - Tienda Er\u00f3tica\" \/>\n<meta property=\"og:description\" content=\"BABY HEART BERRY VIOLET Creado con el amor y el lujo en mente, el masajeador de cuerpo entero ZALO Baby\" \/>\n<meta property=\"og:url\" content=\"https:\/\/demoweb.info\/sexshop001\/producto\/zalo-baby-heart-vibrador-violeta\/\" \/>\n<meta property=\"og:site_name\" content=\"Tienda Er\u00f3tica\" \/>\n<meta property=\"article:modified_time\" content=\"2022-01-22T08:46:17+00:00\" \/>\n<meta property=\"og:image\" content=\"https:\/\/demoweb.info\/sexshop001\/wp-content\/uploads\/2022\/01\/ZALO-BABY-HEART-VIBRADOR-VIOLETA.jpg\" \/>\n\t<meta property=\"og:image:width\" content=\"550\" \/>\n\t<meta property=\"og:image:height\" content=\"550\" \/>\n\t<meta property=\"og:image:type\" content=\"image\/jpeg\" \/>\n<meta name=\"twitter:card\" content=\"summary_large_image\" \/>\n<meta name=\"twitter:label1\" content=\"Tiempo de lectura\" \/>\n\t<meta name=\"twitter:data1\" content=\"2 minutos\" \/>\n<script type=\"application\/ld+json\" class=\"yoast-schema-graph\">{\"@context\":\"https:\/\/schema.org\",\"@graph\":[{\"@type\":\"WebPage\",\"@id\":\"https:\/\/demoweb.info\/sexshop001\/producto\/zalo-baby-heart-vibrador-violeta\/\",\"url\":\"https:\/\/demoweb.info\/sexshop001\/producto\/zalo-baby-heart-vibrador-violeta\/\",\"name\":\"ZALO BABY HEART VIBRADOR - VIOLETA - Tienda Er\u00f3tica\",\"isPartOf\":{\"@id\":\"https:\/\/demoweb.info\/sexshop001\/#website\"},\"datePublished\":\"2022-01-22T08:46:09+00:00\",\"dateModified\":\"2022-01-22T08:46:17+00:00\",\"breadcrumb\":{\"@id\":\"https:\/\/demoweb.info\/sexshop001\/producto\/zalo-baby-heart-vibrador-violeta\/#breadcrumb\"},\"inLanguage\":\"es\",\"potentialAction\":[{\"@type\":\"ReadAction\",\"target\":[\"https:\/\/demoweb.info\/sexshop001\/producto\/zalo-baby-heart-vibrador-violeta\/\"]}]},{\"@type\":\"BreadcrumbList\",\"@id\":\"https:\/\/demoweb.info\/sexshop001\/producto\/zalo-baby-heart-vibrador-violeta\/#breadcrumb\",\"itemListElement\":[{\"@type\":\"ListItem\",\"position\":1,\"name\":\"Portada\",\"item\":\"https:\/\/demoweb.info\/sexshop001\/\"},{\"@type\":\"ListItem\",\"position\":2,\"name\":\"Tienda\",\"item\":\"https:\/\/demoweb.info\/sexshop001\/tienda\/\"},{\"@type\":\"ListItem\",\"position\":3,\"name\":\"ZALO BABY HEART VIBRADOR &#8211; VIOLETA\"}]},{\"@type\":\"WebSite\",\"@id\":\"https:\/\/demoweb.info\/sexshop001\/#website\",\"url\":\"https:\/\/demoweb.info\/sexshop001\/\",\"name\":\"Tienda Er\u00f3tica\",\"description\":\"DEMOWEB SL\",\"potentialAction\":[{\"@type\":\"SearchAction\",\"target\":{\"@type\":\"EntryPoint\",\"urlTemplate\":\"https:\/\/demoweb.info\/sexshop001\/?s={search_term_string}\"},\"query-input\":\"required name=search_term_string\"}],\"inLanguage\":\"es\"}]}<\/script>\n<!-- \/ Yoast SEO plugin. -->","yoast_head_json":{"title":"ZALO BABY HEART VIBRADOR - VIOLETA - Tienda Er\u00f3tica","robots":{"index":"noindex","follow":"follow","max-snippet":"max-snippet:-1","max-image-preview":"max-image-preview:large","max-video-preview":"max-video-preview:-1"},"og_locale":"es_ES","og_type":"article","og_title":"ZALO BABY HEART VIBRADOR - VIOLETA - Tienda Er\u00f3tica","og_description":"BABY HEART BERRY VIOLET Creado con el amor y el lujo en mente, el masajeador de cuerpo entero ZALO Baby","og_url":"https:\/\/demoweb.info\/sexshop001\/producto\/zalo-baby-heart-vibrador-violeta\/","og_site_name":"Tienda Er\u00f3tica","article_modified_time":"2022-01-22T08:46:17+00:00","og_image":[{"width":550,"height":550,"url":"https:\/\/demoweb.info\/sexshop001\/wp-content\/uploads\/2022\/01\/ZALO-BABY-HEART-VIBRADOR-VIOLETA.jpg","type":"image\/jpeg"}],"twitter_card":"summary_large_image","twitter_misc":{"Tiempo de lectura":"2 minutos"},"schema":{"@context":"https:\/\/schema.org","@graph":[{"@type":"WebPage","@id":"https:\/\/demoweb.info\/sexshop001\/producto\/zalo-baby-heart-vibrador-violeta\/","url":"https:\/\/demoweb.info\/sexshop001\/producto\/zalo-baby-heart-vibrador-violeta\/","name":"ZALO BABY HEART VIBRADOR - VIOLETA - Tienda Er\u00f3tica","isPartOf":{"@id":"https:\/\/demoweb.info\/sexshop001\/#website"},"datePublished":"2022-01-22T08:46:09+00:00","dateModified":"2022-01-22T08:46:17+00:00","breadcrumb":{"@id":"https:\/\/demoweb.info\/sexshop001\/producto\/zalo-baby-heart-vibrador-violeta\/#breadcrumb"},"inLanguage":"es","potentialAction":[{"@type":"ReadAction","target":["https:\/\/demoweb.info\/sexshop001\/producto\/zalo-baby-heart-vibrador-violeta\/"]}]},{"@type":"BreadcrumbList","@id":"https:\/\/demoweb.info\/sexshop001\/producto\/zalo-baby-heart-vibrador-violeta\/#breadcrumb","itemListElement":[{"@type":"ListItem","position":1,"name":"Portada","item":"https:\/\/demoweb.info\/sexshop001\/"},{"@type":"ListItem","position":2,"name":"Tienda","item":"https:\/\/demoweb.info\/sexshop001\/tienda\/"},{"@type":"ListItem","position":3,"name":"ZALO BABY HEART VIBRADOR &#8211; VIOLETA"}]},{"@type":"WebSite","@id":"https:\/\/demoweb.info\/sexshop001\/#website","url":"https:\/\/demoweb.info\/sexshop001\/","name":"Tienda Er\u00f3tica","description":"DEMOWEB SL","potentialAction":[{"@type":"SearchAction","target":{"@type":"EntryPoint","urlTemplate":"https:\/\/demoweb.info\/sexshop001\/?s={search_term_string}"},"query-input":"required name=search_term_string"}],"inLanguage":"es"}]}},"_links":{"self":[{"href":"https:\/\/demoweb.info\/sexshop001\/wp-json\/wp\/v3\/product\/9815","targetHints":{"allow":["GET"]}}],"collection":[{"href":"https:\/\/demoweb.info\/sexshop001\/wp-json\/wp\/v3\/product"}],"about":[{"href":"https:\/\/demoweb.info\/sexshop001\/wp-json\/wp\/v2\/types\/product"}],"replies":[{"embeddable":true,"href":"https:\/\/demoweb.info\/sexshop001\/wp-json\/wp\/v2\/comments?post=9815"}],"wp:featuredmedia":[{"embeddable":true,"href":"https:\/\/demoweb.info\/sexshop001\/wp-json\/wp\/v2\/media\/9816"}],"wp:attachment":[{"href":"https:\/\/demoweb.info\/sexshop001\/wp-json\/wp\/v2\/media?parent=9815"}],"wp:term":[{"taxonomy":"product_cat","embeddable":true,"href":"https:\/\/demoweb.info\/sexshop001\/wp-json\/wp\/v2\/product_cat?post=9815"},{"taxonomy":"product_tag","embeddable":true,"href":"https:\/\/demoweb.info\/sexshop001\/wp-json\/wp\/v2\/product_tag?post=9815"}],"curies":[{"name":"wp","href":"https:\/\/api.w.org\/{rel}","templated":true}]}}