{"id":9785,"date":"2022-01-22T09:45:40","date_gmt":"2022-01-22T08:45:40","guid":{"rendered":"https:\/\/demoweb.info\/sexshop001\/producto\/zalo-ichigo-rabbit-vibracion-violeta\/"},"modified":"2022-01-22T09:46:02","modified_gmt":"2022-01-22T08:46:02","slug":"zalo-ichigo-rabbit-vibracion-violeta","status":"publish","type":"product","link":"https:\/\/demoweb.info\/sexshop001\/producto\/zalo-ichigo-rabbit-vibracion-violeta\/","title":{"rendered":"ZALO ICHIGO RABBIT VIBRACI\u00d3N &#8211; VIOLETA"},"content":{"rendered":"<p><strong>ICHIGO BERRY VIOLET<\/strong><\/p>\n<p>Duplique la pasi\u00f3n con el vibrador ZALO Ichigo Rabbit, completo con motores duales incorporados para placer interno y externo.<\/p>\n<p>en una experiencia deliciosamente org\u00e1smica.<\/p>\n<p>Estos motores duales ultra silenciosos y de alta potencia brindan sensaciones de ensue\u00f1o a su cl\u00edtoris y punto G, mientras que el eje liso y delgado del Ichigo Rabbit lo llena suavemente.<\/p>\n<p>Con conectividad bluetooth, el Ichigo se conecta a su tel\u00e9fono inteligente para desbloquear el acceso remoto a medida que avanza por cada uno de los ocho modos de vibraci\u00f3n totalmente ajustables. Incluyendo una delicada cadena de oro de 18 quilates de grado de joyer\u00eda y punta adornada con ba\u00f1o de oro, con un revestimiento suave y sedoso de Softek para lo \u00faltimo en lujo y comodidad, el Ichigo es una fiesta para todos sus sentidos.<\/p>\n<p>Caracteristicas<br \/>\nSilicona premium segura para el cuerpo<br \/>\nDow Corning cumple con los requisitos de la FDA sobre silicona a nivel alimentario. Recubrimiento superficial exclusivo Softek \u2122.<\/p>\n<p>Esmalte artesanal de grado de joyer\u00eda<br \/>\nMateriales estables, duraderos y colores espl\u00e9ndidos con brillo duradero.<\/p>\n<p>Chapado en oro de 18 quilates sobre superficie de metal<br \/>\nUn exclusivo colgante desmontable chapado en oro que adorna una delicada cadena aporta romance y una belleza notable a esta pieza.<\/p>\n<p>Susurra vibraciones silenciosas<br \/>\nA pesar de ser mansos y silenciosos, las vibraciones siguen siendo poderosas. La gentileza de Ichigo lo hace ideal para un juego suave, para alguien que busca hacer una autoexploraci\u00f3n \u00edntima o para alguien que busca un juguete que no sea intimidante.<\/p>\n<p>USB recargable<br \/>\nBater\u00eda de iones de litio incorporada con una capacidad de 420 mAh que se puede cargar completamente en solo 1 hora y proporciona entre 2 y 4 horas de placer continuo.<\/p>\n<p>Impermeable<br \/>\nGrado impermeable IPX4. El producto est\u00e1 protegido contra salpicaduras de agua, sin importar la direcci\u00f3n. Aplicaci\u00f3n de control remoto<br \/>\nLa innovadora conectividad Bluetooth le permite vincular su juguete \u00edntimo a su tel\u00e9fono inteligente con la aplicaci\u00f3n ZALO. \u00daselo como un control remoto personal o haga que su pareja se haga cargo de todas sus sensaciones con el toque de un dedo en la pantalla de su tel\u00e9fono inteligente.<\/p>\n<p>Usuarios de iOS, busque ZALO REMOTE en la tienda de aplicaciones de Apple para descargar.<br \/>\nUsuarios de Android, busque ZALO REMOTE en Google Play para descargar.<\/p>\n<ul>\n<li>Dimensiones del producto 18,1 x 5,9 x 3 cm<\/li>\n<li>Peso del producto 127,00 gram<\/li>\n<li>Di\u00e1metro del producto 2,9 cm<\/li>\n<li>Longitud insertable 7,5 cm<\/li>\n<li>Cantidad de motores 2<\/li>\n<li>Rotaciones 6900 RPM<\/li>\n<li>Tipos de velocidad 8<\/li>\n<li>Nivel de ruido 40 dB<\/li>\n<li>Recargable S\u00ed<\/li>\n<li>Tiempo de recarga 120 min<\/li>\n<li>Vida de la recarga de las bater\u00edas 120 min<\/li>\n<li>A prueba de salpicaduras S\u00ed<\/li>\n<li>Materiales Dow corning silicone<\/li>\n<\/ul>\n","protected":false},"excerpt":{"rendered":"<p>ICHIGO BERRY VIOLET Duplique la pasi\u00f3n con el vibrador ZALO Ichigo Rabbit, completo con motores duales incorporados para placer interno<\/p>\n","protected":false},"featured_media":9786,"comment_status":"open","ping_status":"open","template":"","meta":[],"product_cat":[504],"product_tag":[503],"class_list":["post-9785","product","type-product","status-publish","has-post-thumbnail","hentry","product_cat-con-app","product_tag-zalo"],"bundled_by":[],"bundle_stock_status":"instock","bundle_stock_quantity":1,"bundle_virtual":false,"bundle_layout":"","bundle_add_to_cart_form_location":"","bundle_editable_in_cart":false,"bundle_sold_individually_context":"","bundle_item_grouping":"","bundle_min_size":"","bundle_max_size":"","bundled_items":[],"yoast_head":"<!-- This site is optimized with the Yoast SEO plugin v20.6 - https:\/\/yoast.com\/wordpress\/plugins\/seo\/ -->\n<title>ZALO ICHIGO RABBIT VIBRACI\u00d3N - VIOLETA - Tienda Er\u00f3tica<\/title>\n<meta name=\"robots\" content=\"noindex, follow, max-snippet:-1, max-image-preview:large, max-video-preview:-1\" \/>\n<meta property=\"og:locale\" content=\"es_ES\" \/>\n<meta property=\"og:type\" content=\"article\" \/>\n<meta property=\"og:title\" content=\"ZALO ICHIGO RABBIT VIBRACI\u00d3N - VIOLETA - Tienda Er\u00f3tica\" \/>\n<meta property=\"og:description\" content=\"ICHIGO BERRY VIOLET Duplique la pasi\u00f3n con el vibrador ZALO Ichigo Rabbit, completo con motores duales incorporados para placer interno\" \/>\n<meta property=\"og:url\" content=\"https:\/\/demoweb.info\/sexshop001\/producto\/zalo-ichigo-rabbit-vibracion-violeta\/\" \/>\n<meta property=\"og:site_name\" content=\"Tienda Er\u00f3tica\" \/>\n<meta property=\"article:modified_time\" content=\"2022-01-22T08:46:02+00:00\" \/>\n<meta property=\"og:image\" content=\"https:\/\/demoweb.info\/sexshop001\/wp-content\/uploads\/2022\/01\/ZALO-ICHIGO-RABBIT-VIBRACION-VIOLETA.jpg\" \/>\n\t<meta property=\"og:image:width\" content=\"550\" \/>\n\t<meta property=\"og:image:height\" content=\"550\" \/>\n\t<meta property=\"og:image:type\" content=\"image\/jpeg\" \/>\n<meta name=\"twitter:card\" content=\"summary_large_image\" \/>\n<meta name=\"twitter:label1\" content=\"Tiempo de lectura\" \/>\n\t<meta name=\"twitter:data1\" content=\"2 minutos\" \/>\n<script type=\"application\/ld+json\" class=\"yoast-schema-graph\">{\"@context\":\"https:\/\/schema.org\",\"@graph\":[{\"@type\":\"WebPage\",\"@id\":\"https:\/\/demoweb.info\/sexshop001\/producto\/zalo-ichigo-rabbit-vibracion-violeta\/\",\"url\":\"https:\/\/demoweb.info\/sexshop001\/producto\/zalo-ichigo-rabbit-vibracion-violeta\/\",\"name\":\"ZALO ICHIGO RABBIT VIBRACI\u00d3N - VIOLETA - Tienda Er\u00f3tica\",\"isPartOf\":{\"@id\":\"https:\/\/demoweb.info\/sexshop001\/#website\"},\"datePublished\":\"2022-01-22T08:45:40+00:00\",\"dateModified\":\"2022-01-22T08:46:02+00:00\",\"breadcrumb\":{\"@id\":\"https:\/\/demoweb.info\/sexshop001\/producto\/zalo-ichigo-rabbit-vibracion-violeta\/#breadcrumb\"},\"inLanguage\":\"es\",\"potentialAction\":[{\"@type\":\"ReadAction\",\"target\":[\"https:\/\/demoweb.info\/sexshop001\/producto\/zalo-ichigo-rabbit-vibracion-violeta\/\"]}]},{\"@type\":\"BreadcrumbList\",\"@id\":\"https:\/\/demoweb.info\/sexshop001\/producto\/zalo-ichigo-rabbit-vibracion-violeta\/#breadcrumb\",\"itemListElement\":[{\"@type\":\"ListItem\",\"position\":1,\"name\":\"Portada\",\"item\":\"https:\/\/demoweb.info\/sexshop001\/\"},{\"@type\":\"ListItem\",\"position\":2,\"name\":\"Tienda\",\"item\":\"https:\/\/demoweb.info\/sexshop001\/tienda\/\"},{\"@type\":\"ListItem\",\"position\":3,\"name\":\"ZALO ICHIGO RABBIT VIBRACI\u00d3N &#8211; VIOLETA\"}]},{\"@type\":\"WebSite\",\"@id\":\"https:\/\/demoweb.info\/sexshop001\/#website\",\"url\":\"https:\/\/demoweb.info\/sexshop001\/\",\"name\":\"Tienda Er\u00f3tica\",\"description\":\"DEMOWEB SL\",\"potentialAction\":[{\"@type\":\"SearchAction\",\"target\":{\"@type\":\"EntryPoint\",\"urlTemplate\":\"https:\/\/demoweb.info\/sexshop001\/?s={search_term_string}\"},\"query-input\":\"required name=search_term_string\"}],\"inLanguage\":\"es\"}]}<\/script>\n<!-- \/ Yoast SEO plugin. -->","yoast_head_json":{"title":"ZALO ICHIGO RABBIT VIBRACI\u00d3N - VIOLETA - Tienda Er\u00f3tica","robots":{"index":"noindex","follow":"follow","max-snippet":"max-snippet:-1","max-image-preview":"max-image-preview:large","max-video-preview":"max-video-preview:-1"},"og_locale":"es_ES","og_type":"article","og_title":"ZALO ICHIGO RABBIT VIBRACI\u00d3N - VIOLETA - Tienda Er\u00f3tica","og_description":"ICHIGO BERRY VIOLET Duplique la pasi\u00f3n con el vibrador ZALO Ichigo Rabbit, completo con motores duales incorporados para placer interno","og_url":"https:\/\/demoweb.info\/sexshop001\/producto\/zalo-ichigo-rabbit-vibracion-violeta\/","og_site_name":"Tienda Er\u00f3tica","article_modified_time":"2022-01-22T08:46:02+00:00","og_image":[{"width":550,"height":550,"url":"https:\/\/demoweb.info\/sexshop001\/wp-content\/uploads\/2022\/01\/ZALO-ICHIGO-RABBIT-VIBRACION-VIOLETA.jpg","type":"image\/jpeg"}],"twitter_card":"summary_large_image","twitter_misc":{"Tiempo de lectura":"2 minutos"},"schema":{"@context":"https:\/\/schema.org","@graph":[{"@type":"WebPage","@id":"https:\/\/demoweb.info\/sexshop001\/producto\/zalo-ichigo-rabbit-vibracion-violeta\/","url":"https:\/\/demoweb.info\/sexshop001\/producto\/zalo-ichigo-rabbit-vibracion-violeta\/","name":"ZALO ICHIGO RABBIT VIBRACI\u00d3N - VIOLETA - Tienda Er\u00f3tica","isPartOf":{"@id":"https:\/\/demoweb.info\/sexshop001\/#website"},"datePublished":"2022-01-22T08:45:40+00:00","dateModified":"2022-01-22T08:46:02+00:00","breadcrumb":{"@id":"https:\/\/demoweb.info\/sexshop001\/producto\/zalo-ichigo-rabbit-vibracion-violeta\/#breadcrumb"},"inLanguage":"es","potentialAction":[{"@type":"ReadAction","target":["https:\/\/demoweb.info\/sexshop001\/producto\/zalo-ichigo-rabbit-vibracion-violeta\/"]}]},{"@type":"BreadcrumbList","@id":"https:\/\/demoweb.info\/sexshop001\/producto\/zalo-ichigo-rabbit-vibracion-violeta\/#breadcrumb","itemListElement":[{"@type":"ListItem","position":1,"name":"Portada","item":"https:\/\/demoweb.info\/sexshop001\/"},{"@type":"ListItem","position":2,"name":"Tienda","item":"https:\/\/demoweb.info\/sexshop001\/tienda\/"},{"@type":"ListItem","position":3,"name":"ZALO ICHIGO RABBIT VIBRACI\u00d3N &#8211; VIOLETA"}]},{"@type":"WebSite","@id":"https:\/\/demoweb.info\/sexshop001\/#website","url":"https:\/\/demoweb.info\/sexshop001\/","name":"Tienda Er\u00f3tica","description":"DEMOWEB SL","potentialAction":[{"@type":"SearchAction","target":{"@type":"EntryPoint","urlTemplate":"https:\/\/demoweb.info\/sexshop001\/?s={search_term_string}"},"query-input":"required name=search_term_string"}],"inLanguage":"es"}]}},"_links":{"self":[{"href":"https:\/\/demoweb.info\/sexshop001\/wp-json\/wp\/v3\/product\/9785","targetHints":{"allow":["GET"]}}],"collection":[{"href":"https:\/\/demoweb.info\/sexshop001\/wp-json\/wp\/v3\/product"}],"about":[{"href":"https:\/\/demoweb.info\/sexshop001\/wp-json\/wp\/v2\/types\/product"}],"replies":[{"embeddable":true,"href":"https:\/\/demoweb.info\/sexshop001\/wp-json\/wp\/v2\/comments?post=9785"}],"wp:featuredmedia":[{"embeddable":true,"href":"https:\/\/demoweb.info\/sexshop001\/wp-json\/wp\/v2\/media\/9786"}],"wp:attachment":[{"href":"https:\/\/demoweb.info\/sexshop001\/wp-json\/wp\/v2\/media?parent=9785"}],"wp:term":[{"taxonomy":"product_cat","embeddable":true,"href":"https:\/\/demoweb.info\/sexshop001\/wp-json\/wp\/v2\/product_cat?post=9785"},{"taxonomy":"product_tag","embeddable":true,"href":"https:\/\/demoweb.info\/sexshop001\/wp-json\/wp\/v2\/product_tag?post=9785"}],"curies":[{"name":"wp","href":"https:\/\/api.w.org\/{rel}","templated":true}]}}