{"id":9739,"date":"2022-01-22T09:45:40","date_gmt":"2022-01-22T08:45:40","guid":{"rendered":"https:\/\/demoweb.info\/sexshop001\/producto\/zalo-jeanne-royal-masajeador-azul\/"},"modified":"2022-01-22T09:45:43","modified_gmt":"2022-01-22T08:45:43","slug":"zalo-jeanne-royal-masajeador-azul","status":"publish","type":"product","link":"https:\/\/demoweb.info\/sexshop001\/producto\/zalo-jeanne-royal-masajeador-azul\/","title":{"rendered":"ZALO JEANNE ROYAL MASAJEADOR AZUL"},"content":{"rendered":"<p><strong>JEANNE ROYAL BLUE<\/strong><\/p>\n<p>Inspirado por la princesa Jeanne, el masajeador personal ZALO Jeanne combina tecnolog\u00eda y est\u00e9tica superiores para la mejor experiencia de masaje en el cl\u00edtoris.<\/p>\n<p>El motor silencioso de alta potencia ofrece ocho patrones de vibraci\u00f3n diferentes para garantizar que nunca se aburra, y el revestimiento suave y sedoso de Softek brinda una experiencia extraordinariamente c\u00f3moda.<\/p>\n<p>Dise\u00f1ado ergon\u00f3micamente para abrazar perfectamente la palma de tu mano, pasa el Jeanne sobre tu cl\u00edtoris para experimentar intensas sensaciones clim\u00e1ticas.<\/p>\n<p>Con conectividad bluetooth, Jeanne se conecta a su tel\u00e9fono inteligente para desbloquear el acceso remoto, y su est\u00e9tica delicadamente grabada con detalles dorados hace que usarlo sea un placer para todos sus sentidos.<\/p>\n<p>Caracteristicas<br \/>\nSilicona premium segura para el cuerpo<br \/>\nDow Corning cumple con los requisitos de la FDA sobre silicona a nivel alimentario. Recubrimiento superficial exclusivo Softek \u2122.<\/p>\n<p>Proceso de esmalte manual de grado de joyer\u00eda<br \/>\nMateriales duraderos constantes y colores espl\u00e9ndidos con brillo duradero.<\/p>\n<p>Dise\u00f1o en relieve<br \/>\nExquisitos detalles en relieve estilo franc\u00e9s.<\/p>\n<p>Potentes vibraciones silenciosas.<br \/>\nEl potente motor aporta toda la intensidad con vibraciones silenciosas.<\/p>\n<p>USB recargable<br \/>\nBater\u00eda de iones de litio incorporada con una capacidad de 420 mAh que se puede cargar completamente en solo 1 hora y proporciona entre 2 y 4 horas de placer continuo.<\/p>\n<p>Impermeable<br \/>\nGrado impermeable IPX4. El producto est\u00e1 protegido contra salpicaduras de agua, sin importar la direcci\u00f3n.<\/p>\n<\/p>\n<ul>\n<li>Dimensiones embalaje    19,80 x 14,80 x 9 cm<\/li>\n<li>Peso embalaje    534 gram<\/li>\n<li>Dimensiones del producto    9,5 x 4,6 x 3,1 cm<\/li>\n<li>Peso del producto    67,00 gram<\/li>\n<li>Di\u00e1metro del producto    4,6 cm<\/li>\n<li>Longitud insertable    30,0 cm<\/li>\n<li>Cantidad de motores    1<\/li>\n<li>Rotaciones    5800 RPM<\/li>\n<li>Tipos de velocidad    8<\/li>\n<li>Nivel de ruido    40 dB<\/li>\n<li>Recargable    S\u00ed<\/li>\n<li>Tiempo de recarga    120 min<\/li>\n<li>Vida de la recarga de las bater\u00edas    120 min<\/li>\n<li>A prueba de salpicaduras    S\u00ed<\/li>\n<li>Materiales    Dow corning silicone\n\t <\/li>\n<\/ul>\n","protected":false},"excerpt":{"rendered":"<p>JEANNE ROYAL BLUE Inspirado por la princesa Jeanne, el masajeador personal ZALO Jeanne combina tecnolog\u00eda y est\u00e9tica superiores para la<\/p>\n","protected":false},"featured_media":9740,"comment_status":"open","ping_status":"open","template":"","meta":[],"product_cat":[370],"product_tag":[503],"class_list":["post-9739","product","type-product","status-publish","has-post-thumbnail","hentry","product_cat-clitoris","product_tag-zalo"],"bundled_by":[],"bundle_stock_status":"instock","bundle_stock_quantity":1,"bundle_virtual":false,"bundle_layout":"","bundle_add_to_cart_form_location":"","bundle_editable_in_cart":false,"bundle_sold_individually_context":"","bundle_item_grouping":"","bundle_min_size":"","bundle_max_size":"","bundled_items":[],"yoast_head":"<!-- This site is optimized with the Yoast SEO plugin v20.6 - https:\/\/yoast.com\/wordpress\/plugins\/seo\/ -->\n<title>ZALO JEANNE ROYAL MASAJEADOR AZUL - Tienda Er\u00f3tica<\/title>\n<meta name=\"robots\" content=\"noindex, follow, max-snippet:-1, max-image-preview:large, max-video-preview:-1\" \/>\n<meta property=\"og:locale\" content=\"es_ES\" \/>\n<meta property=\"og:type\" content=\"article\" \/>\n<meta property=\"og:title\" content=\"ZALO JEANNE ROYAL MASAJEADOR AZUL - Tienda Er\u00f3tica\" \/>\n<meta property=\"og:description\" content=\"JEANNE ROYAL BLUE Inspirado por la princesa Jeanne, el masajeador personal ZALO Jeanne combina tecnolog\u00eda y est\u00e9tica superiores para la\" \/>\n<meta property=\"og:url\" content=\"https:\/\/demoweb.info\/sexshop001\/producto\/zalo-jeanne-royal-masajeador-azul\/\" \/>\n<meta property=\"og:site_name\" content=\"Tienda Er\u00f3tica\" \/>\n<meta property=\"article:modified_time\" content=\"2022-01-22T08:45:43+00:00\" \/>\n<meta property=\"og:image\" content=\"https:\/\/demoweb.info\/sexshop001\/wp-content\/uploads\/2022\/01\/ZALO-JEANNE-ROYAL-MASAJEADOR-AZUL.jpg\" \/>\n\t<meta property=\"og:image:width\" content=\"550\" \/>\n\t<meta property=\"og:image:height\" content=\"550\" \/>\n\t<meta property=\"og:image:type\" content=\"image\/jpeg\" \/>\n<meta name=\"twitter:card\" content=\"summary_large_image\" \/>\n<meta name=\"twitter:label1\" content=\"Tiempo de lectura\" \/>\n\t<meta name=\"twitter:data1\" content=\"2 minutos\" \/>\n<script type=\"application\/ld+json\" class=\"yoast-schema-graph\">{\"@context\":\"https:\/\/schema.org\",\"@graph\":[{\"@type\":\"WebPage\",\"@id\":\"https:\/\/demoweb.info\/sexshop001\/producto\/zalo-jeanne-royal-masajeador-azul\/\",\"url\":\"https:\/\/demoweb.info\/sexshop001\/producto\/zalo-jeanne-royal-masajeador-azul\/\",\"name\":\"ZALO JEANNE ROYAL MASAJEADOR AZUL - Tienda Er\u00f3tica\",\"isPartOf\":{\"@id\":\"https:\/\/demoweb.info\/sexshop001\/#website\"},\"datePublished\":\"2022-01-22T08:45:40+00:00\",\"dateModified\":\"2022-01-22T08:45:43+00:00\",\"breadcrumb\":{\"@id\":\"https:\/\/demoweb.info\/sexshop001\/producto\/zalo-jeanne-royal-masajeador-azul\/#breadcrumb\"},\"inLanguage\":\"es\",\"potentialAction\":[{\"@type\":\"ReadAction\",\"target\":[\"https:\/\/demoweb.info\/sexshop001\/producto\/zalo-jeanne-royal-masajeador-azul\/\"]}]},{\"@type\":\"BreadcrumbList\",\"@id\":\"https:\/\/demoweb.info\/sexshop001\/producto\/zalo-jeanne-royal-masajeador-azul\/#breadcrumb\",\"itemListElement\":[{\"@type\":\"ListItem\",\"position\":1,\"name\":\"Portada\",\"item\":\"https:\/\/demoweb.info\/sexshop001\/\"},{\"@type\":\"ListItem\",\"position\":2,\"name\":\"Tienda\",\"item\":\"https:\/\/demoweb.info\/sexshop001\/tienda\/\"},{\"@type\":\"ListItem\",\"position\":3,\"name\":\"ZALO JEANNE ROYAL MASAJEADOR AZUL\"}]},{\"@type\":\"WebSite\",\"@id\":\"https:\/\/demoweb.info\/sexshop001\/#website\",\"url\":\"https:\/\/demoweb.info\/sexshop001\/\",\"name\":\"Tienda Er\u00f3tica\",\"description\":\"DEMOWEB SL\",\"potentialAction\":[{\"@type\":\"SearchAction\",\"target\":{\"@type\":\"EntryPoint\",\"urlTemplate\":\"https:\/\/demoweb.info\/sexshop001\/?s={search_term_string}\"},\"query-input\":\"required name=search_term_string\"}],\"inLanguage\":\"es\"}]}<\/script>\n<!-- \/ Yoast SEO plugin. -->","yoast_head_json":{"title":"ZALO JEANNE ROYAL MASAJEADOR AZUL - Tienda Er\u00f3tica","robots":{"index":"noindex","follow":"follow","max-snippet":"max-snippet:-1","max-image-preview":"max-image-preview:large","max-video-preview":"max-video-preview:-1"},"og_locale":"es_ES","og_type":"article","og_title":"ZALO JEANNE ROYAL MASAJEADOR AZUL - Tienda Er\u00f3tica","og_description":"JEANNE ROYAL BLUE Inspirado por la princesa Jeanne, el masajeador personal ZALO Jeanne combina tecnolog\u00eda y est\u00e9tica superiores para la","og_url":"https:\/\/demoweb.info\/sexshop001\/producto\/zalo-jeanne-royal-masajeador-azul\/","og_site_name":"Tienda Er\u00f3tica","article_modified_time":"2022-01-22T08:45:43+00:00","og_image":[{"width":550,"height":550,"url":"https:\/\/demoweb.info\/sexshop001\/wp-content\/uploads\/2022\/01\/ZALO-JEANNE-ROYAL-MASAJEADOR-AZUL.jpg","type":"image\/jpeg"}],"twitter_card":"summary_large_image","twitter_misc":{"Tiempo de lectura":"2 minutos"},"schema":{"@context":"https:\/\/schema.org","@graph":[{"@type":"WebPage","@id":"https:\/\/demoweb.info\/sexshop001\/producto\/zalo-jeanne-royal-masajeador-azul\/","url":"https:\/\/demoweb.info\/sexshop001\/producto\/zalo-jeanne-royal-masajeador-azul\/","name":"ZALO JEANNE ROYAL MASAJEADOR AZUL - Tienda Er\u00f3tica","isPartOf":{"@id":"https:\/\/demoweb.info\/sexshop001\/#website"},"datePublished":"2022-01-22T08:45:40+00:00","dateModified":"2022-01-22T08:45:43+00:00","breadcrumb":{"@id":"https:\/\/demoweb.info\/sexshop001\/producto\/zalo-jeanne-royal-masajeador-azul\/#breadcrumb"},"inLanguage":"es","potentialAction":[{"@type":"ReadAction","target":["https:\/\/demoweb.info\/sexshop001\/producto\/zalo-jeanne-royal-masajeador-azul\/"]}]},{"@type":"BreadcrumbList","@id":"https:\/\/demoweb.info\/sexshop001\/producto\/zalo-jeanne-royal-masajeador-azul\/#breadcrumb","itemListElement":[{"@type":"ListItem","position":1,"name":"Portada","item":"https:\/\/demoweb.info\/sexshop001\/"},{"@type":"ListItem","position":2,"name":"Tienda","item":"https:\/\/demoweb.info\/sexshop001\/tienda\/"},{"@type":"ListItem","position":3,"name":"ZALO JEANNE ROYAL MASAJEADOR AZUL"}]},{"@type":"WebSite","@id":"https:\/\/demoweb.info\/sexshop001\/#website","url":"https:\/\/demoweb.info\/sexshop001\/","name":"Tienda Er\u00f3tica","description":"DEMOWEB SL","potentialAction":[{"@type":"SearchAction","target":{"@type":"EntryPoint","urlTemplate":"https:\/\/demoweb.info\/sexshop001\/?s={search_term_string}"},"query-input":"required name=search_term_string"}],"inLanguage":"es"}]}},"_links":{"self":[{"href":"https:\/\/demoweb.info\/sexshop001\/wp-json\/wp\/v3\/product\/9739","targetHints":{"allow":["GET"]}}],"collection":[{"href":"https:\/\/demoweb.info\/sexshop001\/wp-json\/wp\/v3\/product"}],"about":[{"href":"https:\/\/demoweb.info\/sexshop001\/wp-json\/wp\/v2\/types\/product"}],"replies":[{"embeddable":true,"href":"https:\/\/demoweb.info\/sexshop001\/wp-json\/wp\/v2\/comments?post=9739"}],"wp:featuredmedia":[{"embeddable":true,"href":"https:\/\/demoweb.info\/sexshop001\/wp-json\/wp\/v2\/media\/9740"}],"wp:attachment":[{"href":"https:\/\/demoweb.info\/sexshop001\/wp-json\/wp\/v2\/media?parent=9739"}],"wp:term":[{"taxonomy":"product_cat","embeddable":true,"href":"https:\/\/demoweb.info\/sexshop001\/wp-json\/wp\/v2\/product_cat?post=9739"},{"taxonomy":"product_tag","embeddable":true,"href":"https:\/\/demoweb.info\/sexshop001\/wp-json\/wp\/v2\/product_tag?post=9739"}],"curies":[{"name":"wp","href":"https:\/\/api.w.org\/{rel}","templated":true}]}}