{"id":9701,"date":"2022-01-22T09:45:14","date_gmt":"2022-01-22T08:45:14","guid":{"rendered":"https:\/\/demoweb.info\/sexshop001\/producto\/zalo-vibrador-marie-royal-azul-con-app\/"},"modified":"2022-01-22T09:45:25","modified_gmt":"2022-01-22T08:45:25","slug":"zalo-vibrador-marie-royal-azul-con-app","status":"publish","type":"product","link":"https:\/\/demoweb.info\/sexshop001\/producto\/zalo-vibrador-marie-royal-azul-con-app\/","title":{"rendered":"ZALO VIBRADOR MARIE ROYAL AZUL CON APP"},"content":{"rendered":"<p><strong>MARIE ROYAL BLUE WITH APP<\/strong><\/p>\n<p>Inspirado en el lujo y la opulencia de la vida de Mar\u00eda Antonieta, el vibrador ZALO Marie G-spot es la combinaci\u00f3n definitiva de elegancia y funcionalidad superior.<\/p>\n<p>Con una punta s\u00faper suave dise\u00f1ada para abrazar la curva sensual de su punto G y una cabeza agrandada para evocar una deliciosa sensaci\u00f3n de plenitud, la Marie ofrece una experiencia profundamente indulgente.<\/p>\n<p>Un motor silencioso de ultra alta potencia, una delicada cadena de joyer\u00eda de 24 quilates y una punta dorada artesanal se unen con un revestimiento aterciopelado Softek y ocho modos de vibraci\u00f3n para la mejor experiencia sensorial. Caracteristicas<br \/>\nSilicona premium segura para el cuerpo<br \/>\nDow Corning cumple con los requisitos de la FDA a nivel de alimentos. Recubrimiento superficial exclusivo Softek \u2122.<\/p>\n<p>Esmalte artesanal de grado de joyer\u00eda<br \/>\nMateriales estables, duraderos y colores espl\u00e9ndidos con brillo duradero.<\/p>\n<p>Chapado en oro de 24K sobre superficie de metal<br \/>\nUn exclusivo colgante desmontable chapado en oro que adorna una delicada cadena aporta romance y una belleza notable a esta pieza.<\/p>\n<p>Dise\u00f1o en relieve<br \/>\nExquisitos detalles en relieve estilo franc\u00e9s.<\/p>\n<p>Potentes vibraciones silenciosas.<br \/>\nEl potente motor aporta toda la intensidad con vibraciones silenciosas.<\/p>\n<p>USB recargable<br \/>\nBater\u00eda de iones de litio incorporada con una capacidad de 530 mAh que se puede cargar completamente en solo 1 hora y proporciona aproximadamente 2-4 horas de placer continuo.<\/p>\n<p>Impermeable<br \/>\nGrado impermeable IPX4. El producto est\u00e1 protegido contra salpicaduras de agua, sin importar la direcci\u00f3n. Aplicaci\u00f3n de control remoto<br \/>\nLa innovadora conectividad Bluetooth le permite vincular su juguete \u00edntimo a su tel\u00e9fono inteligente con la aplicaci\u00f3n ZALO. \u00daselo como un control remoto personal o haga que su pareja se haga cargo de todas sus sensaciones con el toque de un dedo en la pantalla de su tel\u00e9fono inteligente.<\/p>\n<p>Usuarios de iOS, busque ZALO REMOTE en Apple App Store para descargar.<\/p>\n<p>Usuarios de Android, busque ZALO REMOTE en Google Play para descargar.<\/p>\n<p>Caracter\u00edsticas:<\/p>\n<ul>\n<li>Dimensiones del producto: 20,8 x 3,7 x 3,6 cm<\/li>\n<li>Peso del producto: 177 gr<\/li>\n<li>Di\u00e1metro del producto: 3,7 cm<\/li>\n<li>Longitud insertable: 120 cm<\/li>\n<li>Cantidad de motores: 1<\/li>\n<li>Rotaciones: 6500 RPM<\/li>\n<li>Tipos de velocidad: 8<\/li>\n<li>Nivel de ruido: 40 dB<\/li>\n<li>Recargable: S\u00ed<\/li>\n<li>Tiempo de recarga: 120 min<\/li>\n<li>Vida de la recarga de las bater\u00edas: 120 min<\/li>\n<li>A prueba de salpicaduras: S\u00ed<\/li>\n<li>Materiales: Silicona<\/li>\n<\/ul>\n","protected":false},"excerpt":{"rendered":"<p>MARIE ROYAL BLUE WITH APP Inspirado en el lujo y la opulencia de la vida de Mar\u00eda Antonieta, el vibrador<\/p>\n","protected":false},"featured_media":9702,"comment_status":"open","ping_status":"open","template":"","meta":[],"product_cat":[502],"product_tag":[503],"class_list":["post-9701","product","type-product","status-publish","has-post-thumbnail","hentry","product_cat-luxury","product_tag-zalo"],"bundled_by":[],"bundle_stock_status":"instock","bundle_stock_quantity":1,"bundle_virtual":false,"bundle_layout":"","bundle_add_to_cart_form_location":"","bundle_editable_in_cart":false,"bundle_sold_individually_context":"","bundle_item_grouping":"","bundle_min_size":"","bundle_max_size":"","bundled_items":[],"yoast_head":"<!-- This site is optimized with the Yoast SEO plugin v20.6 - https:\/\/yoast.com\/wordpress\/plugins\/seo\/ -->\n<title>ZALO VIBRADOR MARIE ROYAL AZUL CON APP - Tienda Er\u00f3tica<\/title>\n<meta name=\"robots\" content=\"noindex, follow, max-snippet:-1, max-image-preview:large, max-video-preview:-1\" \/>\n<meta property=\"og:locale\" content=\"es_ES\" \/>\n<meta property=\"og:type\" content=\"article\" \/>\n<meta property=\"og:title\" content=\"ZALO VIBRADOR MARIE ROYAL AZUL CON APP - Tienda Er\u00f3tica\" \/>\n<meta property=\"og:description\" content=\"MARIE ROYAL BLUE WITH APP Inspirado en el lujo y la opulencia de la vida de Mar\u00eda Antonieta, el vibrador\" \/>\n<meta property=\"og:url\" content=\"https:\/\/demoweb.info\/sexshop001\/producto\/zalo-vibrador-marie-royal-azul-con-app\/\" \/>\n<meta property=\"og:site_name\" content=\"Tienda Er\u00f3tica\" \/>\n<meta property=\"article:modified_time\" content=\"2022-01-22T08:45:25+00:00\" \/>\n<meta property=\"og:image\" content=\"https:\/\/demoweb.info\/sexshop001\/wp-content\/uploads\/2022\/01\/ZALO-VIBRADOR-MARIE-ROYAL-AZUL-CON-APP.jpg\" \/>\n\t<meta property=\"og:image:width\" content=\"550\" \/>\n\t<meta property=\"og:image:height\" content=\"550\" \/>\n\t<meta property=\"og:image:type\" content=\"image\/jpeg\" \/>\n<meta name=\"twitter:card\" content=\"summary_large_image\" \/>\n<meta name=\"twitter:label1\" content=\"Tiempo de lectura\" \/>\n\t<meta name=\"twitter:data1\" content=\"2 minutos\" \/>\n<script type=\"application\/ld+json\" class=\"yoast-schema-graph\">{\"@context\":\"https:\/\/schema.org\",\"@graph\":[{\"@type\":\"WebPage\",\"@id\":\"https:\/\/demoweb.info\/sexshop001\/producto\/zalo-vibrador-marie-royal-azul-con-app\/\",\"url\":\"https:\/\/demoweb.info\/sexshop001\/producto\/zalo-vibrador-marie-royal-azul-con-app\/\",\"name\":\"ZALO VIBRADOR MARIE ROYAL AZUL CON APP - Tienda Er\u00f3tica\",\"isPartOf\":{\"@id\":\"https:\/\/demoweb.info\/sexshop001\/#website\"},\"datePublished\":\"2022-01-22T08:45:14+00:00\",\"dateModified\":\"2022-01-22T08:45:25+00:00\",\"breadcrumb\":{\"@id\":\"https:\/\/demoweb.info\/sexshop001\/producto\/zalo-vibrador-marie-royal-azul-con-app\/#breadcrumb\"},\"inLanguage\":\"es\",\"potentialAction\":[{\"@type\":\"ReadAction\",\"target\":[\"https:\/\/demoweb.info\/sexshop001\/producto\/zalo-vibrador-marie-royal-azul-con-app\/\"]}]},{\"@type\":\"BreadcrumbList\",\"@id\":\"https:\/\/demoweb.info\/sexshop001\/producto\/zalo-vibrador-marie-royal-azul-con-app\/#breadcrumb\",\"itemListElement\":[{\"@type\":\"ListItem\",\"position\":1,\"name\":\"Portada\",\"item\":\"https:\/\/demoweb.info\/sexshop001\/\"},{\"@type\":\"ListItem\",\"position\":2,\"name\":\"Tienda\",\"item\":\"https:\/\/demoweb.info\/sexshop001\/tienda\/\"},{\"@type\":\"ListItem\",\"position\":3,\"name\":\"ZALO VIBRADOR MARIE ROYAL AZUL CON APP\"}]},{\"@type\":\"WebSite\",\"@id\":\"https:\/\/demoweb.info\/sexshop001\/#website\",\"url\":\"https:\/\/demoweb.info\/sexshop001\/\",\"name\":\"Tienda Er\u00f3tica\",\"description\":\"DEMOWEB SL\",\"potentialAction\":[{\"@type\":\"SearchAction\",\"target\":{\"@type\":\"EntryPoint\",\"urlTemplate\":\"https:\/\/demoweb.info\/sexshop001\/?s={search_term_string}\"},\"query-input\":\"required name=search_term_string\"}],\"inLanguage\":\"es\"}]}<\/script>\n<!-- \/ Yoast SEO plugin. -->","yoast_head_json":{"title":"ZALO VIBRADOR MARIE ROYAL AZUL CON APP - Tienda Er\u00f3tica","robots":{"index":"noindex","follow":"follow","max-snippet":"max-snippet:-1","max-image-preview":"max-image-preview:large","max-video-preview":"max-video-preview:-1"},"og_locale":"es_ES","og_type":"article","og_title":"ZALO VIBRADOR MARIE ROYAL AZUL CON APP - Tienda Er\u00f3tica","og_description":"MARIE ROYAL BLUE WITH APP Inspirado en el lujo y la opulencia de la vida de Mar\u00eda Antonieta, el vibrador","og_url":"https:\/\/demoweb.info\/sexshop001\/producto\/zalo-vibrador-marie-royal-azul-con-app\/","og_site_name":"Tienda Er\u00f3tica","article_modified_time":"2022-01-22T08:45:25+00:00","og_image":[{"width":550,"height":550,"url":"https:\/\/demoweb.info\/sexshop001\/wp-content\/uploads\/2022\/01\/ZALO-VIBRADOR-MARIE-ROYAL-AZUL-CON-APP.jpg","type":"image\/jpeg"}],"twitter_card":"summary_large_image","twitter_misc":{"Tiempo de lectura":"2 minutos"},"schema":{"@context":"https:\/\/schema.org","@graph":[{"@type":"WebPage","@id":"https:\/\/demoweb.info\/sexshop001\/producto\/zalo-vibrador-marie-royal-azul-con-app\/","url":"https:\/\/demoweb.info\/sexshop001\/producto\/zalo-vibrador-marie-royal-azul-con-app\/","name":"ZALO VIBRADOR MARIE ROYAL AZUL CON APP - Tienda Er\u00f3tica","isPartOf":{"@id":"https:\/\/demoweb.info\/sexshop001\/#website"},"datePublished":"2022-01-22T08:45:14+00:00","dateModified":"2022-01-22T08:45:25+00:00","breadcrumb":{"@id":"https:\/\/demoweb.info\/sexshop001\/producto\/zalo-vibrador-marie-royal-azul-con-app\/#breadcrumb"},"inLanguage":"es","potentialAction":[{"@type":"ReadAction","target":["https:\/\/demoweb.info\/sexshop001\/producto\/zalo-vibrador-marie-royal-azul-con-app\/"]}]},{"@type":"BreadcrumbList","@id":"https:\/\/demoweb.info\/sexshop001\/producto\/zalo-vibrador-marie-royal-azul-con-app\/#breadcrumb","itemListElement":[{"@type":"ListItem","position":1,"name":"Portada","item":"https:\/\/demoweb.info\/sexshop001\/"},{"@type":"ListItem","position":2,"name":"Tienda","item":"https:\/\/demoweb.info\/sexshop001\/tienda\/"},{"@type":"ListItem","position":3,"name":"ZALO VIBRADOR MARIE ROYAL AZUL CON APP"}]},{"@type":"WebSite","@id":"https:\/\/demoweb.info\/sexshop001\/#website","url":"https:\/\/demoweb.info\/sexshop001\/","name":"Tienda Er\u00f3tica","description":"DEMOWEB SL","potentialAction":[{"@type":"SearchAction","target":{"@type":"EntryPoint","urlTemplate":"https:\/\/demoweb.info\/sexshop001\/?s={search_term_string}"},"query-input":"required name=search_term_string"}],"inLanguage":"es"}]}},"_links":{"self":[{"href":"https:\/\/demoweb.info\/sexshop001\/wp-json\/wp\/v3\/product\/9701","targetHints":{"allow":["GET"]}}],"collection":[{"href":"https:\/\/demoweb.info\/sexshop001\/wp-json\/wp\/v3\/product"}],"about":[{"href":"https:\/\/demoweb.info\/sexshop001\/wp-json\/wp\/v2\/types\/product"}],"replies":[{"embeddable":true,"href":"https:\/\/demoweb.info\/sexshop001\/wp-json\/wp\/v2\/comments?post=9701"}],"wp:featuredmedia":[{"embeddable":true,"href":"https:\/\/demoweb.info\/sexshop001\/wp-json\/wp\/v2\/media\/9702"}],"wp:attachment":[{"href":"https:\/\/demoweb.info\/sexshop001\/wp-json\/wp\/v2\/media?parent=9701"}],"wp:term":[{"taxonomy":"product_cat","embeddable":true,"href":"https:\/\/demoweb.info\/sexshop001\/wp-json\/wp\/v2\/product_cat?post=9701"},{"taxonomy":"product_tag","embeddable":true,"href":"https:\/\/demoweb.info\/sexshop001\/wp-json\/wp\/v2\/product_tag?post=9701"}],"curies":[{"name":"wp","href":"https:\/\/api.w.org\/{rel}","templated":true}]}}