{"id":9693,"date":"2022-01-22T09:45:14","date_gmt":"2022-01-22T08:45:14","guid":{"rendered":"https:\/\/demoweb.info\/sexshop001\/producto\/silicona-urethral-sound-set-entrenamiento-anal\/"},"modified":"2022-01-22T09:45:22","modified_gmt":"2022-01-22T08:45:22","slug":"silicona-urethral-sound-set-entrenamiento-anal","status":"publish","type":"product","link":"https:\/\/demoweb.info\/sexshop001\/producto\/silicona-urethral-sound-set-entrenamiento-anal\/","title":{"rendered":"SILICONA URETHRAL SOUND SET ENTRENAMIENTO ANAL"},"content":{"rendered":"<p><strong>SILICONE URETHRAL SOUND TRAINER SET<\/strong><\/p>\n<p>Los sonidos de silicona son suaves, flexibles y m\u00e1s suaves que los sonidos de metal, por lo que son excelentes para principiantes y perfectos para usuarios experimentados que buscan un estiramiento suave.<\/p>\n<p>Los tama\u00f1os graduados les facilitan su trabajo.<\/p>\n<p>\n-La se\u00f1ora Isabella Sinclaire<\/p>\n<p>Hecho de silicona premium, libre de ftalatos y no porosa, estos sonidos uretrales son f\u00e1ciles de esterilizar y seguros para el cuerpo para una experiencia de sonido completamente nueva.<\/p>\n<p>Estas varillas flexibles se doblan con el cuerpo, desliz\u00e1ndose por el eje para lograr la sensaci\u00f3n \u00fanica que anhelas.<\/p>\n<p>Cada sonido es de doble cara, con una circunferencia de diferente tama\u00f1o en cada extremo.<\/p>\n<p>\u00a1Los tama\u00f1os graduados le permiten subir hasta que su orificio estirado pueda acomodar la barra m\u00e1s grande!<\/p>\n<p>Una de las Dominas m\u00e1s buscadas en el mundo, Isabella Sinclaire ha sido un pilar de la comunidad fetichista y un \u00edcono fetichista desde 1993 y una de las primeras Pro Dommes con presencia en l\u00ednea.<\/p>\n<p>Ella es una experta venerada con un conocimiento incomparable sobre todo tipo de actividades BDSM y un profundo conocimiento para aquellos que participan en ellas. Isabella Sinclaire tambi\u00e9n es una estrella de cine internacional que ha creado o protagonizado m\u00e1s de 60 pel\u00edculas BDSM.<\/p>\n<p>La Colecci\u00f3n Signature de Isabella Sinclaire presenta herramientas del oficio excepcionalmente dise\u00f1adas, personalmente seleccionadas por Isabella Sinclaire para su satisfacci\u00f3n.<\/p>\n<p>Cada pieza refleja su estilo, sofisticaci\u00f3n, habilidad y clase.<\/p>\n<p>Medidas: cada sonido tiene 8 pulgadas de largo.<\/p>\n<ul>\n<li>Dimensiones embalaje: 2,60 x 7,70 x 7,70 cm<\/li>\n<li>Peso embalaje :454 gram<\/li>\n<li>Materiales :Silicone<\/li>\n<\/ul>\n","protected":false},"excerpt":{"rendered":"<p>SILICONE URETHRAL SOUND TRAINER SET Los sonidos de silicona son suaves, flexibles y m\u00e1s suaves que los sonidos de metal,<\/p>\n","protected":false},"featured_media":9694,"comment_status":"open","ping_status":"open","template":"","meta":[],"product_cat":[290],"product_tag":[500,274],"class_list":["post-9693","product","type-product","status-publish","has-post-thumbnail","hentry","product_cat-penis-plug","product_tag-mistress","product_tag-xr-brands"],"bundled_by":[],"bundle_stock_status":"instock","bundle_stock_quantity":3,"bundle_virtual":false,"bundle_layout":"","bundle_add_to_cart_form_location":"","bundle_editable_in_cart":false,"bundle_sold_individually_context":"","bundle_item_grouping":"","bundle_min_size":"","bundle_max_size":"","bundled_items":[],"yoast_head":"<!-- This site is optimized with the Yoast SEO plugin v20.6 - https:\/\/yoast.com\/wordpress\/plugins\/seo\/ -->\n<title>SILICONA URETHRAL SOUND SET ENTRENAMIENTO ANAL - Tienda Er\u00f3tica<\/title>\n<meta name=\"robots\" content=\"noindex, follow, max-snippet:-1, max-image-preview:large, max-video-preview:-1\" \/>\n<meta property=\"og:locale\" content=\"es_ES\" \/>\n<meta property=\"og:type\" content=\"article\" \/>\n<meta property=\"og:title\" content=\"SILICONA URETHRAL SOUND SET ENTRENAMIENTO ANAL - Tienda Er\u00f3tica\" \/>\n<meta property=\"og:description\" content=\"SILICONE URETHRAL SOUND TRAINER SET Los sonidos de silicona son suaves, flexibles y m\u00e1s suaves que los sonidos de metal,\" \/>\n<meta property=\"og:url\" content=\"https:\/\/demoweb.info\/sexshop001\/producto\/silicona-urethral-sound-set-entrenamiento-anal\/\" \/>\n<meta property=\"og:site_name\" content=\"Tienda Er\u00f3tica\" \/>\n<meta property=\"article:modified_time\" content=\"2022-01-22T08:45:22+00:00\" \/>\n<meta property=\"og:image\" content=\"https:\/\/demoweb.info\/sexshop001\/wp-content\/uploads\/2022\/01\/SILICONA-URETHRAL-SOUND-SET-ENTRENAMIENTO-ANAL.jpg\" \/>\n\t<meta property=\"og:image:width\" content=\"550\" \/>\n\t<meta property=\"og:image:height\" content=\"550\" \/>\n\t<meta property=\"og:image:type\" content=\"image\/jpeg\" \/>\n<meta name=\"twitter:card\" content=\"summary_large_image\" \/>\n<meta name=\"twitter:label1\" content=\"Tiempo de lectura\" \/>\n\t<meta name=\"twitter:data1\" content=\"1 minuto\" \/>\n<script type=\"application\/ld+json\" class=\"yoast-schema-graph\">{\"@context\":\"https:\/\/schema.org\",\"@graph\":[{\"@type\":\"WebPage\",\"@id\":\"https:\/\/demoweb.info\/sexshop001\/producto\/silicona-urethral-sound-set-entrenamiento-anal\/\",\"url\":\"https:\/\/demoweb.info\/sexshop001\/producto\/silicona-urethral-sound-set-entrenamiento-anal\/\",\"name\":\"SILICONA URETHRAL SOUND SET ENTRENAMIENTO ANAL - Tienda Er\u00f3tica\",\"isPartOf\":{\"@id\":\"https:\/\/demoweb.info\/sexshop001\/#website\"},\"datePublished\":\"2022-01-22T08:45:14+00:00\",\"dateModified\":\"2022-01-22T08:45:22+00:00\",\"breadcrumb\":{\"@id\":\"https:\/\/demoweb.info\/sexshop001\/producto\/silicona-urethral-sound-set-entrenamiento-anal\/#breadcrumb\"},\"inLanguage\":\"es\",\"potentialAction\":[{\"@type\":\"ReadAction\",\"target\":[\"https:\/\/demoweb.info\/sexshop001\/producto\/silicona-urethral-sound-set-entrenamiento-anal\/\"]}]},{\"@type\":\"BreadcrumbList\",\"@id\":\"https:\/\/demoweb.info\/sexshop001\/producto\/silicona-urethral-sound-set-entrenamiento-anal\/#breadcrumb\",\"itemListElement\":[{\"@type\":\"ListItem\",\"position\":1,\"name\":\"Portada\",\"item\":\"https:\/\/demoweb.info\/sexshop001\/\"},{\"@type\":\"ListItem\",\"position\":2,\"name\":\"Tienda\",\"item\":\"https:\/\/demoweb.info\/sexshop001\/tienda\/\"},{\"@type\":\"ListItem\",\"position\":3,\"name\":\"SILICONA URETHRAL SOUND SET ENTRENAMIENTO ANAL\"}]},{\"@type\":\"WebSite\",\"@id\":\"https:\/\/demoweb.info\/sexshop001\/#website\",\"url\":\"https:\/\/demoweb.info\/sexshop001\/\",\"name\":\"Tienda Er\u00f3tica\",\"description\":\"DEMOWEB SL\",\"potentialAction\":[{\"@type\":\"SearchAction\",\"target\":{\"@type\":\"EntryPoint\",\"urlTemplate\":\"https:\/\/demoweb.info\/sexshop001\/?s={search_term_string}\"},\"query-input\":\"required name=search_term_string\"}],\"inLanguage\":\"es\"}]}<\/script>\n<!-- \/ Yoast SEO plugin. -->","yoast_head_json":{"title":"SILICONA URETHRAL SOUND SET ENTRENAMIENTO ANAL - Tienda Er\u00f3tica","robots":{"index":"noindex","follow":"follow","max-snippet":"max-snippet:-1","max-image-preview":"max-image-preview:large","max-video-preview":"max-video-preview:-1"},"og_locale":"es_ES","og_type":"article","og_title":"SILICONA URETHRAL SOUND SET ENTRENAMIENTO ANAL - Tienda Er\u00f3tica","og_description":"SILICONE URETHRAL SOUND TRAINER SET Los sonidos de silicona son suaves, flexibles y m\u00e1s suaves que los sonidos de metal,","og_url":"https:\/\/demoweb.info\/sexshop001\/producto\/silicona-urethral-sound-set-entrenamiento-anal\/","og_site_name":"Tienda Er\u00f3tica","article_modified_time":"2022-01-22T08:45:22+00:00","og_image":[{"width":550,"height":550,"url":"https:\/\/demoweb.info\/sexshop001\/wp-content\/uploads\/2022\/01\/SILICONA-URETHRAL-SOUND-SET-ENTRENAMIENTO-ANAL.jpg","type":"image\/jpeg"}],"twitter_card":"summary_large_image","twitter_misc":{"Tiempo de lectura":"1 minuto"},"schema":{"@context":"https:\/\/schema.org","@graph":[{"@type":"WebPage","@id":"https:\/\/demoweb.info\/sexshop001\/producto\/silicona-urethral-sound-set-entrenamiento-anal\/","url":"https:\/\/demoweb.info\/sexshop001\/producto\/silicona-urethral-sound-set-entrenamiento-anal\/","name":"SILICONA URETHRAL SOUND SET ENTRENAMIENTO ANAL - Tienda Er\u00f3tica","isPartOf":{"@id":"https:\/\/demoweb.info\/sexshop001\/#website"},"datePublished":"2022-01-22T08:45:14+00:00","dateModified":"2022-01-22T08:45:22+00:00","breadcrumb":{"@id":"https:\/\/demoweb.info\/sexshop001\/producto\/silicona-urethral-sound-set-entrenamiento-anal\/#breadcrumb"},"inLanguage":"es","potentialAction":[{"@type":"ReadAction","target":["https:\/\/demoweb.info\/sexshop001\/producto\/silicona-urethral-sound-set-entrenamiento-anal\/"]}]},{"@type":"BreadcrumbList","@id":"https:\/\/demoweb.info\/sexshop001\/producto\/silicona-urethral-sound-set-entrenamiento-anal\/#breadcrumb","itemListElement":[{"@type":"ListItem","position":1,"name":"Portada","item":"https:\/\/demoweb.info\/sexshop001\/"},{"@type":"ListItem","position":2,"name":"Tienda","item":"https:\/\/demoweb.info\/sexshop001\/tienda\/"},{"@type":"ListItem","position":3,"name":"SILICONA URETHRAL SOUND SET ENTRENAMIENTO ANAL"}]},{"@type":"WebSite","@id":"https:\/\/demoweb.info\/sexshop001\/#website","url":"https:\/\/demoweb.info\/sexshop001\/","name":"Tienda Er\u00f3tica","description":"DEMOWEB SL","potentialAction":[{"@type":"SearchAction","target":{"@type":"EntryPoint","urlTemplate":"https:\/\/demoweb.info\/sexshop001\/?s={search_term_string}"},"query-input":"required name=search_term_string"}],"inLanguage":"es"}]}},"_links":{"self":[{"href":"https:\/\/demoweb.info\/sexshop001\/wp-json\/wp\/v3\/product\/9693","targetHints":{"allow":["GET"]}}],"collection":[{"href":"https:\/\/demoweb.info\/sexshop001\/wp-json\/wp\/v3\/product"}],"about":[{"href":"https:\/\/demoweb.info\/sexshop001\/wp-json\/wp\/v2\/types\/product"}],"replies":[{"embeddable":true,"href":"https:\/\/demoweb.info\/sexshop001\/wp-json\/wp\/v2\/comments?post=9693"}],"wp:featuredmedia":[{"embeddable":true,"href":"https:\/\/demoweb.info\/sexshop001\/wp-json\/wp\/v2\/media\/9694"}],"wp:attachment":[{"href":"https:\/\/demoweb.info\/sexshop001\/wp-json\/wp\/v2\/media?parent=9693"}],"wp:term":[{"taxonomy":"product_cat","embeddable":true,"href":"https:\/\/demoweb.info\/sexshop001\/wp-json\/wp\/v2\/product_cat?post=9693"},{"taxonomy":"product_tag","embeddable":true,"href":"https:\/\/demoweb.info\/sexshop001\/wp-json\/wp\/v2\/product_tag?post=9693"}],"curies":[{"name":"wp","href":"https:\/\/api.w.org\/{rel}","templated":true}]}}