{"id":9689,"date":"2022-01-22T09:45:14","date_gmt":"2022-01-22T08:45:14","guid":{"rendered":"https:\/\/demoweb.info\/sexshop001\/producto\/slave-collar-atadura-plata\/"},"modified":"2022-01-22T09:45:21","modified_gmt":"2022-01-22T08:45:21","slug":"slave-collar-atadura-plata","status":"publish","type":"product","link":"https:\/\/demoweb.info\/sexshop001\/producto\/slave-collar-atadura-plata\/","title":{"rendered":"SLAVE COLLAR ATADURA &#8211; PLATA"},"content":{"rendered":"<p><strong>SLAVE COLLAR AND CUFF &#8211; SILVER<\/strong><\/p>\n<p>Un collar es un recordatorio perfecto de que alguien es propiedad por el momento.<\/p>\n<p>La ventaja adicional de las pinzas para pezones es un recordatorio perfecto de que su cuerpo tambi\u00e9n es propiedad.<\/p>\n<p>-La se\u00f1ora Isabella Sinclaire<\/p>\n<p>Bloquee a su esclavo y haga que se sometan con este elegante collar de cromo de alta calidad.<\/p>\n<p>Una actualizaci\u00f3n del collar esclavo cromado original, este modelo presenta un conjunto de abrazaderas unidas por cadenas cromadas a juego que le permiten aplicar un dolor exquisito a sus bonitos pezones y recordarles qui\u00e9n tiene el control.<\/p>\n<p>\u00a1Las abrazaderas de los pezones son completamente ajustables a trav\u00e9s de un mecanismo de tornillo para que puedas pasar de crear una presi\u00f3n sutil hasta hacerlas rogar!<\/p>\n<p>La llave hexagonal incluida bloquea firmemente este collar para que no sientan nada m\u00e1s que acero fr\u00edo alrededor de su garganta hasta que haya terminado su camino.<\/p>\n<p>Una de las Dominas m\u00e1s buscadas en el mundo, Isabella Sinclaire ha sido un pilar de la comunidad fetichista y un \u00edcono fetichista desde 1993 y una de las primeras Pro Dommes con presencia en l\u00ednea.<\/p>\n<p>Ella es una experta venerada con un conocimiento incomparable sobre todo tipo de actividades BDSM y un profundo conocimiento para aquellos que participan en ellas.<\/p>\n<p>Isabella Sinclaire tambi\u00e9n es una estrella de cine internacional que ha creado o protagonizado m\u00e1s de 60 pel\u00edculas BDSM.<\/p>\n<p>La Colecci\u00f3n Signature de Isabella Sinclaire presenta herramientas del oficio excepcionalmente dise\u00f1adas, personalmente seleccionadas por Isabella Sinclaire para su satisfacci\u00f3n.<\/p>\n<p>Cada pieza refleja su estilo, sofisticaci\u00f3n, habilidad y clase.<\/p>\n<ul>\n<li>Dimensiones embalaje: 14,50 x 14,30 x 14,30 cm<\/li>\n<li>Peso embalaje : 449 gram<\/li>\n<li>Dimensiones del producto :13 x 13 x 2 cm<\/li>\n<li>Di\u00e1metro interno :12,0 cm<\/li>\n<li>Materiale : Nickel-free chrome-plated steel<\/li>\n<\/ul>\n","protected":false},"excerpt":{"rendered":"<p>SLAVE COLLAR AND CUFF &#8211; SILVER Un collar es un recordatorio perfecto de que alguien es propiedad por el momento.<\/p>\n","protected":false},"featured_media":9690,"comment_status":"open","ping_status":"open","template":"","meta":[],"product_cat":[499],"product_tag":[500,274],"class_list":["post-9689","product","type-product","status-publish","has-post-thumbnail","hentry","product_cat-collares","product_tag-mistress","product_tag-xr-brands"],"bundled_by":[],"bundle_stock_status":"instock","bundle_stock_quantity":1,"bundle_virtual":false,"bundle_layout":"","bundle_add_to_cart_form_location":"","bundle_editable_in_cart":false,"bundle_sold_individually_context":"","bundle_item_grouping":"","bundle_min_size":"","bundle_max_size":"","bundled_items":[],"yoast_head":"<!-- This site is optimized with the Yoast SEO plugin v20.6 - https:\/\/yoast.com\/wordpress\/plugins\/seo\/ -->\n<title>SLAVE COLLAR ATADURA - PLATA - Tienda Er\u00f3tica<\/title>\n<meta name=\"robots\" content=\"noindex, follow, max-snippet:-1, max-image-preview:large, max-video-preview:-1\" \/>\n<meta property=\"og:locale\" content=\"es_ES\" \/>\n<meta property=\"og:type\" content=\"article\" \/>\n<meta property=\"og:title\" content=\"SLAVE COLLAR ATADURA - PLATA - Tienda Er\u00f3tica\" \/>\n<meta property=\"og:description\" content=\"SLAVE COLLAR AND CUFF &#8211; SILVER Un collar es un recordatorio perfecto de que alguien es propiedad por el momento.\" \/>\n<meta property=\"og:url\" content=\"https:\/\/demoweb.info\/sexshop001\/producto\/slave-collar-atadura-plata\/\" \/>\n<meta property=\"og:site_name\" content=\"Tienda Er\u00f3tica\" \/>\n<meta property=\"article:modified_time\" content=\"2022-01-22T08:45:21+00:00\" \/>\n<meta property=\"og:image\" content=\"https:\/\/demoweb.info\/sexshop001\/wp-content\/uploads\/2022\/01\/SLAVE-COLLAR-ATADURA-PLATA.jpg\" \/>\n\t<meta property=\"og:image:width\" content=\"550\" \/>\n\t<meta property=\"og:image:height\" content=\"550\" \/>\n\t<meta property=\"og:image:type\" content=\"image\/jpeg\" \/>\n<meta name=\"twitter:card\" content=\"summary_large_image\" \/>\n<meta name=\"twitter:label1\" content=\"Tiempo de lectura\" \/>\n\t<meta name=\"twitter:data1\" content=\"1 minuto\" \/>\n<script type=\"application\/ld+json\" class=\"yoast-schema-graph\">{\"@context\":\"https:\/\/schema.org\",\"@graph\":[{\"@type\":\"WebPage\",\"@id\":\"https:\/\/demoweb.info\/sexshop001\/producto\/slave-collar-atadura-plata\/\",\"url\":\"https:\/\/demoweb.info\/sexshop001\/producto\/slave-collar-atadura-plata\/\",\"name\":\"SLAVE COLLAR ATADURA - PLATA - Tienda Er\u00f3tica\",\"isPartOf\":{\"@id\":\"https:\/\/demoweb.info\/sexshop001\/#website\"},\"datePublished\":\"2022-01-22T08:45:14+00:00\",\"dateModified\":\"2022-01-22T08:45:21+00:00\",\"breadcrumb\":{\"@id\":\"https:\/\/demoweb.info\/sexshop001\/producto\/slave-collar-atadura-plata\/#breadcrumb\"},\"inLanguage\":\"es\",\"potentialAction\":[{\"@type\":\"ReadAction\",\"target\":[\"https:\/\/demoweb.info\/sexshop001\/producto\/slave-collar-atadura-plata\/\"]}]},{\"@type\":\"BreadcrumbList\",\"@id\":\"https:\/\/demoweb.info\/sexshop001\/producto\/slave-collar-atadura-plata\/#breadcrumb\",\"itemListElement\":[{\"@type\":\"ListItem\",\"position\":1,\"name\":\"Portada\",\"item\":\"https:\/\/demoweb.info\/sexshop001\/\"},{\"@type\":\"ListItem\",\"position\":2,\"name\":\"Tienda\",\"item\":\"https:\/\/demoweb.info\/sexshop001\/tienda\/\"},{\"@type\":\"ListItem\",\"position\":3,\"name\":\"SLAVE COLLAR ATADURA &#8211; PLATA\"}]},{\"@type\":\"WebSite\",\"@id\":\"https:\/\/demoweb.info\/sexshop001\/#website\",\"url\":\"https:\/\/demoweb.info\/sexshop001\/\",\"name\":\"Tienda Er\u00f3tica\",\"description\":\"DEMOWEB SL\",\"potentialAction\":[{\"@type\":\"SearchAction\",\"target\":{\"@type\":\"EntryPoint\",\"urlTemplate\":\"https:\/\/demoweb.info\/sexshop001\/?s={search_term_string}\"},\"query-input\":\"required name=search_term_string\"}],\"inLanguage\":\"es\"}]}<\/script>\n<!-- \/ Yoast SEO plugin. -->","yoast_head_json":{"title":"SLAVE COLLAR ATADURA - PLATA - Tienda Er\u00f3tica","robots":{"index":"noindex","follow":"follow","max-snippet":"max-snippet:-1","max-image-preview":"max-image-preview:large","max-video-preview":"max-video-preview:-1"},"og_locale":"es_ES","og_type":"article","og_title":"SLAVE COLLAR ATADURA - PLATA - Tienda Er\u00f3tica","og_description":"SLAVE COLLAR AND CUFF &#8211; SILVER Un collar es un recordatorio perfecto de que alguien es propiedad por el momento.","og_url":"https:\/\/demoweb.info\/sexshop001\/producto\/slave-collar-atadura-plata\/","og_site_name":"Tienda Er\u00f3tica","article_modified_time":"2022-01-22T08:45:21+00:00","og_image":[{"width":550,"height":550,"url":"https:\/\/demoweb.info\/sexshop001\/wp-content\/uploads\/2022\/01\/SLAVE-COLLAR-ATADURA-PLATA.jpg","type":"image\/jpeg"}],"twitter_card":"summary_large_image","twitter_misc":{"Tiempo de lectura":"1 minuto"},"schema":{"@context":"https:\/\/schema.org","@graph":[{"@type":"WebPage","@id":"https:\/\/demoweb.info\/sexshop001\/producto\/slave-collar-atadura-plata\/","url":"https:\/\/demoweb.info\/sexshop001\/producto\/slave-collar-atadura-plata\/","name":"SLAVE COLLAR ATADURA - PLATA - Tienda Er\u00f3tica","isPartOf":{"@id":"https:\/\/demoweb.info\/sexshop001\/#website"},"datePublished":"2022-01-22T08:45:14+00:00","dateModified":"2022-01-22T08:45:21+00:00","breadcrumb":{"@id":"https:\/\/demoweb.info\/sexshop001\/producto\/slave-collar-atadura-plata\/#breadcrumb"},"inLanguage":"es","potentialAction":[{"@type":"ReadAction","target":["https:\/\/demoweb.info\/sexshop001\/producto\/slave-collar-atadura-plata\/"]}]},{"@type":"BreadcrumbList","@id":"https:\/\/demoweb.info\/sexshop001\/producto\/slave-collar-atadura-plata\/#breadcrumb","itemListElement":[{"@type":"ListItem","position":1,"name":"Portada","item":"https:\/\/demoweb.info\/sexshop001\/"},{"@type":"ListItem","position":2,"name":"Tienda","item":"https:\/\/demoweb.info\/sexshop001\/tienda\/"},{"@type":"ListItem","position":3,"name":"SLAVE COLLAR ATADURA &#8211; PLATA"}]},{"@type":"WebSite","@id":"https:\/\/demoweb.info\/sexshop001\/#website","url":"https:\/\/demoweb.info\/sexshop001\/","name":"Tienda Er\u00f3tica","description":"DEMOWEB SL","potentialAction":[{"@type":"SearchAction","target":{"@type":"EntryPoint","urlTemplate":"https:\/\/demoweb.info\/sexshop001\/?s={search_term_string}"},"query-input":"required name=search_term_string"}],"inLanguage":"es"}]}},"_links":{"self":[{"href":"https:\/\/demoweb.info\/sexshop001\/wp-json\/wp\/v3\/product\/9689","targetHints":{"allow":["GET"]}}],"collection":[{"href":"https:\/\/demoweb.info\/sexshop001\/wp-json\/wp\/v3\/product"}],"about":[{"href":"https:\/\/demoweb.info\/sexshop001\/wp-json\/wp\/v2\/types\/product"}],"replies":[{"embeddable":true,"href":"https:\/\/demoweb.info\/sexshop001\/wp-json\/wp\/v2\/comments?post=9689"}],"wp:featuredmedia":[{"embeddable":true,"href":"https:\/\/demoweb.info\/sexshop001\/wp-json\/wp\/v2\/media\/9690"}],"wp:attachment":[{"href":"https:\/\/demoweb.info\/sexshop001\/wp-json\/wp\/v2\/media?parent=9689"}],"wp:term":[{"taxonomy":"product_cat","embeddable":true,"href":"https:\/\/demoweb.info\/sexshop001\/wp-json\/wp\/v2\/product_cat?post=9689"},{"taxonomy":"product_tag","embeddable":true,"href":"https:\/\/demoweb.info\/sexshop001\/wp-json\/wp\/v2\/product_tag?post=9689"}],"curies":[{"name":"wp","href":"https:\/\/api.w.org\/{rel}","templated":true}]}}