{"id":9685,"date":"2022-01-22T09:45:14","date_gmt":"2022-01-22T08:45:14","guid":{"rendered":"https:\/\/demoweb.info\/sexshop001\/producto\/baston-de-impacto-negro\/"},"modified":"2022-01-22T09:45:19","modified_gmt":"2022-01-22T08:45:19","slug":"baston-de-impacto-negro","status":"publish","type":"product","link":"https:\/\/demoweb.info\/sexshop001\/producto\/baston-de-impacto-negro\/","title":{"rendered":"BASTON DE IMPACTO- NEGRO"},"content":{"rendered":"<p><strong>IMPACT CANE &#8211; BLACK<\/strong><\/p>\n<p>Este bast\u00f3n tiene un aguij\u00f3n r\u00e1pido donde sea que lo acarici\u00f3.<\/p>\n<p>Disfruto de usarlo para jugar al estilo de castigo corporal donde un golpe r\u00e1pido realmente llama la atenci\u00f3n de quien lo recibe.<\/p>\n<p>Este bast\u00f3n de impacto intenso no es para los d\u00e9biles.<\/p>\n<p>Con una varilla de pl\u00e1stico s\u00f3lido, transmitir\u00e1 su mensaje alto y claro.<\/p>\n<p>Su mango de goma est\u00e1 moldeado para adaptarse perfectamente a sus dedos, por lo que no se desperdicia energ\u00eda durante el uso.<\/p>\n<p>Cada bast\u00f3n mide 24.5 pulgadas de largo e incluye un lazo de cuero de primera calidad para un manejo seguro y f\u00e1cil almacenamiento.<\/p>\n<p>Deja un delicado entrecruzamiento en tu cuerpo de juguetes con este hermoso instrumento de impacto.<\/p>\n<p>Una de las Dominas m\u00e1s buscadas en el mundo, Isabella Sinclaire ha sido un pilar de la comunidad fetichista y un \u00edcono fetichista desde 1993 y una de las primeras Pro Dommes con presencia en l\u00ednea.<\/p>\n<p>Ella es una experta venerada con un conocimiento incomparable sobre todo tipo de actividades BDSM y un profundo conocimiento para aquellos que participan en ellas.<\/p>\n<p>Isabella Sinclaire tambi\u00e9n es una estrella de cine internacional que ha creado o protagonizado m\u00e1s de 60 pel\u00edculas de BDSM.<\/p>\n<p>La Colecci\u00f3n Signature de Isabella Sinclaire presenta herramientas del oficio excepcionalmente dise\u00f1adas, personalmente seleccionadas por Isabella Sinclaire para su satisfacci\u00f3n.<\/p>\n<p>Cada pieza refleja su estilo, sofisticaci\u00f3n, habilidad y clase.<\/p>\n<ul>\n<li>Dimensiones del producto    62 cm<\/li>\n<li>Peso del producto    95 gram<\/li>\n<li>Materiales    Plastic, leather, rubber\n\t <\/li>\n<\/ul>\n","protected":false},"excerpt":{"rendered":"<p>IMPACT CANE &#8211; BLACK Este bast\u00f3n tiene un aguij\u00f3n r\u00e1pido donde sea que lo acarici\u00f3. Disfruto de usarlo para jugar<\/p>\n","protected":false},"featured_media":9686,"comment_status":"open","ping_status":"open","template":"","meta":[],"product_cat":[336],"product_tag":[500,274],"class_list":["post-9685","product","type-product","status-publish","has-post-thumbnail","hentry","product_cat-latigos","product_tag-mistress","product_tag-xr-brands"],"bundled_by":[],"bundle_stock_status":"outofstock","bundle_stock_quantity":0,"bundle_virtual":false,"bundle_layout":"","bundle_add_to_cart_form_location":"","bundle_editable_in_cart":false,"bundle_sold_individually_context":"","bundle_item_grouping":"","bundle_min_size":"","bundle_max_size":"","bundled_items":[],"yoast_head":"<!-- This site is optimized with the Yoast SEO plugin v20.6 - https:\/\/yoast.com\/wordpress\/plugins\/seo\/ -->\n<title>BASTON DE IMPACTO- NEGRO - Tienda Er\u00f3tica<\/title>\n<meta name=\"robots\" content=\"noindex, follow, max-snippet:-1, max-image-preview:large, max-video-preview:-1\" \/>\n<meta property=\"og:locale\" content=\"es_ES\" \/>\n<meta property=\"og:type\" content=\"article\" \/>\n<meta property=\"og:title\" content=\"BASTON DE IMPACTO- NEGRO - Tienda Er\u00f3tica\" \/>\n<meta property=\"og:description\" content=\"IMPACT CANE &#8211; BLACK Este bast\u00f3n tiene un aguij\u00f3n r\u00e1pido donde sea que lo acarici\u00f3. Disfruto de usarlo para jugar\" \/>\n<meta property=\"og:url\" content=\"https:\/\/demoweb.info\/sexshop001\/producto\/baston-de-impacto-negro\/\" \/>\n<meta property=\"og:site_name\" content=\"Tienda Er\u00f3tica\" \/>\n<meta property=\"article:modified_time\" content=\"2022-01-22T08:45:19+00:00\" \/>\n<meta property=\"og:image\" content=\"https:\/\/demoweb.info\/sexshop001\/wp-content\/uploads\/2022\/01\/BASTON-DE-IMPACTO-NEGRO.jpg\" \/>\n\t<meta property=\"og:image:width\" content=\"550\" \/>\n\t<meta property=\"og:image:height\" content=\"550\" \/>\n\t<meta property=\"og:image:type\" content=\"image\/jpeg\" \/>\n<meta name=\"twitter:card\" content=\"summary_large_image\" \/>\n<meta name=\"twitter:label1\" content=\"Tiempo de lectura\" \/>\n\t<meta name=\"twitter:data1\" content=\"1 minuto\" \/>\n<script type=\"application\/ld+json\" class=\"yoast-schema-graph\">{\"@context\":\"https:\/\/schema.org\",\"@graph\":[{\"@type\":\"WebPage\",\"@id\":\"https:\/\/demoweb.info\/sexshop001\/producto\/baston-de-impacto-negro\/\",\"url\":\"https:\/\/demoweb.info\/sexshop001\/producto\/baston-de-impacto-negro\/\",\"name\":\"BASTON DE IMPACTO- NEGRO - Tienda Er\u00f3tica\",\"isPartOf\":{\"@id\":\"https:\/\/demoweb.info\/sexshop001\/#website\"},\"datePublished\":\"2022-01-22T08:45:14+00:00\",\"dateModified\":\"2022-01-22T08:45:19+00:00\",\"breadcrumb\":{\"@id\":\"https:\/\/demoweb.info\/sexshop001\/producto\/baston-de-impacto-negro\/#breadcrumb\"},\"inLanguage\":\"es\",\"potentialAction\":[{\"@type\":\"ReadAction\",\"target\":[\"https:\/\/demoweb.info\/sexshop001\/producto\/baston-de-impacto-negro\/\"]}]},{\"@type\":\"BreadcrumbList\",\"@id\":\"https:\/\/demoweb.info\/sexshop001\/producto\/baston-de-impacto-negro\/#breadcrumb\",\"itemListElement\":[{\"@type\":\"ListItem\",\"position\":1,\"name\":\"Portada\",\"item\":\"https:\/\/demoweb.info\/sexshop001\/\"},{\"@type\":\"ListItem\",\"position\":2,\"name\":\"Tienda\",\"item\":\"https:\/\/demoweb.info\/sexshop001\/tienda\/\"},{\"@type\":\"ListItem\",\"position\":3,\"name\":\"BASTON DE IMPACTO- NEGRO\"}]},{\"@type\":\"WebSite\",\"@id\":\"https:\/\/demoweb.info\/sexshop001\/#website\",\"url\":\"https:\/\/demoweb.info\/sexshop001\/\",\"name\":\"Tienda Er\u00f3tica\",\"description\":\"DEMOWEB SL\",\"potentialAction\":[{\"@type\":\"SearchAction\",\"target\":{\"@type\":\"EntryPoint\",\"urlTemplate\":\"https:\/\/demoweb.info\/sexshop001\/?s={search_term_string}\"},\"query-input\":\"required name=search_term_string\"}],\"inLanguage\":\"es\"}]}<\/script>\n<!-- \/ Yoast SEO plugin. -->","yoast_head_json":{"title":"BASTON DE IMPACTO- NEGRO - Tienda Er\u00f3tica","robots":{"index":"noindex","follow":"follow","max-snippet":"max-snippet:-1","max-image-preview":"max-image-preview:large","max-video-preview":"max-video-preview:-1"},"og_locale":"es_ES","og_type":"article","og_title":"BASTON DE IMPACTO- NEGRO - Tienda Er\u00f3tica","og_description":"IMPACT CANE &#8211; BLACK Este bast\u00f3n tiene un aguij\u00f3n r\u00e1pido donde sea que lo acarici\u00f3. Disfruto de usarlo para jugar","og_url":"https:\/\/demoweb.info\/sexshop001\/producto\/baston-de-impacto-negro\/","og_site_name":"Tienda Er\u00f3tica","article_modified_time":"2022-01-22T08:45:19+00:00","og_image":[{"width":550,"height":550,"url":"https:\/\/demoweb.info\/sexshop001\/wp-content\/uploads\/2022\/01\/BASTON-DE-IMPACTO-NEGRO.jpg","type":"image\/jpeg"}],"twitter_card":"summary_large_image","twitter_misc":{"Tiempo de lectura":"1 minuto"},"schema":{"@context":"https:\/\/schema.org","@graph":[{"@type":"WebPage","@id":"https:\/\/demoweb.info\/sexshop001\/producto\/baston-de-impacto-negro\/","url":"https:\/\/demoweb.info\/sexshop001\/producto\/baston-de-impacto-negro\/","name":"BASTON DE IMPACTO- NEGRO - Tienda Er\u00f3tica","isPartOf":{"@id":"https:\/\/demoweb.info\/sexshop001\/#website"},"datePublished":"2022-01-22T08:45:14+00:00","dateModified":"2022-01-22T08:45:19+00:00","breadcrumb":{"@id":"https:\/\/demoweb.info\/sexshop001\/producto\/baston-de-impacto-negro\/#breadcrumb"},"inLanguage":"es","potentialAction":[{"@type":"ReadAction","target":["https:\/\/demoweb.info\/sexshop001\/producto\/baston-de-impacto-negro\/"]}]},{"@type":"BreadcrumbList","@id":"https:\/\/demoweb.info\/sexshop001\/producto\/baston-de-impacto-negro\/#breadcrumb","itemListElement":[{"@type":"ListItem","position":1,"name":"Portada","item":"https:\/\/demoweb.info\/sexshop001\/"},{"@type":"ListItem","position":2,"name":"Tienda","item":"https:\/\/demoweb.info\/sexshop001\/tienda\/"},{"@type":"ListItem","position":3,"name":"BASTON DE IMPACTO- NEGRO"}]},{"@type":"WebSite","@id":"https:\/\/demoweb.info\/sexshop001\/#website","url":"https:\/\/demoweb.info\/sexshop001\/","name":"Tienda Er\u00f3tica","description":"DEMOWEB SL","potentialAction":[{"@type":"SearchAction","target":{"@type":"EntryPoint","urlTemplate":"https:\/\/demoweb.info\/sexshop001\/?s={search_term_string}"},"query-input":"required name=search_term_string"}],"inLanguage":"es"}]}},"_links":{"self":[{"href":"https:\/\/demoweb.info\/sexshop001\/wp-json\/wp\/v3\/product\/9685","targetHints":{"allow":["GET"]}}],"collection":[{"href":"https:\/\/demoweb.info\/sexshop001\/wp-json\/wp\/v3\/product"}],"about":[{"href":"https:\/\/demoweb.info\/sexshop001\/wp-json\/wp\/v2\/types\/product"}],"replies":[{"embeddable":true,"href":"https:\/\/demoweb.info\/sexshop001\/wp-json\/wp\/v2\/comments?post=9685"}],"wp:featuredmedia":[{"embeddable":true,"href":"https:\/\/demoweb.info\/sexshop001\/wp-json\/wp\/v2\/media\/9686"}],"wp:attachment":[{"href":"https:\/\/demoweb.info\/sexshop001\/wp-json\/wp\/v2\/media?parent=9685"}],"wp:term":[{"taxonomy":"product_cat","embeddable":true,"href":"https:\/\/demoweb.info\/sexshop001\/wp-json\/wp\/v2\/product_cat?post=9685"},{"taxonomy":"product_tag","embeddable":true,"href":"https:\/\/demoweb.info\/sexshop001\/wp-json\/wp\/v2\/product_tag?post=9685"}],"curies":[{"name":"wp","href":"https:\/\/api.w.org\/{rel}","templated":true}]}}