{"id":9666,"date":"2022-01-22T09:44:35","date_gmt":"2022-01-22T08:44:35","guid":{"rendered":"https:\/\/demoweb.info\/sexshop001\/producto\/naughty-kitty-mascara-gato-negro\/"},"modified":"2022-01-22T09:45:06","modified_gmt":"2022-01-22T08:45:06","slug":"naughty-kitty-mascara-gato-negro","status":"publish","type":"product","link":"https:\/\/demoweb.info\/sexshop001\/producto\/naughty-kitty-mascara-gato-negro\/","title":{"rendered":"NAUGHTY KITTY MASCARA GATO &#8211; NEGRO"},"content":{"rendered":"<p><strong>NAUGHTY KITTY CAT MASK &#8211; BLACK<\/strong><\/p>\n<p>Representa tus fantas\u00edas animal\u00edsticas con la m\u00e1scara Naughty Kitty &#8230;<\/p>\n<p>P\u00f3ntelo para una incursi\u00f3n juguetona con amigos o una fiesta privada con tu pareja.<\/p>\n<p>Estar\u00e1n ansiosos por hacerte ronronear mientras te escabulles como una mascota con buen comportamiento o un felino salvaje.<\/p>\n<p>El material apto para veganos puede estar libre de crueldad &#8230;<\/p>\n<p>\u00a1pero eso no significa que tenga que serlo!<\/p>\n<p>Los pernos de metal sin n\u00edquel y la correa ajustable aseguran que sea compatible con la mayor\u00eda de las personas, o mejor dicho, con los gatos.<\/p>\n<p>Dise\u00f1ado teniendo en cuenta el atractivo sexual, las orejas y los recortes son halagadores e irresistibles.<\/p>\n<ul>\n<li>Dimensiones embalaje :21 x 21 x 21 cm<\/li>\n<li>Peso embalaje :160 gram<\/li>\n<li>Materiales: PU leather, metal\n\t <\/li>\n<\/ul>\n","protected":false},"excerpt":{"rendered":"<p>NAUGHTY KITTY CAT MASK &#8211; BLACK Representa tus fantas\u00edas animal\u00edsticas con la m\u00e1scara Naughty Kitty &#8230; P\u00f3ntelo para una incursi\u00f3n<\/p>\n","protected":false},"featured_media":9667,"comment_status":"open","ping_status":"open","template":"","meta":[],"product_cat":[497],"product_tag":[463,274],"class_list":["post-9666","product","type-product","status-publish","has-post-thumbnail","hentry","product_cat-fantasia","product_tag-master-series","product_tag-xr-brands"],"bundled_by":[],"bundle_stock_status":"instock","bundle_stock_quantity":2,"bundle_virtual":false,"bundle_layout":"","bundle_add_to_cart_form_location":"","bundle_editable_in_cart":false,"bundle_sold_individually_context":"","bundle_item_grouping":"","bundle_min_size":"","bundle_max_size":"","bundled_items":[],"yoast_head":"<!-- This site is optimized with the Yoast SEO plugin v20.6 - https:\/\/yoast.com\/wordpress\/plugins\/seo\/ -->\n<title>NAUGHTY KITTY MASCARA GATO - NEGRO - Tienda Er\u00f3tica<\/title>\n<meta name=\"robots\" content=\"noindex, follow, max-snippet:-1, max-image-preview:large, max-video-preview:-1\" \/>\n<meta property=\"og:locale\" content=\"es_ES\" \/>\n<meta property=\"og:type\" content=\"article\" \/>\n<meta property=\"og:title\" content=\"NAUGHTY KITTY MASCARA GATO - NEGRO - Tienda Er\u00f3tica\" \/>\n<meta property=\"og:description\" content=\"NAUGHTY KITTY CAT MASK &#8211; BLACK Representa tus fantas\u00edas animal\u00edsticas con la m\u00e1scara Naughty Kitty &#8230; P\u00f3ntelo para una incursi\u00f3n\" \/>\n<meta property=\"og:url\" content=\"https:\/\/demoweb.info\/sexshop001\/producto\/naughty-kitty-mascara-gato-negro\/\" \/>\n<meta property=\"og:site_name\" content=\"Tienda Er\u00f3tica\" \/>\n<meta property=\"article:modified_time\" content=\"2022-01-22T08:45:06+00:00\" \/>\n<meta property=\"og:image\" content=\"https:\/\/demoweb.info\/sexshop001\/wp-content\/uploads\/2022\/01\/NAUGHTY-KITTY-MASCARA-GATO-NEGRO.jpg\" \/>\n\t<meta property=\"og:image:width\" content=\"550\" \/>\n\t<meta property=\"og:image:height\" content=\"550\" \/>\n\t<meta property=\"og:image:type\" content=\"image\/jpeg\" \/>\n<meta name=\"twitter:card\" content=\"summary_large_image\" \/>\n<meta name=\"twitter:label1\" content=\"Tiempo de lectura\" \/>\n\t<meta name=\"twitter:data1\" content=\"1 minuto\" \/>\n<script type=\"application\/ld+json\" class=\"yoast-schema-graph\">{\"@context\":\"https:\/\/schema.org\",\"@graph\":[{\"@type\":\"WebPage\",\"@id\":\"https:\/\/demoweb.info\/sexshop001\/producto\/naughty-kitty-mascara-gato-negro\/\",\"url\":\"https:\/\/demoweb.info\/sexshop001\/producto\/naughty-kitty-mascara-gato-negro\/\",\"name\":\"NAUGHTY KITTY MASCARA GATO - NEGRO - Tienda Er\u00f3tica\",\"isPartOf\":{\"@id\":\"https:\/\/demoweb.info\/sexshop001\/#website\"},\"datePublished\":\"2022-01-22T08:44:35+00:00\",\"dateModified\":\"2022-01-22T08:45:06+00:00\",\"breadcrumb\":{\"@id\":\"https:\/\/demoweb.info\/sexshop001\/producto\/naughty-kitty-mascara-gato-negro\/#breadcrumb\"},\"inLanguage\":\"es\",\"potentialAction\":[{\"@type\":\"ReadAction\",\"target\":[\"https:\/\/demoweb.info\/sexshop001\/producto\/naughty-kitty-mascara-gato-negro\/\"]}]},{\"@type\":\"BreadcrumbList\",\"@id\":\"https:\/\/demoweb.info\/sexshop001\/producto\/naughty-kitty-mascara-gato-negro\/#breadcrumb\",\"itemListElement\":[{\"@type\":\"ListItem\",\"position\":1,\"name\":\"Portada\",\"item\":\"https:\/\/demoweb.info\/sexshop001\/\"},{\"@type\":\"ListItem\",\"position\":2,\"name\":\"Tienda\",\"item\":\"https:\/\/demoweb.info\/sexshop001\/tienda\/\"},{\"@type\":\"ListItem\",\"position\":3,\"name\":\"NAUGHTY KITTY MASCARA GATO &#8211; NEGRO\"}]},{\"@type\":\"WebSite\",\"@id\":\"https:\/\/demoweb.info\/sexshop001\/#website\",\"url\":\"https:\/\/demoweb.info\/sexshop001\/\",\"name\":\"Tienda Er\u00f3tica\",\"description\":\"DEMOWEB SL\",\"potentialAction\":[{\"@type\":\"SearchAction\",\"target\":{\"@type\":\"EntryPoint\",\"urlTemplate\":\"https:\/\/demoweb.info\/sexshop001\/?s={search_term_string}\"},\"query-input\":\"required name=search_term_string\"}],\"inLanguage\":\"es\"}]}<\/script>\n<!-- \/ Yoast SEO plugin. -->","yoast_head_json":{"title":"NAUGHTY KITTY MASCARA GATO - NEGRO - Tienda Er\u00f3tica","robots":{"index":"noindex","follow":"follow","max-snippet":"max-snippet:-1","max-image-preview":"max-image-preview:large","max-video-preview":"max-video-preview:-1"},"og_locale":"es_ES","og_type":"article","og_title":"NAUGHTY KITTY MASCARA GATO - NEGRO - Tienda Er\u00f3tica","og_description":"NAUGHTY KITTY CAT MASK &#8211; BLACK Representa tus fantas\u00edas animal\u00edsticas con la m\u00e1scara Naughty Kitty &#8230; P\u00f3ntelo para una incursi\u00f3n","og_url":"https:\/\/demoweb.info\/sexshop001\/producto\/naughty-kitty-mascara-gato-negro\/","og_site_name":"Tienda Er\u00f3tica","article_modified_time":"2022-01-22T08:45:06+00:00","og_image":[{"width":550,"height":550,"url":"https:\/\/demoweb.info\/sexshop001\/wp-content\/uploads\/2022\/01\/NAUGHTY-KITTY-MASCARA-GATO-NEGRO.jpg","type":"image\/jpeg"}],"twitter_card":"summary_large_image","twitter_misc":{"Tiempo de lectura":"1 minuto"},"schema":{"@context":"https:\/\/schema.org","@graph":[{"@type":"WebPage","@id":"https:\/\/demoweb.info\/sexshop001\/producto\/naughty-kitty-mascara-gato-negro\/","url":"https:\/\/demoweb.info\/sexshop001\/producto\/naughty-kitty-mascara-gato-negro\/","name":"NAUGHTY KITTY MASCARA GATO - NEGRO - Tienda Er\u00f3tica","isPartOf":{"@id":"https:\/\/demoweb.info\/sexshop001\/#website"},"datePublished":"2022-01-22T08:44:35+00:00","dateModified":"2022-01-22T08:45:06+00:00","breadcrumb":{"@id":"https:\/\/demoweb.info\/sexshop001\/producto\/naughty-kitty-mascara-gato-negro\/#breadcrumb"},"inLanguage":"es","potentialAction":[{"@type":"ReadAction","target":["https:\/\/demoweb.info\/sexshop001\/producto\/naughty-kitty-mascara-gato-negro\/"]}]},{"@type":"BreadcrumbList","@id":"https:\/\/demoweb.info\/sexshop001\/producto\/naughty-kitty-mascara-gato-negro\/#breadcrumb","itemListElement":[{"@type":"ListItem","position":1,"name":"Portada","item":"https:\/\/demoweb.info\/sexshop001\/"},{"@type":"ListItem","position":2,"name":"Tienda","item":"https:\/\/demoweb.info\/sexshop001\/tienda\/"},{"@type":"ListItem","position":3,"name":"NAUGHTY KITTY MASCARA GATO &#8211; NEGRO"}]},{"@type":"WebSite","@id":"https:\/\/demoweb.info\/sexshop001\/#website","url":"https:\/\/demoweb.info\/sexshop001\/","name":"Tienda Er\u00f3tica","description":"DEMOWEB SL","potentialAction":[{"@type":"SearchAction","target":{"@type":"EntryPoint","urlTemplate":"https:\/\/demoweb.info\/sexshop001\/?s={search_term_string}"},"query-input":"required name=search_term_string"}],"inLanguage":"es"}]}},"_links":{"self":[{"href":"https:\/\/demoweb.info\/sexshop001\/wp-json\/wp\/v3\/product\/9666","targetHints":{"allow":["GET"]}}],"collection":[{"href":"https:\/\/demoweb.info\/sexshop001\/wp-json\/wp\/v3\/product"}],"about":[{"href":"https:\/\/demoweb.info\/sexshop001\/wp-json\/wp\/v2\/types\/product"}],"replies":[{"embeddable":true,"href":"https:\/\/demoweb.info\/sexshop001\/wp-json\/wp\/v2\/comments?post=9666"}],"wp:featuredmedia":[{"embeddable":true,"href":"https:\/\/demoweb.info\/sexshop001\/wp-json\/wp\/v2\/media\/9667"}],"wp:attachment":[{"href":"https:\/\/demoweb.info\/sexshop001\/wp-json\/wp\/v2\/media?parent=9666"}],"wp:term":[{"taxonomy":"product_cat","embeddable":true,"href":"https:\/\/demoweb.info\/sexshop001\/wp-json\/wp\/v2\/product_cat?post=9666"},{"taxonomy":"product_tag","embeddable":true,"href":"https:\/\/demoweb.info\/sexshop001\/wp-json\/wp\/v2\/product_tag?post=9666"}],"curies":[{"name":"wp","href":"https:\/\/api.w.org\/{rel}","templated":true}]}}