{"id":9636,"date":"2022-01-22T09:44:35","date_gmt":"2022-01-22T08:44:35","guid":{"rendered":"https:\/\/demoweb.info\/sexshop001\/producto\/lucky-clover-gem-plug-anal-largo-trebol-plata\/"},"modified":"2022-01-22T09:44:46","modified_gmt":"2022-01-22T08:44:46","slug":"lucky-clover-gem-plug-anal-largo-trebol-plata","status":"publish","type":"product","link":"https:\/\/demoweb.info\/sexshop001\/producto\/lucky-clover-gem-plug-anal-largo-trebol-plata\/","title":{"rendered":"LUCKY CLOVER GEM -PLUG ANAL LARGO , TREBOL PLATA"},"content":{"rendered":"<p><strong>LUCKY CLOVER GEM &#8211; LARGE &#8211; SILVER<\/strong><\/p>\n<p>\u00a1Haz que ese bot\u00edn tenga suerte con este fuerte tap\u00f3n anal de metal con un dise\u00f1o de joya de tr\u00e9bol en la base!<\/p>\n<p>Coloca este amuleto de la suerte podras apreciar el peso c\u00f3modo dentro de tu cuerpo, gracias al material de aleaci\u00f3n de aluminio sin n\u00edquel.<\/p>\n<p>Ideal para jugar con la temperatura, puede calentarlo o enfriarlo en agua antes de la inserci\u00f3n.<\/p>\n<p>La atractiva forma de la base sorprender\u00e1 a tu pareja cuando te inclines.<\/p>\n<p>\u00a1Sacude ese tr\u00e9bol!<\/p>\n<p>\u00daselo con cualquier lubricante de su elecci\u00f3n y l\u00edmpielo despu\u00e9s de usarlo con jab\u00f3n suave o limpiador de juguetes.<\/p>\n<ul>\n<li>Dimensiones del producto :9,7 x 4 x 4 cm<\/li>\n<li>Di\u00e1metro del producto : 4cm<\/li>\n<li>Longitud insertable :8,6 cm<\/li>\n<li>Materiales :Aluminio , plastico<\/li>\n<\/ul>\n","protected":false},"excerpt":{"rendered":"<p>LUCKY CLOVER GEM &#8211; LARGE &#8211; SILVER \u00a1Haz que ese bot\u00edn tenga suerte con este fuerte tap\u00f3n anal de metal<\/p>\n","protected":false},"featured_media":9637,"comment_status":"open","ping_status":"open","template":"","meta":[],"product_cat":[464],"product_tag":[465,274],"class_list":["post-9636","product","type-product","status-publish","has-post-thumbnail","hentry","product_cat-metal-plugs","product_tag-booty-sparks","product_tag-xr-brands"],"bundled_by":[],"bundle_stock_status":"instock","bundle_stock_quantity":3,"bundle_virtual":false,"bundle_layout":"","bundle_add_to_cart_form_location":"","bundle_editable_in_cart":false,"bundle_sold_individually_context":"","bundle_item_grouping":"","bundle_min_size":"","bundle_max_size":"","bundled_items":[],"yoast_head":"<!-- This site is optimized with the Yoast SEO plugin v20.6 - https:\/\/yoast.com\/wordpress\/plugins\/seo\/ -->\n<title>LUCKY CLOVER GEM -PLUG ANAL LARGO , TREBOL PLATA - Tienda Er\u00f3tica<\/title>\n<meta name=\"robots\" content=\"noindex, follow, max-snippet:-1, max-image-preview:large, max-video-preview:-1\" \/>\n<meta property=\"og:locale\" content=\"es_ES\" \/>\n<meta property=\"og:type\" content=\"article\" \/>\n<meta property=\"og:title\" content=\"LUCKY CLOVER GEM -PLUG ANAL LARGO , TREBOL PLATA - Tienda Er\u00f3tica\" \/>\n<meta property=\"og:description\" content=\"LUCKY CLOVER GEM &#8211; LARGE &#8211; SILVER \u00a1Haz que ese bot\u00edn tenga suerte con este fuerte tap\u00f3n anal de metal\" \/>\n<meta property=\"og:url\" content=\"https:\/\/demoweb.info\/sexshop001\/producto\/lucky-clover-gem-plug-anal-largo-trebol-plata\/\" \/>\n<meta property=\"og:site_name\" content=\"Tienda Er\u00f3tica\" \/>\n<meta property=\"article:modified_time\" content=\"2022-01-22T08:44:46+00:00\" \/>\n<meta property=\"og:image\" content=\"https:\/\/demoweb.info\/sexshop001\/wp-content\/uploads\/2022\/01\/LUCKY-CLOVER-GEM-PLUG-ANAL-LARGO-TREBOL-PLATA.jpg\" \/>\n\t<meta property=\"og:image:width\" content=\"550\" \/>\n\t<meta property=\"og:image:height\" content=\"550\" \/>\n\t<meta property=\"og:image:type\" content=\"image\/jpeg\" \/>\n<meta name=\"twitter:card\" content=\"summary_large_image\" \/>\n<meta name=\"twitter:label1\" content=\"Tiempo de lectura\" \/>\n\t<meta name=\"twitter:data1\" content=\"1 minuto\" \/>\n<script type=\"application\/ld+json\" class=\"yoast-schema-graph\">{\"@context\":\"https:\/\/schema.org\",\"@graph\":[{\"@type\":\"WebPage\",\"@id\":\"https:\/\/demoweb.info\/sexshop001\/producto\/lucky-clover-gem-plug-anal-largo-trebol-plata\/\",\"url\":\"https:\/\/demoweb.info\/sexshop001\/producto\/lucky-clover-gem-plug-anal-largo-trebol-plata\/\",\"name\":\"LUCKY CLOVER GEM -PLUG ANAL LARGO , TREBOL PLATA - Tienda Er\u00f3tica\",\"isPartOf\":{\"@id\":\"https:\/\/demoweb.info\/sexshop001\/#website\"},\"datePublished\":\"2022-01-22T08:44:35+00:00\",\"dateModified\":\"2022-01-22T08:44:46+00:00\",\"breadcrumb\":{\"@id\":\"https:\/\/demoweb.info\/sexshop001\/producto\/lucky-clover-gem-plug-anal-largo-trebol-plata\/#breadcrumb\"},\"inLanguage\":\"es\",\"potentialAction\":[{\"@type\":\"ReadAction\",\"target\":[\"https:\/\/demoweb.info\/sexshop001\/producto\/lucky-clover-gem-plug-anal-largo-trebol-plata\/\"]}]},{\"@type\":\"BreadcrumbList\",\"@id\":\"https:\/\/demoweb.info\/sexshop001\/producto\/lucky-clover-gem-plug-anal-largo-trebol-plata\/#breadcrumb\",\"itemListElement\":[{\"@type\":\"ListItem\",\"position\":1,\"name\":\"Portada\",\"item\":\"https:\/\/demoweb.info\/sexshop001\/\"},{\"@type\":\"ListItem\",\"position\":2,\"name\":\"Tienda\",\"item\":\"https:\/\/demoweb.info\/sexshop001\/tienda\/\"},{\"@type\":\"ListItem\",\"position\":3,\"name\":\"LUCKY CLOVER GEM -PLUG ANAL LARGO , TREBOL PLATA\"}]},{\"@type\":\"WebSite\",\"@id\":\"https:\/\/demoweb.info\/sexshop001\/#website\",\"url\":\"https:\/\/demoweb.info\/sexshop001\/\",\"name\":\"Tienda Er\u00f3tica\",\"description\":\"DEMOWEB SL\",\"potentialAction\":[{\"@type\":\"SearchAction\",\"target\":{\"@type\":\"EntryPoint\",\"urlTemplate\":\"https:\/\/demoweb.info\/sexshop001\/?s={search_term_string}\"},\"query-input\":\"required name=search_term_string\"}],\"inLanguage\":\"es\"}]}<\/script>\n<!-- \/ Yoast SEO plugin. -->","yoast_head_json":{"title":"LUCKY CLOVER GEM -PLUG ANAL LARGO , TREBOL PLATA - Tienda Er\u00f3tica","robots":{"index":"noindex","follow":"follow","max-snippet":"max-snippet:-1","max-image-preview":"max-image-preview:large","max-video-preview":"max-video-preview:-1"},"og_locale":"es_ES","og_type":"article","og_title":"LUCKY CLOVER GEM -PLUG ANAL LARGO , TREBOL PLATA - Tienda Er\u00f3tica","og_description":"LUCKY CLOVER GEM &#8211; LARGE &#8211; SILVER \u00a1Haz que ese bot\u00edn tenga suerte con este fuerte tap\u00f3n anal de metal","og_url":"https:\/\/demoweb.info\/sexshop001\/producto\/lucky-clover-gem-plug-anal-largo-trebol-plata\/","og_site_name":"Tienda Er\u00f3tica","article_modified_time":"2022-01-22T08:44:46+00:00","og_image":[{"width":550,"height":550,"url":"https:\/\/demoweb.info\/sexshop001\/wp-content\/uploads\/2022\/01\/LUCKY-CLOVER-GEM-PLUG-ANAL-LARGO-TREBOL-PLATA.jpg","type":"image\/jpeg"}],"twitter_card":"summary_large_image","twitter_misc":{"Tiempo de lectura":"1 minuto"},"schema":{"@context":"https:\/\/schema.org","@graph":[{"@type":"WebPage","@id":"https:\/\/demoweb.info\/sexshop001\/producto\/lucky-clover-gem-plug-anal-largo-trebol-plata\/","url":"https:\/\/demoweb.info\/sexshop001\/producto\/lucky-clover-gem-plug-anal-largo-trebol-plata\/","name":"LUCKY CLOVER GEM -PLUG ANAL LARGO , TREBOL PLATA - Tienda Er\u00f3tica","isPartOf":{"@id":"https:\/\/demoweb.info\/sexshop001\/#website"},"datePublished":"2022-01-22T08:44:35+00:00","dateModified":"2022-01-22T08:44:46+00:00","breadcrumb":{"@id":"https:\/\/demoweb.info\/sexshop001\/producto\/lucky-clover-gem-plug-anal-largo-trebol-plata\/#breadcrumb"},"inLanguage":"es","potentialAction":[{"@type":"ReadAction","target":["https:\/\/demoweb.info\/sexshop001\/producto\/lucky-clover-gem-plug-anal-largo-trebol-plata\/"]}]},{"@type":"BreadcrumbList","@id":"https:\/\/demoweb.info\/sexshop001\/producto\/lucky-clover-gem-plug-anal-largo-trebol-plata\/#breadcrumb","itemListElement":[{"@type":"ListItem","position":1,"name":"Portada","item":"https:\/\/demoweb.info\/sexshop001\/"},{"@type":"ListItem","position":2,"name":"Tienda","item":"https:\/\/demoweb.info\/sexshop001\/tienda\/"},{"@type":"ListItem","position":3,"name":"LUCKY CLOVER GEM -PLUG ANAL LARGO , TREBOL PLATA"}]},{"@type":"WebSite","@id":"https:\/\/demoweb.info\/sexshop001\/#website","url":"https:\/\/demoweb.info\/sexshop001\/","name":"Tienda Er\u00f3tica","description":"DEMOWEB SL","potentialAction":[{"@type":"SearchAction","target":{"@type":"EntryPoint","urlTemplate":"https:\/\/demoweb.info\/sexshop001\/?s={search_term_string}"},"query-input":"required name=search_term_string"}],"inLanguage":"es"}]}},"_links":{"self":[{"href":"https:\/\/demoweb.info\/sexshop001\/wp-json\/wp\/v3\/product\/9636","targetHints":{"allow":["GET"]}}],"collection":[{"href":"https:\/\/demoweb.info\/sexshop001\/wp-json\/wp\/v3\/product"}],"about":[{"href":"https:\/\/demoweb.info\/sexshop001\/wp-json\/wp\/v2\/types\/product"}],"replies":[{"embeddable":true,"href":"https:\/\/demoweb.info\/sexshop001\/wp-json\/wp\/v2\/comments?post=9636"}],"wp:featuredmedia":[{"embeddable":true,"href":"https:\/\/demoweb.info\/sexshop001\/wp-json\/wp\/v2\/media\/9637"}],"wp:attachment":[{"href":"https:\/\/demoweb.info\/sexshop001\/wp-json\/wp\/v2\/media?parent=9636"}],"wp:term":[{"taxonomy":"product_cat","embeddable":true,"href":"https:\/\/demoweb.info\/sexshop001\/wp-json\/wp\/v2\/product_cat?post=9636"},{"taxonomy":"product_tag","embeddable":true,"href":"https:\/\/demoweb.info\/sexshop001\/wp-json\/wp\/v2\/product_tag?post=9636"}],"curies":[{"name":"wp","href":"https:\/\/api.w.org\/{rel}","templated":true}]}}