{"id":9618,"date":"2022-01-22T09:44:35","date_gmt":"2022-01-22T08:44:35","guid":{"rendered":"https:\/\/demoweb.info\/sexshop001\/producto\/thunder-bullet-vibrador-de-bala-plata\/"},"modified":"2022-01-22T09:44:39","modified_gmt":"2022-01-22T08:44:39","slug":"thunder-bullet-vibrador-de-bala-plata","status":"publish","type":"product","link":"https:\/\/demoweb.info\/sexshop001\/producto\/thunder-bullet-vibrador-de-bala-plata\/","title":{"rendered":"THUNDER BULLET -VIBRADOR DE BALA-PLATA"},"content":{"rendered":"<p><strong>THUNDER BULLET &#8211; RECHARGEABLE XL ULTRA POWERED BULLET &#8211; SILVER<\/strong><\/p>\n<p>\u00a1El cl\u00e1sico vibrador de bala acaba de recibir un nuevo cambio de imagen!<\/p>\n<p>Esta herramienta de placer extra grande es recargable y presenta 3 velocidades de vibraci\u00f3n interna que se pueden disfrutar externa e internamente.<\/p>\n<p>Disfruta de la sensaci\u00f3n elegante mientras la suavidad de las vibraciones se desliza contra tus partes m\u00e1s sensibles, zumbando salvajemente para llevarte al cl\u00edmax.<\/p>\n<p>\u00a1La recarga Thunder Bullet es incluso resistente al agua para que pueda tomarla en el ba\u00f1o, la ducha, la piscina o la ba\u00f1era de hidromasaje!<\/p>\n<p>\u00daselo durante el tiempo a solas, o cuando se est\u00e1 volviendo travieso con una pareja.<\/p>\n<p>Este material no es poroso para no albergar bacterias.<\/p>\n<p>\u00daselo con cualquier lubricante de su elecci\u00f3n como limpio despu\u00e9s de usarlo con un limpiador de juguetes o jab\u00f3n suave.<\/p>\n<ul>\n<li>Dimensiones embalaje: 26,39 x 9,17 x 6,78 cm<\/li>\n<li>Peso embalaje: 267 gram<\/li>\n<li>Dimensiones del producto : 21,6 x 3,5 x 3,5 cm<\/li>\n<li>Peso del producto :179 gram<\/li>\n<li>Di\u00e1metro del producto : 3,5 cm<\/li>\n<li>Tipos de velocidad : 3<\/li>\n<li>Recargable : S\u00ed<\/li>\n<li>Tiempo de recarga :120 min<\/li>\n<li>Vida de la recarga de las bater\u00edas :50 min<\/li>\n<li>A prueba de agua :S\u00ed<\/li>\n<li>Materiales . ABS plastic<\/li>\n<\/ul>\n","protected":false},"excerpt":{"rendered":"<p>THUNDER BULLET &#8211; RECHARGEABLE XL ULTRA POWERED BULLET &#8211; SILVER \u00a1El cl\u00e1sico vibrador de bala acaba de recibir un nuevo<\/p>\n","protected":false},"featured_media":9619,"comment_status":"open","ping_status":"open","template":"","meta":[],"product_cat":[313],"product_tag":[463,274],"class_list":["post-9618","product","type-product","status-publish","has-post-thumbnail","hentry","product_cat-balas-y-huevos","product_tag-master-series","product_tag-xr-brands"],"bundled_by":[],"bundle_stock_status":"instock","bundle_stock_quantity":2,"bundle_virtual":false,"bundle_layout":"","bundle_add_to_cart_form_location":"","bundle_editable_in_cart":false,"bundle_sold_individually_context":"","bundle_item_grouping":"","bundle_min_size":"","bundle_max_size":"","bundled_items":[],"yoast_head":"<!-- This site is optimized with the Yoast SEO plugin v20.6 - https:\/\/yoast.com\/wordpress\/plugins\/seo\/ -->\n<title>THUNDER BULLET -VIBRADOR DE BALA-PLATA - Tienda Er\u00f3tica<\/title>\n<meta name=\"robots\" content=\"noindex, follow, max-snippet:-1, max-image-preview:large, max-video-preview:-1\" \/>\n<meta property=\"og:locale\" content=\"es_ES\" \/>\n<meta property=\"og:type\" content=\"article\" \/>\n<meta property=\"og:title\" content=\"THUNDER BULLET -VIBRADOR DE BALA-PLATA - Tienda Er\u00f3tica\" \/>\n<meta property=\"og:description\" content=\"THUNDER BULLET &#8211; RECHARGEABLE XL ULTRA POWERED BULLET &#8211; SILVER \u00a1El cl\u00e1sico vibrador de bala acaba de recibir un nuevo\" \/>\n<meta property=\"og:url\" content=\"https:\/\/demoweb.info\/sexshop001\/producto\/thunder-bullet-vibrador-de-bala-plata\/\" \/>\n<meta property=\"og:site_name\" content=\"Tienda Er\u00f3tica\" \/>\n<meta property=\"article:modified_time\" content=\"2022-01-22T08:44:39+00:00\" \/>\n<meta property=\"og:image\" content=\"https:\/\/demoweb.info\/sexshop001\/wp-content\/uploads\/2022\/01\/THUNDER-BULLET-VIBRADOR-DE-BALA-PLATA.jpg\" \/>\n\t<meta property=\"og:image:width\" content=\"550\" \/>\n\t<meta property=\"og:image:height\" content=\"550\" \/>\n\t<meta property=\"og:image:type\" content=\"image\/jpeg\" \/>\n<meta name=\"twitter:card\" content=\"summary_large_image\" \/>\n<meta name=\"twitter:label1\" content=\"Tiempo de lectura\" \/>\n\t<meta name=\"twitter:data1\" content=\"1 minuto\" \/>\n<script type=\"application\/ld+json\" class=\"yoast-schema-graph\">{\"@context\":\"https:\/\/schema.org\",\"@graph\":[{\"@type\":\"WebPage\",\"@id\":\"https:\/\/demoweb.info\/sexshop001\/producto\/thunder-bullet-vibrador-de-bala-plata\/\",\"url\":\"https:\/\/demoweb.info\/sexshop001\/producto\/thunder-bullet-vibrador-de-bala-plata\/\",\"name\":\"THUNDER BULLET -VIBRADOR DE BALA-PLATA - Tienda Er\u00f3tica\",\"isPartOf\":{\"@id\":\"https:\/\/demoweb.info\/sexshop001\/#website\"},\"datePublished\":\"2022-01-22T08:44:35+00:00\",\"dateModified\":\"2022-01-22T08:44:39+00:00\",\"breadcrumb\":{\"@id\":\"https:\/\/demoweb.info\/sexshop001\/producto\/thunder-bullet-vibrador-de-bala-plata\/#breadcrumb\"},\"inLanguage\":\"es\",\"potentialAction\":[{\"@type\":\"ReadAction\",\"target\":[\"https:\/\/demoweb.info\/sexshop001\/producto\/thunder-bullet-vibrador-de-bala-plata\/\"]}]},{\"@type\":\"BreadcrumbList\",\"@id\":\"https:\/\/demoweb.info\/sexshop001\/producto\/thunder-bullet-vibrador-de-bala-plata\/#breadcrumb\",\"itemListElement\":[{\"@type\":\"ListItem\",\"position\":1,\"name\":\"Portada\",\"item\":\"https:\/\/demoweb.info\/sexshop001\/\"},{\"@type\":\"ListItem\",\"position\":2,\"name\":\"Tienda\",\"item\":\"https:\/\/demoweb.info\/sexshop001\/tienda\/\"},{\"@type\":\"ListItem\",\"position\":3,\"name\":\"THUNDER BULLET -VIBRADOR DE BALA-PLATA\"}]},{\"@type\":\"WebSite\",\"@id\":\"https:\/\/demoweb.info\/sexshop001\/#website\",\"url\":\"https:\/\/demoweb.info\/sexshop001\/\",\"name\":\"Tienda Er\u00f3tica\",\"description\":\"DEMOWEB SL\",\"potentialAction\":[{\"@type\":\"SearchAction\",\"target\":{\"@type\":\"EntryPoint\",\"urlTemplate\":\"https:\/\/demoweb.info\/sexshop001\/?s={search_term_string}\"},\"query-input\":\"required name=search_term_string\"}],\"inLanguage\":\"es\"}]}<\/script>\n<!-- \/ Yoast SEO plugin. -->","yoast_head_json":{"title":"THUNDER BULLET -VIBRADOR DE BALA-PLATA - Tienda Er\u00f3tica","robots":{"index":"noindex","follow":"follow","max-snippet":"max-snippet:-1","max-image-preview":"max-image-preview:large","max-video-preview":"max-video-preview:-1"},"og_locale":"es_ES","og_type":"article","og_title":"THUNDER BULLET -VIBRADOR DE BALA-PLATA - Tienda Er\u00f3tica","og_description":"THUNDER BULLET &#8211; RECHARGEABLE XL ULTRA POWERED BULLET &#8211; SILVER \u00a1El cl\u00e1sico vibrador de bala acaba de recibir un nuevo","og_url":"https:\/\/demoweb.info\/sexshop001\/producto\/thunder-bullet-vibrador-de-bala-plata\/","og_site_name":"Tienda Er\u00f3tica","article_modified_time":"2022-01-22T08:44:39+00:00","og_image":[{"width":550,"height":550,"url":"https:\/\/demoweb.info\/sexshop001\/wp-content\/uploads\/2022\/01\/THUNDER-BULLET-VIBRADOR-DE-BALA-PLATA.jpg","type":"image\/jpeg"}],"twitter_card":"summary_large_image","twitter_misc":{"Tiempo de lectura":"1 minuto"},"schema":{"@context":"https:\/\/schema.org","@graph":[{"@type":"WebPage","@id":"https:\/\/demoweb.info\/sexshop001\/producto\/thunder-bullet-vibrador-de-bala-plata\/","url":"https:\/\/demoweb.info\/sexshop001\/producto\/thunder-bullet-vibrador-de-bala-plata\/","name":"THUNDER BULLET -VIBRADOR DE BALA-PLATA - Tienda Er\u00f3tica","isPartOf":{"@id":"https:\/\/demoweb.info\/sexshop001\/#website"},"datePublished":"2022-01-22T08:44:35+00:00","dateModified":"2022-01-22T08:44:39+00:00","breadcrumb":{"@id":"https:\/\/demoweb.info\/sexshop001\/producto\/thunder-bullet-vibrador-de-bala-plata\/#breadcrumb"},"inLanguage":"es","potentialAction":[{"@type":"ReadAction","target":["https:\/\/demoweb.info\/sexshop001\/producto\/thunder-bullet-vibrador-de-bala-plata\/"]}]},{"@type":"BreadcrumbList","@id":"https:\/\/demoweb.info\/sexshop001\/producto\/thunder-bullet-vibrador-de-bala-plata\/#breadcrumb","itemListElement":[{"@type":"ListItem","position":1,"name":"Portada","item":"https:\/\/demoweb.info\/sexshop001\/"},{"@type":"ListItem","position":2,"name":"Tienda","item":"https:\/\/demoweb.info\/sexshop001\/tienda\/"},{"@type":"ListItem","position":3,"name":"THUNDER BULLET -VIBRADOR DE BALA-PLATA"}]},{"@type":"WebSite","@id":"https:\/\/demoweb.info\/sexshop001\/#website","url":"https:\/\/demoweb.info\/sexshop001\/","name":"Tienda Er\u00f3tica","description":"DEMOWEB SL","potentialAction":[{"@type":"SearchAction","target":{"@type":"EntryPoint","urlTemplate":"https:\/\/demoweb.info\/sexshop001\/?s={search_term_string}"},"query-input":"required name=search_term_string"}],"inLanguage":"es"}]}},"_links":{"self":[{"href":"https:\/\/demoweb.info\/sexshop001\/wp-json\/wp\/v3\/product\/9618","targetHints":{"allow":["GET"]}}],"collection":[{"href":"https:\/\/demoweb.info\/sexshop001\/wp-json\/wp\/v3\/product"}],"about":[{"href":"https:\/\/demoweb.info\/sexshop001\/wp-json\/wp\/v2\/types\/product"}],"replies":[{"embeddable":true,"href":"https:\/\/demoweb.info\/sexshop001\/wp-json\/wp\/v2\/comments?post=9618"}],"wp:featuredmedia":[{"embeddable":true,"href":"https:\/\/demoweb.info\/sexshop001\/wp-json\/wp\/v2\/media\/9619"}],"wp:attachment":[{"href":"https:\/\/demoweb.info\/sexshop001\/wp-json\/wp\/v2\/media?parent=9618"}],"wp:term":[{"taxonomy":"product_cat","embeddable":true,"href":"https:\/\/demoweb.info\/sexshop001\/wp-json\/wp\/v2\/product_cat?post=9618"},{"taxonomy":"product_tag","embeddable":true,"href":"https:\/\/demoweb.info\/sexshop001\/wp-json\/wp\/v2\/product_tag?post=9618"}],"curies":[{"name":"wp","href":"https:\/\/api.w.org\/{rel}","templated":true}]}}