{"id":9608,"date":"2022-01-22T09:44:35","date_gmt":"2022-01-22T08:44:35","guid":{"rendered":"https:\/\/demoweb.info\/sexshop001\/producto\/set-de-pezoneras-magneticas\/"},"modified":"2022-01-22T09:44:35","modified_gmt":"2022-01-22T08:44:35","slug":"set-de-pezoneras-magneticas","status":"publish","type":"product","link":"https:\/\/demoweb.info\/sexshop001\/producto\/set-de-pezoneras-magneticas\/","title":{"rendered":"SET DE PEZONERAS MAGNETICAS"},"content":{"rendered":"<p><strong>MAG POINTS MAGNETIC NIPPLE CLAMP SET<\/strong><\/p>\n<p>\u00a1Atrapa sus partes traviesas en tu punto de mira!<\/p>\n<p>Experimente el placer penetrante de estas abrazaderas magn\u00e9ticas.<\/p>\n<p>El acabado met\u00e1lico de la pistola y su forma distintiva crean una apariencia atractiva que parece una perforaci\u00f3n real, \u00a1pero se siente como un pellizco!<\/p>\n<p>Se incluyen dos juegos de imanes para usar en ambos pezones, en los labios y m\u00e1s.<\/p>\n<p>\u00daselos durante los juegos previos o incluso durante las relaciones sexuales.<\/p>\n<p>La presi\u00f3n aumentar\u00e1 la atm\u00f3sfera de tus sesiones m\u00e1s sexys.<\/p>\n<p>Hecho de aluminio sin n\u00edquel para una est\u00e9tica elegante y seductora.<\/p>\n<p>Incluye 2 juegos de imanes<\/p>\n<ul>\n<li>Peso embalaje    1 gram<\/li>\n<li>Dimensiones del producto    1,5 x 1,2 x 1,2 cm<\/li>\n<li>Peso del producto    60 gram<\/li>\n<li>Materiales    Aluminio<\/li>\n<\/ul>\n","protected":false},"excerpt":{"rendered":"<p>MAG POINTS MAGNETIC NIPPLE CLAMP SET \u00a1Atrapa sus partes traviesas en tu punto de mira! Experimente el placer penetrante de<\/p>\n","protected":false},"featured_media":9609,"comment_status":"open","ping_status":"open","template":"","meta":[],"product_cat":[282],"product_tag":[463,274],"class_list":["post-9608","product","type-product","status-publish","has-post-thumbnail","hentry","product_cat-pinzas-pezones","product_tag-master-series","product_tag-xr-brands"],"bundled_by":[],"bundle_stock_status":"outofstock","bundle_stock_quantity":0,"bundle_virtual":false,"bundle_layout":"","bundle_add_to_cart_form_location":"","bundle_editable_in_cart":false,"bundle_sold_individually_context":"","bundle_item_grouping":"","bundle_min_size":"","bundle_max_size":"","bundled_items":[],"yoast_head":"<!-- This site is optimized with the Yoast SEO plugin v20.6 - https:\/\/yoast.com\/wordpress\/plugins\/seo\/ -->\n<title>SET DE PEZONERAS MAGNETICAS - Tienda Er\u00f3tica<\/title>\n<meta name=\"robots\" content=\"noindex, follow, max-snippet:-1, max-image-preview:large, max-video-preview:-1\" \/>\n<meta property=\"og:locale\" content=\"es_ES\" \/>\n<meta property=\"og:type\" content=\"article\" \/>\n<meta property=\"og:title\" content=\"SET DE PEZONERAS MAGNETICAS - Tienda Er\u00f3tica\" \/>\n<meta property=\"og:description\" content=\"MAG POINTS MAGNETIC NIPPLE CLAMP SET \u00a1Atrapa sus partes traviesas en tu punto de mira! Experimente el placer penetrante de\" \/>\n<meta property=\"og:url\" content=\"https:\/\/demoweb.info\/sexshop001\/producto\/set-de-pezoneras-magneticas\/\" \/>\n<meta property=\"og:site_name\" content=\"Tienda Er\u00f3tica\" \/>\n<meta property=\"og:image\" content=\"https:\/\/demoweb.info\/sexshop001\/wp-content\/uploads\/2022\/01\/SET-DE-PEZONERAS-MAGNETICAS.jpg\" \/>\n\t<meta property=\"og:image:width\" content=\"550\" \/>\n\t<meta property=\"og:image:height\" content=\"550\" \/>\n\t<meta property=\"og:image:type\" content=\"image\/jpeg\" \/>\n<meta name=\"twitter:card\" content=\"summary_large_image\" \/>\n<meta name=\"twitter:label1\" content=\"Tiempo de lectura\" \/>\n\t<meta name=\"twitter:data1\" content=\"1 minuto\" \/>\n<script type=\"application\/ld+json\" class=\"yoast-schema-graph\">{\"@context\":\"https:\/\/schema.org\",\"@graph\":[{\"@type\":\"WebPage\",\"@id\":\"https:\/\/demoweb.info\/sexshop001\/producto\/set-de-pezoneras-magneticas\/\",\"url\":\"https:\/\/demoweb.info\/sexshop001\/producto\/set-de-pezoneras-magneticas\/\",\"name\":\"SET DE PEZONERAS MAGNETICAS - Tienda Er\u00f3tica\",\"isPartOf\":{\"@id\":\"https:\/\/demoweb.info\/sexshop001\/#website\"},\"datePublished\":\"2022-01-22T08:44:35+00:00\",\"dateModified\":\"2022-01-22T08:44:35+00:00\",\"breadcrumb\":{\"@id\":\"https:\/\/demoweb.info\/sexshop001\/producto\/set-de-pezoneras-magneticas\/#breadcrumb\"},\"inLanguage\":\"es\",\"potentialAction\":[{\"@type\":\"ReadAction\",\"target\":[\"https:\/\/demoweb.info\/sexshop001\/producto\/set-de-pezoneras-magneticas\/\"]}]},{\"@type\":\"BreadcrumbList\",\"@id\":\"https:\/\/demoweb.info\/sexshop001\/producto\/set-de-pezoneras-magneticas\/#breadcrumb\",\"itemListElement\":[{\"@type\":\"ListItem\",\"position\":1,\"name\":\"Portada\",\"item\":\"https:\/\/demoweb.info\/sexshop001\/\"},{\"@type\":\"ListItem\",\"position\":2,\"name\":\"Tienda\",\"item\":\"https:\/\/demoweb.info\/sexshop001\/tienda\/\"},{\"@type\":\"ListItem\",\"position\":3,\"name\":\"SET DE PEZONERAS MAGNETICAS\"}]},{\"@type\":\"WebSite\",\"@id\":\"https:\/\/demoweb.info\/sexshop001\/#website\",\"url\":\"https:\/\/demoweb.info\/sexshop001\/\",\"name\":\"Tienda Er\u00f3tica\",\"description\":\"DEMOWEB SL\",\"potentialAction\":[{\"@type\":\"SearchAction\",\"target\":{\"@type\":\"EntryPoint\",\"urlTemplate\":\"https:\/\/demoweb.info\/sexshop001\/?s={search_term_string}\"},\"query-input\":\"required name=search_term_string\"}],\"inLanguage\":\"es\"}]}<\/script>\n<!-- \/ Yoast SEO plugin. -->","yoast_head_json":{"title":"SET DE PEZONERAS MAGNETICAS - Tienda Er\u00f3tica","robots":{"index":"noindex","follow":"follow","max-snippet":"max-snippet:-1","max-image-preview":"max-image-preview:large","max-video-preview":"max-video-preview:-1"},"og_locale":"es_ES","og_type":"article","og_title":"SET DE PEZONERAS MAGNETICAS - Tienda Er\u00f3tica","og_description":"MAG POINTS MAGNETIC NIPPLE CLAMP SET \u00a1Atrapa sus partes traviesas en tu punto de mira! Experimente el placer penetrante de","og_url":"https:\/\/demoweb.info\/sexshop001\/producto\/set-de-pezoneras-magneticas\/","og_site_name":"Tienda Er\u00f3tica","og_image":[{"width":550,"height":550,"url":"https:\/\/demoweb.info\/sexshop001\/wp-content\/uploads\/2022\/01\/SET-DE-PEZONERAS-MAGNETICAS.jpg","type":"image\/jpeg"}],"twitter_card":"summary_large_image","twitter_misc":{"Tiempo de lectura":"1 minuto"},"schema":{"@context":"https:\/\/schema.org","@graph":[{"@type":"WebPage","@id":"https:\/\/demoweb.info\/sexshop001\/producto\/set-de-pezoneras-magneticas\/","url":"https:\/\/demoweb.info\/sexshop001\/producto\/set-de-pezoneras-magneticas\/","name":"SET DE PEZONERAS MAGNETICAS - Tienda Er\u00f3tica","isPartOf":{"@id":"https:\/\/demoweb.info\/sexshop001\/#website"},"datePublished":"2022-01-22T08:44:35+00:00","dateModified":"2022-01-22T08:44:35+00:00","breadcrumb":{"@id":"https:\/\/demoweb.info\/sexshop001\/producto\/set-de-pezoneras-magneticas\/#breadcrumb"},"inLanguage":"es","potentialAction":[{"@type":"ReadAction","target":["https:\/\/demoweb.info\/sexshop001\/producto\/set-de-pezoneras-magneticas\/"]}]},{"@type":"BreadcrumbList","@id":"https:\/\/demoweb.info\/sexshop001\/producto\/set-de-pezoneras-magneticas\/#breadcrumb","itemListElement":[{"@type":"ListItem","position":1,"name":"Portada","item":"https:\/\/demoweb.info\/sexshop001\/"},{"@type":"ListItem","position":2,"name":"Tienda","item":"https:\/\/demoweb.info\/sexshop001\/tienda\/"},{"@type":"ListItem","position":3,"name":"SET DE PEZONERAS MAGNETICAS"}]},{"@type":"WebSite","@id":"https:\/\/demoweb.info\/sexshop001\/#website","url":"https:\/\/demoweb.info\/sexshop001\/","name":"Tienda Er\u00f3tica","description":"DEMOWEB SL","potentialAction":[{"@type":"SearchAction","target":{"@type":"EntryPoint","urlTemplate":"https:\/\/demoweb.info\/sexshop001\/?s={search_term_string}"},"query-input":"required name=search_term_string"}],"inLanguage":"es"}]}},"_links":{"self":[{"href":"https:\/\/demoweb.info\/sexshop001\/wp-json\/wp\/v3\/product\/9608","targetHints":{"allow":["GET"]}}],"collection":[{"href":"https:\/\/demoweb.info\/sexshop001\/wp-json\/wp\/v3\/product"}],"about":[{"href":"https:\/\/demoweb.info\/sexshop001\/wp-json\/wp\/v2\/types\/product"}],"replies":[{"embeddable":true,"href":"https:\/\/demoweb.info\/sexshop001\/wp-json\/wp\/v2\/comments?post=9608"}],"wp:featuredmedia":[{"embeddable":true,"href":"https:\/\/demoweb.info\/sexshop001\/wp-json\/wp\/v2\/media\/9609"}],"wp:attachment":[{"href":"https:\/\/demoweb.info\/sexshop001\/wp-json\/wp\/v2\/media?parent=9608"}],"wp:term":[{"taxonomy":"product_cat","embeddable":true,"href":"https:\/\/demoweb.info\/sexshop001\/wp-json\/wp\/v2\/product_cat?post=9608"},{"taxonomy":"product_tag","embeddable":true,"href":"https:\/\/demoweb.info\/sexshop001\/wp-json\/wp\/v2\/product_tag?post=9608"}],"curies":[{"name":"wp","href":"https:\/\/api.w.org\/{rel}","templated":true}]}}