{"id":9605,"date":"2022-01-22T09:43:58","date_gmt":"2022-01-22T08:43:58","guid":{"rendered":"https:\/\/demoweb.info\/sexshop001\/producto\/master-series-pinzas-con-iman-negro\/"},"modified":"2022-01-22T09:44:29","modified_gmt":"2022-01-22T08:44:29","slug":"master-series-pinzas-con-iman-negro","status":"publish","type":"product","link":"https:\/\/demoweb.info\/sexshop001\/producto\/master-series-pinzas-con-iman-negro\/","title":{"rendered":"MASTER SERIES &#8211; PINZAS CON IMAN &#8211; NEGRO"},"content":{"rendered":"<p><strong>POWER PINS MAGNETIC NIPPLE CLAMP SET &#8211; BLACK<\/strong><\/p>\n<p>\u00a1Atrapa sus partes traviesas en tu punto de mira!<\/p>\n<p>Experimente el placer penetrante de estas abrazaderas magn\u00e9ticas.<\/p>\n<p>El acabado met\u00e1lico de la pistola y su forma distintiva crean una apariencia atractiva que parece un piercing real,<\/p>\n<p>\u00a1pero se siente como un pellizco!<\/p>\n<p>Se incluyen dos juegos de imanes para usar en ambos pezones, en los labios y m\u00e1s.<\/p>\n<p>\u00daselos durante los juegos previos o incluso durante las relaciones sexuales.<\/p>\n<p>La presi\u00f3n aumentar\u00e1 la atm\u00f3sfera de tus sesiones m\u00e1s sexys.<\/p>\n<p>Hecho de aluminio sin n\u00edquel para una est\u00e9tica elegante y seductora.<\/p><\/p>\n","protected":false},"excerpt":{"rendered":"<p>POWER PINS MAGNETIC NIPPLE CLAMP SET &#8211; BLACK \u00a1Atrapa sus partes traviesas en tu punto de mira! Experimente el placer<\/p>\n","protected":false},"featured_media":9606,"comment_status":"open","ping_status":"open","template":"","meta":[],"product_cat":[282],"product_tag":[463,274],"class_list":["post-9605","product","type-product","status-publish","has-post-thumbnail","hentry","product_cat-pinzas-pezones","product_tag-master-series","product_tag-xr-brands"],"bundled_by":[],"bundle_stock_status":"instock","bundle_stock_quantity":1,"bundle_virtual":false,"bundle_layout":"","bundle_add_to_cart_form_location":"","bundle_editable_in_cart":false,"bundle_sold_individually_context":"","bundle_item_grouping":"","bundle_min_size":"","bundle_max_size":"","bundled_items":[],"yoast_head":"<!-- This site is optimized with the Yoast SEO plugin v20.6 - https:\/\/yoast.com\/wordpress\/plugins\/seo\/ -->\n<title>MASTER SERIES - PINZAS CON IMAN - NEGRO - Tienda Er\u00f3tica<\/title>\n<meta name=\"robots\" content=\"noindex, follow, max-snippet:-1, max-image-preview:large, max-video-preview:-1\" \/>\n<meta property=\"og:locale\" content=\"es_ES\" \/>\n<meta property=\"og:type\" content=\"article\" \/>\n<meta property=\"og:title\" content=\"MASTER SERIES - PINZAS CON IMAN - NEGRO - Tienda Er\u00f3tica\" \/>\n<meta property=\"og:description\" content=\"POWER PINS MAGNETIC NIPPLE CLAMP SET &#8211; BLACK \u00a1Atrapa sus partes traviesas en tu punto de mira! Experimente el placer\" \/>\n<meta property=\"og:url\" content=\"https:\/\/demoweb.info\/sexshop001\/producto\/master-series-pinzas-con-iman-negro\/\" \/>\n<meta property=\"og:site_name\" content=\"Tienda Er\u00f3tica\" \/>\n<meta property=\"article:modified_time\" content=\"2022-01-22T08:44:29+00:00\" \/>\n<meta property=\"og:image\" content=\"https:\/\/demoweb.info\/sexshop001\/wp-content\/uploads\/2022\/01\/MASTER-SERIES-PINZAS-CON-IMAN-NEGRO.jpg\" \/>\n\t<meta property=\"og:image:width\" content=\"550\" \/>\n\t<meta property=\"og:image:height\" content=\"550\" \/>\n\t<meta property=\"og:image:type\" content=\"image\/jpeg\" \/>\n<meta name=\"twitter:card\" content=\"summary_large_image\" \/>\n<meta name=\"twitter:label1\" content=\"Tiempo de lectura\" \/>\n\t<meta name=\"twitter:data1\" content=\"1 minuto\" \/>\n<script type=\"application\/ld+json\" class=\"yoast-schema-graph\">{\"@context\":\"https:\/\/schema.org\",\"@graph\":[{\"@type\":\"WebPage\",\"@id\":\"https:\/\/demoweb.info\/sexshop001\/producto\/master-series-pinzas-con-iman-negro\/\",\"url\":\"https:\/\/demoweb.info\/sexshop001\/producto\/master-series-pinzas-con-iman-negro\/\",\"name\":\"MASTER SERIES - PINZAS CON IMAN - NEGRO - Tienda Er\u00f3tica\",\"isPartOf\":{\"@id\":\"https:\/\/demoweb.info\/sexshop001\/#website\"},\"datePublished\":\"2022-01-22T08:43:58+00:00\",\"dateModified\":\"2022-01-22T08:44:29+00:00\",\"breadcrumb\":{\"@id\":\"https:\/\/demoweb.info\/sexshop001\/producto\/master-series-pinzas-con-iman-negro\/#breadcrumb\"},\"inLanguage\":\"es\",\"potentialAction\":[{\"@type\":\"ReadAction\",\"target\":[\"https:\/\/demoweb.info\/sexshop001\/producto\/master-series-pinzas-con-iman-negro\/\"]}]},{\"@type\":\"BreadcrumbList\",\"@id\":\"https:\/\/demoweb.info\/sexshop001\/producto\/master-series-pinzas-con-iman-negro\/#breadcrumb\",\"itemListElement\":[{\"@type\":\"ListItem\",\"position\":1,\"name\":\"Portada\",\"item\":\"https:\/\/demoweb.info\/sexshop001\/\"},{\"@type\":\"ListItem\",\"position\":2,\"name\":\"Tienda\",\"item\":\"https:\/\/demoweb.info\/sexshop001\/tienda\/\"},{\"@type\":\"ListItem\",\"position\":3,\"name\":\"MASTER SERIES &#8211; PINZAS CON IMAN &#8211; NEGRO\"}]},{\"@type\":\"WebSite\",\"@id\":\"https:\/\/demoweb.info\/sexshop001\/#website\",\"url\":\"https:\/\/demoweb.info\/sexshop001\/\",\"name\":\"Tienda Er\u00f3tica\",\"description\":\"DEMOWEB SL\",\"potentialAction\":[{\"@type\":\"SearchAction\",\"target\":{\"@type\":\"EntryPoint\",\"urlTemplate\":\"https:\/\/demoweb.info\/sexshop001\/?s={search_term_string}\"},\"query-input\":\"required name=search_term_string\"}],\"inLanguage\":\"es\"}]}<\/script>\n<!-- \/ Yoast SEO plugin. -->","yoast_head_json":{"title":"MASTER SERIES - PINZAS CON IMAN - NEGRO - Tienda Er\u00f3tica","robots":{"index":"noindex","follow":"follow","max-snippet":"max-snippet:-1","max-image-preview":"max-image-preview:large","max-video-preview":"max-video-preview:-1"},"og_locale":"es_ES","og_type":"article","og_title":"MASTER SERIES - PINZAS CON IMAN - NEGRO - Tienda Er\u00f3tica","og_description":"POWER PINS MAGNETIC NIPPLE CLAMP SET &#8211; BLACK \u00a1Atrapa sus partes traviesas en tu punto de mira! Experimente el placer","og_url":"https:\/\/demoweb.info\/sexshop001\/producto\/master-series-pinzas-con-iman-negro\/","og_site_name":"Tienda Er\u00f3tica","article_modified_time":"2022-01-22T08:44:29+00:00","og_image":[{"width":550,"height":550,"url":"https:\/\/demoweb.info\/sexshop001\/wp-content\/uploads\/2022\/01\/MASTER-SERIES-PINZAS-CON-IMAN-NEGRO.jpg","type":"image\/jpeg"}],"twitter_card":"summary_large_image","twitter_misc":{"Tiempo de lectura":"1 minuto"},"schema":{"@context":"https:\/\/schema.org","@graph":[{"@type":"WebPage","@id":"https:\/\/demoweb.info\/sexshop001\/producto\/master-series-pinzas-con-iman-negro\/","url":"https:\/\/demoweb.info\/sexshop001\/producto\/master-series-pinzas-con-iman-negro\/","name":"MASTER SERIES - PINZAS CON IMAN - NEGRO - Tienda Er\u00f3tica","isPartOf":{"@id":"https:\/\/demoweb.info\/sexshop001\/#website"},"datePublished":"2022-01-22T08:43:58+00:00","dateModified":"2022-01-22T08:44:29+00:00","breadcrumb":{"@id":"https:\/\/demoweb.info\/sexshop001\/producto\/master-series-pinzas-con-iman-negro\/#breadcrumb"},"inLanguage":"es","potentialAction":[{"@type":"ReadAction","target":["https:\/\/demoweb.info\/sexshop001\/producto\/master-series-pinzas-con-iman-negro\/"]}]},{"@type":"BreadcrumbList","@id":"https:\/\/demoweb.info\/sexshop001\/producto\/master-series-pinzas-con-iman-negro\/#breadcrumb","itemListElement":[{"@type":"ListItem","position":1,"name":"Portada","item":"https:\/\/demoweb.info\/sexshop001\/"},{"@type":"ListItem","position":2,"name":"Tienda","item":"https:\/\/demoweb.info\/sexshop001\/tienda\/"},{"@type":"ListItem","position":3,"name":"MASTER SERIES &#8211; PINZAS CON IMAN &#8211; NEGRO"}]},{"@type":"WebSite","@id":"https:\/\/demoweb.info\/sexshop001\/#website","url":"https:\/\/demoweb.info\/sexshop001\/","name":"Tienda Er\u00f3tica","description":"DEMOWEB SL","potentialAction":[{"@type":"SearchAction","target":{"@type":"EntryPoint","urlTemplate":"https:\/\/demoweb.info\/sexshop001\/?s={search_term_string}"},"query-input":"required name=search_term_string"}],"inLanguage":"es"}]}},"_links":{"self":[{"href":"https:\/\/demoweb.info\/sexshop001\/wp-json\/wp\/v3\/product\/9605","targetHints":{"allow":["GET"]}}],"collection":[{"href":"https:\/\/demoweb.info\/sexshop001\/wp-json\/wp\/v3\/product"}],"about":[{"href":"https:\/\/demoweb.info\/sexshop001\/wp-json\/wp\/v2\/types\/product"}],"replies":[{"embeddable":true,"href":"https:\/\/demoweb.info\/sexshop001\/wp-json\/wp\/v2\/comments?post=9605"}],"wp:featuredmedia":[{"embeddable":true,"href":"https:\/\/demoweb.info\/sexshop001\/wp-json\/wp\/v2\/media\/9606"}],"wp:attachment":[{"href":"https:\/\/demoweb.info\/sexshop001\/wp-json\/wp\/v2\/media?parent=9605"}],"wp:term":[{"taxonomy":"product_cat","embeddable":true,"href":"https:\/\/demoweb.info\/sexshop001\/wp-json\/wp\/v2\/product_cat?post=9605"},{"taxonomy":"product_tag","embeddable":true,"href":"https:\/\/demoweb.info\/sexshop001\/wp-json\/wp\/v2\/product_tag?post=9605"}],"curies":[{"name":"wp","href":"https:\/\/api.w.org\/{rel}","templated":true}]}}