{"id":9590,"date":"2022-01-22T09:43:58","date_gmt":"2022-01-22T08:43:58","guid":{"rendered":"https:\/\/demoweb.info\/sexshop001\/producto\/fondle-vibrador-rosa\/"},"modified":"2022-01-22T09:44:22","modified_gmt":"2022-01-22T08:44:22","slug":"fondle-vibrador-rosa","status":"publish","type":"product","link":"https:\/\/demoweb.info\/sexshop001\/producto\/fondle-vibrador-rosa\/","title":{"rendered":"FONDLE VIBRADOR &#8211; ROSA"},"content":{"rendered":"<p><strong>VIBRASSAGE FONDLE &#8211; PINK<\/strong><\/p>\n<p>Este vibrador de cl\u00edtoris recargable le permite apuntar a su cl\u00edtoris para vibraciones y masajes.<\/p>\n<p>\u00a1Experimenta nuevas formas de tentar tus zonas er\u00f3genas m\u00e1s sensibles!<\/p>\n<p>Los tres cosquillas suaves y sensuales rodear\u00e1n tu peque\u00f1o nudo, uno de ellos brindando una felicidad zumbante, los otros dos girando en una rotaci\u00f3n sensual.<\/p>\n<p>Experimenta 6 velocidades de placer puntiagudo.<\/p>\n<p>Este instrumento \u00fanico de \u00e9xtasis es totalmente sumergible para un uso relajante en la ducha o la ba\u00f1era.<\/p>\n<p>Hecho de silicona premium, es mejor nunca usarlo con lubricantes de silicona.<\/p>\n<p>Este material no poroso y libre de ftalatos se puede limpiar despu\u00e9s de usar con jab\u00f3n suave y agua tibia o limpiador de juguetes.<\/p>\n<p>Medidas: 12,7 pulgadas de largo total, 3,81 pulgadas de ancho en el mango, 5,84 pulgadas de ancho en la cabeza, espacio entre cosquillas en aproximadamente 0.64 pulgadas de di\u00e1metro<\/p>\n<ul>\n<li>Dimensiones embalaje: 20,40 x 9,70 x 9,70 cm<\/li>\n<li>Peso embalaje :191 gram<\/li>\n<li>Dimensiones del producto :12,7 x 5,8 x 5,8 cm<\/li>\n<li>Peso del producto: 137 gram<\/li>\n<li>Di\u00e1metro del producto : 5,8 cm<\/li>\n<li>Tipos de velocidad :6<\/li>\n<li>Recargable :S\u00ed<\/li>\n<li>Tiempo de recarga : 60 min<\/li>\n<li>Vida de la recarga de las bater\u00edas :45 min<\/li>\n<li>A prueba de agua :S\u00ed<\/li>\n<li>Libre de ftalato :S\u00ed<\/li>\n<li>Presupuesto :Measurements: 5 inches in total length, 1.5 inches in width at handle, 2.3 inches in width at head, space between ticklers in approximately .25 inches in diameter<\/li>\n<li>Materiales : Silicone, ABS plastic<\/li>\n<\/ul>\n","protected":false},"excerpt":{"rendered":"<p>VIBRASSAGE FONDLE &#8211; PINK Este vibrador de cl\u00edtoris recargable le permite apuntar a su cl\u00edtoris para vibraciones y masajes. \u00a1Experimenta<\/p>\n","protected":false},"featured_media":9591,"comment_status":"open","ping_status":"open","template":"","meta":[],"product_cat":[370],"product_tag":[491,274],"class_list":["post-9590","product","type-product","status-publish","has-post-thumbnail","hentry","product_cat-clitoris","product_tag-inmi","product_tag-xr-brands"],"bundled_by":[],"bundle_stock_status":"instock","bundle_stock_quantity":6,"bundle_virtual":false,"bundle_layout":"","bundle_add_to_cart_form_location":"","bundle_editable_in_cart":false,"bundle_sold_individually_context":"","bundle_item_grouping":"","bundle_min_size":"","bundle_max_size":"","bundled_items":[],"yoast_head":"<!-- This site is optimized with the Yoast SEO plugin v20.6 - https:\/\/yoast.com\/wordpress\/plugins\/seo\/ -->\n<title>FONDLE VIBRADOR - ROSA - Tienda Er\u00f3tica<\/title>\n<meta name=\"robots\" content=\"noindex, follow, max-snippet:-1, max-image-preview:large, max-video-preview:-1\" \/>\n<meta property=\"og:locale\" content=\"es_ES\" \/>\n<meta property=\"og:type\" content=\"article\" \/>\n<meta property=\"og:title\" content=\"FONDLE VIBRADOR - ROSA - Tienda Er\u00f3tica\" \/>\n<meta property=\"og:description\" content=\"VIBRASSAGE FONDLE &#8211; PINK Este vibrador de cl\u00edtoris recargable le permite apuntar a su cl\u00edtoris para vibraciones y masajes. \u00a1Experimenta\" \/>\n<meta property=\"og:url\" content=\"https:\/\/demoweb.info\/sexshop001\/producto\/fondle-vibrador-rosa\/\" \/>\n<meta property=\"og:site_name\" content=\"Tienda Er\u00f3tica\" \/>\n<meta property=\"article:modified_time\" content=\"2022-01-22T08:44:22+00:00\" \/>\n<meta property=\"og:image\" content=\"https:\/\/demoweb.info\/sexshop001\/wp-content\/uploads\/2022\/01\/FONDLE-VIBRADOR-ROSA.jpg\" \/>\n\t<meta property=\"og:image:width\" content=\"550\" \/>\n\t<meta property=\"og:image:height\" content=\"550\" \/>\n\t<meta property=\"og:image:type\" content=\"image\/jpeg\" \/>\n<meta name=\"twitter:card\" content=\"summary_large_image\" \/>\n<meta name=\"twitter:label1\" content=\"Tiempo de lectura\" \/>\n\t<meta name=\"twitter:data1\" content=\"1 minuto\" \/>\n<script type=\"application\/ld+json\" class=\"yoast-schema-graph\">{\"@context\":\"https:\/\/schema.org\",\"@graph\":[{\"@type\":\"WebPage\",\"@id\":\"https:\/\/demoweb.info\/sexshop001\/producto\/fondle-vibrador-rosa\/\",\"url\":\"https:\/\/demoweb.info\/sexshop001\/producto\/fondle-vibrador-rosa\/\",\"name\":\"FONDLE VIBRADOR - ROSA - Tienda Er\u00f3tica\",\"isPartOf\":{\"@id\":\"https:\/\/demoweb.info\/sexshop001\/#website\"},\"datePublished\":\"2022-01-22T08:43:58+00:00\",\"dateModified\":\"2022-01-22T08:44:22+00:00\",\"breadcrumb\":{\"@id\":\"https:\/\/demoweb.info\/sexshop001\/producto\/fondle-vibrador-rosa\/#breadcrumb\"},\"inLanguage\":\"es\",\"potentialAction\":[{\"@type\":\"ReadAction\",\"target\":[\"https:\/\/demoweb.info\/sexshop001\/producto\/fondle-vibrador-rosa\/\"]}]},{\"@type\":\"BreadcrumbList\",\"@id\":\"https:\/\/demoweb.info\/sexshop001\/producto\/fondle-vibrador-rosa\/#breadcrumb\",\"itemListElement\":[{\"@type\":\"ListItem\",\"position\":1,\"name\":\"Portada\",\"item\":\"https:\/\/demoweb.info\/sexshop001\/\"},{\"@type\":\"ListItem\",\"position\":2,\"name\":\"Tienda\",\"item\":\"https:\/\/demoweb.info\/sexshop001\/tienda\/\"},{\"@type\":\"ListItem\",\"position\":3,\"name\":\"FONDLE VIBRADOR &#8211; ROSA\"}]},{\"@type\":\"WebSite\",\"@id\":\"https:\/\/demoweb.info\/sexshop001\/#website\",\"url\":\"https:\/\/demoweb.info\/sexshop001\/\",\"name\":\"Tienda Er\u00f3tica\",\"description\":\"DEMOWEB SL\",\"potentialAction\":[{\"@type\":\"SearchAction\",\"target\":{\"@type\":\"EntryPoint\",\"urlTemplate\":\"https:\/\/demoweb.info\/sexshop001\/?s={search_term_string}\"},\"query-input\":\"required name=search_term_string\"}],\"inLanguage\":\"es\"}]}<\/script>\n<!-- \/ Yoast SEO plugin. -->","yoast_head_json":{"title":"FONDLE VIBRADOR - ROSA - Tienda Er\u00f3tica","robots":{"index":"noindex","follow":"follow","max-snippet":"max-snippet:-1","max-image-preview":"max-image-preview:large","max-video-preview":"max-video-preview:-1"},"og_locale":"es_ES","og_type":"article","og_title":"FONDLE VIBRADOR - ROSA - Tienda Er\u00f3tica","og_description":"VIBRASSAGE FONDLE &#8211; PINK Este vibrador de cl\u00edtoris recargable le permite apuntar a su cl\u00edtoris para vibraciones y masajes. \u00a1Experimenta","og_url":"https:\/\/demoweb.info\/sexshop001\/producto\/fondle-vibrador-rosa\/","og_site_name":"Tienda Er\u00f3tica","article_modified_time":"2022-01-22T08:44:22+00:00","og_image":[{"width":550,"height":550,"url":"https:\/\/demoweb.info\/sexshop001\/wp-content\/uploads\/2022\/01\/FONDLE-VIBRADOR-ROSA.jpg","type":"image\/jpeg"}],"twitter_card":"summary_large_image","twitter_misc":{"Tiempo de lectura":"1 minuto"},"schema":{"@context":"https:\/\/schema.org","@graph":[{"@type":"WebPage","@id":"https:\/\/demoweb.info\/sexshop001\/producto\/fondle-vibrador-rosa\/","url":"https:\/\/demoweb.info\/sexshop001\/producto\/fondle-vibrador-rosa\/","name":"FONDLE VIBRADOR - ROSA - Tienda Er\u00f3tica","isPartOf":{"@id":"https:\/\/demoweb.info\/sexshop001\/#website"},"datePublished":"2022-01-22T08:43:58+00:00","dateModified":"2022-01-22T08:44:22+00:00","breadcrumb":{"@id":"https:\/\/demoweb.info\/sexshop001\/producto\/fondle-vibrador-rosa\/#breadcrumb"},"inLanguage":"es","potentialAction":[{"@type":"ReadAction","target":["https:\/\/demoweb.info\/sexshop001\/producto\/fondle-vibrador-rosa\/"]}]},{"@type":"BreadcrumbList","@id":"https:\/\/demoweb.info\/sexshop001\/producto\/fondle-vibrador-rosa\/#breadcrumb","itemListElement":[{"@type":"ListItem","position":1,"name":"Portada","item":"https:\/\/demoweb.info\/sexshop001\/"},{"@type":"ListItem","position":2,"name":"Tienda","item":"https:\/\/demoweb.info\/sexshop001\/tienda\/"},{"@type":"ListItem","position":3,"name":"FONDLE VIBRADOR &#8211; ROSA"}]},{"@type":"WebSite","@id":"https:\/\/demoweb.info\/sexshop001\/#website","url":"https:\/\/demoweb.info\/sexshop001\/","name":"Tienda Er\u00f3tica","description":"DEMOWEB SL","potentialAction":[{"@type":"SearchAction","target":{"@type":"EntryPoint","urlTemplate":"https:\/\/demoweb.info\/sexshop001\/?s={search_term_string}"},"query-input":"required name=search_term_string"}],"inLanguage":"es"}]}},"_links":{"self":[{"href":"https:\/\/demoweb.info\/sexshop001\/wp-json\/wp\/v3\/product\/9590","targetHints":{"allow":["GET"]}}],"collection":[{"href":"https:\/\/demoweb.info\/sexshop001\/wp-json\/wp\/v3\/product"}],"about":[{"href":"https:\/\/demoweb.info\/sexshop001\/wp-json\/wp\/v2\/types\/product"}],"replies":[{"embeddable":true,"href":"https:\/\/demoweb.info\/sexshop001\/wp-json\/wp\/v2\/comments?post=9590"}],"wp:featuredmedia":[{"embeddable":true,"href":"https:\/\/demoweb.info\/sexshop001\/wp-json\/wp\/v2\/media\/9591"}],"wp:attachment":[{"href":"https:\/\/demoweb.info\/sexshop001\/wp-json\/wp\/v2\/media?parent=9590"}],"wp:term":[{"taxonomy":"product_cat","embeddable":true,"href":"https:\/\/demoweb.info\/sexshop001\/wp-json\/wp\/v2\/product_cat?post=9590"},{"taxonomy":"product_tag","embeddable":true,"href":"https:\/\/demoweb.info\/sexshop001\/wp-json\/wp\/v2\/product_tag?post=9590"}],"curies":[{"name":"wp","href":"https:\/\/api.w.org\/{rel}","templated":true}]}}