{"id":9585,"date":"2022-01-22T09:43:58","date_gmt":"2022-01-22T08:43:58","guid":{"rendered":"https:\/\/demoweb.info\/sexshop001\/producto\/vibrador-caress-rosa\/"},"modified":"2022-01-22T09:44:20","modified_gmt":"2022-01-22T08:44:20","slug":"vibrador-caress-rosa","status":"publish","type":"product","link":"https:\/\/demoweb.info\/sexshop001\/producto\/vibrador-caress-rosa\/","title":{"rendered":"VIBRADOR CARESS &#8211; ROSA"},"content":{"rendered":"<p><strong>VIBRASSAGE CARESS &#8211; PINK<\/strong><\/p>\n<p>Este reclamo de cl\u00edtoris vibratorio utiliza tecnolog\u00eda de doble vibraci\u00f3n y masaje para rodear su cl\u00edtoris sensible u otras zonas er\u00f3genas, con un zumbido potente de un cosquilleo y una suave rotaci\u00f3n de los otros dos.<\/p>\n<p>Vibrassage Caress es el accesorio sexual recargable y de lujo que su cuerpo merece, que se adapta f\u00e1cilmente a su mano durante el juego en solitario o en pareja para apuntar a su cl\u00edtoris por puro placer.<\/p>\n<p>\u00a1Incluso es completamente sumergible para que pueda tomarlo en la ba\u00f1era o la ducha!<\/p>\n<p>\u00a1Combina las sensaciones org\u00e1smicas de vibraci\u00f3n y masaje giratorio a la vez!<\/p>\n<p>Hecho de silicona premium, este ambiente no es poroso y no contiene ftalato, pero no es compatible con lubricantes de silicona.<\/p>\n<p>Limpie despu\u00e9s de usar con jab\u00f3n suave o limpiador de juguetes.<\/p>\n<p>Espacio entre cosquillas en aproximadamente .<\/p>\n<p>Medida 1.02cm<\/p>\n<ul>\n<li>Dimensiones embalaje :20 x 9,50 x 9,50 cm<\/li>\n<li>Peso embalaje: 136 gram<\/li>\n<li>Dimensiones del producto : 9,1 x 4,1 x 4,1 cm<\/li>\n<li>Peso del producto :80 gram<\/li>\n<li>Di\u00e1metro del producto :4,1 cm<\/li>\n<li>Tipos de velocidad .1<\/li>\n<li>Recargable : S\u00ed<\/li>\n<li>Tiempo de recarga .60 min<\/li>\n<li>Vida de la recarga de las bater\u00edas .45 min<\/li>\n<li>A prueba de agua : S\u00ed<\/li>\n<li>Libre de ftalato : S\u00ed<\/li>\n<li>Presupuesto : Space between ticklers in approximately .4 inches\/1.02cm<\/li>\n<li>Materiales: Silicone, ABS plastic<\/li>\n<\/ul>\n","protected":false},"excerpt":{"rendered":"<p>VIBRASSAGE CARESS &#8211; PINK Este reclamo de cl\u00edtoris vibratorio utiliza tecnolog\u00eda de doble vibraci\u00f3n y masaje para rodear su cl\u00edtoris<\/p>\n","protected":false},"featured_media":9586,"comment_status":"open","ping_status":"open","template":"","meta":[],"product_cat":[370],"product_tag":[491,274],"class_list":["post-9585","product","type-product","status-publish","has-post-thumbnail","hentry","product_cat-clitoris","product_tag-inmi","product_tag-xr-brands"],"bundled_by":[],"bundle_stock_status":"instock","bundle_stock_quantity":4,"bundle_virtual":false,"bundle_layout":"","bundle_add_to_cart_form_location":"","bundle_editable_in_cart":false,"bundle_sold_individually_context":"","bundle_item_grouping":"","bundle_min_size":"","bundle_max_size":"","bundled_items":[],"yoast_head":"<!-- This site is optimized with the Yoast SEO plugin v20.6 - https:\/\/yoast.com\/wordpress\/plugins\/seo\/ -->\n<title>VIBRADOR CARESS - ROSA - Tienda Er\u00f3tica<\/title>\n<meta name=\"robots\" content=\"noindex, follow, max-snippet:-1, max-image-preview:large, max-video-preview:-1\" \/>\n<meta property=\"og:locale\" content=\"es_ES\" \/>\n<meta property=\"og:type\" content=\"article\" \/>\n<meta property=\"og:title\" content=\"VIBRADOR CARESS - ROSA - Tienda Er\u00f3tica\" \/>\n<meta property=\"og:description\" content=\"VIBRASSAGE CARESS &#8211; PINK Este reclamo de cl\u00edtoris vibratorio utiliza tecnolog\u00eda de doble vibraci\u00f3n y masaje para rodear su cl\u00edtoris\" \/>\n<meta property=\"og:url\" content=\"https:\/\/demoweb.info\/sexshop001\/producto\/vibrador-caress-rosa\/\" \/>\n<meta property=\"og:site_name\" content=\"Tienda Er\u00f3tica\" \/>\n<meta property=\"article:modified_time\" content=\"2022-01-22T08:44:20+00:00\" \/>\n<meta property=\"og:image\" content=\"https:\/\/demoweb.info\/sexshop001\/wp-content\/uploads\/2022\/01\/VIBRADOR-CARESS-ROSA.jpg\" \/>\n\t<meta property=\"og:image:width\" content=\"550\" \/>\n\t<meta property=\"og:image:height\" content=\"550\" \/>\n\t<meta property=\"og:image:type\" content=\"image\/jpeg\" \/>\n<meta name=\"twitter:card\" content=\"summary_large_image\" \/>\n<meta name=\"twitter:label1\" content=\"Tiempo de lectura\" \/>\n\t<meta name=\"twitter:data1\" content=\"1 minuto\" \/>\n<script type=\"application\/ld+json\" class=\"yoast-schema-graph\">{\"@context\":\"https:\/\/schema.org\",\"@graph\":[{\"@type\":\"WebPage\",\"@id\":\"https:\/\/demoweb.info\/sexshop001\/producto\/vibrador-caress-rosa\/\",\"url\":\"https:\/\/demoweb.info\/sexshop001\/producto\/vibrador-caress-rosa\/\",\"name\":\"VIBRADOR CARESS - ROSA - Tienda Er\u00f3tica\",\"isPartOf\":{\"@id\":\"https:\/\/demoweb.info\/sexshop001\/#website\"},\"datePublished\":\"2022-01-22T08:43:58+00:00\",\"dateModified\":\"2022-01-22T08:44:20+00:00\",\"breadcrumb\":{\"@id\":\"https:\/\/demoweb.info\/sexshop001\/producto\/vibrador-caress-rosa\/#breadcrumb\"},\"inLanguage\":\"es\",\"potentialAction\":[{\"@type\":\"ReadAction\",\"target\":[\"https:\/\/demoweb.info\/sexshop001\/producto\/vibrador-caress-rosa\/\"]}]},{\"@type\":\"BreadcrumbList\",\"@id\":\"https:\/\/demoweb.info\/sexshop001\/producto\/vibrador-caress-rosa\/#breadcrumb\",\"itemListElement\":[{\"@type\":\"ListItem\",\"position\":1,\"name\":\"Portada\",\"item\":\"https:\/\/demoweb.info\/sexshop001\/\"},{\"@type\":\"ListItem\",\"position\":2,\"name\":\"Tienda\",\"item\":\"https:\/\/demoweb.info\/sexshop001\/tienda\/\"},{\"@type\":\"ListItem\",\"position\":3,\"name\":\"VIBRADOR CARESS &#8211; ROSA\"}]},{\"@type\":\"WebSite\",\"@id\":\"https:\/\/demoweb.info\/sexshop001\/#website\",\"url\":\"https:\/\/demoweb.info\/sexshop001\/\",\"name\":\"Tienda Er\u00f3tica\",\"description\":\"DEMOWEB SL\",\"potentialAction\":[{\"@type\":\"SearchAction\",\"target\":{\"@type\":\"EntryPoint\",\"urlTemplate\":\"https:\/\/demoweb.info\/sexshop001\/?s={search_term_string}\"},\"query-input\":\"required name=search_term_string\"}],\"inLanguage\":\"es\"}]}<\/script>\n<!-- \/ Yoast SEO plugin. -->","yoast_head_json":{"title":"VIBRADOR CARESS - ROSA - Tienda Er\u00f3tica","robots":{"index":"noindex","follow":"follow","max-snippet":"max-snippet:-1","max-image-preview":"max-image-preview:large","max-video-preview":"max-video-preview:-1"},"og_locale":"es_ES","og_type":"article","og_title":"VIBRADOR CARESS - ROSA - Tienda Er\u00f3tica","og_description":"VIBRASSAGE CARESS &#8211; PINK Este reclamo de cl\u00edtoris vibratorio utiliza tecnolog\u00eda de doble vibraci\u00f3n y masaje para rodear su cl\u00edtoris","og_url":"https:\/\/demoweb.info\/sexshop001\/producto\/vibrador-caress-rosa\/","og_site_name":"Tienda Er\u00f3tica","article_modified_time":"2022-01-22T08:44:20+00:00","og_image":[{"width":550,"height":550,"url":"https:\/\/demoweb.info\/sexshop001\/wp-content\/uploads\/2022\/01\/VIBRADOR-CARESS-ROSA.jpg","type":"image\/jpeg"}],"twitter_card":"summary_large_image","twitter_misc":{"Tiempo de lectura":"1 minuto"},"schema":{"@context":"https:\/\/schema.org","@graph":[{"@type":"WebPage","@id":"https:\/\/demoweb.info\/sexshop001\/producto\/vibrador-caress-rosa\/","url":"https:\/\/demoweb.info\/sexshop001\/producto\/vibrador-caress-rosa\/","name":"VIBRADOR CARESS - ROSA - Tienda Er\u00f3tica","isPartOf":{"@id":"https:\/\/demoweb.info\/sexshop001\/#website"},"datePublished":"2022-01-22T08:43:58+00:00","dateModified":"2022-01-22T08:44:20+00:00","breadcrumb":{"@id":"https:\/\/demoweb.info\/sexshop001\/producto\/vibrador-caress-rosa\/#breadcrumb"},"inLanguage":"es","potentialAction":[{"@type":"ReadAction","target":["https:\/\/demoweb.info\/sexshop001\/producto\/vibrador-caress-rosa\/"]}]},{"@type":"BreadcrumbList","@id":"https:\/\/demoweb.info\/sexshop001\/producto\/vibrador-caress-rosa\/#breadcrumb","itemListElement":[{"@type":"ListItem","position":1,"name":"Portada","item":"https:\/\/demoweb.info\/sexshop001\/"},{"@type":"ListItem","position":2,"name":"Tienda","item":"https:\/\/demoweb.info\/sexshop001\/tienda\/"},{"@type":"ListItem","position":3,"name":"VIBRADOR CARESS &#8211; ROSA"}]},{"@type":"WebSite","@id":"https:\/\/demoweb.info\/sexshop001\/#website","url":"https:\/\/demoweb.info\/sexshop001\/","name":"Tienda Er\u00f3tica","description":"DEMOWEB SL","potentialAction":[{"@type":"SearchAction","target":{"@type":"EntryPoint","urlTemplate":"https:\/\/demoweb.info\/sexshop001\/?s={search_term_string}"},"query-input":"required name=search_term_string"}],"inLanguage":"es"}]}},"_links":{"self":[{"href":"https:\/\/demoweb.info\/sexshop001\/wp-json\/wp\/v3\/product\/9585","targetHints":{"allow":["GET"]}}],"collection":[{"href":"https:\/\/demoweb.info\/sexshop001\/wp-json\/wp\/v3\/product"}],"about":[{"href":"https:\/\/demoweb.info\/sexshop001\/wp-json\/wp\/v2\/types\/product"}],"replies":[{"embeddable":true,"href":"https:\/\/demoweb.info\/sexshop001\/wp-json\/wp\/v2\/comments?post=9585"}],"wp:featuredmedia":[{"embeddable":true,"href":"https:\/\/demoweb.info\/sexshop001\/wp-json\/wp\/v2\/media\/9586"}],"wp:attachment":[{"href":"https:\/\/demoweb.info\/sexshop001\/wp-json\/wp\/v2\/media?parent=9585"}],"wp:term":[{"taxonomy":"product_cat","embeddable":true,"href":"https:\/\/demoweb.info\/sexshop001\/wp-json\/wp\/v2\/product_cat?post=9585"},{"taxonomy":"product_tag","embeddable":true,"href":"https:\/\/demoweb.info\/sexshop001\/wp-json\/wp\/v2\/product_tag?post=9585"}],"curies":[{"name":"wp","href":"https:\/\/api.w.org\/{rel}","templated":true}]}}