{"id":9582,"date":"2022-01-22T09:43:58","date_gmt":"2022-01-22T08:43:58","guid":{"rendered":"https:\/\/demoweb.info\/sexshop001\/producto\/masturbador-flexible-de-silicona-con-control-remoto-negro\/"},"modified":"2022-01-22T09:44:19","modified_gmt":"2022-01-22T08:44:19","slug":"masturbador-flexible-de-silicona-con-control-remoto-negro","status":"publish","type":"product","link":"https:\/\/demoweb.info\/sexshop001\/producto\/masturbador-flexible-de-silicona-con-control-remoto-negro\/","title":{"rendered":"MASTURBADOR FLEXIBLE DE SILICONA CON CONTROL REMOTO &#8211; NEGRO"},"content":{"rendered":"<p><strong>SUPPLE SWIRL 21X REMOTE CONTROL SILICONE DILDO &#8211; BLACK<\/strong><\/p>\n<p>\u00a1Saborea la textura de la agitada satisfacci\u00f3n!<\/p>\n<p>Perfectamente dise\u00f1ado para adaptarse a los arneses est\u00e1ndar para uso con correa, este lujoso consolador est\u00e1 hecho de silicona l\u00edquida para crear un acabado aterciopelado con mucha flexibilidad.<\/p>\n<p>Disfrute de 3 velocidades y 7 modos de vibraci\u00f3n poderosa, f\u00e1cilmente controlados por el control remoto inal\u00e1mbrico para mayor comodidad y emoci\u00f3n.<\/p>\n<p>Una textura en espiral en el eje proporciona un exquisito masaje interno.<\/p>\n<p>La base acampanada funciona con la mayor\u00eda de los arneses y puede succionar sobre superficies duras para un viaje sin manos.<\/p>\n<p>Este consolador recargable es incluso impermeable para la diversi\u00f3n h\u00fameda y caliente en el ba\u00f1o o la ducha.<\/p>\n<p>Hecho de silicona no porosa y libre de ftalatos, Supple Swirl no es compatible con lubricantes de silicona, pero se desinfecta f\u00e1cilmente con jab\u00f3n suave o limpiador de juguetes.\n <\/p>\n<ul>\n<li>Dimensiones del producto    17,8 x 7,4 x 3,8 cm<\/li>\n<li>Peso del producto    254 gram<\/li>\n<li>Di\u00e1metro del producto    3,8 cm<\/li>\n<li>Longitud insertable    17 cm<\/li>\n<li>Se requieren bater\u00edas    1<\/li>\n<li>Tipo de bater\u00edas    CR2032<\/li>\n<li>Bater\u00edas incluidas    S\u00ed<\/li>\n<li>Recargable    S\u00ed<\/li>\n<li>Tiempo de recarga    60 min<\/li>\n<li>Vida de la recarga de las bater\u00edas    60 min<\/li>\n<li>Materiales    Liquid silicona, ABS plastic<\/li>\n<\/ul>\n","protected":false},"excerpt":{"rendered":"<p>SUPPLE SWIRL 21X REMOTE CONTROL SILICONE DILDO &#8211; BLACK \u00a1Saborea la textura de la agitada satisfacci\u00f3n! Perfectamente dise\u00f1ado para adaptarse<\/p>\n","protected":false},"featured_media":9583,"comment_status":"open","ping_status":"open","template":"","meta":[],"product_cat":[322],"product_tag":[275,274],"class_list":["post-9582","product","type-product","status-publish","has-post-thumbnail","hentry","product_cat-con-mando","product_tag-strap-u","product_tag-xr-brands"],"bundled_by":[],"bundle_stock_status":"instock","bundle_stock_quantity":1,"bundle_virtual":false,"bundle_layout":"","bundle_add_to_cart_form_location":"","bundle_editable_in_cart":false,"bundle_sold_individually_context":"","bundle_item_grouping":"","bundle_min_size":"","bundle_max_size":"","bundled_items":[],"yoast_head":"<!-- This site is optimized with the Yoast SEO plugin v20.6 - https:\/\/yoast.com\/wordpress\/plugins\/seo\/ -->\n<title>MASTURBADOR FLEXIBLE DE SILICONA CON CONTROL REMOTO - NEGRO - Tienda Er\u00f3tica<\/title>\n<meta name=\"robots\" content=\"noindex, follow, max-snippet:-1, max-image-preview:large, max-video-preview:-1\" \/>\n<meta property=\"og:locale\" content=\"es_ES\" \/>\n<meta property=\"og:type\" content=\"article\" \/>\n<meta property=\"og:title\" content=\"MASTURBADOR FLEXIBLE DE SILICONA CON CONTROL REMOTO - NEGRO - Tienda Er\u00f3tica\" \/>\n<meta property=\"og:description\" content=\"SUPPLE SWIRL 21X REMOTE CONTROL SILICONE DILDO &#8211; BLACK \u00a1Saborea la textura de la agitada satisfacci\u00f3n! Perfectamente dise\u00f1ado para adaptarse\" \/>\n<meta property=\"og:url\" content=\"https:\/\/demoweb.info\/sexshop001\/producto\/masturbador-flexible-de-silicona-con-control-remoto-negro\/\" \/>\n<meta property=\"og:site_name\" content=\"Tienda Er\u00f3tica\" \/>\n<meta property=\"article:modified_time\" content=\"2022-01-22T08:44:19+00:00\" \/>\n<meta property=\"og:image\" content=\"https:\/\/demoweb.info\/sexshop001\/wp-content\/uploads\/2022\/01\/MASTURBADOR-FLEXIBLE-DE-SILICONA-CON-CONTROL-REMOTO-NEGRO.jpg\" \/>\n\t<meta property=\"og:image:width\" content=\"550\" \/>\n\t<meta property=\"og:image:height\" content=\"550\" \/>\n\t<meta property=\"og:image:type\" content=\"image\/jpeg\" \/>\n<meta name=\"twitter:card\" content=\"summary_large_image\" \/>\n<meta name=\"twitter:label1\" content=\"Tiempo de lectura\" \/>\n\t<meta name=\"twitter:data1\" content=\"1 minuto\" \/>\n<script type=\"application\/ld+json\" class=\"yoast-schema-graph\">{\"@context\":\"https:\/\/schema.org\",\"@graph\":[{\"@type\":\"WebPage\",\"@id\":\"https:\/\/demoweb.info\/sexshop001\/producto\/masturbador-flexible-de-silicona-con-control-remoto-negro\/\",\"url\":\"https:\/\/demoweb.info\/sexshop001\/producto\/masturbador-flexible-de-silicona-con-control-remoto-negro\/\",\"name\":\"MASTURBADOR FLEXIBLE DE SILICONA CON CONTROL REMOTO - NEGRO - Tienda Er\u00f3tica\",\"isPartOf\":{\"@id\":\"https:\/\/demoweb.info\/sexshop001\/#website\"},\"datePublished\":\"2022-01-22T08:43:58+00:00\",\"dateModified\":\"2022-01-22T08:44:19+00:00\",\"breadcrumb\":{\"@id\":\"https:\/\/demoweb.info\/sexshop001\/producto\/masturbador-flexible-de-silicona-con-control-remoto-negro\/#breadcrumb\"},\"inLanguage\":\"es\",\"potentialAction\":[{\"@type\":\"ReadAction\",\"target\":[\"https:\/\/demoweb.info\/sexshop001\/producto\/masturbador-flexible-de-silicona-con-control-remoto-negro\/\"]}]},{\"@type\":\"BreadcrumbList\",\"@id\":\"https:\/\/demoweb.info\/sexshop001\/producto\/masturbador-flexible-de-silicona-con-control-remoto-negro\/#breadcrumb\",\"itemListElement\":[{\"@type\":\"ListItem\",\"position\":1,\"name\":\"Portada\",\"item\":\"https:\/\/demoweb.info\/sexshop001\/\"},{\"@type\":\"ListItem\",\"position\":2,\"name\":\"Tienda\",\"item\":\"https:\/\/demoweb.info\/sexshop001\/tienda\/\"},{\"@type\":\"ListItem\",\"position\":3,\"name\":\"MASTURBADOR FLEXIBLE DE SILICONA CON CONTROL REMOTO &#8211; NEGRO\"}]},{\"@type\":\"WebSite\",\"@id\":\"https:\/\/demoweb.info\/sexshop001\/#website\",\"url\":\"https:\/\/demoweb.info\/sexshop001\/\",\"name\":\"Tienda Er\u00f3tica\",\"description\":\"DEMOWEB SL\",\"potentialAction\":[{\"@type\":\"SearchAction\",\"target\":{\"@type\":\"EntryPoint\",\"urlTemplate\":\"https:\/\/demoweb.info\/sexshop001\/?s={search_term_string}\"},\"query-input\":\"required name=search_term_string\"}],\"inLanguage\":\"es\"}]}<\/script>\n<!-- \/ Yoast SEO plugin. -->","yoast_head_json":{"title":"MASTURBADOR FLEXIBLE DE SILICONA CON CONTROL REMOTO - NEGRO - Tienda Er\u00f3tica","robots":{"index":"noindex","follow":"follow","max-snippet":"max-snippet:-1","max-image-preview":"max-image-preview:large","max-video-preview":"max-video-preview:-1"},"og_locale":"es_ES","og_type":"article","og_title":"MASTURBADOR FLEXIBLE DE SILICONA CON CONTROL REMOTO - NEGRO - Tienda Er\u00f3tica","og_description":"SUPPLE SWIRL 21X REMOTE CONTROL SILICONE DILDO &#8211; BLACK \u00a1Saborea la textura de la agitada satisfacci\u00f3n! Perfectamente dise\u00f1ado para adaptarse","og_url":"https:\/\/demoweb.info\/sexshop001\/producto\/masturbador-flexible-de-silicona-con-control-remoto-negro\/","og_site_name":"Tienda Er\u00f3tica","article_modified_time":"2022-01-22T08:44:19+00:00","og_image":[{"width":550,"height":550,"url":"https:\/\/demoweb.info\/sexshop001\/wp-content\/uploads\/2022\/01\/MASTURBADOR-FLEXIBLE-DE-SILICONA-CON-CONTROL-REMOTO-NEGRO.jpg","type":"image\/jpeg"}],"twitter_card":"summary_large_image","twitter_misc":{"Tiempo de lectura":"1 minuto"},"schema":{"@context":"https:\/\/schema.org","@graph":[{"@type":"WebPage","@id":"https:\/\/demoweb.info\/sexshop001\/producto\/masturbador-flexible-de-silicona-con-control-remoto-negro\/","url":"https:\/\/demoweb.info\/sexshop001\/producto\/masturbador-flexible-de-silicona-con-control-remoto-negro\/","name":"MASTURBADOR FLEXIBLE DE SILICONA CON CONTROL REMOTO - NEGRO - Tienda Er\u00f3tica","isPartOf":{"@id":"https:\/\/demoweb.info\/sexshop001\/#website"},"datePublished":"2022-01-22T08:43:58+00:00","dateModified":"2022-01-22T08:44:19+00:00","breadcrumb":{"@id":"https:\/\/demoweb.info\/sexshop001\/producto\/masturbador-flexible-de-silicona-con-control-remoto-negro\/#breadcrumb"},"inLanguage":"es","potentialAction":[{"@type":"ReadAction","target":["https:\/\/demoweb.info\/sexshop001\/producto\/masturbador-flexible-de-silicona-con-control-remoto-negro\/"]}]},{"@type":"BreadcrumbList","@id":"https:\/\/demoweb.info\/sexshop001\/producto\/masturbador-flexible-de-silicona-con-control-remoto-negro\/#breadcrumb","itemListElement":[{"@type":"ListItem","position":1,"name":"Portada","item":"https:\/\/demoweb.info\/sexshop001\/"},{"@type":"ListItem","position":2,"name":"Tienda","item":"https:\/\/demoweb.info\/sexshop001\/tienda\/"},{"@type":"ListItem","position":3,"name":"MASTURBADOR FLEXIBLE DE SILICONA CON CONTROL REMOTO &#8211; NEGRO"}]},{"@type":"WebSite","@id":"https:\/\/demoweb.info\/sexshop001\/#website","url":"https:\/\/demoweb.info\/sexshop001\/","name":"Tienda Er\u00f3tica","description":"DEMOWEB SL","potentialAction":[{"@type":"SearchAction","target":{"@type":"EntryPoint","urlTemplate":"https:\/\/demoweb.info\/sexshop001\/?s={search_term_string}"},"query-input":"required name=search_term_string"}],"inLanguage":"es"}]}},"_links":{"self":[{"href":"https:\/\/demoweb.info\/sexshop001\/wp-json\/wp\/v3\/product\/9582","targetHints":{"allow":["GET"]}}],"collection":[{"href":"https:\/\/demoweb.info\/sexshop001\/wp-json\/wp\/v3\/product"}],"about":[{"href":"https:\/\/demoweb.info\/sexshop001\/wp-json\/wp\/v2\/types\/product"}],"replies":[{"embeddable":true,"href":"https:\/\/demoweb.info\/sexshop001\/wp-json\/wp\/v2\/comments?post=9582"}],"wp:featuredmedia":[{"embeddable":true,"href":"https:\/\/demoweb.info\/sexshop001\/wp-json\/wp\/v2\/media\/9583"}],"wp:attachment":[{"href":"https:\/\/demoweb.info\/sexshop001\/wp-json\/wp\/v2\/media?parent=9582"}],"wp:term":[{"taxonomy":"product_cat","embeddable":true,"href":"https:\/\/demoweb.info\/sexshop001\/wp-json\/wp\/v2\/product_cat?post=9582"},{"taxonomy":"product_tag","embeddable":true,"href":"https:\/\/demoweb.info\/sexshop001\/wp-json\/wp\/v2\/product_tag?post=9582"}],"curies":[{"name":"wp","href":"https:\/\/api.w.org\/{rel}","templated":true}]}}