{"id":9573,"date":"2022-01-22T09:43:58","date_gmt":"2022-01-22T08:43:58","guid":{"rendered":"https:\/\/demoweb.info\/sexshop001\/producto\/vibrador-shegasm-rosa\/"},"modified":"2022-01-22T09:44:16","modified_gmt":"2022-01-22T08:44:16","slug":"vibrador-shegasm-rosa","status":"publish","type":"product","link":"https:\/\/demoweb.info\/sexshop001\/producto\/vibrador-shegasm-rosa\/","title":{"rendered":"VIBRADOR SHEGASM &#8211; ROSA"},"content":{"rendered":"<p><strong>SHEGASM INTENSE &#8211; PINK<\/strong><\/p>\n<p>\u00a1Intensifica tus orgasmos con este simulador de sexo oral de doble extremo y vibraci\u00f3n del punto G!<\/p>\n<p>Ambos extremos cuentan con 12 niveles y patrones de poder diferentes.<\/p>\n<p>\u00a1El extremo peque\u00f1o tiene un poder de succi\u00f3n incre\u00edble que lo llevar\u00e1 al borde del \u00e9xtasis org\u00e1smico cuando lo coloque alrededor de su cl\u00edtoris, o incluso un pez\u00f3n!<\/p>\n<p>Esta caracter\u00edstica revolucionaria no tiene rival, con una presi\u00f3n de succi\u00f3n que es fuerte y efectiva.<\/p>\n<p>El extremo del mango es liso para una penetraci\u00f3n c\u00f3moda, con una curva que apuntar\u00e1 a su punto G al insertarlo.<\/p>\n<p>El poderoso eje vibratorio tambi\u00e9n se sentir\u00e1 incre\u00edblemente externo.<\/p>\n<p>Hecho de silicona premium, esta herramienta de placer de doble extremo no es porosa y no contiene ftalato.<\/p>\n<p>Limpie con jab\u00f3n suave y agua tibia y evite su uso con lubricantes de silicona.<\/p>\n<p>Se carga magn\u00e9ticamente a trav\u00e9s de USB<\/p>\n<ul>\n<li>Dimensiones embalaje : 28 x 10,16 x 5,08 cm<\/li>\n<li>Peso embalaje :200 gram<\/li>\n<li>Dimensiones del producto :18,8 x 4,1 x 3,8 cm<\/li>\n<li>Peso del producto :140 gram<\/li>\n<li>Di\u00e1metro del producto :4,5 cm<\/li>\n<li>Di\u00e1metro interno :1,3 cm<\/li>\n<li>Longitud insertable: 10,2 cm<\/li>\n<li>Tipos de velocidad . 12<\/li>\n<li>Recargable :S\u00ed<\/li>\n<li>Tiempo de recarga :60 min<\/li>\n<li>Vida de la recarga de las bater\u00edas : 60 min<\/li>\n<li>Libre de ftalato : S\u00ed<\/li>\n<li>Presupuesto :Charges magnetically via USB<\/li>\n<li>Materiales: Silicone, ABS plastic<\/li>\n<\/ul>\n","protected":false},"excerpt":{"rendered":"<p>SHEGASM INTENSE &#8211; PINK \u00a1Intensifica tus orgasmos con este simulador de sexo oral de doble extremo y vibraci\u00f3n del punto<\/p>\n","protected":false},"featured_media":9574,"comment_status":"open","ping_status":"open","template":"","meta":[],"product_cat":[355],"product_tag":[491,274],"class_list":["post-9573","product","type-product","status-publish","has-post-thumbnail","hentry","product_cat-ellas","product_tag-inmi","product_tag-xr-brands"],"bundled_by":[],"bundle_stock_status":"instock","bundle_stock_quantity":1,"bundle_virtual":false,"bundle_layout":"","bundle_add_to_cart_form_location":"","bundle_editable_in_cart":false,"bundle_sold_individually_context":"","bundle_item_grouping":"","bundle_min_size":"","bundle_max_size":"","bundled_items":[],"yoast_head":"<!-- This site is optimized with the Yoast SEO plugin v20.6 - https:\/\/yoast.com\/wordpress\/plugins\/seo\/ -->\n<title>VIBRADOR SHEGASM - ROSA - Tienda Er\u00f3tica<\/title>\n<meta name=\"robots\" content=\"noindex, follow, max-snippet:-1, max-image-preview:large, max-video-preview:-1\" \/>\n<meta property=\"og:locale\" content=\"es_ES\" \/>\n<meta property=\"og:type\" content=\"article\" \/>\n<meta property=\"og:title\" content=\"VIBRADOR SHEGASM - ROSA - Tienda Er\u00f3tica\" \/>\n<meta property=\"og:description\" content=\"SHEGASM INTENSE &#8211; PINK \u00a1Intensifica tus orgasmos con este simulador de sexo oral de doble extremo y vibraci\u00f3n del punto\" \/>\n<meta property=\"og:url\" content=\"https:\/\/demoweb.info\/sexshop001\/producto\/vibrador-shegasm-rosa\/\" \/>\n<meta property=\"og:site_name\" content=\"Tienda Er\u00f3tica\" \/>\n<meta property=\"article:modified_time\" content=\"2022-01-22T08:44:16+00:00\" \/>\n<meta property=\"og:image\" content=\"https:\/\/demoweb.info\/sexshop001\/wp-content\/uploads\/2022\/01\/VIBRADOR-SHEGASM-ROSA.jpg\" \/>\n\t<meta property=\"og:image:width\" content=\"550\" \/>\n\t<meta property=\"og:image:height\" content=\"550\" \/>\n\t<meta property=\"og:image:type\" content=\"image\/jpeg\" \/>\n<meta name=\"twitter:card\" content=\"summary_large_image\" \/>\n<meta name=\"twitter:label1\" content=\"Tiempo de lectura\" \/>\n\t<meta name=\"twitter:data1\" content=\"1 minuto\" \/>\n<script type=\"application\/ld+json\" class=\"yoast-schema-graph\">{\"@context\":\"https:\/\/schema.org\",\"@graph\":[{\"@type\":\"WebPage\",\"@id\":\"https:\/\/demoweb.info\/sexshop001\/producto\/vibrador-shegasm-rosa\/\",\"url\":\"https:\/\/demoweb.info\/sexshop001\/producto\/vibrador-shegasm-rosa\/\",\"name\":\"VIBRADOR SHEGASM - ROSA - Tienda Er\u00f3tica\",\"isPartOf\":{\"@id\":\"https:\/\/demoweb.info\/sexshop001\/#website\"},\"datePublished\":\"2022-01-22T08:43:58+00:00\",\"dateModified\":\"2022-01-22T08:44:16+00:00\",\"breadcrumb\":{\"@id\":\"https:\/\/demoweb.info\/sexshop001\/producto\/vibrador-shegasm-rosa\/#breadcrumb\"},\"inLanguage\":\"es\",\"potentialAction\":[{\"@type\":\"ReadAction\",\"target\":[\"https:\/\/demoweb.info\/sexshop001\/producto\/vibrador-shegasm-rosa\/\"]}]},{\"@type\":\"BreadcrumbList\",\"@id\":\"https:\/\/demoweb.info\/sexshop001\/producto\/vibrador-shegasm-rosa\/#breadcrumb\",\"itemListElement\":[{\"@type\":\"ListItem\",\"position\":1,\"name\":\"Portada\",\"item\":\"https:\/\/demoweb.info\/sexshop001\/\"},{\"@type\":\"ListItem\",\"position\":2,\"name\":\"Tienda\",\"item\":\"https:\/\/demoweb.info\/sexshop001\/tienda\/\"},{\"@type\":\"ListItem\",\"position\":3,\"name\":\"VIBRADOR SHEGASM &#8211; ROSA\"}]},{\"@type\":\"WebSite\",\"@id\":\"https:\/\/demoweb.info\/sexshop001\/#website\",\"url\":\"https:\/\/demoweb.info\/sexshop001\/\",\"name\":\"Tienda Er\u00f3tica\",\"description\":\"DEMOWEB SL\",\"potentialAction\":[{\"@type\":\"SearchAction\",\"target\":{\"@type\":\"EntryPoint\",\"urlTemplate\":\"https:\/\/demoweb.info\/sexshop001\/?s={search_term_string}\"},\"query-input\":\"required name=search_term_string\"}],\"inLanguage\":\"es\"}]}<\/script>\n<!-- \/ Yoast SEO plugin. -->","yoast_head_json":{"title":"VIBRADOR SHEGASM - ROSA - Tienda Er\u00f3tica","robots":{"index":"noindex","follow":"follow","max-snippet":"max-snippet:-1","max-image-preview":"max-image-preview:large","max-video-preview":"max-video-preview:-1"},"og_locale":"es_ES","og_type":"article","og_title":"VIBRADOR SHEGASM - ROSA - Tienda Er\u00f3tica","og_description":"SHEGASM INTENSE &#8211; PINK \u00a1Intensifica tus orgasmos con este simulador de sexo oral de doble extremo y vibraci\u00f3n del punto","og_url":"https:\/\/demoweb.info\/sexshop001\/producto\/vibrador-shegasm-rosa\/","og_site_name":"Tienda Er\u00f3tica","article_modified_time":"2022-01-22T08:44:16+00:00","og_image":[{"width":550,"height":550,"url":"https:\/\/demoweb.info\/sexshop001\/wp-content\/uploads\/2022\/01\/VIBRADOR-SHEGASM-ROSA.jpg","type":"image\/jpeg"}],"twitter_card":"summary_large_image","twitter_misc":{"Tiempo de lectura":"1 minuto"},"schema":{"@context":"https:\/\/schema.org","@graph":[{"@type":"WebPage","@id":"https:\/\/demoweb.info\/sexshop001\/producto\/vibrador-shegasm-rosa\/","url":"https:\/\/demoweb.info\/sexshop001\/producto\/vibrador-shegasm-rosa\/","name":"VIBRADOR SHEGASM - ROSA - Tienda Er\u00f3tica","isPartOf":{"@id":"https:\/\/demoweb.info\/sexshop001\/#website"},"datePublished":"2022-01-22T08:43:58+00:00","dateModified":"2022-01-22T08:44:16+00:00","breadcrumb":{"@id":"https:\/\/demoweb.info\/sexshop001\/producto\/vibrador-shegasm-rosa\/#breadcrumb"},"inLanguage":"es","potentialAction":[{"@type":"ReadAction","target":["https:\/\/demoweb.info\/sexshop001\/producto\/vibrador-shegasm-rosa\/"]}]},{"@type":"BreadcrumbList","@id":"https:\/\/demoweb.info\/sexshop001\/producto\/vibrador-shegasm-rosa\/#breadcrumb","itemListElement":[{"@type":"ListItem","position":1,"name":"Portada","item":"https:\/\/demoweb.info\/sexshop001\/"},{"@type":"ListItem","position":2,"name":"Tienda","item":"https:\/\/demoweb.info\/sexshop001\/tienda\/"},{"@type":"ListItem","position":3,"name":"VIBRADOR SHEGASM &#8211; ROSA"}]},{"@type":"WebSite","@id":"https:\/\/demoweb.info\/sexshop001\/#website","url":"https:\/\/demoweb.info\/sexshop001\/","name":"Tienda Er\u00f3tica","description":"DEMOWEB SL","potentialAction":[{"@type":"SearchAction","target":{"@type":"EntryPoint","urlTemplate":"https:\/\/demoweb.info\/sexshop001\/?s={search_term_string}"},"query-input":"required name=search_term_string"}],"inLanguage":"es"}]}},"_links":{"self":[{"href":"https:\/\/demoweb.info\/sexshop001\/wp-json\/wp\/v3\/product\/9573","targetHints":{"allow":["GET"]}}],"collection":[{"href":"https:\/\/demoweb.info\/sexshop001\/wp-json\/wp\/v3\/product"}],"about":[{"href":"https:\/\/demoweb.info\/sexshop001\/wp-json\/wp\/v2\/types\/product"}],"replies":[{"embeddable":true,"href":"https:\/\/demoweb.info\/sexshop001\/wp-json\/wp\/v2\/comments?post=9573"}],"wp:featuredmedia":[{"embeddable":true,"href":"https:\/\/demoweb.info\/sexshop001\/wp-json\/wp\/v2\/media\/9574"}],"wp:attachment":[{"href":"https:\/\/demoweb.info\/sexshop001\/wp-json\/wp\/v2\/media?parent=9573"}],"wp:term":[{"taxonomy":"product_cat","embeddable":true,"href":"https:\/\/demoweb.info\/sexshop001\/wp-json\/wp\/v2\/product_cat?post=9573"},{"taxonomy":"product_tag","embeddable":true,"href":"https:\/\/demoweb.info\/sexshop001\/wp-json\/wp\/v2\/product_tag?post=9573"}],"curies":[{"name":"wp","href":"https:\/\/api.w.org\/{rel}","templated":true}]}}