{"id":9561,"date":"2022-01-22T09:43:58","date_gmt":"2022-01-22T08:43:58","guid":{"rendered":"https:\/\/demoweb.info\/sexshop001\/producto\/sir-richards-control-masturbador-power-bator\/"},"modified":"2022-01-22T09:44:10","modified_gmt":"2022-01-22T08:44:10","slug":"sir-richards-control-masturbador-power-bator","status":"publish","type":"product","link":"https:\/\/demoweb.info\/sexshop001\/producto\/sir-richards-control-masturbador-power-bator\/","title":{"rendered":"SIR RICHARDS CONTROL &#8211; MASTURBADOR POWER BATOR"},"content":{"rendered":"<p><strong>SIR RICHARD&#39;S CONTROL &#8211; POWER-BATOR<\/strong><\/p>\n<p>Dise\u00f1ado con el poder de influir, CONTROL&scaron; ofrece tecnolog\u00eda para mejorar la masturbaci\u00f3n y elevar las experiencias \u00edntimas.<\/p>\n<p>Masturbaci\u00f3n moderna con un dise\u00f1o contempor\u00e1neo, CONTROL Power-Bator ofrece empuje con manos libres, calor relajante y charlas y gemidos sexys de forma simult\u00e1nea o independiente.<\/p>\n<p>El motor recargable ofrece un rendimiento potente con 7 modos de empuje intenso que permiten un placer personalizado.<\/p>\n<p>La manga interna rodea el eje con texturas flexibles y provocativas para aumentar esta poderosa experiencia de masturbaci\u00f3n.<\/p>\n<ul>\n<li>Peso del producto : 706 gram<\/li>\n<li>Di\u00e1metro del producto :8,9 cm<\/li>\n<li>Longitud insertable : 11,9 cm<\/li>\n<li>Recargable : S\u00ed<\/li>\n<li>Tiempo de recarga . 2 min<\/li>\n<li>Vida de la recarga de las bater\u00edas :1 min<\/li>\n<li>Materiales : Plastico<\/li>\n<\/ul>\n","protected":false},"excerpt":{"rendered":"<p>SIR RICHARD&#39;S CONTROL &#8211; POWER-BATOR Dise\u00f1ado con el poder de influir, CONTROL&scaron; ofrece tecnolog\u00eda para mejorar la masturbaci\u00f3n y elevar<\/p>\n","protected":false},"featured_media":9562,"comment_status":"open","ping_status":"open","template":"","meta":[],"product_cat":[364],"product_tag":[259,490],"class_list":["post-9561","product","type-product","status-publish","has-post-thumbnail","hentry","product_cat-con-vibracion","product_tag-pipedream","product_tag-sir-richards"],"bundled_by":[],"bundle_stock_status":"instock","bundle_stock_quantity":1,"bundle_virtual":false,"bundle_layout":"","bundle_add_to_cart_form_location":"","bundle_editable_in_cart":false,"bundle_sold_individually_context":"","bundle_item_grouping":"","bundle_min_size":"","bundle_max_size":"","bundled_items":[],"yoast_head":"<!-- This site is optimized with the Yoast SEO plugin v20.6 - https:\/\/yoast.com\/wordpress\/plugins\/seo\/ -->\n<title>SIR RICHARDS CONTROL - MASTURBADOR POWER BATOR - Tienda Er\u00f3tica<\/title>\n<meta name=\"robots\" content=\"noindex, follow, max-snippet:-1, max-image-preview:large, max-video-preview:-1\" \/>\n<meta property=\"og:locale\" content=\"es_ES\" \/>\n<meta property=\"og:type\" content=\"article\" \/>\n<meta property=\"og:title\" content=\"SIR RICHARDS CONTROL - MASTURBADOR POWER BATOR - Tienda Er\u00f3tica\" \/>\n<meta property=\"og:description\" content=\"SIR RICHARD&#039;S CONTROL &#8211; POWER-BATOR Dise\u00f1ado con el poder de influir, CONTROL&scaron; ofrece tecnolog\u00eda para mejorar la masturbaci\u00f3n y elevar\" \/>\n<meta property=\"og:url\" content=\"https:\/\/demoweb.info\/sexshop001\/producto\/sir-richards-control-masturbador-power-bator\/\" \/>\n<meta property=\"og:site_name\" content=\"Tienda Er\u00f3tica\" \/>\n<meta property=\"article:modified_time\" content=\"2022-01-22T08:44:10+00:00\" \/>\n<meta property=\"og:image\" content=\"https:\/\/demoweb.info\/sexshop001\/wp-content\/uploads\/2022\/01\/SIR-RICHARDS-CONTROL-MASTURBADOR-POWER-BATOR.jpg\" \/>\n\t<meta property=\"og:image:width\" content=\"550\" \/>\n\t<meta property=\"og:image:height\" content=\"550\" \/>\n\t<meta property=\"og:image:type\" content=\"image\/jpeg\" \/>\n<meta name=\"twitter:card\" content=\"summary_large_image\" \/>\n<meta name=\"twitter:label1\" content=\"Tiempo de lectura\" \/>\n\t<meta name=\"twitter:data1\" content=\"1 minuto\" \/>\n<script type=\"application\/ld+json\" class=\"yoast-schema-graph\">{\"@context\":\"https:\/\/schema.org\",\"@graph\":[{\"@type\":\"WebPage\",\"@id\":\"https:\/\/demoweb.info\/sexshop001\/producto\/sir-richards-control-masturbador-power-bator\/\",\"url\":\"https:\/\/demoweb.info\/sexshop001\/producto\/sir-richards-control-masturbador-power-bator\/\",\"name\":\"SIR RICHARDS CONTROL - MASTURBADOR POWER BATOR - Tienda Er\u00f3tica\",\"isPartOf\":{\"@id\":\"https:\/\/demoweb.info\/sexshop001\/#website\"},\"datePublished\":\"2022-01-22T08:43:58+00:00\",\"dateModified\":\"2022-01-22T08:44:10+00:00\",\"breadcrumb\":{\"@id\":\"https:\/\/demoweb.info\/sexshop001\/producto\/sir-richards-control-masturbador-power-bator\/#breadcrumb\"},\"inLanguage\":\"es\",\"potentialAction\":[{\"@type\":\"ReadAction\",\"target\":[\"https:\/\/demoweb.info\/sexshop001\/producto\/sir-richards-control-masturbador-power-bator\/\"]}]},{\"@type\":\"BreadcrumbList\",\"@id\":\"https:\/\/demoweb.info\/sexshop001\/producto\/sir-richards-control-masturbador-power-bator\/#breadcrumb\",\"itemListElement\":[{\"@type\":\"ListItem\",\"position\":1,\"name\":\"Portada\",\"item\":\"https:\/\/demoweb.info\/sexshop001\/\"},{\"@type\":\"ListItem\",\"position\":2,\"name\":\"Tienda\",\"item\":\"https:\/\/demoweb.info\/sexshop001\/tienda\/\"},{\"@type\":\"ListItem\",\"position\":3,\"name\":\"SIR RICHARDS CONTROL &#8211; MASTURBADOR POWER BATOR\"}]},{\"@type\":\"WebSite\",\"@id\":\"https:\/\/demoweb.info\/sexshop001\/#website\",\"url\":\"https:\/\/demoweb.info\/sexshop001\/\",\"name\":\"Tienda Er\u00f3tica\",\"description\":\"DEMOWEB SL\",\"potentialAction\":[{\"@type\":\"SearchAction\",\"target\":{\"@type\":\"EntryPoint\",\"urlTemplate\":\"https:\/\/demoweb.info\/sexshop001\/?s={search_term_string}\"},\"query-input\":\"required name=search_term_string\"}],\"inLanguage\":\"es\"}]}<\/script>\n<!-- \/ Yoast SEO plugin. -->","yoast_head_json":{"title":"SIR RICHARDS CONTROL - MASTURBADOR POWER BATOR - Tienda Er\u00f3tica","robots":{"index":"noindex","follow":"follow","max-snippet":"max-snippet:-1","max-image-preview":"max-image-preview:large","max-video-preview":"max-video-preview:-1"},"og_locale":"es_ES","og_type":"article","og_title":"SIR RICHARDS CONTROL - MASTURBADOR POWER BATOR - Tienda Er\u00f3tica","og_description":"SIR RICHARD&#39;S CONTROL &#8211; POWER-BATOR Dise\u00f1ado con el poder de influir, CONTROL&scaron; ofrece tecnolog\u00eda para mejorar la masturbaci\u00f3n y elevar","og_url":"https:\/\/demoweb.info\/sexshop001\/producto\/sir-richards-control-masturbador-power-bator\/","og_site_name":"Tienda Er\u00f3tica","article_modified_time":"2022-01-22T08:44:10+00:00","og_image":[{"width":550,"height":550,"url":"https:\/\/demoweb.info\/sexshop001\/wp-content\/uploads\/2022\/01\/SIR-RICHARDS-CONTROL-MASTURBADOR-POWER-BATOR.jpg","type":"image\/jpeg"}],"twitter_card":"summary_large_image","twitter_misc":{"Tiempo de lectura":"1 minuto"},"schema":{"@context":"https:\/\/schema.org","@graph":[{"@type":"WebPage","@id":"https:\/\/demoweb.info\/sexshop001\/producto\/sir-richards-control-masturbador-power-bator\/","url":"https:\/\/demoweb.info\/sexshop001\/producto\/sir-richards-control-masturbador-power-bator\/","name":"SIR RICHARDS CONTROL - MASTURBADOR POWER BATOR - Tienda Er\u00f3tica","isPartOf":{"@id":"https:\/\/demoweb.info\/sexshop001\/#website"},"datePublished":"2022-01-22T08:43:58+00:00","dateModified":"2022-01-22T08:44:10+00:00","breadcrumb":{"@id":"https:\/\/demoweb.info\/sexshop001\/producto\/sir-richards-control-masturbador-power-bator\/#breadcrumb"},"inLanguage":"es","potentialAction":[{"@type":"ReadAction","target":["https:\/\/demoweb.info\/sexshop001\/producto\/sir-richards-control-masturbador-power-bator\/"]}]},{"@type":"BreadcrumbList","@id":"https:\/\/demoweb.info\/sexshop001\/producto\/sir-richards-control-masturbador-power-bator\/#breadcrumb","itemListElement":[{"@type":"ListItem","position":1,"name":"Portada","item":"https:\/\/demoweb.info\/sexshop001\/"},{"@type":"ListItem","position":2,"name":"Tienda","item":"https:\/\/demoweb.info\/sexshop001\/tienda\/"},{"@type":"ListItem","position":3,"name":"SIR RICHARDS CONTROL &#8211; MASTURBADOR POWER BATOR"}]},{"@type":"WebSite","@id":"https:\/\/demoweb.info\/sexshop001\/#website","url":"https:\/\/demoweb.info\/sexshop001\/","name":"Tienda Er\u00f3tica","description":"DEMOWEB SL","potentialAction":[{"@type":"SearchAction","target":{"@type":"EntryPoint","urlTemplate":"https:\/\/demoweb.info\/sexshop001\/?s={search_term_string}"},"query-input":"required name=search_term_string"}],"inLanguage":"es"}]}},"_links":{"self":[{"href":"https:\/\/demoweb.info\/sexshop001\/wp-json\/wp\/v3\/product\/9561","targetHints":{"allow":["GET"]}}],"collection":[{"href":"https:\/\/demoweb.info\/sexshop001\/wp-json\/wp\/v3\/product"}],"about":[{"href":"https:\/\/demoweb.info\/sexshop001\/wp-json\/wp\/v2\/types\/product"}],"replies":[{"embeddable":true,"href":"https:\/\/demoweb.info\/sexshop001\/wp-json\/wp\/v2\/comments?post=9561"}],"wp:featuredmedia":[{"embeddable":true,"href":"https:\/\/demoweb.info\/sexshop001\/wp-json\/wp\/v2\/media\/9562"}],"wp:attachment":[{"href":"https:\/\/demoweb.info\/sexshop001\/wp-json\/wp\/v2\/media?parent=9561"}],"wp:term":[{"taxonomy":"product_cat","embeddable":true,"href":"https:\/\/demoweb.info\/sexshop001\/wp-json\/wp\/v2\/product_cat?post=9561"},{"taxonomy":"product_tag","embeddable":true,"href":"https:\/\/demoweb.info\/sexshop001\/wp-json\/wp\/v2\/product_tag?post=9561"}],"curies":[{"name":"wp","href":"https:\/\/api.w.org\/{rel}","templated":true}]}}