{"id":9540,"date":"2022-01-22T09:43:58","date_gmt":"2022-01-22T08:43:58","guid":{"rendered":"https:\/\/demoweb.info\/sexshop001\/producto\/sir-richards-control-masturbador-10-funciones-silicona\/"},"modified":"2022-01-22T09:44:01","modified_gmt":"2022-01-22T08:44:01","slug":"sir-richards-control-masturbador-10-funciones-silicona","status":"publish","type":"product","link":"https:\/\/demoweb.info\/sexshop001\/producto\/sir-richards-control-masturbador-10-funciones-silicona\/","title":{"rendered":"SIR RICHARDS CONTROL &#8211; MASTURBADOR 10 FUNCIONES SILICONA"},"content":{"rendered":"<p><strong>SIR RICHARD&#39;S CONTROL &#8211; ADVANCED SILICONE COCK TEASER<\/strong><\/p>\n<p>Dise\u00f1ado con el poder de influir, CONTROL ofrece tecnolog\u00eda para mejorar la masturbaci\u00f3n y elevar las experiencias \u00edntimas.<\/p>\n<p>El Advanced Silicone Cock Teaser fue dise\u00f1ado para llevarte de manera efectiva de fl\u00e1cido a erecto rodeando c\u00f3modamente toda tu cabeza, frenillo y eje superior con vibraciones potentes.<\/p>\n<p>Con el motor interno bien ubicado, 10 patrones vibratorios abarcan la cabeza sensible del pene para un placer intenso de masturbaci\u00f3n.<\/p>\n<p>El dise\u00f1o a prueba de agua se puede disfrutar en cualquier ambiente h\u00famedo.<\/p>\n<ul>\n<li>Di\u00e1metro del producto  : 5,5 cm<\/li>\n<li>Di\u00e1metro interno :4,8 cm<\/li>\n<li>Longitud insertable :10,4 cm<\/li>\n<li>Recargable :  S\u00ed<\/li>\n<li>Tiempo de recarga : 1 min<\/li>\n<li>Vida de la recarga de las bater\u00edas : 1 min<\/li>\n<li>A prueba de agua  S\u00ed<\/li>\n<li>Materiales : Silicona<\/li>\n<\/ul>\n","protected":false},"excerpt":{"rendered":"<p>SIR RICHARD&#39;S CONTROL &#8211; ADVANCED SILICONE COCK TEASER Dise\u00f1ado con el poder de influir, CONTROL ofrece tecnolog\u00eda para mejorar la<\/p>\n","protected":false},"featured_media":9541,"comment_status":"open","ping_status":"open","template":"","meta":[],"product_cat":[364],"product_tag":[259,490],"class_list":["post-9540","product","type-product","status-publish","has-post-thumbnail","hentry","product_cat-con-vibracion","product_tag-pipedream","product_tag-sir-richards"],"bundled_by":[],"bundle_stock_status":"instock","bundle_stock_quantity":1,"bundle_virtual":false,"bundle_layout":"","bundle_add_to_cart_form_location":"","bundle_editable_in_cart":false,"bundle_sold_individually_context":"","bundle_item_grouping":"","bundle_min_size":"","bundle_max_size":"","bundled_items":[],"yoast_head":"<!-- This site is optimized with the Yoast SEO plugin v20.6 - https:\/\/yoast.com\/wordpress\/plugins\/seo\/ -->\n<title>SIR RICHARDS CONTROL - MASTURBADOR 10 FUNCIONES SILICONA - Tienda Er\u00f3tica<\/title>\n<meta name=\"robots\" content=\"noindex, follow, max-snippet:-1, max-image-preview:large, max-video-preview:-1\" \/>\n<meta property=\"og:locale\" content=\"es_ES\" \/>\n<meta property=\"og:type\" content=\"article\" \/>\n<meta property=\"og:title\" content=\"SIR RICHARDS CONTROL - MASTURBADOR 10 FUNCIONES SILICONA - Tienda Er\u00f3tica\" \/>\n<meta property=\"og:description\" content=\"SIR RICHARD&#039;S CONTROL &#8211; ADVANCED SILICONE COCK TEASER Dise\u00f1ado con el poder de influir, CONTROL ofrece tecnolog\u00eda para mejorar la\" \/>\n<meta property=\"og:url\" content=\"https:\/\/demoweb.info\/sexshop001\/producto\/sir-richards-control-masturbador-10-funciones-silicona\/\" \/>\n<meta property=\"og:site_name\" content=\"Tienda Er\u00f3tica\" \/>\n<meta property=\"article:modified_time\" content=\"2022-01-22T08:44:01+00:00\" \/>\n<meta property=\"og:image\" content=\"https:\/\/demoweb.info\/sexshop001\/wp-content\/uploads\/2022\/01\/SIR-RICHARDS-CONTROL-MASTURBADOR-10-FUNCIONES-SILICONA.jpg\" \/>\n\t<meta property=\"og:image:width\" content=\"550\" \/>\n\t<meta property=\"og:image:height\" content=\"550\" \/>\n\t<meta property=\"og:image:type\" content=\"image\/jpeg\" \/>\n<meta name=\"twitter:card\" content=\"summary_large_image\" \/>\n<meta name=\"twitter:label1\" content=\"Tiempo de lectura\" \/>\n\t<meta name=\"twitter:data1\" content=\"1 minuto\" \/>\n<script type=\"application\/ld+json\" class=\"yoast-schema-graph\">{\"@context\":\"https:\/\/schema.org\",\"@graph\":[{\"@type\":\"WebPage\",\"@id\":\"https:\/\/demoweb.info\/sexshop001\/producto\/sir-richards-control-masturbador-10-funciones-silicona\/\",\"url\":\"https:\/\/demoweb.info\/sexshop001\/producto\/sir-richards-control-masturbador-10-funciones-silicona\/\",\"name\":\"SIR RICHARDS CONTROL - MASTURBADOR 10 FUNCIONES SILICONA - Tienda Er\u00f3tica\",\"isPartOf\":{\"@id\":\"https:\/\/demoweb.info\/sexshop001\/#website\"},\"datePublished\":\"2022-01-22T08:43:58+00:00\",\"dateModified\":\"2022-01-22T08:44:01+00:00\",\"breadcrumb\":{\"@id\":\"https:\/\/demoweb.info\/sexshop001\/producto\/sir-richards-control-masturbador-10-funciones-silicona\/#breadcrumb\"},\"inLanguage\":\"es\",\"potentialAction\":[{\"@type\":\"ReadAction\",\"target\":[\"https:\/\/demoweb.info\/sexshop001\/producto\/sir-richards-control-masturbador-10-funciones-silicona\/\"]}]},{\"@type\":\"BreadcrumbList\",\"@id\":\"https:\/\/demoweb.info\/sexshop001\/producto\/sir-richards-control-masturbador-10-funciones-silicona\/#breadcrumb\",\"itemListElement\":[{\"@type\":\"ListItem\",\"position\":1,\"name\":\"Portada\",\"item\":\"https:\/\/demoweb.info\/sexshop001\/\"},{\"@type\":\"ListItem\",\"position\":2,\"name\":\"Tienda\",\"item\":\"https:\/\/demoweb.info\/sexshop001\/tienda\/\"},{\"@type\":\"ListItem\",\"position\":3,\"name\":\"SIR RICHARDS CONTROL &#8211; MASTURBADOR 10 FUNCIONES SILICONA\"}]},{\"@type\":\"WebSite\",\"@id\":\"https:\/\/demoweb.info\/sexshop001\/#website\",\"url\":\"https:\/\/demoweb.info\/sexshop001\/\",\"name\":\"Tienda Er\u00f3tica\",\"description\":\"DEMOWEB SL\",\"potentialAction\":[{\"@type\":\"SearchAction\",\"target\":{\"@type\":\"EntryPoint\",\"urlTemplate\":\"https:\/\/demoweb.info\/sexshop001\/?s={search_term_string}\"},\"query-input\":\"required name=search_term_string\"}],\"inLanguage\":\"es\"}]}<\/script>\n<!-- \/ Yoast SEO plugin. -->","yoast_head_json":{"title":"SIR RICHARDS CONTROL - MASTURBADOR 10 FUNCIONES SILICONA - Tienda Er\u00f3tica","robots":{"index":"noindex","follow":"follow","max-snippet":"max-snippet:-1","max-image-preview":"max-image-preview:large","max-video-preview":"max-video-preview:-1"},"og_locale":"es_ES","og_type":"article","og_title":"SIR RICHARDS CONTROL - MASTURBADOR 10 FUNCIONES SILICONA - Tienda Er\u00f3tica","og_description":"SIR RICHARD&#39;S CONTROL &#8211; ADVANCED SILICONE COCK TEASER Dise\u00f1ado con el poder de influir, CONTROL ofrece tecnolog\u00eda para mejorar la","og_url":"https:\/\/demoweb.info\/sexshop001\/producto\/sir-richards-control-masturbador-10-funciones-silicona\/","og_site_name":"Tienda Er\u00f3tica","article_modified_time":"2022-01-22T08:44:01+00:00","og_image":[{"width":550,"height":550,"url":"https:\/\/demoweb.info\/sexshop001\/wp-content\/uploads\/2022\/01\/SIR-RICHARDS-CONTROL-MASTURBADOR-10-FUNCIONES-SILICONA.jpg","type":"image\/jpeg"}],"twitter_card":"summary_large_image","twitter_misc":{"Tiempo de lectura":"1 minuto"},"schema":{"@context":"https:\/\/schema.org","@graph":[{"@type":"WebPage","@id":"https:\/\/demoweb.info\/sexshop001\/producto\/sir-richards-control-masturbador-10-funciones-silicona\/","url":"https:\/\/demoweb.info\/sexshop001\/producto\/sir-richards-control-masturbador-10-funciones-silicona\/","name":"SIR RICHARDS CONTROL - MASTURBADOR 10 FUNCIONES SILICONA - Tienda Er\u00f3tica","isPartOf":{"@id":"https:\/\/demoweb.info\/sexshop001\/#website"},"datePublished":"2022-01-22T08:43:58+00:00","dateModified":"2022-01-22T08:44:01+00:00","breadcrumb":{"@id":"https:\/\/demoweb.info\/sexshop001\/producto\/sir-richards-control-masturbador-10-funciones-silicona\/#breadcrumb"},"inLanguage":"es","potentialAction":[{"@type":"ReadAction","target":["https:\/\/demoweb.info\/sexshop001\/producto\/sir-richards-control-masturbador-10-funciones-silicona\/"]}]},{"@type":"BreadcrumbList","@id":"https:\/\/demoweb.info\/sexshop001\/producto\/sir-richards-control-masturbador-10-funciones-silicona\/#breadcrumb","itemListElement":[{"@type":"ListItem","position":1,"name":"Portada","item":"https:\/\/demoweb.info\/sexshop001\/"},{"@type":"ListItem","position":2,"name":"Tienda","item":"https:\/\/demoweb.info\/sexshop001\/tienda\/"},{"@type":"ListItem","position":3,"name":"SIR RICHARDS CONTROL &#8211; MASTURBADOR 10 FUNCIONES SILICONA"}]},{"@type":"WebSite","@id":"https:\/\/demoweb.info\/sexshop001\/#website","url":"https:\/\/demoweb.info\/sexshop001\/","name":"Tienda Er\u00f3tica","description":"DEMOWEB SL","potentialAction":[{"@type":"SearchAction","target":{"@type":"EntryPoint","urlTemplate":"https:\/\/demoweb.info\/sexshop001\/?s={search_term_string}"},"query-input":"required name=search_term_string"}],"inLanguage":"es"}]}},"_links":{"self":[{"href":"https:\/\/demoweb.info\/sexshop001\/wp-json\/wp\/v3\/product\/9540","targetHints":{"allow":["GET"]}}],"collection":[{"href":"https:\/\/demoweb.info\/sexshop001\/wp-json\/wp\/v3\/product"}],"about":[{"href":"https:\/\/demoweb.info\/sexshop001\/wp-json\/wp\/v2\/types\/product"}],"replies":[{"embeddable":true,"href":"https:\/\/demoweb.info\/sexshop001\/wp-json\/wp\/v2\/comments?post=9540"}],"wp:featuredmedia":[{"embeddable":true,"href":"https:\/\/demoweb.info\/sexshop001\/wp-json\/wp\/v2\/media\/9541"}],"wp:attachment":[{"href":"https:\/\/demoweb.info\/sexshop001\/wp-json\/wp\/v2\/media?parent=9540"}],"wp:term":[{"taxonomy":"product_cat","embeddable":true,"href":"https:\/\/demoweb.info\/sexshop001\/wp-json\/wp\/v2\/product_cat?post=9540"},{"taxonomy":"product_tag","embeddable":true,"href":"https:\/\/demoweb.info\/sexshop001\/wp-json\/wp\/v2\/product_tag?post=9540"}],"curies":[{"name":"wp","href":"https:\/\/api.w.org\/{rel}","templated":true}]}}