{"id":9483,"date":"2022-01-22T09:43:25","date_gmt":"2022-01-22T08:43:25","guid":{"rendered":"https:\/\/demoweb.info\/sexshop001\/producto\/fantasy-for-her-arnes-sin-tiras-9-funciones-morado\/"},"modified":"2022-01-22T09:43:35","modified_gmt":"2022-01-22T08:43:35","slug":"fantasy-for-her-arnes-sin-tiras-9-funciones-morado","status":"publish","type":"product","link":"https:\/\/demoweb.info\/sexshop001\/producto\/fantasy-for-her-arnes-sin-tiras-9-funciones-morado\/","title":{"rendered":"FANTASY FOR HER &#8211; ARNES SIN TIRAS 9 FUNCIONES, MORADO"},"content":{"rendered":"<p><strong>FANTASY FOR HER &#8211; HER ULTIMATE STRAPLESS STRAP-ON<\/strong><\/p>\n<p>\u00a1Ella hab\u00eda so\u00f1ado con tener este tipo de libertad!<\/p>\n<p>Su Ultimate Strapless Strap-On le otorgar\u00eda una mayor cercan\u00eda durante el juego sexual sin correas que se interpongan en el camino.<\/p>\n<p>Desliz\u00f3 suavemente la bombilla c\u00f3nica dentro de su tierno agujero.<\/p>\n<p>Le quedaba perfectamente como si hubiera sido hecho solo para ella.<\/p>\n<p>Mir\u00f3 hacia abajo y admir\u00f3 el delgado consolador de silicona que se extend\u00eda sin esfuerzo desde ella.<\/p>\n<p>\u00a1Guauu!<\/p>\n<p>Se sent\u00eda incre\u00edblemente sexy y poderosa.<\/p>\n<p>Dimensiones de control remoto:<\/p>\n<ul>\n<li>Peso: 17 gramos<\/li>\n<li>Longitud: 8,5 cm<\/li>\n<li>Ancho: 3,5 cm.<\/li>\n<li>Profundidad: 2,1 cm<\/li>\n<li>Longitud insertable    11,9 cm<\/li>\n<li>Tipos de velocidad    6<\/li>\n<li>Recargable    S\u00ed<\/li>\n<li>Tiempo de recarga    2 min<\/li>\n<li>Vida de la recarga de las bater\u00edas    2 min<\/li>\n<li>A prueba de agua    S\u00ed<\/li>\n<li>Material : Silicona <\/li>\n<\/ul>\n","protected":false},"excerpt":{"rendered":"<p>FANTASY FOR HER &#8211; HER ULTIMATE STRAPLESS STRAP-ON \u00a1Ella hab\u00eda so\u00f1ado con tener este tipo de libertad! Su Ultimate Strapless<\/p>\n","protected":false},"featured_media":9484,"comment_status":"open","ping_status":"open","template":"","meta":[],"product_cat":[273],"product_tag":[486,259],"class_list":["post-9483","product","type-product","status-publish","has-post-thumbnail","hentry","product_cat-silicona-sin-sujecion","product_tag-fantasy-for-her","product_tag-pipedream"],"bundled_by":[],"bundle_stock_status":"instock","bundle_stock_quantity":2,"bundle_virtual":false,"bundle_layout":"","bundle_add_to_cart_form_location":"","bundle_editable_in_cart":false,"bundle_sold_individually_context":"","bundle_item_grouping":"","bundle_min_size":"","bundle_max_size":"","bundled_items":[],"yoast_head":"<!-- This site is optimized with the Yoast SEO plugin v20.6 - https:\/\/yoast.com\/wordpress\/plugins\/seo\/ -->\n<title>FANTASY FOR HER - ARNES SIN TIRAS 9 FUNCIONES, MORADO - Tienda Er\u00f3tica<\/title>\n<meta name=\"robots\" content=\"noindex, follow, max-snippet:-1, max-image-preview:large, max-video-preview:-1\" \/>\n<meta property=\"og:locale\" content=\"es_ES\" \/>\n<meta property=\"og:type\" content=\"article\" \/>\n<meta property=\"og:title\" content=\"FANTASY FOR HER - ARNES SIN TIRAS 9 FUNCIONES, MORADO - Tienda Er\u00f3tica\" \/>\n<meta property=\"og:description\" content=\"FANTASY FOR HER &#8211; HER ULTIMATE STRAPLESS STRAP-ON \u00a1Ella hab\u00eda so\u00f1ado con tener este tipo de libertad! Su Ultimate Strapless\" \/>\n<meta property=\"og:url\" content=\"https:\/\/demoweb.info\/sexshop001\/producto\/fantasy-for-her-arnes-sin-tiras-9-funciones-morado\/\" \/>\n<meta property=\"og:site_name\" content=\"Tienda Er\u00f3tica\" \/>\n<meta property=\"article:modified_time\" content=\"2022-01-22T08:43:35+00:00\" \/>\n<meta property=\"og:image\" content=\"https:\/\/demoweb.info\/sexshop001\/wp-content\/uploads\/2022\/01\/FANTASY-FOR-HER-ARNES-SIN-TIRAS-9-FUNCIONES-MORADO.jpg\" \/>\n\t<meta property=\"og:image:width\" content=\"550\" \/>\n\t<meta property=\"og:image:height\" content=\"550\" \/>\n\t<meta property=\"og:image:type\" content=\"image\/jpeg\" \/>\n<meta name=\"twitter:card\" content=\"summary_large_image\" \/>\n<meta name=\"twitter:label1\" content=\"Tiempo de lectura\" \/>\n\t<meta name=\"twitter:data1\" content=\"1 minuto\" \/>\n<script type=\"application\/ld+json\" class=\"yoast-schema-graph\">{\"@context\":\"https:\/\/schema.org\",\"@graph\":[{\"@type\":\"WebPage\",\"@id\":\"https:\/\/demoweb.info\/sexshop001\/producto\/fantasy-for-her-arnes-sin-tiras-9-funciones-morado\/\",\"url\":\"https:\/\/demoweb.info\/sexshop001\/producto\/fantasy-for-her-arnes-sin-tiras-9-funciones-morado\/\",\"name\":\"FANTASY FOR HER - ARNES SIN TIRAS 9 FUNCIONES, MORADO - Tienda Er\u00f3tica\",\"isPartOf\":{\"@id\":\"https:\/\/demoweb.info\/sexshop001\/#website\"},\"datePublished\":\"2022-01-22T08:43:25+00:00\",\"dateModified\":\"2022-01-22T08:43:35+00:00\",\"breadcrumb\":{\"@id\":\"https:\/\/demoweb.info\/sexshop001\/producto\/fantasy-for-her-arnes-sin-tiras-9-funciones-morado\/#breadcrumb\"},\"inLanguage\":\"es\",\"potentialAction\":[{\"@type\":\"ReadAction\",\"target\":[\"https:\/\/demoweb.info\/sexshop001\/producto\/fantasy-for-her-arnes-sin-tiras-9-funciones-morado\/\"]}]},{\"@type\":\"BreadcrumbList\",\"@id\":\"https:\/\/demoweb.info\/sexshop001\/producto\/fantasy-for-her-arnes-sin-tiras-9-funciones-morado\/#breadcrumb\",\"itemListElement\":[{\"@type\":\"ListItem\",\"position\":1,\"name\":\"Portada\",\"item\":\"https:\/\/demoweb.info\/sexshop001\/\"},{\"@type\":\"ListItem\",\"position\":2,\"name\":\"Tienda\",\"item\":\"https:\/\/demoweb.info\/sexshop001\/tienda\/\"},{\"@type\":\"ListItem\",\"position\":3,\"name\":\"FANTASY FOR HER &#8211; ARNES SIN TIRAS 9 FUNCIONES, MORADO\"}]},{\"@type\":\"WebSite\",\"@id\":\"https:\/\/demoweb.info\/sexshop001\/#website\",\"url\":\"https:\/\/demoweb.info\/sexshop001\/\",\"name\":\"Tienda Er\u00f3tica\",\"description\":\"DEMOWEB SL\",\"potentialAction\":[{\"@type\":\"SearchAction\",\"target\":{\"@type\":\"EntryPoint\",\"urlTemplate\":\"https:\/\/demoweb.info\/sexshop001\/?s={search_term_string}\"},\"query-input\":\"required name=search_term_string\"}],\"inLanguage\":\"es\"}]}<\/script>\n<!-- \/ Yoast SEO plugin. -->","yoast_head_json":{"title":"FANTASY FOR HER - ARNES SIN TIRAS 9 FUNCIONES, MORADO - Tienda Er\u00f3tica","robots":{"index":"noindex","follow":"follow","max-snippet":"max-snippet:-1","max-image-preview":"max-image-preview:large","max-video-preview":"max-video-preview:-1"},"og_locale":"es_ES","og_type":"article","og_title":"FANTASY FOR HER - ARNES SIN TIRAS 9 FUNCIONES, MORADO - Tienda Er\u00f3tica","og_description":"FANTASY FOR HER &#8211; HER ULTIMATE STRAPLESS STRAP-ON \u00a1Ella hab\u00eda so\u00f1ado con tener este tipo de libertad! Su Ultimate Strapless","og_url":"https:\/\/demoweb.info\/sexshop001\/producto\/fantasy-for-her-arnes-sin-tiras-9-funciones-morado\/","og_site_name":"Tienda Er\u00f3tica","article_modified_time":"2022-01-22T08:43:35+00:00","og_image":[{"width":550,"height":550,"url":"https:\/\/demoweb.info\/sexshop001\/wp-content\/uploads\/2022\/01\/FANTASY-FOR-HER-ARNES-SIN-TIRAS-9-FUNCIONES-MORADO.jpg","type":"image\/jpeg"}],"twitter_card":"summary_large_image","twitter_misc":{"Tiempo de lectura":"1 minuto"},"schema":{"@context":"https:\/\/schema.org","@graph":[{"@type":"WebPage","@id":"https:\/\/demoweb.info\/sexshop001\/producto\/fantasy-for-her-arnes-sin-tiras-9-funciones-morado\/","url":"https:\/\/demoweb.info\/sexshop001\/producto\/fantasy-for-her-arnes-sin-tiras-9-funciones-morado\/","name":"FANTASY FOR HER - ARNES SIN TIRAS 9 FUNCIONES, MORADO - Tienda Er\u00f3tica","isPartOf":{"@id":"https:\/\/demoweb.info\/sexshop001\/#website"},"datePublished":"2022-01-22T08:43:25+00:00","dateModified":"2022-01-22T08:43:35+00:00","breadcrumb":{"@id":"https:\/\/demoweb.info\/sexshop001\/producto\/fantasy-for-her-arnes-sin-tiras-9-funciones-morado\/#breadcrumb"},"inLanguage":"es","potentialAction":[{"@type":"ReadAction","target":["https:\/\/demoweb.info\/sexshop001\/producto\/fantasy-for-her-arnes-sin-tiras-9-funciones-morado\/"]}]},{"@type":"BreadcrumbList","@id":"https:\/\/demoweb.info\/sexshop001\/producto\/fantasy-for-her-arnes-sin-tiras-9-funciones-morado\/#breadcrumb","itemListElement":[{"@type":"ListItem","position":1,"name":"Portada","item":"https:\/\/demoweb.info\/sexshop001\/"},{"@type":"ListItem","position":2,"name":"Tienda","item":"https:\/\/demoweb.info\/sexshop001\/tienda\/"},{"@type":"ListItem","position":3,"name":"FANTASY FOR HER &#8211; ARNES SIN TIRAS 9 FUNCIONES, MORADO"}]},{"@type":"WebSite","@id":"https:\/\/demoweb.info\/sexshop001\/#website","url":"https:\/\/demoweb.info\/sexshop001\/","name":"Tienda Er\u00f3tica","description":"DEMOWEB SL","potentialAction":[{"@type":"SearchAction","target":{"@type":"EntryPoint","urlTemplate":"https:\/\/demoweb.info\/sexshop001\/?s={search_term_string}"},"query-input":"required name=search_term_string"}],"inLanguage":"es"}]}},"_links":{"self":[{"href":"https:\/\/demoweb.info\/sexshop001\/wp-json\/wp\/v3\/product\/9483","targetHints":{"allow":["GET"]}}],"collection":[{"href":"https:\/\/demoweb.info\/sexshop001\/wp-json\/wp\/v3\/product"}],"about":[{"href":"https:\/\/demoweb.info\/sexshop001\/wp-json\/wp\/v2\/types\/product"}],"replies":[{"embeddable":true,"href":"https:\/\/demoweb.info\/sexshop001\/wp-json\/wp\/v2\/comments?post=9483"}],"wp:featuredmedia":[{"embeddable":true,"href":"https:\/\/demoweb.info\/sexshop001\/wp-json\/wp\/v2\/media\/9484"}],"wp:attachment":[{"href":"https:\/\/demoweb.info\/sexshop001\/wp-json\/wp\/v2\/media?parent=9483"}],"wp:term":[{"taxonomy":"product_cat","embeddable":true,"href":"https:\/\/demoweb.info\/sexshop001\/wp-json\/wp\/v2\/product_cat?post=9483"},{"taxonomy":"product_tag","embeddable":true,"href":"https:\/\/demoweb.info\/sexshop001\/wp-json\/wp\/v2\/product_tag?post=9483"}],"curies":[{"name":"wp","href":"https:\/\/api.w.org\/{rel}","templated":true}]}}