{"id":9471,"date":"2022-01-22T09:43:25","date_gmt":"2022-01-22T08:43:25","guid":{"rendered":"https:\/\/demoweb.info\/sexshop001\/producto\/fantasy-for-her-lengua-vibradora-sexo-oral-morado\/"},"modified":"2022-01-22T09:43:30","modified_gmt":"2022-01-22T08:43:30","slug":"fantasy-for-her-lengua-vibradora-sexo-oral-morado","status":"publish","type":"product","link":"https:\/\/demoweb.info\/sexshop001\/producto\/fantasy-for-her-lengua-vibradora-sexo-oral-morado\/","title":{"rendered":"FANTASY FOR HER &#8211; LENGUA VIBRADORA SEXO ORAL , MORADO"},"content":{"rendered":"<p><strong>FANTASY FOR HER &#8211; HER ULTIMATE TONGUE-GASM<\/strong><\/p>\n<p>Ella sonri\u00f3 y mantuvo presionado el bot\u00f3n para iniciar las poderosas vibraciones.<\/p>\n<p>La punta de la lengua comenz\u00f3 a temblar y latir con una corriente de vibraci\u00f3n intensa.<\/p>\n<p>El dise\u00f1o redondeado le facilit\u00f3 guiar la punta c\u00f3nica hacia su cl\u00edtoris, el n\u00facleo de su punto de placer.<\/p>\n<p>\u00a1Guauu!<\/p>\n<p>Con un jadeo, sostuvo la lengua parpadeante contra su cl\u00edtoris y sinti\u00f3 que un calor estimulante la inundaba.<\/p>\n<ul>\n<li>Di\u00e1metro del producto : 4,1 cm<\/li>\n<li>Longitud insertable  :9,7 cm<\/li>\n<li>Tipos de velocidad : 7<\/li>\n<li>Recargable : S\u00ed<\/li>\n<li>Tiempo de recarga : 2 min<\/li>\n<li>Vida de la recarga de las bater\u00edas : 2 min<\/li>\n<li>A prueba de agua: S\u00ed<\/li>\n<li>Materiales : Silicona<\/li>\n<\/ul>\n","protected":false},"excerpt":{"rendered":"<p>FANTASY FOR HER &#8211; HER ULTIMATE TONGUE-GASM Ella sonri\u00f3 y mantuvo presionado el bot\u00f3n para iniciar las poderosas vibraciones. La<\/p>\n","protected":false},"featured_media":9472,"comment_status":"open","ping_status":"open","template":"","meta":[],"product_cat":[370],"product_tag":[486,259],"class_list":["post-9471","product","type-product","status-publish","has-post-thumbnail","hentry","product_cat-clitoris","product_tag-fantasy-for-her","product_tag-pipedream"],"bundled_by":[],"bundle_stock_status":"instock","bundle_stock_quantity":1,"bundle_virtual":false,"bundle_layout":"","bundle_add_to_cart_form_location":"","bundle_editable_in_cart":false,"bundle_sold_individually_context":"","bundle_item_grouping":"","bundle_min_size":"","bundle_max_size":"","bundled_items":[],"yoast_head":"<!-- This site is optimized with the Yoast SEO plugin v20.6 - https:\/\/yoast.com\/wordpress\/plugins\/seo\/ -->\n<title>FANTASY FOR HER - LENGUA VIBRADORA SEXO ORAL , MORADO - Tienda Er\u00f3tica<\/title>\n<meta name=\"robots\" content=\"noindex, follow, max-snippet:-1, max-image-preview:large, max-video-preview:-1\" \/>\n<meta property=\"og:locale\" content=\"es_ES\" \/>\n<meta property=\"og:type\" content=\"article\" \/>\n<meta property=\"og:title\" content=\"FANTASY FOR HER - LENGUA VIBRADORA SEXO ORAL , MORADO - Tienda Er\u00f3tica\" \/>\n<meta property=\"og:description\" content=\"FANTASY FOR HER &#8211; HER ULTIMATE TONGUE-GASM Ella sonri\u00f3 y mantuvo presionado el bot\u00f3n para iniciar las poderosas vibraciones. La\" \/>\n<meta property=\"og:url\" content=\"https:\/\/demoweb.info\/sexshop001\/producto\/fantasy-for-her-lengua-vibradora-sexo-oral-morado\/\" \/>\n<meta property=\"og:site_name\" content=\"Tienda Er\u00f3tica\" \/>\n<meta property=\"article:modified_time\" content=\"2022-01-22T08:43:30+00:00\" \/>\n<meta property=\"og:image\" content=\"https:\/\/demoweb.info\/sexshop001\/wp-content\/uploads\/2022\/01\/FANTASY-FOR-HER-LENGUA-VIBRADORA-SEXO-ORAL-MORADO.jpg\" \/>\n\t<meta property=\"og:image:width\" content=\"550\" \/>\n\t<meta property=\"og:image:height\" content=\"550\" \/>\n\t<meta property=\"og:image:type\" content=\"image\/jpeg\" \/>\n<meta name=\"twitter:card\" content=\"summary_large_image\" \/>\n<meta name=\"twitter:label1\" content=\"Tiempo de lectura\" \/>\n\t<meta name=\"twitter:data1\" content=\"1 minuto\" \/>\n<script type=\"application\/ld+json\" class=\"yoast-schema-graph\">{\"@context\":\"https:\/\/schema.org\",\"@graph\":[{\"@type\":\"WebPage\",\"@id\":\"https:\/\/demoweb.info\/sexshop001\/producto\/fantasy-for-her-lengua-vibradora-sexo-oral-morado\/\",\"url\":\"https:\/\/demoweb.info\/sexshop001\/producto\/fantasy-for-her-lengua-vibradora-sexo-oral-morado\/\",\"name\":\"FANTASY FOR HER - LENGUA VIBRADORA SEXO ORAL , MORADO - Tienda Er\u00f3tica\",\"isPartOf\":{\"@id\":\"https:\/\/demoweb.info\/sexshop001\/#website\"},\"datePublished\":\"2022-01-22T08:43:25+00:00\",\"dateModified\":\"2022-01-22T08:43:30+00:00\",\"breadcrumb\":{\"@id\":\"https:\/\/demoweb.info\/sexshop001\/producto\/fantasy-for-her-lengua-vibradora-sexo-oral-morado\/#breadcrumb\"},\"inLanguage\":\"es\",\"potentialAction\":[{\"@type\":\"ReadAction\",\"target\":[\"https:\/\/demoweb.info\/sexshop001\/producto\/fantasy-for-her-lengua-vibradora-sexo-oral-morado\/\"]}]},{\"@type\":\"BreadcrumbList\",\"@id\":\"https:\/\/demoweb.info\/sexshop001\/producto\/fantasy-for-her-lengua-vibradora-sexo-oral-morado\/#breadcrumb\",\"itemListElement\":[{\"@type\":\"ListItem\",\"position\":1,\"name\":\"Portada\",\"item\":\"https:\/\/demoweb.info\/sexshop001\/\"},{\"@type\":\"ListItem\",\"position\":2,\"name\":\"Tienda\",\"item\":\"https:\/\/demoweb.info\/sexshop001\/tienda\/\"},{\"@type\":\"ListItem\",\"position\":3,\"name\":\"FANTASY FOR HER &#8211; LENGUA VIBRADORA SEXO ORAL , MORADO\"}]},{\"@type\":\"WebSite\",\"@id\":\"https:\/\/demoweb.info\/sexshop001\/#website\",\"url\":\"https:\/\/demoweb.info\/sexshop001\/\",\"name\":\"Tienda Er\u00f3tica\",\"description\":\"DEMOWEB SL\",\"potentialAction\":[{\"@type\":\"SearchAction\",\"target\":{\"@type\":\"EntryPoint\",\"urlTemplate\":\"https:\/\/demoweb.info\/sexshop001\/?s={search_term_string}\"},\"query-input\":\"required name=search_term_string\"}],\"inLanguage\":\"es\"}]}<\/script>\n<!-- \/ Yoast SEO plugin. -->","yoast_head_json":{"title":"FANTASY FOR HER - LENGUA VIBRADORA SEXO ORAL , MORADO - Tienda Er\u00f3tica","robots":{"index":"noindex","follow":"follow","max-snippet":"max-snippet:-1","max-image-preview":"max-image-preview:large","max-video-preview":"max-video-preview:-1"},"og_locale":"es_ES","og_type":"article","og_title":"FANTASY FOR HER - LENGUA VIBRADORA SEXO ORAL , MORADO - Tienda Er\u00f3tica","og_description":"FANTASY FOR HER &#8211; HER ULTIMATE TONGUE-GASM Ella sonri\u00f3 y mantuvo presionado el bot\u00f3n para iniciar las poderosas vibraciones. La","og_url":"https:\/\/demoweb.info\/sexshop001\/producto\/fantasy-for-her-lengua-vibradora-sexo-oral-morado\/","og_site_name":"Tienda Er\u00f3tica","article_modified_time":"2022-01-22T08:43:30+00:00","og_image":[{"width":550,"height":550,"url":"https:\/\/demoweb.info\/sexshop001\/wp-content\/uploads\/2022\/01\/FANTASY-FOR-HER-LENGUA-VIBRADORA-SEXO-ORAL-MORADO.jpg","type":"image\/jpeg"}],"twitter_card":"summary_large_image","twitter_misc":{"Tiempo de lectura":"1 minuto"},"schema":{"@context":"https:\/\/schema.org","@graph":[{"@type":"WebPage","@id":"https:\/\/demoweb.info\/sexshop001\/producto\/fantasy-for-her-lengua-vibradora-sexo-oral-morado\/","url":"https:\/\/demoweb.info\/sexshop001\/producto\/fantasy-for-her-lengua-vibradora-sexo-oral-morado\/","name":"FANTASY FOR HER - LENGUA VIBRADORA SEXO ORAL , MORADO - Tienda Er\u00f3tica","isPartOf":{"@id":"https:\/\/demoweb.info\/sexshop001\/#website"},"datePublished":"2022-01-22T08:43:25+00:00","dateModified":"2022-01-22T08:43:30+00:00","breadcrumb":{"@id":"https:\/\/demoweb.info\/sexshop001\/producto\/fantasy-for-her-lengua-vibradora-sexo-oral-morado\/#breadcrumb"},"inLanguage":"es","potentialAction":[{"@type":"ReadAction","target":["https:\/\/demoweb.info\/sexshop001\/producto\/fantasy-for-her-lengua-vibradora-sexo-oral-morado\/"]}]},{"@type":"BreadcrumbList","@id":"https:\/\/demoweb.info\/sexshop001\/producto\/fantasy-for-her-lengua-vibradora-sexo-oral-morado\/#breadcrumb","itemListElement":[{"@type":"ListItem","position":1,"name":"Portada","item":"https:\/\/demoweb.info\/sexshop001\/"},{"@type":"ListItem","position":2,"name":"Tienda","item":"https:\/\/demoweb.info\/sexshop001\/tienda\/"},{"@type":"ListItem","position":3,"name":"FANTASY FOR HER &#8211; LENGUA VIBRADORA SEXO ORAL , MORADO"}]},{"@type":"WebSite","@id":"https:\/\/demoweb.info\/sexshop001\/#website","url":"https:\/\/demoweb.info\/sexshop001\/","name":"Tienda Er\u00f3tica","description":"DEMOWEB SL","potentialAction":[{"@type":"SearchAction","target":{"@type":"EntryPoint","urlTemplate":"https:\/\/demoweb.info\/sexshop001\/?s={search_term_string}"},"query-input":"required name=search_term_string"}],"inLanguage":"es"}]}},"_links":{"self":[{"href":"https:\/\/demoweb.info\/sexshop001\/wp-json\/wp\/v3\/product\/9471","targetHints":{"allow":["GET"]}}],"collection":[{"href":"https:\/\/demoweb.info\/sexshop001\/wp-json\/wp\/v3\/product"}],"about":[{"href":"https:\/\/demoweb.info\/sexshop001\/wp-json\/wp\/v2\/types\/product"}],"replies":[{"embeddable":true,"href":"https:\/\/demoweb.info\/sexshop001\/wp-json\/wp\/v2\/comments?post=9471"}],"wp:featuredmedia":[{"embeddable":true,"href":"https:\/\/demoweb.info\/sexshop001\/wp-json\/wp\/v2\/media\/9472"}],"wp:attachment":[{"href":"https:\/\/demoweb.info\/sexshop001\/wp-json\/wp\/v2\/media?parent=9471"}],"wp:term":[{"taxonomy":"product_cat","embeddable":true,"href":"https:\/\/demoweb.info\/sexshop001\/wp-json\/wp\/v2\/product_cat?post=9471"},{"taxonomy":"product_tag","embeddable":true,"href":"https:\/\/demoweb.info\/sexshop001\/wp-json\/wp\/v2\/product_tag?post=9471"}],"curies":[{"name":"wp","href":"https:\/\/api.w.org\/{rel}","templated":true}]}}