{"id":9464,"date":"2022-01-22T09:43:25","date_gmt":"2022-01-22T08:43:25","guid":{"rendered":"https:\/\/demoweb.info\/sexshop001\/producto\/fantasy-for-her-bala-control-remoto-recargable-morado\/"},"modified":"2022-01-22T09:43:27","modified_gmt":"2022-01-22T08:43:27","slug":"fantasy-for-her-bala-control-remoto-recargable-morado","status":"publish","type":"product","link":"https:\/\/demoweb.info\/sexshop001\/producto\/fantasy-for-her-bala-control-remoto-recargable-morado\/","title":{"rendered":"FANTASY FOR HER &#8211; BALA CONTROL REMOTO RECARGABLE, MORADO"},"content":{"rendered":"<p><strong>FANTASY FOR HER &#8211; HER RECHARGEABLE REMOTE CONTROL BULLET<\/strong><\/p>\n<p>\u00a1Finalmente! El peque\u00f1o placer perfecto para ella y su amante.<\/p>\n<p>Ella sonri\u00f3 mientras sosten\u00eda la peque\u00f1a y potente bala con un motor en su punta suave y redonda.<\/p>\n<p>Era ideal para la estimulaci\u00f3n corporal total para ella y su pareja.<\/p>\n<p>Encendi\u00f3 la bala y se burl\u00f3 de sus pezones primero.<\/p>\n<p>Luego, lentamente lo baj\u00f3 dentro de sus bragas hasta su sensible cl\u00edtoris.<\/p>\n<p>Oh! Incluso en la posici\u00f3n m\u00e1s baja, la bala alcanz\u00f3 su n\u00facleo con un placer pulsante.<\/p>\n<p>Sincroniz\u00f3 la bala con el peque\u00f1o control remoto y apag\u00f3 la vibraci\u00f3n estimulante, por ahora.<\/p>\n<p>Luego, deslizar\u00eda el control remoto a la mano de su amante y secretamente disfrutar\u00eda de una sensual seducci\u00f3n.<\/p>\n<p>Dimensiones de control remoto:<\/p>\n<ul>\n<li>Longitud: 8 cm<\/li>\n<li>Ancho: 3,5 cm.<\/li>\n<li>Altura: 2,3 cm.<\/li>\n<li>Peso del producto :56 gram<\/li>\n<li>Di\u00e1metro del producto: 1,8 cm<\/li>\n<li>Longitud insertable : 6,4 cm<\/li>\n<li>Tipos de velocidad :10<\/li>\n<li>Recargable: S\u00ed<\/li>\n<li>A prueba de agua : S\u00ed<\/li>\n<li>Presupuesto : Dimensions Remote Control:<\/li>\n<li>Materiales : Silicona<\/li>\n<\/ul>\n","protected":false},"excerpt":{"rendered":"<p>FANTASY FOR HER &#8211; HER RECHARGEABLE REMOTE CONTROL BULLET \u00a1Finalmente! El peque\u00f1o placer perfecto para ella y su amante. Ella<\/p>\n","protected":false},"featured_media":9465,"comment_status":"open","ping_status":"open","template":"","meta":[],"product_cat":[322],"product_tag":[486,259],"class_list":["post-9464","product","type-product","status-publish","has-post-thumbnail","hentry","product_cat-con-mando","product_tag-fantasy-for-her","product_tag-pipedream"],"bundled_by":[],"bundle_stock_status":"instock","bundle_stock_quantity":1,"bundle_virtual":false,"bundle_layout":"","bundle_add_to_cart_form_location":"","bundle_editable_in_cart":false,"bundle_sold_individually_context":"","bundle_item_grouping":"","bundle_min_size":"","bundle_max_size":"","bundled_items":[],"yoast_head":"<!-- This site is optimized with the Yoast SEO plugin v20.6 - https:\/\/yoast.com\/wordpress\/plugins\/seo\/ -->\n<title>FANTASY FOR HER - BALA CONTROL REMOTO RECARGABLE, MORADO - Tienda Er\u00f3tica<\/title>\n<meta name=\"robots\" content=\"noindex, follow, max-snippet:-1, max-image-preview:large, max-video-preview:-1\" \/>\n<meta property=\"og:locale\" content=\"es_ES\" \/>\n<meta property=\"og:type\" content=\"article\" \/>\n<meta property=\"og:title\" content=\"FANTASY FOR HER - BALA CONTROL REMOTO RECARGABLE, MORADO - Tienda Er\u00f3tica\" \/>\n<meta property=\"og:description\" content=\"FANTASY FOR HER &#8211; HER RECHARGEABLE REMOTE CONTROL BULLET \u00a1Finalmente! El peque\u00f1o placer perfecto para ella y su amante. Ella\" \/>\n<meta property=\"og:url\" content=\"https:\/\/demoweb.info\/sexshop001\/producto\/fantasy-for-her-bala-control-remoto-recargable-morado\/\" \/>\n<meta property=\"og:site_name\" content=\"Tienda Er\u00f3tica\" \/>\n<meta property=\"article:modified_time\" content=\"2022-01-22T08:43:27+00:00\" \/>\n<meta property=\"og:image\" content=\"https:\/\/demoweb.info\/sexshop001\/wp-content\/uploads\/2022\/01\/FANTASY-FOR-HER-BALA-CONTROL-REMOTO-RECARGABLE-MORADO.jpg\" \/>\n\t<meta property=\"og:image:width\" content=\"550\" \/>\n\t<meta property=\"og:image:height\" content=\"550\" \/>\n\t<meta property=\"og:image:type\" content=\"image\/jpeg\" \/>\n<meta name=\"twitter:card\" content=\"summary_large_image\" \/>\n<meta name=\"twitter:label1\" content=\"Tiempo de lectura\" \/>\n\t<meta name=\"twitter:data1\" content=\"1 minuto\" \/>\n<script type=\"application\/ld+json\" class=\"yoast-schema-graph\">{\"@context\":\"https:\/\/schema.org\",\"@graph\":[{\"@type\":\"WebPage\",\"@id\":\"https:\/\/demoweb.info\/sexshop001\/producto\/fantasy-for-her-bala-control-remoto-recargable-morado\/\",\"url\":\"https:\/\/demoweb.info\/sexshop001\/producto\/fantasy-for-her-bala-control-remoto-recargable-morado\/\",\"name\":\"FANTASY FOR HER - BALA CONTROL REMOTO RECARGABLE, MORADO - Tienda Er\u00f3tica\",\"isPartOf\":{\"@id\":\"https:\/\/demoweb.info\/sexshop001\/#website\"},\"datePublished\":\"2022-01-22T08:43:25+00:00\",\"dateModified\":\"2022-01-22T08:43:27+00:00\",\"breadcrumb\":{\"@id\":\"https:\/\/demoweb.info\/sexshop001\/producto\/fantasy-for-her-bala-control-remoto-recargable-morado\/#breadcrumb\"},\"inLanguage\":\"es\",\"potentialAction\":[{\"@type\":\"ReadAction\",\"target\":[\"https:\/\/demoweb.info\/sexshop001\/producto\/fantasy-for-her-bala-control-remoto-recargable-morado\/\"]}]},{\"@type\":\"BreadcrumbList\",\"@id\":\"https:\/\/demoweb.info\/sexshop001\/producto\/fantasy-for-her-bala-control-remoto-recargable-morado\/#breadcrumb\",\"itemListElement\":[{\"@type\":\"ListItem\",\"position\":1,\"name\":\"Portada\",\"item\":\"https:\/\/demoweb.info\/sexshop001\/\"},{\"@type\":\"ListItem\",\"position\":2,\"name\":\"Tienda\",\"item\":\"https:\/\/demoweb.info\/sexshop001\/tienda\/\"},{\"@type\":\"ListItem\",\"position\":3,\"name\":\"FANTASY FOR HER &#8211; BALA CONTROL REMOTO RECARGABLE, MORADO\"}]},{\"@type\":\"WebSite\",\"@id\":\"https:\/\/demoweb.info\/sexshop001\/#website\",\"url\":\"https:\/\/demoweb.info\/sexshop001\/\",\"name\":\"Tienda Er\u00f3tica\",\"description\":\"DEMOWEB SL\",\"potentialAction\":[{\"@type\":\"SearchAction\",\"target\":{\"@type\":\"EntryPoint\",\"urlTemplate\":\"https:\/\/demoweb.info\/sexshop001\/?s={search_term_string}\"},\"query-input\":\"required name=search_term_string\"}],\"inLanguage\":\"es\"}]}<\/script>\n<!-- \/ Yoast SEO plugin. -->","yoast_head_json":{"title":"FANTASY FOR HER - BALA CONTROL REMOTO RECARGABLE, MORADO - Tienda Er\u00f3tica","robots":{"index":"noindex","follow":"follow","max-snippet":"max-snippet:-1","max-image-preview":"max-image-preview:large","max-video-preview":"max-video-preview:-1"},"og_locale":"es_ES","og_type":"article","og_title":"FANTASY FOR HER - BALA CONTROL REMOTO RECARGABLE, MORADO - Tienda Er\u00f3tica","og_description":"FANTASY FOR HER &#8211; HER RECHARGEABLE REMOTE CONTROL BULLET \u00a1Finalmente! El peque\u00f1o placer perfecto para ella y su amante. Ella","og_url":"https:\/\/demoweb.info\/sexshop001\/producto\/fantasy-for-her-bala-control-remoto-recargable-morado\/","og_site_name":"Tienda Er\u00f3tica","article_modified_time":"2022-01-22T08:43:27+00:00","og_image":[{"width":550,"height":550,"url":"https:\/\/demoweb.info\/sexshop001\/wp-content\/uploads\/2022\/01\/FANTASY-FOR-HER-BALA-CONTROL-REMOTO-RECARGABLE-MORADO.jpg","type":"image\/jpeg"}],"twitter_card":"summary_large_image","twitter_misc":{"Tiempo de lectura":"1 minuto"},"schema":{"@context":"https:\/\/schema.org","@graph":[{"@type":"WebPage","@id":"https:\/\/demoweb.info\/sexshop001\/producto\/fantasy-for-her-bala-control-remoto-recargable-morado\/","url":"https:\/\/demoweb.info\/sexshop001\/producto\/fantasy-for-her-bala-control-remoto-recargable-morado\/","name":"FANTASY FOR HER - BALA CONTROL REMOTO RECARGABLE, MORADO - Tienda Er\u00f3tica","isPartOf":{"@id":"https:\/\/demoweb.info\/sexshop001\/#website"},"datePublished":"2022-01-22T08:43:25+00:00","dateModified":"2022-01-22T08:43:27+00:00","breadcrumb":{"@id":"https:\/\/demoweb.info\/sexshop001\/producto\/fantasy-for-her-bala-control-remoto-recargable-morado\/#breadcrumb"},"inLanguage":"es","potentialAction":[{"@type":"ReadAction","target":["https:\/\/demoweb.info\/sexshop001\/producto\/fantasy-for-her-bala-control-remoto-recargable-morado\/"]}]},{"@type":"BreadcrumbList","@id":"https:\/\/demoweb.info\/sexshop001\/producto\/fantasy-for-her-bala-control-remoto-recargable-morado\/#breadcrumb","itemListElement":[{"@type":"ListItem","position":1,"name":"Portada","item":"https:\/\/demoweb.info\/sexshop001\/"},{"@type":"ListItem","position":2,"name":"Tienda","item":"https:\/\/demoweb.info\/sexshop001\/tienda\/"},{"@type":"ListItem","position":3,"name":"FANTASY FOR HER &#8211; BALA CONTROL REMOTO RECARGABLE, MORADO"}]},{"@type":"WebSite","@id":"https:\/\/demoweb.info\/sexshop001\/#website","url":"https:\/\/demoweb.info\/sexshop001\/","name":"Tienda Er\u00f3tica","description":"DEMOWEB SL","potentialAction":[{"@type":"SearchAction","target":{"@type":"EntryPoint","urlTemplate":"https:\/\/demoweb.info\/sexshop001\/?s={search_term_string}"},"query-input":"required name=search_term_string"}],"inLanguage":"es"}]}},"_links":{"self":[{"href":"https:\/\/demoweb.info\/sexshop001\/wp-json\/wp\/v3\/product\/9464","targetHints":{"allow":["GET"]}}],"collection":[{"href":"https:\/\/demoweb.info\/sexshop001\/wp-json\/wp\/v3\/product"}],"about":[{"href":"https:\/\/demoweb.info\/sexshop001\/wp-json\/wp\/v2\/types\/product"}],"replies":[{"embeddable":true,"href":"https:\/\/demoweb.info\/sexshop001\/wp-json\/wp\/v2\/comments?post=9464"}],"wp:featuredmedia":[{"embeddable":true,"href":"https:\/\/demoweb.info\/sexshop001\/wp-json\/wp\/v2\/media\/9465"}],"wp:attachment":[{"href":"https:\/\/demoweb.info\/sexshop001\/wp-json\/wp\/v2\/media?parent=9464"}],"wp:term":[{"taxonomy":"product_cat","embeddable":true,"href":"https:\/\/demoweb.info\/sexshop001\/wp-json\/wp\/v2\/product_cat?post=9464"},{"taxonomy":"product_tag","embeddable":true,"href":"https:\/\/demoweb.info\/sexshop001\/wp-json\/wp\/v2\/product_tag?post=9464"}],"curies":[{"name":"wp","href":"https:\/\/api.w.org\/{rel}","templated":true}]}}