{"id":9384,"date":"2022-01-22T09:42:49","date_gmt":"2022-01-22T08:42:49","guid":{"rendered":"https:\/\/demoweb.info\/sexshop001\/producto\/fetish-fantasy-7-pene-realistico-con-arnes-178cm\/"},"modified":"2022-01-22T09:42:52","modified_gmt":"2022-01-22T08:42:52","slug":"fetish-fantasy-7-pene-realistico-con-arnes-178cm","status":"publish","type":"product","link":"https:\/\/demoweb.info\/sexshop001\/producto\/fetish-fantasy-7-pene-realistico-con-arnes-178cm\/","title":{"rendered":"FETISH FANTASY 7 &#8211; PENE REALISTICO CON ARNES, 17,8CM"},"content":{"rendered":"<p><strong>FETISH FANTASY 7<\/strong><\/p>\n<p>\u00bfSiempre han querido sentirse m\u00e1s seguros de su tama\u00f1o y disfrutar de sexo satisfactorio con su pareja el tiempo suficiente para que ambos alcancen el orgasmo?<\/p>\n<p>\u00a1Su amante sabe que el tama\u00f1o importa, y nada puede cumplir fantas\u00edas y complacer a una pareja como un hombre seguro que sabe lo que est\u00e1 haciendo!<\/p>\n<p>Ahora puedes tener la longitud y la circunferencia que siempre has so\u00f1ado y ser todo el hombre que puedas ser con la correa recargable hueca con bolas Fetish Fantasy Series 7 &Prime;.<\/p>\n<p>\u00a1Dile adi\u00f3s a las vergonzosas decepciones intermedias y saluda a una sonrisa satisfactoria de tu amante!<\/p>\n<p>El c\u00f3modo arn\u00e9s el\u00e1stico se ajusta f\u00e1cilmente para adaptarse a la mayor\u00eda de los tama\u00f1os, mientras que el consolador realista de 7 golpea el lugar correcto cada vez.<\/p>\n<p>Es perfecto para hombres con disfunci\u00f3n er\u00e9ctil, problemas de eyaculaci\u00f3n precoz o parejas que buscan agregar un poco de estilo a su diversi\u00f3n.<\/p>\n<p>Lo mejor de todo , \u00a1todav\u00eda puedes disfrutar del sexo caliente y cara a cara y asegurarte de que ambos se vayan juntos!<\/p>\n<ul>\n<li>Ajustes de la cintura: 71,1 cm &#8211; 132,1 cm<\/li>\n<li>Longitud interior: 10,2 cm<\/li>\n<li>Di\u00e1metro del producto :5,3 cm<\/li>\n<li>Di\u00e1metro interno :4,1 cm<\/li>\n<li>Longitud insertable :17,8 cm<\/li>\n<li>Velocidad m\u00faltiple : S\u00ed<\/li>\n<li>Recargable :S\u00ed<\/li>\n<li>Materiales: PVC<\/li>\n<\/ul>\n","protected":false},"excerpt":{"rendered":"<p>FETISH FANTASY 7 \u00bfSiempre han querido sentirse m\u00e1s seguros de su tama\u00f1o y disfrutar de sexo satisfactorio con su pareja<\/p>\n","protected":false},"featured_media":9385,"comment_status":"open","ping_status":"open","template":"","meta":[],"product_cat":[481],"product_tag":[482,259],"class_list":["post-9384","product","type-product","status-publish","has-post-thumbnail","hentry","product_cat-huecos","product_tag-fetish-fantasy-elite","product_tag-pipedream"],"bundled_by":[],"bundle_stock_status":"instock","bundle_stock_quantity":1,"bundle_virtual":false,"bundle_layout":"","bundle_add_to_cart_form_location":"","bundle_editable_in_cart":false,"bundle_sold_individually_context":"","bundle_item_grouping":"","bundle_min_size":"","bundle_max_size":"","bundled_items":[],"yoast_head":"<!-- This site is optimized with the Yoast SEO plugin v20.6 - https:\/\/yoast.com\/wordpress\/plugins\/seo\/ -->\n<title>FETISH FANTASY 7 - PENE REALISTICO CON ARNES, 17,8CM - Tienda Er\u00f3tica<\/title>\n<meta name=\"robots\" content=\"noindex, follow, max-snippet:-1, max-image-preview:large, max-video-preview:-1\" \/>\n<meta property=\"og:locale\" content=\"es_ES\" \/>\n<meta property=\"og:type\" content=\"article\" \/>\n<meta property=\"og:title\" content=\"FETISH FANTASY 7 - PENE REALISTICO CON ARNES, 17,8CM - Tienda Er\u00f3tica\" \/>\n<meta property=\"og:description\" content=\"FETISH FANTASY 7 \u00bfSiempre han querido sentirse m\u00e1s seguros de su tama\u00f1o y disfrutar de sexo satisfactorio con su pareja\" \/>\n<meta property=\"og:url\" content=\"https:\/\/demoweb.info\/sexshop001\/producto\/fetish-fantasy-7-pene-realistico-con-arnes-178cm\/\" \/>\n<meta property=\"og:site_name\" content=\"Tienda Er\u00f3tica\" \/>\n<meta property=\"article:modified_time\" content=\"2022-01-22T08:42:52+00:00\" \/>\n<meta property=\"og:image\" content=\"https:\/\/demoweb.info\/sexshop001\/wp-content\/uploads\/2022\/01\/FETISH-FANTASY-7-PENE-REALISTICO-CON-ARNES-178CM.jpg\" \/>\n\t<meta property=\"og:image:width\" content=\"550\" \/>\n\t<meta property=\"og:image:height\" content=\"550\" \/>\n\t<meta property=\"og:image:type\" content=\"image\/jpeg\" \/>\n<meta name=\"twitter:card\" content=\"summary_large_image\" \/>\n<meta name=\"twitter:label1\" content=\"Tiempo de lectura\" \/>\n\t<meta name=\"twitter:data1\" content=\"1 minuto\" \/>\n<script type=\"application\/ld+json\" class=\"yoast-schema-graph\">{\"@context\":\"https:\/\/schema.org\",\"@graph\":[{\"@type\":\"WebPage\",\"@id\":\"https:\/\/demoweb.info\/sexshop001\/producto\/fetish-fantasy-7-pene-realistico-con-arnes-178cm\/\",\"url\":\"https:\/\/demoweb.info\/sexshop001\/producto\/fetish-fantasy-7-pene-realistico-con-arnes-178cm\/\",\"name\":\"FETISH FANTASY 7 - PENE REALISTICO CON ARNES, 17,8CM - Tienda Er\u00f3tica\",\"isPartOf\":{\"@id\":\"https:\/\/demoweb.info\/sexshop001\/#website\"},\"datePublished\":\"2022-01-22T08:42:49+00:00\",\"dateModified\":\"2022-01-22T08:42:52+00:00\",\"breadcrumb\":{\"@id\":\"https:\/\/demoweb.info\/sexshop001\/producto\/fetish-fantasy-7-pene-realistico-con-arnes-178cm\/#breadcrumb\"},\"inLanguage\":\"es\",\"potentialAction\":[{\"@type\":\"ReadAction\",\"target\":[\"https:\/\/demoweb.info\/sexshop001\/producto\/fetish-fantasy-7-pene-realistico-con-arnes-178cm\/\"]}]},{\"@type\":\"BreadcrumbList\",\"@id\":\"https:\/\/demoweb.info\/sexshop001\/producto\/fetish-fantasy-7-pene-realistico-con-arnes-178cm\/#breadcrumb\",\"itemListElement\":[{\"@type\":\"ListItem\",\"position\":1,\"name\":\"Portada\",\"item\":\"https:\/\/demoweb.info\/sexshop001\/\"},{\"@type\":\"ListItem\",\"position\":2,\"name\":\"Tienda\",\"item\":\"https:\/\/demoweb.info\/sexshop001\/tienda\/\"},{\"@type\":\"ListItem\",\"position\":3,\"name\":\"FETISH FANTASY 7 &#8211; PENE REALISTICO CON ARNES, 17,8CM\"}]},{\"@type\":\"WebSite\",\"@id\":\"https:\/\/demoweb.info\/sexshop001\/#website\",\"url\":\"https:\/\/demoweb.info\/sexshop001\/\",\"name\":\"Tienda Er\u00f3tica\",\"description\":\"DEMOWEB SL\",\"potentialAction\":[{\"@type\":\"SearchAction\",\"target\":{\"@type\":\"EntryPoint\",\"urlTemplate\":\"https:\/\/demoweb.info\/sexshop001\/?s={search_term_string}\"},\"query-input\":\"required name=search_term_string\"}],\"inLanguage\":\"es\"}]}<\/script>\n<!-- \/ Yoast SEO plugin. -->","yoast_head_json":{"title":"FETISH FANTASY 7 - PENE REALISTICO CON ARNES, 17,8CM - Tienda Er\u00f3tica","robots":{"index":"noindex","follow":"follow","max-snippet":"max-snippet:-1","max-image-preview":"max-image-preview:large","max-video-preview":"max-video-preview:-1"},"og_locale":"es_ES","og_type":"article","og_title":"FETISH FANTASY 7 - PENE REALISTICO CON ARNES, 17,8CM - Tienda Er\u00f3tica","og_description":"FETISH FANTASY 7 \u00bfSiempre han querido sentirse m\u00e1s seguros de su tama\u00f1o y disfrutar de sexo satisfactorio con su pareja","og_url":"https:\/\/demoweb.info\/sexshop001\/producto\/fetish-fantasy-7-pene-realistico-con-arnes-178cm\/","og_site_name":"Tienda Er\u00f3tica","article_modified_time":"2022-01-22T08:42:52+00:00","og_image":[{"width":550,"height":550,"url":"https:\/\/demoweb.info\/sexshop001\/wp-content\/uploads\/2022\/01\/FETISH-FANTASY-7-PENE-REALISTICO-CON-ARNES-178CM.jpg","type":"image\/jpeg"}],"twitter_card":"summary_large_image","twitter_misc":{"Tiempo de lectura":"1 minuto"},"schema":{"@context":"https:\/\/schema.org","@graph":[{"@type":"WebPage","@id":"https:\/\/demoweb.info\/sexshop001\/producto\/fetish-fantasy-7-pene-realistico-con-arnes-178cm\/","url":"https:\/\/demoweb.info\/sexshop001\/producto\/fetish-fantasy-7-pene-realistico-con-arnes-178cm\/","name":"FETISH FANTASY 7 - PENE REALISTICO CON ARNES, 17,8CM - Tienda Er\u00f3tica","isPartOf":{"@id":"https:\/\/demoweb.info\/sexshop001\/#website"},"datePublished":"2022-01-22T08:42:49+00:00","dateModified":"2022-01-22T08:42:52+00:00","breadcrumb":{"@id":"https:\/\/demoweb.info\/sexshop001\/producto\/fetish-fantasy-7-pene-realistico-con-arnes-178cm\/#breadcrumb"},"inLanguage":"es","potentialAction":[{"@type":"ReadAction","target":["https:\/\/demoweb.info\/sexshop001\/producto\/fetish-fantasy-7-pene-realistico-con-arnes-178cm\/"]}]},{"@type":"BreadcrumbList","@id":"https:\/\/demoweb.info\/sexshop001\/producto\/fetish-fantasy-7-pene-realistico-con-arnes-178cm\/#breadcrumb","itemListElement":[{"@type":"ListItem","position":1,"name":"Portada","item":"https:\/\/demoweb.info\/sexshop001\/"},{"@type":"ListItem","position":2,"name":"Tienda","item":"https:\/\/demoweb.info\/sexshop001\/tienda\/"},{"@type":"ListItem","position":3,"name":"FETISH FANTASY 7 &#8211; PENE REALISTICO CON ARNES, 17,8CM"}]},{"@type":"WebSite","@id":"https:\/\/demoweb.info\/sexshop001\/#website","url":"https:\/\/demoweb.info\/sexshop001\/","name":"Tienda Er\u00f3tica","description":"DEMOWEB SL","potentialAction":[{"@type":"SearchAction","target":{"@type":"EntryPoint","urlTemplate":"https:\/\/demoweb.info\/sexshop001\/?s={search_term_string}"},"query-input":"required name=search_term_string"}],"inLanguage":"es"}]}},"_links":{"self":[{"href":"https:\/\/demoweb.info\/sexshop001\/wp-json\/wp\/v3\/product\/9384","targetHints":{"allow":["GET"]}}],"collection":[{"href":"https:\/\/demoweb.info\/sexshop001\/wp-json\/wp\/v3\/product"}],"about":[{"href":"https:\/\/demoweb.info\/sexshop001\/wp-json\/wp\/v2\/types\/product"}],"replies":[{"embeddable":true,"href":"https:\/\/demoweb.info\/sexshop001\/wp-json\/wp\/v2\/comments?post=9384"}],"wp:featuredmedia":[{"embeddable":true,"href":"https:\/\/demoweb.info\/sexshop001\/wp-json\/wp\/v2\/media\/9385"}],"wp:attachment":[{"href":"https:\/\/demoweb.info\/sexshop001\/wp-json\/wp\/v2\/media?parent=9384"}],"wp:term":[{"taxonomy":"product_cat","embeddable":true,"href":"https:\/\/demoweb.info\/sexshop001\/wp-json\/wp\/v2\/product_cat?post=9384"},{"taxonomy":"product_tag","embeddable":true,"href":"https:\/\/demoweb.info\/sexshop001\/wp-json\/wp\/v2\/product_tag?post=9384"}],"curies":[{"name":"wp","href":"https:\/\/api.w.org\/{rel}","templated":true}]}}