{"id":9364,"date":"2022-01-22T09:42:20","date_gmt":"2022-01-22T08:42:20","guid":{"rendered":"https:\/\/demoweb.info\/sexshop001\/producto\/classix-bomba-desarrolladora-automatica-blanco\/"},"modified":"2022-01-22T09:42:41","modified_gmt":"2022-01-22T08:42:41","slug":"classix-bomba-desarrolladora-automatica-blanco","status":"publish","type":"product","link":"https:\/\/demoweb.info\/sexshop001\/producto\/classix-bomba-desarrolladora-automatica-blanco\/","title":{"rendered":"CLASSIX &#8211; BOMBA DESARROLLADORA AUTOM\u00c1TICA, BLANCO"},"content":{"rendered":"<p><strong>CLASSIX &#8211; AUTO-VAC POWER PUMP, WHITE<\/strong><\/p>\n<p>\u00a1Prep\u00e1rese para erecciones gruesas y palpitantes con solo presionar un bot\u00f3n!<\/p>\n<p>Esta bomba de potencia Classix Auto-Vac cuenta con un motor autom\u00e1tico de manos libres que aumenta poderosamente la circunferencia y expande la longitud.<\/p>\n<p>La rosquilla de silicona Elite ultra el\u00e1stica crea un c\u00f3modo sello herm\u00e9tico a medida que rodea c\u00f3modamente su eje.<\/p>\n<p>Con solo presionar un bot\u00f3n, la succi\u00f3n al vac\u00edo provoca que su pene tenga una erecci\u00f3n duradera y dura como una roca.<\/p>\n<ul>\n<li>Di\u00e1metro del producto :7,8 cm<\/li>\n<li>Di\u00e1metro interno :4,2 cm<\/li>\n<li>Longitud insertable : 21 cm<\/li>\n<li>Se requieren bater\u00edas : 2<\/li>\n<li>Tipo de bater\u00edas. AAA<\/li>\n<li>Bater\u00edas incluidas :No<\/li>\n<li>Materiales : ABS<\/li>\n<\/ul>\n","protected":false},"excerpt":{"rendered":"<p>CLASSIX &#8211; AUTO-VAC POWER PUMP, WHITE \u00a1Prep\u00e1rese para erecciones gruesas y palpitantes con solo presionar un bot\u00f3n! Esta bomba de<\/p>\n","protected":false},"featured_media":9365,"comment_status":"open","ping_status":"open","template":"","meta":[],"product_cat":[479],"product_tag":[477,259],"class_list":["post-9364","product","type-product","status-publish","has-post-thumbnail","hentry","product_cat-automaticos","product_tag-classix","product_tag-pipedream"],"bundled_by":[],"bundle_stock_status":"instock","bundle_stock_quantity":1,"bundle_virtual":false,"bundle_layout":"","bundle_add_to_cart_form_location":"","bundle_editable_in_cart":false,"bundle_sold_individually_context":"","bundle_item_grouping":"","bundle_min_size":"","bundle_max_size":"","bundled_items":[],"yoast_head":"<!-- This site is optimized with the Yoast SEO plugin v20.6 - https:\/\/yoast.com\/wordpress\/plugins\/seo\/ -->\n<title>CLASSIX - BOMBA DESARROLLADORA AUTOM\u00c1TICA, BLANCO - Tienda Er\u00f3tica<\/title>\n<meta name=\"robots\" content=\"noindex, follow, max-snippet:-1, max-image-preview:large, max-video-preview:-1\" \/>\n<meta property=\"og:locale\" content=\"es_ES\" \/>\n<meta property=\"og:type\" content=\"article\" \/>\n<meta property=\"og:title\" content=\"CLASSIX - BOMBA DESARROLLADORA AUTOM\u00c1TICA, BLANCO - Tienda Er\u00f3tica\" \/>\n<meta property=\"og:description\" content=\"CLASSIX &#8211; AUTO-VAC POWER PUMP, WHITE \u00a1Prep\u00e1rese para erecciones gruesas y palpitantes con solo presionar un bot\u00f3n! Esta bomba de\" \/>\n<meta property=\"og:url\" content=\"https:\/\/demoweb.info\/sexshop001\/producto\/classix-bomba-desarrolladora-automatica-blanco\/\" \/>\n<meta property=\"og:site_name\" content=\"Tienda Er\u00f3tica\" \/>\n<meta property=\"article:modified_time\" content=\"2022-01-22T08:42:41+00:00\" \/>\n<meta property=\"og:image\" content=\"https:\/\/demoweb.info\/sexshop001\/wp-content\/uploads\/2022\/01\/CLASSIX-BOMBA-DESARROLLADORA-AUTOMATICA-BLANCO.jpg\" \/>\n\t<meta property=\"og:image:width\" content=\"550\" \/>\n\t<meta property=\"og:image:height\" content=\"550\" \/>\n\t<meta property=\"og:image:type\" content=\"image\/jpeg\" \/>\n<meta name=\"twitter:card\" content=\"summary_large_image\" \/>\n<meta name=\"twitter:label1\" content=\"Tiempo de lectura\" \/>\n\t<meta name=\"twitter:data1\" content=\"1 minuto\" \/>\n<script type=\"application\/ld+json\" class=\"yoast-schema-graph\">{\"@context\":\"https:\/\/schema.org\",\"@graph\":[{\"@type\":\"WebPage\",\"@id\":\"https:\/\/demoweb.info\/sexshop001\/producto\/classix-bomba-desarrolladora-automatica-blanco\/\",\"url\":\"https:\/\/demoweb.info\/sexshop001\/producto\/classix-bomba-desarrolladora-automatica-blanco\/\",\"name\":\"CLASSIX - BOMBA DESARROLLADORA AUTOM\u00c1TICA, BLANCO - Tienda Er\u00f3tica\",\"isPartOf\":{\"@id\":\"https:\/\/demoweb.info\/sexshop001\/#website\"},\"datePublished\":\"2022-01-22T08:42:20+00:00\",\"dateModified\":\"2022-01-22T08:42:41+00:00\",\"breadcrumb\":{\"@id\":\"https:\/\/demoweb.info\/sexshop001\/producto\/classix-bomba-desarrolladora-automatica-blanco\/#breadcrumb\"},\"inLanguage\":\"es\",\"potentialAction\":[{\"@type\":\"ReadAction\",\"target\":[\"https:\/\/demoweb.info\/sexshop001\/producto\/classix-bomba-desarrolladora-automatica-blanco\/\"]}]},{\"@type\":\"BreadcrumbList\",\"@id\":\"https:\/\/demoweb.info\/sexshop001\/producto\/classix-bomba-desarrolladora-automatica-blanco\/#breadcrumb\",\"itemListElement\":[{\"@type\":\"ListItem\",\"position\":1,\"name\":\"Portada\",\"item\":\"https:\/\/demoweb.info\/sexshop001\/\"},{\"@type\":\"ListItem\",\"position\":2,\"name\":\"Tienda\",\"item\":\"https:\/\/demoweb.info\/sexshop001\/tienda\/\"},{\"@type\":\"ListItem\",\"position\":3,\"name\":\"CLASSIX &#8211; BOMBA DESARROLLADORA AUTOM\u00c1TICA, BLANCO\"}]},{\"@type\":\"WebSite\",\"@id\":\"https:\/\/demoweb.info\/sexshop001\/#website\",\"url\":\"https:\/\/demoweb.info\/sexshop001\/\",\"name\":\"Tienda Er\u00f3tica\",\"description\":\"DEMOWEB SL\",\"potentialAction\":[{\"@type\":\"SearchAction\",\"target\":{\"@type\":\"EntryPoint\",\"urlTemplate\":\"https:\/\/demoweb.info\/sexshop001\/?s={search_term_string}\"},\"query-input\":\"required name=search_term_string\"}],\"inLanguage\":\"es\"}]}<\/script>\n<!-- \/ Yoast SEO plugin. -->","yoast_head_json":{"title":"CLASSIX - BOMBA DESARROLLADORA AUTOM\u00c1TICA, BLANCO - Tienda Er\u00f3tica","robots":{"index":"noindex","follow":"follow","max-snippet":"max-snippet:-1","max-image-preview":"max-image-preview:large","max-video-preview":"max-video-preview:-1"},"og_locale":"es_ES","og_type":"article","og_title":"CLASSIX - BOMBA DESARROLLADORA AUTOM\u00c1TICA, BLANCO - Tienda Er\u00f3tica","og_description":"CLASSIX &#8211; AUTO-VAC POWER PUMP, WHITE \u00a1Prep\u00e1rese para erecciones gruesas y palpitantes con solo presionar un bot\u00f3n! Esta bomba de","og_url":"https:\/\/demoweb.info\/sexshop001\/producto\/classix-bomba-desarrolladora-automatica-blanco\/","og_site_name":"Tienda Er\u00f3tica","article_modified_time":"2022-01-22T08:42:41+00:00","og_image":[{"width":550,"height":550,"url":"https:\/\/demoweb.info\/sexshop001\/wp-content\/uploads\/2022\/01\/CLASSIX-BOMBA-DESARROLLADORA-AUTOMATICA-BLANCO.jpg","type":"image\/jpeg"}],"twitter_card":"summary_large_image","twitter_misc":{"Tiempo de lectura":"1 minuto"},"schema":{"@context":"https:\/\/schema.org","@graph":[{"@type":"WebPage","@id":"https:\/\/demoweb.info\/sexshop001\/producto\/classix-bomba-desarrolladora-automatica-blanco\/","url":"https:\/\/demoweb.info\/sexshop001\/producto\/classix-bomba-desarrolladora-automatica-blanco\/","name":"CLASSIX - BOMBA DESARROLLADORA AUTOM\u00c1TICA, BLANCO - Tienda Er\u00f3tica","isPartOf":{"@id":"https:\/\/demoweb.info\/sexshop001\/#website"},"datePublished":"2022-01-22T08:42:20+00:00","dateModified":"2022-01-22T08:42:41+00:00","breadcrumb":{"@id":"https:\/\/demoweb.info\/sexshop001\/producto\/classix-bomba-desarrolladora-automatica-blanco\/#breadcrumb"},"inLanguage":"es","potentialAction":[{"@type":"ReadAction","target":["https:\/\/demoweb.info\/sexshop001\/producto\/classix-bomba-desarrolladora-automatica-blanco\/"]}]},{"@type":"BreadcrumbList","@id":"https:\/\/demoweb.info\/sexshop001\/producto\/classix-bomba-desarrolladora-automatica-blanco\/#breadcrumb","itemListElement":[{"@type":"ListItem","position":1,"name":"Portada","item":"https:\/\/demoweb.info\/sexshop001\/"},{"@type":"ListItem","position":2,"name":"Tienda","item":"https:\/\/demoweb.info\/sexshop001\/tienda\/"},{"@type":"ListItem","position":3,"name":"CLASSIX &#8211; BOMBA DESARROLLADORA AUTOM\u00c1TICA, BLANCO"}]},{"@type":"WebSite","@id":"https:\/\/demoweb.info\/sexshop001\/#website","url":"https:\/\/demoweb.info\/sexshop001\/","name":"Tienda Er\u00f3tica","description":"DEMOWEB SL","potentialAction":[{"@type":"SearchAction","target":{"@type":"EntryPoint","urlTemplate":"https:\/\/demoweb.info\/sexshop001\/?s={search_term_string}"},"query-input":"required name=search_term_string"}],"inLanguage":"es"}]}},"_links":{"self":[{"href":"https:\/\/demoweb.info\/sexshop001\/wp-json\/wp\/v3\/product\/9364","targetHints":{"allow":["GET"]}}],"collection":[{"href":"https:\/\/demoweb.info\/sexshop001\/wp-json\/wp\/v3\/product"}],"about":[{"href":"https:\/\/demoweb.info\/sexshop001\/wp-json\/wp\/v2\/types\/product"}],"replies":[{"embeddable":true,"href":"https:\/\/demoweb.info\/sexshop001\/wp-json\/wp\/v2\/comments?post=9364"}],"wp:featuredmedia":[{"embeddable":true,"href":"https:\/\/demoweb.info\/sexshop001\/wp-json\/wp\/v2\/media\/9365"}],"wp:attachment":[{"href":"https:\/\/demoweb.info\/sexshop001\/wp-json\/wp\/v2\/media?parent=9364"}],"wp:term":[{"taxonomy":"product_cat","embeddable":true,"href":"https:\/\/demoweb.info\/sexshop001\/wp-json\/wp\/v2\/product_cat?post=9364"},{"taxonomy":"product_tag","embeddable":true,"href":"https:\/\/demoweb.info\/sexshop001\/wp-json\/wp\/v2\/product_tag?post=9364"}],"curies":[{"name":"wp","href":"https:\/\/api.w.org\/{rel}","templated":true}]}}