{"id":9355,"date":"2022-01-22T09:42:20","date_gmt":"2022-01-22T08:42:20","guid":{"rendered":"https:\/\/demoweb.info\/sexshop001\/producto\/classix-kit-bala-texturizada-azul\/"},"modified":"2022-01-22T09:42:37","modified_gmt":"2022-01-22T08:42:37","slug":"classix-kit-bala-texturizada-azul","status":"publish","type":"product","link":"https:\/\/demoweb.info\/sexshop001\/producto\/classix-kit-bala-texturizada-azul\/","title":{"rendered":"CLASSIX &#8211; KIT BALA TEXTURIZADA , AZUL"},"content":{"rendered":"<p><strong>CLASSIX &#8211; ULTIMATE PLEASURE COUPLES KIT, BLUE<\/strong><\/p>\n<p>\u00a1Disfruta de una variedad emocionante y una versatilidad infinita con el kit de pareja definitivo!<\/p>\n<p>Los cuatro favoritos cl\u00e1sicos se pueden usar juntos o por separado.<\/p>\n<p>La vibraci\u00f3n delgada de varias velocidades se puede combinar con la manga texturizada ultra el\u00e1stica y la poderosa bala para tu propio conejo s\u00faper estimulante.<\/p>\n<p>Intenta colocar el anillo en C alrededor de su eje o bolas, con o sin la bala vibradora, para emocionarte juego sexual<\/p>\n<p>\u00a1Las posibilidades son infinitas durante horas de juego sexy en pareja!<\/p>\n<p>BATERIA BALA : 3x LR44 Vibrador: 2x AAASlimline Vibe:<\/p>\n<ul>\n<li>Peso: 53 gramos<\/li>\n<li>Longitud: 17,8 cm<\/li>\n<li>Di\u00e1metro: 2,54 cm<\/li>\n<li>Bater\u00edas: 2x AAA (no incluidas)<\/li>\n<\/ul>\n<p>MANGA<\/p>\n<ul>\n<li>Peso: 27 gramos<\/li>\n<li>Longitud: 14 cm<\/li>\n<li>Di\u00e1metro: 4,4 cm.<\/li>\n<\/ul>\n<p>BALA<\/p>\n<ul>\n<li>Peso: 20 gramos<\/li>\n<li>Di\u00e1metro: 1,6 cm.<\/li>\n<li>Bater\u00edas: 3x LR44 (incluidas)<\/li>\n<\/ul>\n","protected":false},"excerpt":{"rendered":"<p>CLASSIX &#8211; ULTIMATE PLEASURE COUPLES KIT, BLUE \u00a1Disfruta de una variedad emocionante y una versatilidad infinita con el kit de<\/p>\n","protected":false},"featured_media":9356,"comment_status":"open","ping_status":"open","template":"","meta":[],"product_cat":[478],"product_tag":[477,259],"class_list":["post-9355","product","type-product","status-publish","has-post-thumbnail","hentry","product_cat-kits-vibradores-juguetes-xxx","product_tag-classix","product_tag-pipedream"],"bundled_by":[],"bundle_stock_status":"instock","bundle_stock_quantity":4,"bundle_virtual":false,"bundle_layout":"","bundle_add_to_cart_form_location":"","bundle_editable_in_cart":false,"bundle_sold_individually_context":"","bundle_item_grouping":"","bundle_min_size":"","bundle_max_size":"","bundled_items":[],"yoast_head":"<!-- This site is optimized with the Yoast SEO plugin v20.6 - https:\/\/yoast.com\/wordpress\/plugins\/seo\/ -->\n<title>CLASSIX - KIT BALA TEXTURIZADA , AZUL - Tienda Er\u00f3tica<\/title>\n<meta name=\"robots\" content=\"noindex, follow, max-snippet:-1, max-image-preview:large, max-video-preview:-1\" \/>\n<meta property=\"og:locale\" content=\"es_ES\" \/>\n<meta property=\"og:type\" content=\"article\" \/>\n<meta property=\"og:title\" content=\"CLASSIX - KIT BALA TEXTURIZADA , AZUL - Tienda Er\u00f3tica\" \/>\n<meta property=\"og:description\" content=\"CLASSIX &#8211; ULTIMATE PLEASURE COUPLES KIT, BLUE \u00a1Disfruta de una variedad emocionante y una versatilidad infinita con el kit de\" \/>\n<meta property=\"og:url\" content=\"https:\/\/demoweb.info\/sexshop001\/producto\/classix-kit-bala-texturizada-azul\/\" \/>\n<meta property=\"og:site_name\" content=\"Tienda Er\u00f3tica\" \/>\n<meta property=\"article:modified_time\" content=\"2022-01-22T08:42:37+00:00\" \/>\n<meta property=\"og:image\" content=\"https:\/\/demoweb.info\/sexshop001\/wp-content\/uploads\/2022\/01\/CLASSIX-KIT-BALA-TEXTURIZADA-AZUL.jpg\" \/>\n\t<meta property=\"og:image:width\" content=\"550\" \/>\n\t<meta property=\"og:image:height\" content=\"550\" \/>\n\t<meta property=\"og:image:type\" content=\"image\/jpeg\" \/>\n<meta name=\"twitter:card\" content=\"summary_large_image\" \/>\n<meta name=\"twitter:label1\" content=\"Tiempo de lectura\" \/>\n\t<meta name=\"twitter:data1\" content=\"1 minuto\" \/>\n<script type=\"application\/ld+json\" class=\"yoast-schema-graph\">{\"@context\":\"https:\/\/schema.org\",\"@graph\":[{\"@type\":\"WebPage\",\"@id\":\"https:\/\/demoweb.info\/sexshop001\/producto\/classix-kit-bala-texturizada-azul\/\",\"url\":\"https:\/\/demoweb.info\/sexshop001\/producto\/classix-kit-bala-texturizada-azul\/\",\"name\":\"CLASSIX - KIT BALA TEXTURIZADA , AZUL - Tienda Er\u00f3tica\",\"isPartOf\":{\"@id\":\"https:\/\/demoweb.info\/sexshop001\/#website\"},\"datePublished\":\"2022-01-22T08:42:20+00:00\",\"dateModified\":\"2022-01-22T08:42:37+00:00\",\"breadcrumb\":{\"@id\":\"https:\/\/demoweb.info\/sexshop001\/producto\/classix-kit-bala-texturizada-azul\/#breadcrumb\"},\"inLanguage\":\"es\",\"potentialAction\":[{\"@type\":\"ReadAction\",\"target\":[\"https:\/\/demoweb.info\/sexshop001\/producto\/classix-kit-bala-texturizada-azul\/\"]}]},{\"@type\":\"BreadcrumbList\",\"@id\":\"https:\/\/demoweb.info\/sexshop001\/producto\/classix-kit-bala-texturizada-azul\/#breadcrumb\",\"itemListElement\":[{\"@type\":\"ListItem\",\"position\":1,\"name\":\"Portada\",\"item\":\"https:\/\/demoweb.info\/sexshop001\/\"},{\"@type\":\"ListItem\",\"position\":2,\"name\":\"Tienda\",\"item\":\"https:\/\/demoweb.info\/sexshop001\/tienda\/\"},{\"@type\":\"ListItem\",\"position\":3,\"name\":\"CLASSIX &#8211; KIT BALA TEXTURIZADA , AZUL\"}]},{\"@type\":\"WebSite\",\"@id\":\"https:\/\/demoweb.info\/sexshop001\/#website\",\"url\":\"https:\/\/demoweb.info\/sexshop001\/\",\"name\":\"Tienda Er\u00f3tica\",\"description\":\"DEMOWEB SL\",\"potentialAction\":[{\"@type\":\"SearchAction\",\"target\":{\"@type\":\"EntryPoint\",\"urlTemplate\":\"https:\/\/demoweb.info\/sexshop001\/?s={search_term_string}\"},\"query-input\":\"required name=search_term_string\"}],\"inLanguage\":\"es\"}]}<\/script>\n<!-- \/ Yoast SEO plugin. -->","yoast_head_json":{"title":"CLASSIX - KIT BALA TEXTURIZADA , AZUL - Tienda Er\u00f3tica","robots":{"index":"noindex","follow":"follow","max-snippet":"max-snippet:-1","max-image-preview":"max-image-preview:large","max-video-preview":"max-video-preview:-1"},"og_locale":"es_ES","og_type":"article","og_title":"CLASSIX - KIT BALA TEXTURIZADA , AZUL - Tienda Er\u00f3tica","og_description":"CLASSIX &#8211; ULTIMATE PLEASURE COUPLES KIT, BLUE \u00a1Disfruta de una variedad emocionante y una versatilidad infinita con el kit de","og_url":"https:\/\/demoweb.info\/sexshop001\/producto\/classix-kit-bala-texturizada-azul\/","og_site_name":"Tienda Er\u00f3tica","article_modified_time":"2022-01-22T08:42:37+00:00","og_image":[{"width":550,"height":550,"url":"https:\/\/demoweb.info\/sexshop001\/wp-content\/uploads\/2022\/01\/CLASSIX-KIT-BALA-TEXTURIZADA-AZUL.jpg","type":"image\/jpeg"}],"twitter_card":"summary_large_image","twitter_misc":{"Tiempo de lectura":"1 minuto"},"schema":{"@context":"https:\/\/schema.org","@graph":[{"@type":"WebPage","@id":"https:\/\/demoweb.info\/sexshop001\/producto\/classix-kit-bala-texturizada-azul\/","url":"https:\/\/demoweb.info\/sexshop001\/producto\/classix-kit-bala-texturizada-azul\/","name":"CLASSIX - KIT BALA TEXTURIZADA , AZUL - Tienda Er\u00f3tica","isPartOf":{"@id":"https:\/\/demoweb.info\/sexshop001\/#website"},"datePublished":"2022-01-22T08:42:20+00:00","dateModified":"2022-01-22T08:42:37+00:00","breadcrumb":{"@id":"https:\/\/demoweb.info\/sexshop001\/producto\/classix-kit-bala-texturizada-azul\/#breadcrumb"},"inLanguage":"es","potentialAction":[{"@type":"ReadAction","target":["https:\/\/demoweb.info\/sexshop001\/producto\/classix-kit-bala-texturizada-azul\/"]}]},{"@type":"BreadcrumbList","@id":"https:\/\/demoweb.info\/sexshop001\/producto\/classix-kit-bala-texturizada-azul\/#breadcrumb","itemListElement":[{"@type":"ListItem","position":1,"name":"Portada","item":"https:\/\/demoweb.info\/sexshop001\/"},{"@type":"ListItem","position":2,"name":"Tienda","item":"https:\/\/demoweb.info\/sexshop001\/tienda\/"},{"@type":"ListItem","position":3,"name":"CLASSIX &#8211; KIT BALA TEXTURIZADA , AZUL"}]},{"@type":"WebSite","@id":"https:\/\/demoweb.info\/sexshop001\/#website","url":"https:\/\/demoweb.info\/sexshop001\/","name":"Tienda Er\u00f3tica","description":"DEMOWEB SL","potentialAction":[{"@type":"SearchAction","target":{"@type":"EntryPoint","urlTemplate":"https:\/\/demoweb.info\/sexshop001\/?s={search_term_string}"},"query-input":"required name=search_term_string"}],"inLanguage":"es"}]}},"_links":{"self":[{"href":"https:\/\/demoweb.info\/sexshop001\/wp-json\/wp\/v3\/product\/9355","targetHints":{"allow":["GET"]}}],"collection":[{"href":"https:\/\/demoweb.info\/sexshop001\/wp-json\/wp\/v3\/product"}],"about":[{"href":"https:\/\/demoweb.info\/sexshop001\/wp-json\/wp\/v2\/types\/product"}],"replies":[{"embeddable":true,"href":"https:\/\/demoweb.info\/sexshop001\/wp-json\/wp\/v2\/comments?post=9355"}],"wp:featuredmedia":[{"embeddable":true,"href":"https:\/\/demoweb.info\/sexshop001\/wp-json\/wp\/v2\/media\/9356"}],"wp:attachment":[{"href":"https:\/\/demoweb.info\/sexshop001\/wp-json\/wp\/v2\/media?parent=9355"}],"wp:term":[{"taxonomy":"product_cat","embeddable":true,"href":"https:\/\/demoweb.info\/sexshop001\/wp-json\/wp\/v2\/product_cat?post=9355"},{"taxonomy":"product_tag","embeddable":true,"href":"https:\/\/demoweb.info\/sexshop001\/wp-json\/wp\/v2\/product_tag?post=9355"}],"curies":[{"name":"wp","href":"https:\/\/api.w.org\/{rel}","templated":true}]}}