{"id":9280,"date":"2022-01-22T09:41:58","date_gmt":"2022-01-22T08:41:58","guid":{"rendered":"https:\/\/demoweb.info\/sexshop001\/producto\/omg-rabbits-vibrador-de-silicona-rosa\/"},"modified":"2022-01-22T09:42:05","modified_gmt":"2022-01-22T08:42:05","slug":"omg-rabbits-vibrador-de-silicona-rosa","status":"publish","type":"product","link":"https:\/\/demoweb.info\/sexshop001\/producto\/omg-rabbits-vibrador-de-silicona-rosa\/","title":{"rendered":"OMG! RABBITS &#8211; VIBRADOR DE SILICONA, ROSA"},"content":{"rendered":"<p><strong>OMG! RABBITS &#8211; VIBRADOR DE SILICONA, ROSA <\/strong><\/p>\n<p>El OMG! \u00a1Rabbit est\u00e1 dise\u00f1ado para seducirte en todos los lugares correctos!<\/p>\n<p>Llevando esta forma cl\u00e1sica a nuevas alturas, las curvas flexibles proporcionan placer externo e interno con vibraci\u00f3n directa a todas las \u00e1reas er\u00f3genas m\u00e1s sensibles.<\/p>\n<p>Dos potentes motores duplican la satisfacci\u00f3n con 10 patrones de vibraci\u00f3n \u00fanicos para disfrutar.<\/p>\n<p>El dise\u00f1o de silicona ultra suave es resistente al agua para divertirse en la ducha, spa o ba\u00f1era.<\/p>\n<ul>\n<li>Dimensiones embalaje    27 x 10,20 x 6,20 cm<\/li>\n<li>Peso embalaje : 21gram<\/li>\n<li>Dimensiones del producto : 21 x 6 x 6 cm<\/li>\n<li>Peso del producto  :130 gram<\/li>\n<li>Di\u00e1metro del producto :3,7 cm<\/li>\n<li>Longitud insertable  :9,5 cm<\/li>\n<li>Tipos de velocidad  : 10<\/li>\n<li>Se requieren bater\u00edas :  2<\/li>\n<li>Tipo de bater\u00edas    AAA<\/li>\n<li>Bater\u00edas incluidas    No<\/li>\n<li>A prueba de agua    S\u00ed<\/li>\n<li>A prueba de salpicaduras    S\u00ed<\/li>\n<li>Materiales    Silicona<\/li>\n<\/ul>\n","protected":false},"excerpt":{"rendered":"<p>OMG! RABBITS &#8211; VIBRADOR DE SILICONA, ROSA El OMG! \u00a1Rabbit est\u00e1 dise\u00f1ado para seducirte en todos los lugares correctos! Llevando<\/p>\n","protected":false},"featured_media":9281,"comment_status":"open","ping_status":"open","template":"","meta":[],"product_cat":[434],"product_tag":[474,259],"class_list":["post-9280","product","type-product","status-publish","has-post-thumbnail","hentry","product_cat-doble-estimulacion-vibradores-juguetes-xxx","product_tag-omg","product_tag-pipedream"],"bundled_by":[],"bundle_stock_status":"instock","bundle_stock_quantity":2,"bundle_virtual":false,"bundle_layout":"","bundle_add_to_cart_form_location":"","bundle_editable_in_cart":false,"bundle_sold_individually_context":"","bundle_item_grouping":"","bundle_min_size":"","bundle_max_size":"","bundled_items":[],"yoast_head":"<!-- This site is optimized with the Yoast SEO plugin v20.6 - https:\/\/yoast.com\/wordpress\/plugins\/seo\/ -->\n<title>OMG! RABBITS - VIBRADOR DE SILICONA, ROSA - Tienda Er\u00f3tica<\/title>\n<meta name=\"robots\" content=\"noindex, follow, max-snippet:-1, max-image-preview:large, max-video-preview:-1\" \/>\n<meta property=\"og:locale\" content=\"es_ES\" \/>\n<meta property=\"og:type\" content=\"article\" \/>\n<meta property=\"og:title\" content=\"OMG! RABBITS - VIBRADOR DE SILICONA, ROSA - Tienda Er\u00f3tica\" \/>\n<meta property=\"og:description\" content=\"OMG! RABBITS &#8211; VIBRADOR DE SILICONA, ROSA El OMG! \u00a1Rabbit est\u00e1 dise\u00f1ado para seducirte en todos los lugares correctos! Llevando\" \/>\n<meta property=\"og:url\" content=\"https:\/\/demoweb.info\/sexshop001\/producto\/omg-rabbits-vibrador-de-silicona-rosa\/\" \/>\n<meta property=\"og:site_name\" content=\"Tienda Er\u00f3tica\" \/>\n<meta property=\"article:modified_time\" content=\"2022-01-22T08:42:05+00:00\" \/>\n<meta property=\"og:image\" content=\"https:\/\/demoweb.info\/sexshop001\/wp-content\/uploads\/2022\/01\/OMG-RABBITS-VIBRADOR-DE-SILICONA-ROSA.jpg\" \/>\n\t<meta property=\"og:image:width\" content=\"550\" \/>\n\t<meta property=\"og:image:height\" content=\"550\" \/>\n\t<meta property=\"og:image:type\" content=\"image\/jpeg\" \/>\n<meta name=\"twitter:card\" content=\"summary_large_image\" \/>\n<meta name=\"twitter:label1\" content=\"Tiempo de lectura\" \/>\n\t<meta name=\"twitter:data1\" content=\"1 minuto\" \/>\n<script type=\"application\/ld+json\" class=\"yoast-schema-graph\">{\"@context\":\"https:\/\/schema.org\",\"@graph\":[{\"@type\":\"WebPage\",\"@id\":\"https:\/\/demoweb.info\/sexshop001\/producto\/omg-rabbits-vibrador-de-silicona-rosa\/\",\"url\":\"https:\/\/demoweb.info\/sexshop001\/producto\/omg-rabbits-vibrador-de-silicona-rosa\/\",\"name\":\"OMG! RABBITS - VIBRADOR DE SILICONA, ROSA - Tienda Er\u00f3tica\",\"isPartOf\":{\"@id\":\"https:\/\/demoweb.info\/sexshop001\/#website\"},\"datePublished\":\"2022-01-22T08:41:58+00:00\",\"dateModified\":\"2022-01-22T08:42:05+00:00\",\"breadcrumb\":{\"@id\":\"https:\/\/demoweb.info\/sexshop001\/producto\/omg-rabbits-vibrador-de-silicona-rosa\/#breadcrumb\"},\"inLanguage\":\"es\",\"potentialAction\":[{\"@type\":\"ReadAction\",\"target\":[\"https:\/\/demoweb.info\/sexshop001\/producto\/omg-rabbits-vibrador-de-silicona-rosa\/\"]}]},{\"@type\":\"BreadcrumbList\",\"@id\":\"https:\/\/demoweb.info\/sexshop001\/producto\/omg-rabbits-vibrador-de-silicona-rosa\/#breadcrumb\",\"itemListElement\":[{\"@type\":\"ListItem\",\"position\":1,\"name\":\"Portada\",\"item\":\"https:\/\/demoweb.info\/sexshop001\/\"},{\"@type\":\"ListItem\",\"position\":2,\"name\":\"Tienda\",\"item\":\"https:\/\/demoweb.info\/sexshop001\/tienda\/\"},{\"@type\":\"ListItem\",\"position\":3,\"name\":\"OMG! RABBITS &#8211; VIBRADOR DE SILICONA, ROSA\"}]},{\"@type\":\"WebSite\",\"@id\":\"https:\/\/demoweb.info\/sexshop001\/#website\",\"url\":\"https:\/\/demoweb.info\/sexshop001\/\",\"name\":\"Tienda Er\u00f3tica\",\"description\":\"DEMOWEB SL\",\"potentialAction\":[{\"@type\":\"SearchAction\",\"target\":{\"@type\":\"EntryPoint\",\"urlTemplate\":\"https:\/\/demoweb.info\/sexshop001\/?s={search_term_string}\"},\"query-input\":\"required name=search_term_string\"}],\"inLanguage\":\"es\"}]}<\/script>\n<!-- \/ Yoast SEO plugin. -->","yoast_head_json":{"title":"OMG! RABBITS - VIBRADOR DE SILICONA, ROSA - Tienda Er\u00f3tica","robots":{"index":"noindex","follow":"follow","max-snippet":"max-snippet:-1","max-image-preview":"max-image-preview:large","max-video-preview":"max-video-preview:-1"},"og_locale":"es_ES","og_type":"article","og_title":"OMG! RABBITS - VIBRADOR DE SILICONA, ROSA - Tienda Er\u00f3tica","og_description":"OMG! RABBITS &#8211; VIBRADOR DE SILICONA, ROSA El OMG! \u00a1Rabbit est\u00e1 dise\u00f1ado para seducirte en todos los lugares correctos! Llevando","og_url":"https:\/\/demoweb.info\/sexshop001\/producto\/omg-rabbits-vibrador-de-silicona-rosa\/","og_site_name":"Tienda Er\u00f3tica","article_modified_time":"2022-01-22T08:42:05+00:00","og_image":[{"width":550,"height":550,"url":"https:\/\/demoweb.info\/sexshop001\/wp-content\/uploads\/2022\/01\/OMG-RABBITS-VIBRADOR-DE-SILICONA-ROSA.jpg","type":"image\/jpeg"}],"twitter_card":"summary_large_image","twitter_misc":{"Tiempo de lectura":"1 minuto"},"schema":{"@context":"https:\/\/schema.org","@graph":[{"@type":"WebPage","@id":"https:\/\/demoweb.info\/sexshop001\/producto\/omg-rabbits-vibrador-de-silicona-rosa\/","url":"https:\/\/demoweb.info\/sexshop001\/producto\/omg-rabbits-vibrador-de-silicona-rosa\/","name":"OMG! RABBITS - VIBRADOR DE SILICONA, ROSA - Tienda Er\u00f3tica","isPartOf":{"@id":"https:\/\/demoweb.info\/sexshop001\/#website"},"datePublished":"2022-01-22T08:41:58+00:00","dateModified":"2022-01-22T08:42:05+00:00","breadcrumb":{"@id":"https:\/\/demoweb.info\/sexshop001\/producto\/omg-rabbits-vibrador-de-silicona-rosa\/#breadcrumb"},"inLanguage":"es","potentialAction":[{"@type":"ReadAction","target":["https:\/\/demoweb.info\/sexshop001\/producto\/omg-rabbits-vibrador-de-silicona-rosa\/"]}]},{"@type":"BreadcrumbList","@id":"https:\/\/demoweb.info\/sexshop001\/producto\/omg-rabbits-vibrador-de-silicona-rosa\/#breadcrumb","itemListElement":[{"@type":"ListItem","position":1,"name":"Portada","item":"https:\/\/demoweb.info\/sexshop001\/"},{"@type":"ListItem","position":2,"name":"Tienda","item":"https:\/\/demoweb.info\/sexshop001\/tienda\/"},{"@type":"ListItem","position":3,"name":"OMG! RABBITS &#8211; VIBRADOR DE SILICONA, ROSA"}]},{"@type":"WebSite","@id":"https:\/\/demoweb.info\/sexshop001\/#website","url":"https:\/\/demoweb.info\/sexshop001\/","name":"Tienda Er\u00f3tica","description":"DEMOWEB SL","potentialAction":[{"@type":"SearchAction","target":{"@type":"EntryPoint","urlTemplate":"https:\/\/demoweb.info\/sexshop001\/?s={search_term_string}"},"query-input":"required name=search_term_string"}],"inLanguage":"es"}]}},"_links":{"self":[{"href":"https:\/\/demoweb.info\/sexshop001\/wp-json\/wp\/v3\/product\/9280","targetHints":{"allow":["GET"]}}],"collection":[{"href":"https:\/\/demoweb.info\/sexshop001\/wp-json\/wp\/v3\/product"}],"about":[{"href":"https:\/\/demoweb.info\/sexshop001\/wp-json\/wp\/v2\/types\/product"}],"replies":[{"embeddable":true,"href":"https:\/\/demoweb.info\/sexshop001\/wp-json\/wp\/v2\/comments?post=9280"}],"wp:featuredmedia":[{"embeddable":true,"href":"https:\/\/demoweb.info\/sexshop001\/wp-json\/wp\/v2\/media\/9281"}],"wp:attachment":[{"href":"https:\/\/demoweb.info\/sexshop001\/wp-json\/wp\/v2\/media?parent=9280"}],"wp:term":[{"taxonomy":"product_cat","embeddable":true,"href":"https:\/\/demoweb.info\/sexshop001\/wp-json\/wp\/v2\/product_cat?post=9280"},{"taxonomy":"product_tag","embeddable":true,"href":"https:\/\/demoweb.info\/sexshop001\/wp-json\/wp\/v2\/product_tag?post=9280"}],"curies":[{"name":"wp","href":"https:\/\/api.w.org\/{rel}","templated":true}]}}