{"id":9275,"date":"2022-01-22T09:41:58","date_gmt":"2022-01-22T08:41:58","guid":{"rendered":"https:\/\/demoweb.info\/sexshop001\/producto\/muneca-realistica-jesse-jane-life-flesh\/"},"modified":"2022-01-22T09:42:03","modified_gmt":"2022-01-22T08:42:03","slug":"muneca-realistica-jesse-jane-life-flesh","status":"publish","type":"product","link":"https:\/\/demoweb.info\/sexshop001\/producto\/muneca-realistica-jesse-jane-life-flesh\/","title":{"rendered":"MU\u00d1ECA REALISTICA JESSE JANE LIFE &#8211; FLESH"},"content":{"rendered":"<p><strong>JESSE JANE LIFE SIZE REPLICA DOLL &#8211; FLESH<\/strong><\/p>\n<p>La has visto en 2D, \u00a1ahora v\u00edvela en tu D!<\/p>\n<p>Esta mu\u00f1eca sexual Jesse Jane est\u00e1 lista para cumplir todas tus fantas\u00edas m\u00e1s sucias &#8230;<\/p>\n<p>\u00a1La Reina del Porno puede ser tuya para follar cuando quieras!<\/p>\n<p>Gracias a los desarrollos de vanguardia en material y dise\u00f1o, puedes experimentar una mu\u00f1eca de placer que se ve y se siente m\u00e1s realista que nunca.<\/p>\n<p>Jesse es totalmente posable, desde sus p\u00e1rpados hasta sus pies, para que pueda disfrutar de su boca, vagina o ano ultrarrealistas en cualquier posici\u00f3n que desee. \u00a1Incluso puede pararse sola!<\/p>\n<p>Ya no tiene que conformarse con simplemente masturbarse con Jesse Jane &#8230;<\/p>\n<p>Sus senos perfectos con copa DD se sentir\u00e1n suaves en sus manos, sacudi\u00e9ndose mientras empuja con fuerza en cualquiera de sus 3 agujeros apretados y texturizados.<\/p>\n<p>Gu\u00edala con una mano firme en su largo cabello, acaricia sus adorables pezones y aprieta su culo alegre.<\/p>\n<p>\u00a1V\u00edstela con algo lindo o cachondo, y luego divi\u00e9rtete a\u00fan m\u00e1s desnud\u00e1ndola! \u00a1Jesse siempre est\u00e1 listo para darte lo que anhelas!<\/p>\n<p>Usar solo con lubricantes a base de agua.<\/p>\n<p>Limpie la superficie y limpie los orificios antes y despu\u00e9s de usar con jab\u00f3n suave y agua tibia o un limpiador de juguetes. Mantener seco y en polvo cuando no est\u00e9 en uso.<\/p>\n<p>No almacene art\u00edculos encima de la mu\u00f1eca.<\/p>\n<p>Se incluyen m\u00e1s instrucciones de cuidado.<\/p>\n<ul>\n<li>165,1 pulgadas de alto, con un cofre de 88,9 pulgadas, cintura de 55,88 pulgadas y caderas de 86,36 pulgadas.<\/li>\n<li>Sus profundidades vaginales y anales son de 190,5 pulgadas y su profundidad oral es de 15,24 pulgadas. El tama\u00f1o de su zapato es 11,43<\/li>\n<\/ul>\n<p>Joyas y ropa no incluidas.<\/p>\n<p>Incluye un vibrador de masaje.<\/p>\n","protected":false},"excerpt":{"rendered":"<p>JESSE JANE LIFE SIZE REPLICA DOLL &#8211; FLESH La has visto en 2D, \u00a1ahora v\u00edvela en tu D! Esta mu\u00f1eca<\/p>\n","protected":false},"featured_media":9276,"comment_status":"open","ping_status":"open","template":"","meta":[],"product_cat":[472],"product_tag":[473,274],"class_list":["post-9275","product","type-product","status-publish","has-post-thumbnail","hentry","product_cat-realisticas","product_tag-jesse-jane","product_tag-xr-brands"],"bundled_by":[],"bundle_stock_status":"instock","bundle_stock_quantity":1,"bundle_virtual":false,"bundle_layout":"","bundle_add_to_cart_form_location":"","bundle_editable_in_cart":false,"bundle_sold_individually_context":"","bundle_item_grouping":"","bundle_min_size":"","bundle_max_size":"","bundled_items":[],"yoast_head":"<!-- This site is optimized with the Yoast SEO plugin v20.6 - https:\/\/yoast.com\/wordpress\/plugins\/seo\/ -->\n<title>MU\u00d1ECA REALISTICA JESSE JANE LIFE - FLESH - Tienda Er\u00f3tica<\/title>\n<meta name=\"robots\" content=\"noindex, follow, max-snippet:-1, max-image-preview:large, max-video-preview:-1\" \/>\n<meta property=\"og:locale\" content=\"es_ES\" \/>\n<meta property=\"og:type\" content=\"article\" \/>\n<meta property=\"og:title\" content=\"MU\u00d1ECA REALISTICA JESSE JANE LIFE - FLESH - Tienda Er\u00f3tica\" \/>\n<meta property=\"og:description\" content=\"JESSE JANE LIFE SIZE REPLICA DOLL &#8211; FLESH La has visto en 2D, \u00a1ahora v\u00edvela en tu D! Esta mu\u00f1eca\" \/>\n<meta property=\"og:url\" content=\"https:\/\/demoweb.info\/sexshop001\/producto\/muneca-realistica-jesse-jane-life-flesh\/\" \/>\n<meta property=\"og:site_name\" content=\"Tienda Er\u00f3tica\" \/>\n<meta property=\"article:modified_time\" content=\"2022-01-22T08:42:03+00:00\" \/>\n<meta property=\"og:image\" content=\"https:\/\/demoweb.info\/sexshop001\/wp-content\/uploads\/2022\/01\/MUNECA-REALISTICA-JESSE-JANE-LIFE-FLESH.jpg\" \/>\n\t<meta property=\"og:image:width\" content=\"550\" \/>\n\t<meta property=\"og:image:height\" content=\"550\" \/>\n\t<meta property=\"og:image:type\" content=\"image\/jpeg\" \/>\n<meta name=\"twitter:card\" content=\"summary_large_image\" \/>\n<meta name=\"twitter:label1\" content=\"Tiempo de lectura\" \/>\n\t<meta name=\"twitter:data1\" content=\"1 minuto\" \/>\n<script type=\"application\/ld+json\" class=\"yoast-schema-graph\">{\"@context\":\"https:\/\/schema.org\",\"@graph\":[{\"@type\":\"WebPage\",\"@id\":\"https:\/\/demoweb.info\/sexshop001\/producto\/muneca-realistica-jesse-jane-life-flesh\/\",\"url\":\"https:\/\/demoweb.info\/sexshop001\/producto\/muneca-realistica-jesse-jane-life-flesh\/\",\"name\":\"MU\u00d1ECA REALISTICA JESSE JANE LIFE - FLESH - Tienda Er\u00f3tica\",\"isPartOf\":{\"@id\":\"https:\/\/demoweb.info\/sexshop001\/#website\"},\"datePublished\":\"2022-01-22T08:41:58+00:00\",\"dateModified\":\"2022-01-22T08:42:03+00:00\",\"breadcrumb\":{\"@id\":\"https:\/\/demoweb.info\/sexshop001\/producto\/muneca-realistica-jesse-jane-life-flesh\/#breadcrumb\"},\"inLanguage\":\"es\",\"potentialAction\":[{\"@type\":\"ReadAction\",\"target\":[\"https:\/\/demoweb.info\/sexshop001\/producto\/muneca-realistica-jesse-jane-life-flesh\/\"]}]},{\"@type\":\"BreadcrumbList\",\"@id\":\"https:\/\/demoweb.info\/sexshop001\/producto\/muneca-realistica-jesse-jane-life-flesh\/#breadcrumb\",\"itemListElement\":[{\"@type\":\"ListItem\",\"position\":1,\"name\":\"Portada\",\"item\":\"https:\/\/demoweb.info\/sexshop001\/\"},{\"@type\":\"ListItem\",\"position\":2,\"name\":\"Tienda\",\"item\":\"https:\/\/demoweb.info\/sexshop001\/tienda\/\"},{\"@type\":\"ListItem\",\"position\":3,\"name\":\"MU\u00d1ECA REALISTICA JESSE JANE LIFE &#8211; FLESH\"}]},{\"@type\":\"WebSite\",\"@id\":\"https:\/\/demoweb.info\/sexshop001\/#website\",\"url\":\"https:\/\/demoweb.info\/sexshop001\/\",\"name\":\"Tienda Er\u00f3tica\",\"description\":\"DEMOWEB SL\",\"potentialAction\":[{\"@type\":\"SearchAction\",\"target\":{\"@type\":\"EntryPoint\",\"urlTemplate\":\"https:\/\/demoweb.info\/sexshop001\/?s={search_term_string}\"},\"query-input\":\"required name=search_term_string\"}],\"inLanguage\":\"es\"}]}<\/script>\n<!-- \/ Yoast SEO plugin. -->","yoast_head_json":{"title":"MU\u00d1ECA REALISTICA JESSE JANE LIFE - FLESH - Tienda Er\u00f3tica","robots":{"index":"noindex","follow":"follow","max-snippet":"max-snippet:-1","max-image-preview":"max-image-preview:large","max-video-preview":"max-video-preview:-1"},"og_locale":"es_ES","og_type":"article","og_title":"MU\u00d1ECA REALISTICA JESSE JANE LIFE - FLESH - Tienda Er\u00f3tica","og_description":"JESSE JANE LIFE SIZE REPLICA DOLL &#8211; FLESH La has visto en 2D, \u00a1ahora v\u00edvela en tu D! Esta mu\u00f1eca","og_url":"https:\/\/demoweb.info\/sexshop001\/producto\/muneca-realistica-jesse-jane-life-flesh\/","og_site_name":"Tienda Er\u00f3tica","article_modified_time":"2022-01-22T08:42:03+00:00","og_image":[{"width":550,"height":550,"url":"https:\/\/demoweb.info\/sexshop001\/wp-content\/uploads\/2022\/01\/MUNECA-REALISTICA-JESSE-JANE-LIFE-FLESH.jpg","type":"image\/jpeg"}],"twitter_card":"summary_large_image","twitter_misc":{"Tiempo de lectura":"1 minuto"},"schema":{"@context":"https:\/\/schema.org","@graph":[{"@type":"WebPage","@id":"https:\/\/demoweb.info\/sexshop001\/producto\/muneca-realistica-jesse-jane-life-flesh\/","url":"https:\/\/demoweb.info\/sexshop001\/producto\/muneca-realistica-jesse-jane-life-flesh\/","name":"MU\u00d1ECA REALISTICA JESSE JANE LIFE - FLESH - Tienda Er\u00f3tica","isPartOf":{"@id":"https:\/\/demoweb.info\/sexshop001\/#website"},"datePublished":"2022-01-22T08:41:58+00:00","dateModified":"2022-01-22T08:42:03+00:00","breadcrumb":{"@id":"https:\/\/demoweb.info\/sexshop001\/producto\/muneca-realistica-jesse-jane-life-flesh\/#breadcrumb"},"inLanguage":"es","potentialAction":[{"@type":"ReadAction","target":["https:\/\/demoweb.info\/sexshop001\/producto\/muneca-realistica-jesse-jane-life-flesh\/"]}]},{"@type":"BreadcrumbList","@id":"https:\/\/demoweb.info\/sexshop001\/producto\/muneca-realistica-jesse-jane-life-flesh\/#breadcrumb","itemListElement":[{"@type":"ListItem","position":1,"name":"Portada","item":"https:\/\/demoweb.info\/sexshop001\/"},{"@type":"ListItem","position":2,"name":"Tienda","item":"https:\/\/demoweb.info\/sexshop001\/tienda\/"},{"@type":"ListItem","position":3,"name":"MU\u00d1ECA REALISTICA JESSE JANE LIFE &#8211; FLESH"}]},{"@type":"WebSite","@id":"https:\/\/demoweb.info\/sexshop001\/#website","url":"https:\/\/demoweb.info\/sexshop001\/","name":"Tienda Er\u00f3tica","description":"DEMOWEB SL","potentialAction":[{"@type":"SearchAction","target":{"@type":"EntryPoint","urlTemplate":"https:\/\/demoweb.info\/sexshop001\/?s={search_term_string}"},"query-input":"required name=search_term_string"}],"inLanguage":"es"}]}},"_links":{"self":[{"href":"https:\/\/demoweb.info\/sexshop001\/wp-json\/wp\/v3\/product\/9275","targetHints":{"allow":["GET"]}}],"collection":[{"href":"https:\/\/demoweb.info\/sexshop001\/wp-json\/wp\/v3\/product"}],"about":[{"href":"https:\/\/demoweb.info\/sexshop001\/wp-json\/wp\/v2\/types\/product"}],"replies":[{"embeddable":true,"href":"https:\/\/demoweb.info\/sexshop001\/wp-json\/wp\/v2\/comments?post=9275"}],"wp:featuredmedia":[{"embeddable":true,"href":"https:\/\/demoweb.info\/sexshop001\/wp-json\/wp\/v2\/media\/9276"}],"wp:attachment":[{"href":"https:\/\/demoweb.info\/sexshop001\/wp-json\/wp\/v2\/media?parent=9275"}],"wp:term":[{"taxonomy":"product_cat","embeddable":true,"href":"https:\/\/demoweb.info\/sexshop001\/wp-json\/wp\/v2\/product_cat?post=9275"},{"taxonomy":"product_tag","embeddable":true,"href":"https:\/\/demoweb.info\/sexshop001\/wp-json\/wp\/v2\/product_tag?post=9275"}],"curies":[{"name":"wp","href":"https:\/\/api.w.org\/{rel}","templated":true}]}}