{"id":9248,"date":"2022-01-22T09:41:34","date_gmt":"2022-01-22T08:41:34","guid":{"rendered":"https:\/\/demoweb.info\/sexshop001\/producto\/randy-mastubador-ultraskyn-ano-vanilla\/"},"modified":"2022-01-22T09:41:53","modified_gmt":"2022-01-22T08:41:53","slug":"randy-mastubador-ultraskyn-ano-vanilla","status":"publish","type":"product","link":"https:\/\/demoweb.info\/sexshop001\/producto\/randy-mastubador-ultraskyn-ano-vanilla\/","title":{"rendered":"RANDY &#8211; MASTUBADOR ULTRASKYN ANO- VANILLA"},"content":{"rendered":"<p><strong>RANDY &#8211; ULTRASKYN STROKER &#8211; ASS &#8211; VANILLA<\/strong><\/p>\n<p>La vers\u00e1til superestrella de SeanCody, Randy, se une a la alineaci\u00f3n Man Squeeze con un stroker de estuche r\u00edgido de presi\u00f3n variable moldeado directamente de su cuerpo.<\/p>\n<p>Hecho a mano en ULTRASKYN realista, Randy&#39;s Man Squeeze presenta un interior apretado y texturizado que se calienta al tacto y se siente como si fuera real.<\/p>\n<p>\u00a1Juega tu escena favorita de Randy y convi\u00e9rtete en su coprotagonista!<\/p>\n<ul>\n<li>Dimensiones del producto : 22,9 x 8,4 x 9,1 cm<\/li>\n<li>Peso del producto  :610,00 gram<\/li>\n<li>Di\u00e1metro del producto  :8,5 cm<\/li>\n<li>Longitud insertable :22,1 cm<\/li>\n<li>Materiales  :TPE\/ABS<\/li>\n<\/ul>\n","protected":false},"excerpt":{"rendered":"<p>RANDY &#8211; ULTRASKYN STROKER &#8211; ASS &#8211; VANILLA La vers\u00e1til superestrella de SeanCody, Randy, se une a la alineaci\u00f3n Man<\/p>\n","protected":false},"featured_media":9249,"comment_status":"open","ping_status":"open","template":"","meta":[],"product_cat":[468],"product_tag":[460,469],"class_list":["post-9248","product","type-product","status-publish","has-post-thumbnail","hentry","product_cat-anos","product_tag-doc-johnson","product_tag-man-squeeze"],"bundled_by":[],"bundle_stock_status":"instock","bundle_stock_quantity":1,"bundle_virtual":false,"bundle_layout":"","bundle_add_to_cart_form_location":"","bundle_editable_in_cart":false,"bundle_sold_individually_context":"","bundle_item_grouping":"","bundle_min_size":"","bundle_max_size":"","bundled_items":[],"yoast_head":"<!-- This site is optimized with the Yoast SEO plugin v20.6 - https:\/\/yoast.com\/wordpress\/plugins\/seo\/ -->\n<title>RANDY - MASTUBADOR ULTRASKYN ANO- VANILLA - Tienda Er\u00f3tica<\/title>\n<meta name=\"robots\" content=\"noindex, follow, max-snippet:-1, max-image-preview:large, max-video-preview:-1\" \/>\n<meta property=\"og:locale\" content=\"es_ES\" \/>\n<meta property=\"og:type\" content=\"article\" \/>\n<meta property=\"og:title\" content=\"RANDY - MASTUBADOR ULTRASKYN ANO- VANILLA - Tienda Er\u00f3tica\" \/>\n<meta property=\"og:description\" content=\"RANDY &#8211; ULTRASKYN STROKER &#8211; ASS &#8211; VANILLA La vers\u00e1til superestrella de SeanCody, Randy, se une a la alineaci\u00f3n Man\" \/>\n<meta property=\"og:url\" content=\"https:\/\/demoweb.info\/sexshop001\/producto\/randy-mastubador-ultraskyn-ano-vanilla\/\" \/>\n<meta property=\"og:site_name\" content=\"Tienda Er\u00f3tica\" \/>\n<meta property=\"article:modified_time\" content=\"2022-01-22T08:41:53+00:00\" \/>\n<meta property=\"og:image\" content=\"https:\/\/demoweb.info\/sexshop001\/wp-content\/uploads\/2022\/01\/RANDY-MASTUBADOR-ULTRASKYN-ANO-VANILLA.jpg\" \/>\n\t<meta property=\"og:image:width\" content=\"550\" \/>\n\t<meta property=\"og:image:height\" content=\"550\" \/>\n\t<meta property=\"og:image:type\" content=\"image\/jpeg\" \/>\n<meta name=\"twitter:card\" content=\"summary_large_image\" \/>\n<meta name=\"twitter:label1\" content=\"Tiempo de lectura\" \/>\n\t<meta name=\"twitter:data1\" content=\"1 minuto\" \/>\n<script type=\"application\/ld+json\" class=\"yoast-schema-graph\">{\"@context\":\"https:\/\/schema.org\",\"@graph\":[{\"@type\":\"WebPage\",\"@id\":\"https:\/\/demoweb.info\/sexshop001\/producto\/randy-mastubador-ultraskyn-ano-vanilla\/\",\"url\":\"https:\/\/demoweb.info\/sexshop001\/producto\/randy-mastubador-ultraskyn-ano-vanilla\/\",\"name\":\"RANDY - MASTUBADOR ULTRASKYN ANO- VANILLA - Tienda Er\u00f3tica\",\"isPartOf\":{\"@id\":\"https:\/\/demoweb.info\/sexshop001\/#website\"},\"datePublished\":\"2022-01-22T08:41:34+00:00\",\"dateModified\":\"2022-01-22T08:41:53+00:00\",\"breadcrumb\":{\"@id\":\"https:\/\/demoweb.info\/sexshop001\/producto\/randy-mastubador-ultraskyn-ano-vanilla\/#breadcrumb\"},\"inLanguage\":\"es\",\"potentialAction\":[{\"@type\":\"ReadAction\",\"target\":[\"https:\/\/demoweb.info\/sexshop001\/producto\/randy-mastubador-ultraskyn-ano-vanilla\/\"]}]},{\"@type\":\"BreadcrumbList\",\"@id\":\"https:\/\/demoweb.info\/sexshop001\/producto\/randy-mastubador-ultraskyn-ano-vanilla\/#breadcrumb\",\"itemListElement\":[{\"@type\":\"ListItem\",\"position\":1,\"name\":\"Portada\",\"item\":\"https:\/\/demoweb.info\/sexshop001\/\"},{\"@type\":\"ListItem\",\"position\":2,\"name\":\"Tienda\",\"item\":\"https:\/\/demoweb.info\/sexshop001\/tienda\/\"},{\"@type\":\"ListItem\",\"position\":3,\"name\":\"RANDY &#8211; MASTUBADOR ULTRASKYN ANO- VANILLA\"}]},{\"@type\":\"WebSite\",\"@id\":\"https:\/\/demoweb.info\/sexshop001\/#website\",\"url\":\"https:\/\/demoweb.info\/sexshop001\/\",\"name\":\"Tienda Er\u00f3tica\",\"description\":\"DEMOWEB SL\",\"potentialAction\":[{\"@type\":\"SearchAction\",\"target\":{\"@type\":\"EntryPoint\",\"urlTemplate\":\"https:\/\/demoweb.info\/sexshop001\/?s={search_term_string}\"},\"query-input\":\"required name=search_term_string\"}],\"inLanguage\":\"es\"}]}<\/script>\n<!-- \/ Yoast SEO plugin. -->","yoast_head_json":{"title":"RANDY - MASTUBADOR ULTRASKYN ANO- VANILLA - Tienda Er\u00f3tica","robots":{"index":"noindex","follow":"follow","max-snippet":"max-snippet:-1","max-image-preview":"max-image-preview:large","max-video-preview":"max-video-preview:-1"},"og_locale":"es_ES","og_type":"article","og_title":"RANDY - MASTUBADOR ULTRASKYN ANO- VANILLA - Tienda Er\u00f3tica","og_description":"RANDY &#8211; ULTRASKYN STROKER &#8211; ASS &#8211; VANILLA La vers\u00e1til superestrella de SeanCody, Randy, se une a la alineaci\u00f3n Man","og_url":"https:\/\/demoweb.info\/sexshop001\/producto\/randy-mastubador-ultraskyn-ano-vanilla\/","og_site_name":"Tienda Er\u00f3tica","article_modified_time":"2022-01-22T08:41:53+00:00","og_image":[{"width":550,"height":550,"url":"https:\/\/demoweb.info\/sexshop001\/wp-content\/uploads\/2022\/01\/RANDY-MASTUBADOR-ULTRASKYN-ANO-VANILLA.jpg","type":"image\/jpeg"}],"twitter_card":"summary_large_image","twitter_misc":{"Tiempo de lectura":"1 minuto"},"schema":{"@context":"https:\/\/schema.org","@graph":[{"@type":"WebPage","@id":"https:\/\/demoweb.info\/sexshop001\/producto\/randy-mastubador-ultraskyn-ano-vanilla\/","url":"https:\/\/demoweb.info\/sexshop001\/producto\/randy-mastubador-ultraskyn-ano-vanilla\/","name":"RANDY - MASTUBADOR ULTRASKYN ANO- VANILLA - Tienda Er\u00f3tica","isPartOf":{"@id":"https:\/\/demoweb.info\/sexshop001\/#website"},"datePublished":"2022-01-22T08:41:34+00:00","dateModified":"2022-01-22T08:41:53+00:00","breadcrumb":{"@id":"https:\/\/demoweb.info\/sexshop001\/producto\/randy-mastubador-ultraskyn-ano-vanilla\/#breadcrumb"},"inLanguage":"es","potentialAction":[{"@type":"ReadAction","target":["https:\/\/demoweb.info\/sexshop001\/producto\/randy-mastubador-ultraskyn-ano-vanilla\/"]}]},{"@type":"BreadcrumbList","@id":"https:\/\/demoweb.info\/sexshop001\/producto\/randy-mastubador-ultraskyn-ano-vanilla\/#breadcrumb","itemListElement":[{"@type":"ListItem","position":1,"name":"Portada","item":"https:\/\/demoweb.info\/sexshop001\/"},{"@type":"ListItem","position":2,"name":"Tienda","item":"https:\/\/demoweb.info\/sexshop001\/tienda\/"},{"@type":"ListItem","position":3,"name":"RANDY &#8211; MASTUBADOR ULTRASKYN ANO- VANILLA"}]},{"@type":"WebSite","@id":"https:\/\/demoweb.info\/sexshop001\/#website","url":"https:\/\/demoweb.info\/sexshop001\/","name":"Tienda Er\u00f3tica","description":"DEMOWEB SL","potentialAction":[{"@type":"SearchAction","target":{"@type":"EntryPoint","urlTemplate":"https:\/\/demoweb.info\/sexshop001\/?s={search_term_string}"},"query-input":"required name=search_term_string"}],"inLanguage":"es"}]}},"_links":{"self":[{"href":"https:\/\/demoweb.info\/sexshop001\/wp-json\/wp\/v3\/product\/9248","targetHints":{"allow":["GET"]}}],"collection":[{"href":"https:\/\/demoweb.info\/sexshop001\/wp-json\/wp\/v3\/product"}],"about":[{"href":"https:\/\/demoweb.info\/sexshop001\/wp-json\/wp\/v2\/types\/product"}],"replies":[{"embeddable":true,"href":"https:\/\/demoweb.info\/sexshop001\/wp-json\/wp\/v2\/comments?post=9248"}],"wp:featuredmedia":[{"embeddable":true,"href":"https:\/\/demoweb.info\/sexshop001\/wp-json\/wp\/v2\/media\/9249"}],"wp:attachment":[{"href":"https:\/\/demoweb.info\/sexshop001\/wp-json\/wp\/v2\/media?parent=9248"}],"wp:term":[{"taxonomy":"product_cat","embeddable":true,"href":"https:\/\/demoweb.info\/sexshop001\/wp-json\/wp\/v2\/product_cat?post=9248"},{"taxonomy":"product_tag","embeddable":true,"href":"https:\/\/demoweb.info\/sexshop001\/wp-json\/wp\/v2\/product_tag?post=9248"}],"curies":[{"name":"wp","href":"https:\/\/api.w.org\/{rel}","templated":true}]}}