{"id":9234,"date":"2022-01-22T09:41:34","date_gmt":"2022-01-22T08:41:34","guid":{"rendered":"https:\/\/demoweb.info\/sexshop001\/producto\/evil-ball-crusher-and-presser-acero-inox\/"},"modified":"2022-01-22T09:41:47","modified_gmt":"2022-01-22T08:41:47","slug":"evil-ball-crusher-and-presser-acero-inox","status":"publish","type":"product","link":"https:\/\/demoweb.info\/sexshop001\/producto\/evil-ball-crusher-and-presser-acero-inox\/","title":{"rendered":"EVIL BALL CRUSHER AND PRESSER &#8211; ACERO INOX"},"content":{"rendered":"<p><strong>EVIL BALL CRUSHER AND PRESSER &#8211; STAINLESS STEEL<\/strong><\/p>\n<p>\u00a1Un mal necesario en tu s\u00e1dica escena de TCC, este combo brutal de camilla y trituradora de bolas asegura que los test\u00edculos torturados est\u00e9n bien y realmente ajustados!<\/p>\n<p>\u00a1Agrega el implacable dispositivo CBT Triune Evil Shells a su escena y ser\u00e1 el \u00faltimo giro del tornillo! De hecho, ciertamente se necesitan test\u00edculos para jugar con este chico malo. Separando las nueces para torturar cada test\u00edculo individualmente y dar a cada uno el castigo pervertido que se merece, el ensanchador de bolas y la trituradora de bolas CBT de Evil Shells ha sido dise\u00f1ado intrincadamente para la desviaci\u00f3n.<\/p>\n<p>Cada carcasa tiene 13 tornillos individuales que se ajustan f\u00e1cilmente con la llave Allen incluida, mientras que el dise\u00f1o ergon\u00f3mico asegura que sea f\u00e1cil de colocar y se mantenga en su lugar utilizando tornillos de mariposa.<\/p>\n<p>Simplemente coloque las bolas entre las dos mitades de cada c\u00e1scara de nuez, bloqu\u00e9elas adentro y ser\u00e1n completamente vulnerables y a su merced. \u00a1Este dispositivo CBT con p\u00faas incluso viene con 2 candados incluidos para mayor seguridad, por lo que no hay escapatoria del destino!<\/p>\n<p>Con un dise\u00f1o \u00fanico que facilita la adici\u00f3n de pesos entre los dos proyectiles, esto realmente es la mejor tortura de gallos y pelotas. La funci\u00f3n de lados abiertos incluso le permite ver c\u00f3mo las bolas obtienen sus desiertos, pero tambi\u00e9n permite la circulaci\u00f3n de aire para una higiene \u00f3ptima.<\/p>\n<p>La trituradora de bolas y trituradora de bolas CBT Triune Evil Shells est\u00e1 fabricada con acero inoxidable de buena calidad y grado m\u00e9dico, por lo que es seguro para el cuerpo, duradero y tiene una sensaci\u00f3n de peso natural. Adem\u00e1s, los tornillos se pueden quitar completamente de este dispositivo CBT vers\u00e1til para un juego menos extremo.<\/p>\n<p>Caracter\u00edsticas:<\/p>\n<ul>\n<li>Dimensiones del producto: 23 x 4 x 4 cm<\/li>\n<li>Peso del producto: 300 gr<\/li>\n<li>Materiales: Acero Inox<\/li>\n<\/ul>\n","protected":false},"excerpt":{"rendered":"<p>EVIL BALL CRUSHER AND PRESSER &#8211; STAINLESS STEEL \u00a1Un mal necesario en tu s\u00e1dica escena de TCC, este combo brutal<\/p>\n","protected":false},"featured_media":9235,"comment_status":"open","ping_status":"open","template":"","meta":[],"product_cat":[305],"product_tag":[283],"class_list":["post-9234","product","type-product","status-publish","has-post-thumbnail","hentry","product_cat-castidad","product_tag-triune"],"bundled_by":[],"bundle_stock_status":"outofstock","bundle_stock_quantity":0,"bundle_virtual":false,"bundle_layout":"","bundle_add_to_cart_form_location":"","bundle_editable_in_cart":false,"bundle_sold_individually_context":"","bundle_item_grouping":"","bundle_min_size":"","bundle_max_size":"","bundled_items":[],"yoast_head":"<!-- This site is optimized with the Yoast SEO plugin v20.6 - https:\/\/yoast.com\/wordpress\/plugins\/seo\/ -->\n<title>EVIL BALL CRUSHER AND PRESSER - ACERO INOX - Tienda Er\u00f3tica<\/title>\n<meta name=\"robots\" content=\"noindex, follow, max-snippet:-1, max-image-preview:large, max-video-preview:-1\" \/>\n<meta property=\"og:locale\" content=\"es_ES\" \/>\n<meta property=\"og:type\" content=\"article\" \/>\n<meta property=\"og:title\" content=\"EVIL BALL CRUSHER AND PRESSER - ACERO INOX - Tienda Er\u00f3tica\" \/>\n<meta property=\"og:description\" content=\"EVIL BALL CRUSHER AND PRESSER &#8211; STAINLESS STEEL \u00a1Un mal necesario en tu s\u00e1dica escena de TCC, este combo brutal\" \/>\n<meta property=\"og:url\" content=\"https:\/\/demoweb.info\/sexshop001\/producto\/evil-ball-crusher-and-presser-acero-inox\/\" \/>\n<meta property=\"og:site_name\" content=\"Tienda Er\u00f3tica\" \/>\n<meta property=\"article:modified_time\" content=\"2022-01-22T08:41:47+00:00\" \/>\n<meta property=\"og:image\" content=\"https:\/\/demoweb.info\/sexshop001\/wp-content\/uploads\/2022\/01\/EVIL-BALL-CRUSHER-AND-PRESSER-ACERO-INOX.jpg\" \/>\n\t<meta property=\"og:image:width\" content=\"550\" \/>\n\t<meta property=\"og:image:height\" content=\"550\" \/>\n\t<meta property=\"og:image:type\" content=\"image\/jpeg\" \/>\n<meta name=\"twitter:card\" content=\"summary_large_image\" \/>\n<meta name=\"twitter:label1\" content=\"Tiempo de lectura\" \/>\n\t<meta name=\"twitter:data1\" content=\"2 minutos\" \/>\n<script type=\"application\/ld+json\" class=\"yoast-schema-graph\">{\"@context\":\"https:\/\/schema.org\",\"@graph\":[{\"@type\":\"WebPage\",\"@id\":\"https:\/\/demoweb.info\/sexshop001\/producto\/evil-ball-crusher-and-presser-acero-inox\/\",\"url\":\"https:\/\/demoweb.info\/sexshop001\/producto\/evil-ball-crusher-and-presser-acero-inox\/\",\"name\":\"EVIL BALL CRUSHER AND PRESSER - ACERO INOX - Tienda Er\u00f3tica\",\"isPartOf\":{\"@id\":\"https:\/\/demoweb.info\/sexshop001\/#website\"},\"datePublished\":\"2022-01-22T08:41:34+00:00\",\"dateModified\":\"2022-01-22T08:41:47+00:00\",\"breadcrumb\":{\"@id\":\"https:\/\/demoweb.info\/sexshop001\/producto\/evil-ball-crusher-and-presser-acero-inox\/#breadcrumb\"},\"inLanguage\":\"es\",\"potentialAction\":[{\"@type\":\"ReadAction\",\"target\":[\"https:\/\/demoweb.info\/sexshop001\/producto\/evil-ball-crusher-and-presser-acero-inox\/\"]}]},{\"@type\":\"BreadcrumbList\",\"@id\":\"https:\/\/demoweb.info\/sexshop001\/producto\/evil-ball-crusher-and-presser-acero-inox\/#breadcrumb\",\"itemListElement\":[{\"@type\":\"ListItem\",\"position\":1,\"name\":\"Portada\",\"item\":\"https:\/\/demoweb.info\/sexshop001\/\"},{\"@type\":\"ListItem\",\"position\":2,\"name\":\"Tienda\",\"item\":\"https:\/\/demoweb.info\/sexshop001\/tienda\/\"},{\"@type\":\"ListItem\",\"position\":3,\"name\":\"EVIL BALL CRUSHER AND PRESSER &#8211; ACERO INOX\"}]},{\"@type\":\"WebSite\",\"@id\":\"https:\/\/demoweb.info\/sexshop001\/#website\",\"url\":\"https:\/\/demoweb.info\/sexshop001\/\",\"name\":\"Tienda Er\u00f3tica\",\"description\":\"DEMOWEB SL\",\"potentialAction\":[{\"@type\":\"SearchAction\",\"target\":{\"@type\":\"EntryPoint\",\"urlTemplate\":\"https:\/\/demoweb.info\/sexshop001\/?s={search_term_string}\"},\"query-input\":\"required name=search_term_string\"}],\"inLanguage\":\"es\"}]}<\/script>\n<!-- \/ Yoast SEO plugin. -->","yoast_head_json":{"title":"EVIL BALL CRUSHER AND PRESSER - ACERO INOX - Tienda Er\u00f3tica","robots":{"index":"noindex","follow":"follow","max-snippet":"max-snippet:-1","max-image-preview":"max-image-preview:large","max-video-preview":"max-video-preview:-1"},"og_locale":"es_ES","og_type":"article","og_title":"EVIL BALL CRUSHER AND PRESSER - ACERO INOX - Tienda Er\u00f3tica","og_description":"EVIL BALL CRUSHER AND PRESSER &#8211; STAINLESS STEEL \u00a1Un mal necesario en tu s\u00e1dica escena de TCC, este combo brutal","og_url":"https:\/\/demoweb.info\/sexshop001\/producto\/evil-ball-crusher-and-presser-acero-inox\/","og_site_name":"Tienda Er\u00f3tica","article_modified_time":"2022-01-22T08:41:47+00:00","og_image":[{"width":550,"height":550,"url":"https:\/\/demoweb.info\/sexshop001\/wp-content\/uploads\/2022\/01\/EVIL-BALL-CRUSHER-AND-PRESSER-ACERO-INOX.jpg","type":"image\/jpeg"}],"twitter_card":"summary_large_image","twitter_misc":{"Tiempo de lectura":"2 minutos"},"schema":{"@context":"https:\/\/schema.org","@graph":[{"@type":"WebPage","@id":"https:\/\/demoweb.info\/sexshop001\/producto\/evil-ball-crusher-and-presser-acero-inox\/","url":"https:\/\/demoweb.info\/sexshop001\/producto\/evil-ball-crusher-and-presser-acero-inox\/","name":"EVIL BALL CRUSHER AND PRESSER - ACERO INOX - Tienda Er\u00f3tica","isPartOf":{"@id":"https:\/\/demoweb.info\/sexshop001\/#website"},"datePublished":"2022-01-22T08:41:34+00:00","dateModified":"2022-01-22T08:41:47+00:00","breadcrumb":{"@id":"https:\/\/demoweb.info\/sexshop001\/producto\/evil-ball-crusher-and-presser-acero-inox\/#breadcrumb"},"inLanguage":"es","potentialAction":[{"@type":"ReadAction","target":["https:\/\/demoweb.info\/sexshop001\/producto\/evil-ball-crusher-and-presser-acero-inox\/"]}]},{"@type":"BreadcrumbList","@id":"https:\/\/demoweb.info\/sexshop001\/producto\/evil-ball-crusher-and-presser-acero-inox\/#breadcrumb","itemListElement":[{"@type":"ListItem","position":1,"name":"Portada","item":"https:\/\/demoweb.info\/sexshop001\/"},{"@type":"ListItem","position":2,"name":"Tienda","item":"https:\/\/demoweb.info\/sexshop001\/tienda\/"},{"@type":"ListItem","position":3,"name":"EVIL BALL CRUSHER AND PRESSER &#8211; ACERO INOX"}]},{"@type":"WebSite","@id":"https:\/\/demoweb.info\/sexshop001\/#website","url":"https:\/\/demoweb.info\/sexshop001\/","name":"Tienda Er\u00f3tica","description":"DEMOWEB SL","potentialAction":[{"@type":"SearchAction","target":{"@type":"EntryPoint","urlTemplate":"https:\/\/demoweb.info\/sexshop001\/?s={search_term_string}"},"query-input":"required name=search_term_string"}],"inLanguage":"es"}]}},"_links":{"self":[{"href":"https:\/\/demoweb.info\/sexshop001\/wp-json\/wp\/v3\/product\/9234","targetHints":{"allow":["GET"]}}],"collection":[{"href":"https:\/\/demoweb.info\/sexshop001\/wp-json\/wp\/v3\/product"}],"about":[{"href":"https:\/\/demoweb.info\/sexshop001\/wp-json\/wp\/v2\/types\/product"}],"replies":[{"embeddable":true,"href":"https:\/\/demoweb.info\/sexshop001\/wp-json\/wp\/v2\/comments?post=9234"}],"wp:featuredmedia":[{"embeddable":true,"href":"https:\/\/demoweb.info\/sexshop001\/wp-json\/wp\/v2\/media\/9235"}],"wp:attachment":[{"href":"https:\/\/demoweb.info\/sexshop001\/wp-json\/wp\/v2\/media?parent=9234"}],"wp:term":[{"taxonomy":"product_cat","embeddable":true,"href":"https:\/\/demoweb.info\/sexshop001\/wp-json\/wp\/v2\/product_cat?post=9234"},{"taxonomy":"product_tag","embeddable":true,"href":"https:\/\/demoweb.info\/sexshop001\/wp-json\/wp\/v2\/product_tag?post=9234"}],"curies":[{"name":"wp","href":"https:\/\/api.w.org\/{rel}","templated":true}]}}