{"id":9229,"date":"2022-01-22T09:41:34","date_gmt":"2022-01-22T08:41:34","guid":{"rendered":"https:\/\/demoweb.info\/sexshop001\/producto\/the-prison-bird-acero-inox\/"},"modified":"2022-01-22T09:41:45","modified_gmt":"2022-01-22T08:41:45","slug":"the-prison-bird-acero-inox","status":"publish","type":"product","link":"https:\/\/demoweb.info\/sexshop001\/producto\/the-prison-bird-acero-inox\/","title":{"rendered":"THE PRISON BIRD &#8211; ACERO INOX"},"content":{"rendered":"<p><strong>THE PRISON BIRD &#8211; STAINLESS STEEL<\/strong><\/p>\n<p>\u00a1Encierra a tu hombre en esta jaula de castidad totalmente ajustable!<\/p>\n<p>Con un dise\u00f1o tipo brazalete, el anillo base de este dispositivo tiene capacidad para 4 tama\u00f1os diferentes. Bloquea el anillo en su lugar con el sistema de placa de pasador para atrapar los test\u00edculos en los confines de ese anillo de acero inoxidable. Mientras tanto, su eje fl\u00e1cido quedar\u00e1 atrapado en la peque\u00f1a jaula de metal sin escapatoria.<\/p>\n<p>Tres espaciadores permiten ajustar la jaula para que se ajuste a su longitud. \u00a1Enci\u00e9rralo y mira c\u00f3mo lucha por el tiempo que quieras!<\/p>\n<p>Este dispositivo es transpirable e incluye un orificio para que pueda orinar a trav\u00e9s del uso a largo plazo.<\/p>\n<ul>\n<li>Longitud de la jaula: 70 mm.<\/li>\n<li>El posicionamiento de los espaciadores entre la jaula y el anillo base permite un ajuste adicional de hasta 20 mm m\u00e1s adentro o afuera.<\/li>\n<li>Tama\u00f1os de anillo: ajustable desde 40 mm \/ 45 mm \/ 50 mm \/ 55 mm<\/li>\n<\/ul>\n<p>Caracter\u00edsticas:<\/p>\n<ul>\n<li>Dimensiones del producto: 10 x 7,5 x 7 cm<\/li>\n<li>Peso del producto: 410 gr<\/li>\n<li>Di\u00e1metro del producto:  4,5 cm<\/li>\n<li>Di\u00e1metro interno:  3,4 cm<\/li>\n<li>Longitud insertable: 9,0 cm<\/li>\n<li>Materiales: Acero Inox  <\/li>\n<\/ul>\n","protected":false},"excerpt":{"rendered":"<p>THE PRISON BIRD &#8211; STAINLESS STEEL \u00a1Encierra a tu hombre en esta jaula de castidad totalmente ajustable! Con un dise\u00f1o<\/p>\n","protected":false},"featured_media":9230,"comment_status":"open","ping_status":"open","template":"","meta":[],"product_cat":[305],"product_tag":[283],"class_list":["post-9229","product","type-product","status-publish","has-post-thumbnail","hentry","product_cat-castidad","product_tag-triune"],"bundled_by":[],"bundle_stock_status":"outofstock","bundle_stock_quantity":0,"bundle_virtual":false,"bundle_layout":"","bundle_add_to_cart_form_location":"","bundle_editable_in_cart":false,"bundle_sold_individually_context":"","bundle_item_grouping":"","bundle_min_size":"","bundle_max_size":"","bundled_items":[],"yoast_head":"<!-- This site is optimized with the Yoast SEO plugin v20.6 - https:\/\/yoast.com\/wordpress\/plugins\/seo\/ -->\n<title>THE PRISON BIRD - ACERO INOX - Tienda Er\u00f3tica<\/title>\n<meta name=\"robots\" content=\"noindex, follow, max-snippet:-1, max-image-preview:large, max-video-preview:-1\" \/>\n<meta property=\"og:locale\" content=\"es_ES\" \/>\n<meta property=\"og:type\" content=\"article\" \/>\n<meta property=\"og:title\" content=\"THE PRISON BIRD - ACERO INOX - Tienda Er\u00f3tica\" \/>\n<meta property=\"og:description\" content=\"THE PRISON BIRD &#8211; STAINLESS STEEL \u00a1Encierra a tu hombre en esta jaula de castidad totalmente ajustable! Con un dise\u00f1o\" \/>\n<meta property=\"og:url\" content=\"https:\/\/demoweb.info\/sexshop001\/producto\/the-prison-bird-acero-inox\/\" \/>\n<meta property=\"og:site_name\" content=\"Tienda Er\u00f3tica\" \/>\n<meta property=\"article:modified_time\" content=\"2022-01-22T08:41:45+00:00\" \/>\n<meta property=\"og:image\" content=\"https:\/\/demoweb.info\/sexshop001\/wp-content\/uploads\/2022\/01\/THE-PRISON-BIRD-ACERO-INOX.jpg\" \/>\n\t<meta property=\"og:image:width\" content=\"550\" \/>\n\t<meta property=\"og:image:height\" content=\"550\" \/>\n\t<meta property=\"og:image:type\" content=\"image\/jpeg\" \/>\n<meta name=\"twitter:card\" content=\"summary_large_image\" \/>\n<meta name=\"twitter:label1\" content=\"Tiempo de lectura\" \/>\n\t<meta name=\"twitter:data1\" content=\"1 minuto\" \/>\n<script type=\"application\/ld+json\" class=\"yoast-schema-graph\">{\"@context\":\"https:\/\/schema.org\",\"@graph\":[{\"@type\":\"WebPage\",\"@id\":\"https:\/\/demoweb.info\/sexshop001\/producto\/the-prison-bird-acero-inox\/\",\"url\":\"https:\/\/demoweb.info\/sexshop001\/producto\/the-prison-bird-acero-inox\/\",\"name\":\"THE PRISON BIRD - ACERO INOX - Tienda Er\u00f3tica\",\"isPartOf\":{\"@id\":\"https:\/\/demoweb.info\/sexshop001\/#website\"},\"datePublished\":\"2022-01-22T08:41:34+00:00\",\"dateModified\":\"2022-01-22T08:41:45+00:00\",\"breadcrumb\":{\"@id\":\"https:\/\/demoweb.info\/sexshop001\/producto\/the-prison-bird-acero-inox\/#breadcrumb\"},\"inLanguage\":\"es\",\"potentialAction\":[{\"@type\":\"ReadAction\",\"target\":[\"https:\/\/demoweb.info\/sexshop001\/producto\/the-prison-bird-acero-inox\/\"]}]},{\"@type\":\"BreadcrumbList\",\"@id\":\"https:\/\/demoweb.info\/sexshop001\/producto\/the-prison-bird-acero-inox\/#breadcrumb\",\"itemListElement\":[{\"@type\":\"ListItem\",\"position\":1,\"name\":\"Portada\",\"item\":\"https:\/\/demoweb.info\/sexshop001\/\"},{\"@type\":\"ListItem\",\"position\":2,\"name\":\"Tienda\",\"item\":\"https:\/\/demoweb.info\/sexshop001\/tienda\/\"},{\"@type\":\"ListItem\",\"position\":3,\"name\":\"THE PRISON BIRD &#8211; ACERO INOX\"}]},{\"@type\":\"WebSite\",\"@id\":\"https:\/\/demoweb.info\/sexshop001\/#website\",\"url\":\"https:\/\/demoweb.info\/sexshop001\/\",\"name\":\"Tienda Er\u00f3tica\",\"description\":\"DEMOWEB SL\",\"potentialAction\":[{\"@type\":\"SearchAction\",\"target\":{\"@type\":\"EntryPoint\",\"urlTemplate\":\"https:\/\/demoweb.info\/sexshop001\/?s={search_term_string}\"},\"query-input\":\"required name=search_term_string\"}],\"inLanguage\":\"es\"}]}<\/script>\n<!-- \/ Yoast SEO plugin. -->","yoast_head_json":{"title":"THE PRISON BIRD - ACERO INOX - Tienda Er\u00f3tica","robots":{"index":"noindex","follow":"follow","max-snippet":"max-snippet:-1","max-image-preview":"max-image-preview:large","max-video-preview":"max-video-preview:-1"},"og_locale":"es_ES","og_type":"article","og_title":"THE PRISON BIRD - ACERO INOX - Tienda Er\u00f3tica","og_description":"THE PRISON BIRD &#8211; STAINLESS STEEL \u00a1Encierra a tu hombre en esta jaula de castidad totalmente ajustable! Con un dise\u00f1o","og_url":"https:\/\/demoweb.info\/sexshop001\/producto\/the-prison-bird-acero-inox\/","og_site_name":"Tienda Er\u00f3tica","article_modified_time":"2022-01-22T08:41:45+00:00","og_image":[{"width":550,"height":550,"url":"https:\/\/demoweb.info\/sexshop001\/wp-content\/uploads\/2022\/01\/THE-PRISON-BIRD-ACERO-INOX.jpg","type":"image\/jpeg"}],"twitter_card":"summary_large_image","twitter_misc":{"Tiempo de lectura":"1 minuto"},"schema":{"@context":"https:\/\/schema.org","@graph":[{"@type":"WebPage","@id":"https:\/\/demoweb.info\/sexshop001\/producto\/the-prison-bird-acero-inox\/","url":"https:\/\/demoweb.info\/sexshop001\/producto\/the-prison-bird-acero-inox\/","name":"THE PRISON BIRD - ACERO INOX - Tienda Er\u00f3tica","isPartOf":{"@id":"https:\/\/demoweb.info\/sexshop001\/#website"},"datePublished":"2022-01-22T08:41:34+00:00","dateModified":"2022-01-22T08:41:45+00:00","breadcrumb":{"@id":"https:\/\/demoweb.info\/sexshop001\/producto\/the-prison-bird-acero-inox\/#breadcrumb"},"inLanguage":"es","potentialAction":[{"@type":"ReadAction","target":["https:\/\/demoweb.info\/sexshop001\/producto\/the-prison-bird-acero-inox\/"]}]},{"@type":"BreadcrumbList","@id":"https:\/\/demoweb.info\/sexshop001\/producto\/the-prison-bird-acero-inox\/#breadcrumb","itemListElement":[{"@type":"ListItem","position":1,"name":"Portada","item":"https:\/\/demoweb.info\/sexshop001\/"},{"@type":"ListItem","position":2,"name":"Tienda","item":"https:\/\/demoweb.info\/sexshop001\/tienda\/"},{"@type":"ListItem","position":3,"name":"THE PRISON BIRD &#8211; ACERO INOX"}]},{"@type":"WebSite","@id":"https:\/\/demoweb.info\/sexshop001\/#website","url":"https:\/\/demoweb.info\/sexshop001\/","name":"Tienda Er\u00f3tica","description":"DEMOWEB SL","potentialAction":[{"@type":"SearchAction","target":{"@type":"EntryPoint","urlTemplate":"https:\/\/demoweb.info\/sexshop001\/?s={search_term_string}"},"query-input":"required name=search_term_string"}],"inLanguage":"es"}]}},"_links":{"self":[{"href":"https:\/\/demoweb.info\/sexshop001\/wp-json\/wp\/v3\/product\/9229","targetHints":{"allow":["GET"]}}],"collection":[{"href":"https:\/\/demoweb.info\/sexshop001\/wp-json\/wp\/v3\/product"}],"about":[{"href":"https:\/\/demoweb.info\/sexshop001\/wp-json\/wp\/v2\/types\/product"}],"replies":[{"embeddable":true,"href":"https:\/\/demoweb.info\/sexshop001\/wp-json\/wp\/v2\/comments?post=9229"}],"wp:featuredmedia":[{"embeddable":true,"href":"https:\/\/demoweb.info\/sexshop001\/wp-json\/wp\/v2\/media\/9230"}],"wp:attachment":[{"href":"https:\/\/demoweb.info\/sexshop001\/wp-json\/wp\/v2\/media?parent=9229"}],"wp:term":[{"taxonomy":"product_cat","embeddable":true,"href":"https:\/\/demoweb.info\/sexshop001\/wp-json\/wp\/v2\/product_cat?post=9229"},{"taxonomy":"product_tag","embeddable":true,"href":"https:\/\/demoweb.info\/sexshop001\/wp-json\/wp\/v2\/product_tag?post=9229"}],"curies":[{"name":"wp","href":"https:\/\/api.w.org\/{rel}","templated":true}]}}