{"id":9225,"date":"2022-01-22T09:41:34","date_gmt":"2022-01-22T08:41:34","guid":{"rendered":"https:\/\/demoweb.info\/sexshop001\/producto\/the-spiked-dispositivo-castidad-acero-inox\/"},"modified":"2022-01-22T09:41:43","modified_gmt":"2022-01-22T08:41:43","slug":"the-spiked-dispositivo-castidad-acero-inox","status":"publish","type":"product","link":"https:\/\/demoweb.info\/sexshop001\/producto\/the-spiked-dispositivo-castidad-acero-inox\/","title":{"rendered":"THE SPIKED DISPOSITIVO CASTIDAD &#8211; ACERO INOX"},"content":{"rendered":"<p><strong>THE SPIKED CHASITY CAGE &#8211; STAINLESS STEEL<\/strong><\/p>\n<p>\u00bfQu\u00e9 le das al hombre que lo tiene todo? La jaula de espigas, \u00a1por supuesto!<\/p>\n<p>Este dispositivo vers\u00e1til ofrece lo mejor de ambos mundos, con una jaula de clavos de acero inoxidable creada para ser mucho m\u00e1s que un simple dispositivo de castidad. La jaula de longitud media superior est\u00e1 dise\u00f1ada con siete anillos con p\u00faas, que comienzan en la base y terminan con cuatro p\u00faas dentro de la cabeza del dispositivo. El anillo incluido es ajustable debido a su mecanismo de bloqueo estilo esposas. La jaula Spike se sujeta a un anillo de acero ajustable por medio de un solo pasador dise\u00f1ado para mantener el bloqueo incluido en su lugar.<\/p>\n<p>La jaula de gallo anat\u00f3micamente curvada mide 14 cm de largo con un di\u00e1metro de 3.5 cm.<\/p>\n<p>Caracter\u00edsticas:<\/p>\n<ul>\n<li>Dimensiones del producto: 10 x 5 x 5 cm<\/li>\n<li>Peso del producto: 202 gr<\/li>\n<li>Di\u00e1metro del producto: 4,5 cm<\/li>\n<li>Di\u00e1metro interno:  3,5 cm<\/li>\n<li>Longitud insertable: 9,0 cm<\/li>\n<\/ul>\n","protected":false},"excerpt":{"rendered":"<p>THE SPIKED CHASITY CAGE &#8211; STAINLESS STEEL \u00bfQu\u00e9 le das al hombre que lo tiene todo? La jaula de espigas,<\/p>\n","protected":false},"featured_media":9226,"comment_status":"open","ping_status":"open","template":"","meta":[],"product_cat":[305],"product_tag":[283],"class_list":["post-9225","product","type-product","status-publish","has-post-thumbnail","hentry","product_cat-castidad","product_tag-triune"],"bundled_by":[],"bundle_stock_status":"outofstock","bundle_stock_quantity":0,"bundle_virtual":false,"bundle_layout":"","bundle_add_to_cart_form_location":"","bundle_editable_in_cart":false,"bundle_sold_individually_context":"","bundle_item_grouping":"","bundle_min_size":"","bundle_max_size":"","bundled_items":[],"yoast_head":"<!-- This site is optimized with the Yoast SEO plugin v20.6 - https:\/\/yoast.com\/wordpress\/plugins\/seo\/ -->\n<title>THE SPIKED DISPOSITIVO CASTIDAD - ACERO INOX - Tienda Er\u00f3tica<\/title>\n<meta name=\"robots\" content=\"noindex, follow, max-snippet:-1, max-image-preview:large, max-video-preview:-1\" \/>\n<meta property=\"og:locale\" content=\"es_ES\" \/>\n<meta property=\"og:type\" content=\"article\" \/>\n<meta property=\"og:title\" content=\"THE SPIKED DISPOSITIVO CASTIDAD - ACERO INOX - Tienda Er\u00f3tica\" \/>\n<meta property=\"og:description\" content=\"THE SPIKED CHASITY CAGE &#8211; STAINLESS STEEL \u00bfQu\u00e9 le das al hombre que lo tiene todo? La jaula de espigas,\" \/>\n<meta property=\"og:url\" content=\"https:\/\/demoweb.info\/sexshop001\/producto\/the-spiked-dispositivo-castidad-acero-inox\/\" \/>\n<meta property=\"og:site_name\" content=\"Tienda Er\u00f3tica\" \/>\n<meta property=\"article:modified_time\" content=\"2022-01-22T08:41:43+00:00\" \/>\n<meta property=\"og:image\" content=\"https:\/\/demoweb.info\/sexshop001\/wp-content\/uploads\/2022\/01\/THE-SPIKED-DISPOSITIVO-CASTIDAD-ACERO-INOX.jpg\" \/>\n\t<meta property=\"og:image:width\" content=\"550\" \/>\n\t<meta property=\"og:image:height\" content=\"550\" \/>\n\t<meta property=\"og:image:type\" content=\"image\/jpeg\" \/>\n<meta name=\"twitter:card\" content=\"summary_large_image\" \/>\n<meta name=\"twitter:label1\" content=\"Tiempo de lectura\" \/>\n\t<meta name=\"twitter:data1\" content=\"1 minuto\" \/>\n<script type=\"application\/ld+json\" class=\"yoast-schema-graph\">{\"@context\":\"https:\/\/schema.org\",\"@graph\":[{\"@type\":\"WebPage\",\"@id\":\"https:\/\/demoweb.info\/sexshop001\/producto\/the-spiked-dispositivo-castidad-acero-inox\/\",\"url\":\"https:\/\/demoweb.info\/sexshop001\/producto\/the-spiked-dispositivo-castidad-acero-inox\/\",\"name\":\"THE SPIKED DISPOSITIVO CASTIDAD - ACERO INOX - Tienda Er\u00f3tica\",\"isPartOf\":{\"@id\":\"https:\/\/demoweb.info\/sexshop001\/#website\"},\"datePublished\":\"2022-01-22T08:41:34+00:00\",\"dateModified\":\"2022-01-22T08:41:43+00:00\",\"breadcrumb\":{\"@id\":\"https:\/\/demoweb.info\/sexshop001\/producto\/the-spiked-dispositivo-castidad-acero-inox\/#breadcrumb\"},\"inLanguage\":\"es\",\"potentialAction\":[{\"@type\":\"ReadAction\",\"target\":[\"https:\/\/demoweb.info\/sexshop001\/producto\/the-spiked-dispositivo-castidad-acero-inox\/\"]}]},{\"@type\":\"BreadcrumbList\",\"@id\":\"https:\/\/demoweb.info\/sexshop001\/producto\/the-spiked-dispositivo-castidad-acero-inox\/#breadcrumb\",\"itemListElement\":[{\"@type\":\"ListItem\",\"position\":1,\"name\":\"Portada\",\"item\":\"https:\/\/demoweb.info\/sexshop001\/\"},{\"@type\":\"ListItem\",\"position\":2,\"name\":\"Tienda\",\"item\":\"https:\/\/demoweb.info\/sexshop001\/tienda\/\"},{\"@type\":\"ListItem\",\"position\":3,\"name\":\"THE SPIKED DISPOSITIVO CASTIDAD &#8211; ACERO INOX\"}]},{\"@type\":\"WebSite\",\"@id\":\"https:\/\/demoweb.info\/sexshop001\/#website\",\"url\":\"https:\/\/demoweb.info\/sexshop001\/\",\"name\":\"Tienda Er\u00f3tica\",\"description\":\"DEMOWEB SL\",\"potentialAction\":[{\"@type\":\"SearchAction\",\"target\":{\"@type\":\"EntryPoint\",\"urlTemplate\":\"https:\/\/demoweb.info\/sexshop001\/?s={search_term_string}\"},\"query-input\":\"required name=search_term_string\"}],\"inLanguage\":\"es\"}]}<\/script>\n<!-- \/ Yoast SEO plugin. -->","yoast_head_json":{"title":"THE SPIKED DISPOSITIVO CASTIDAD - ACERO INOX - Tienda Er\u00f3tica","robots":{"index":"noindex","follow":"follow","max-snippet":"max-snippet:-1","max-image-preview":"max-image-preview:large","max-video-preview":"max-video-preview:-1"},"og_locale":"es_ES","og_type":"article","og_title":"THE SPIKED DISPOSITIVO CASTIDAD - ACERO INOX - Tienda Er\u00f3tica","og_description":"THE SPIKED CHASITY CAGE &#8211; STAINLESS STEEL \u00bfQu\u00e9 le das al hombre que lo tiene todo? La jaula de espigas,","og_url":"https:\/\/demoweb.info\/sexshop001\/producto\/the-spiked-dispositivo-castidad-acero-inox\/","og_site_name":"Tienda Er\u00f3tica","article_modified_time":"2022-01-22T08:41:43+00:00","og_image":[{"width":550,"height":550,"url":"https:\/\/demoweb.info\/sexshop001\/wp-content\/uploads\/2022\/01\/THE-SPIKED-DISPOSITIVO-CASTIDAD-ACERO-INOX.jpg","type":"image\/jpeg"}],"twitter_card":"summary_large_image","twitter_misc":{"Tiempo de lectura":"1 minuto"},"schema":{"@context":"https:\/\/schema.org","@graph":[{"@type":"WebPage","@id":"https:\/\/demoweb.info\/sexshop001\/producto\/the-spiked-dispositivo-castidad-acero-inox\/","url":"https:\/\/demoweb.info\/sexshop001\/producto\/the-spiked-dispositivo-castidad-acero-inox\/","name":"THE SPIKED DISPOSITIVO CASTIDAD - ACERO INOX - Tienda Er\u00f3tica","isPartOf":{"@id":"https:\/\/demoweb.info\/sexshop001\/#website"},"datePublished":"2022-01-22T08:41:34+00:00","dateModified":"2022-01-22T08:41:43+00:00","breadcrumb":{"@id":"https:\/\/demoweb.info\/sexshop001\/producto\/the-spiked-dispositivo-castidad-acero-inox\/#breadcrumb"},"inLanguage":"es","potentialAction":[{"@type":"ReadAction","target":["https:\/\/demoweb.info\/sexshop001\/producto\/the-spiked-dispositivo-castidad-acero-inox\/"]}]},{"@type":"BreadcrumbList","@id":"https:\/\/demoweb.info\/sexshop001\/producto\/the-spiked-dispositivo-castidad-acero-inox\/#breadcrumb","itemListElement":[{"@type":"ListItem","position":1,"name":"Portada","item":"https:\/\/demoweb.info\/sexshop001\/"},{"@type":"ListItem","position":2,"name":"Tienda","item":"https:\/\/demoweb.info\/sexshop001\/tienda\/"},{"@type":"ListItem","position":3,"name":"THE SPIKED DISPOSITIVO CASTIDAD &#8211; ACERO INOX"}]},{"@type":"WebSite","@id":"https:\/\/demoweb.info\/sexshop001\/#website","url":"https:\/\/demoweb.info\/sexshop001\/","name":"Tienda Er\u00f3tica","description":"DEMOWEB SL","potentialAction":[{"@type":"SearchAction","target":{"@type":"EntryPoint","urlTemplate":"https:\/\/demoweb.info\/sexshop001\/?s={search_term_string}"},"query-input":"required name=search_term_string"}],"inLanguage":"es"}]}},"_links":{"self":[{"href":"https:\/\/demoweb.info\/sexshop001\/wp-json\/wp\/v3\/product\/9225","targetHints":{"allow":["GET"]}}],"collection":[{"href":"https:\/\/demoweb.info\/sexshop001\/wp-json\/wp\/v3\/product"}],"about":[{"href":"https:\/\/demoweb.info\/sexshop001\/wp-json\/wp\/v2\/types\/product"}],"replies":[{"embeddable":true,"href":"https:\/\/demoweb.info\/sexshop001\/wp-json\/wp\/v2\/comments?post=9225"}],"wp:featuredmedia":[{"embeddable":true,"href":"https:\/\/demoweb.info\/sexshop001\/wp-json\/wp\/v2\/media\/9226"}],"wp:attachment":[{"href":"https:\/\/demoweb.info\/sexshop001\/wp-json\/wp\/v2\/media?parent=9225"}],"wp:term":[{"taxonomy":"product_cat","embeddable":true,"href":"https:\/\/demoweb.info\/sexshop001\/wp-json\/wp\/v2\/product_cat?post=9225"},{"taxonomy":"product_tag","embeddable":true,"href":"https:\/\/demoweb.info\/sexshop001\/wp-json\/wp\/v2\/product_tag?post=9225"}],"curies":[{"name":"wp","href":"https:\/\/api.w.org\/{rel}","templated":true}]}}