{"id":9203,"date":"2022-01-22T09:41:34","date_gmt":"2022-01-22T08:41:34","guid":{"rendered":"https:\/\/demoweb.info\/sexshop001\/producto\/plug-anal-metal-mediano-con-rosa-roja\/"},"modified":"2022-01-22T09:41:34","modified_gmt":"2022-01-22T08:41:34","slug":"plug-anal-metal-mediano-con-rosa-roja","status":"publish","type":"product","link":"https:\/\/demoweb.info\/sexshop001\/producto\/plug-anal-metal-mediano-con-rosa-roja\/","title":{"rendered":"PLUG ANAL METAL MEDIANO CON ROSA ROJA"},"content":{"rendered":"<p><strong>RED ROSE BUTT PLUG &#8211; MEDIUM<\/strong><\/p>\n<p>Con un acabado de metal liso en aluminio liviano,este plug presenta una hermosa flor al final que destellar\u00e1 a medida que te agaches y burles a tu amante.<\/p>\n<p>El eje delgado evitar\u00e1 que se salga de su lugar incluso durante un juego vigoroso. La aleaci\u00f3n de aluminio sin n\u00edquel tiene un buen peso y es sensible a la temperatura para una sensaci\u00f3n perfecta.<\/p>\n<p>Cuando termina el juego, el material no poroso se limpiar\u00e1 f\u00e1cilmente sin albergar ninguna bacteria da\u00f1ina.<\/p>\n<p>\u00a1Haz florecer ese bot\u00edn!<\/p>\n<ul>\n<li>Medidas: 8,9 x 3,3<\/li>\n<li>Medidas insertables: 2,5 x 3,3 cm<\/li>\n<li>Material: Aluminio y pl\u00e1stico ABS (rosa)<\/li>\n<\/ul>\n","protected":false},"excerpt":{"rendered":"<p>RED ROSE BUTT PLUG &#8211; MEDIUM Con un acabado de metal liso en aluminio liviano,este plug presenta una hermosa flor<\/p>\n","protected":false},"featured_media":9204,"comment_status":"open","ping_status":"open","template":"","meta":[],"product_cat":[464],"product_tag":[465,274],"class_list":["post-9203","product","type-product","status-publish","has-post-thumbnail","hentry","product_cat-metal-plugs","product_tag-booty-sparks","product_tag-xr-brands"],"bundled_by":[],"bundle_stock_status":"outofstock","bundle_stock_quantity":0,"bundle_virtual":false,"bundle_layout":"","bundle_add_to_cart_form_location":"","bundle_editable_in_cart":false,"bundle_sold_individually_context":"","bundle_item_grouping":"","bundle_min_size":"","bundle_max_size":"","bundled_items":[],"yoast_head":"<!-- This site is optimized with the Yoast SEO plugin v20.6 - https:\/\/yoast.com\/wordpress\/plugins\/seo\/ -->\n<title>PLUG ANAL METAL MEDIANO CON ROSA ROJA - Tienda Er\u00f3tica<\/title>\n<meta name=\"robots\" content=\"noindex, follow, max-snippet:-1, max-image-preview:large, max-video-preview:-1\" \/>\n<meta property=\"og:locale\" content=\"es_ES\" \/>\n<meta property=\"og:type\" content=\"article\" \/>\n<meta property=\"og:title\" content=\"PLUG ANAL METAL MEDIANO CON ROSA ROJA - Tienda Er\u00f3tica\" \/>\n<meta property=\"og:description\" content=\"RED ROSE BUTT PLUG &#8211; MEDIUM Con un acabado de metal liso en aluminio liviano,este plug presenta una hermosa flor\" \/>\n<meta property=\"og:url\" content=\"https:\/\/demoweb.info\/sexshop001\/producto\/plug-anal-metal-mediano-con-rosa-roja\/\" \/>\n<meta property=\"og:site_name\" content=\"Tienda Er\u00f3tica\" \/>\n<meta property=\"og:image\" content=\"https:\/\/demoweb.info\/sexshop001\/wp-content\/uploads\/2022\/01\/PLUG-ANAL-METAL-MEDIANO-CON-ROSA-ROJA.jpg\" \/>\n\t<meta property=\"og:image:width\" content=\"550\" \/>\n\t<meta property=\"og:image:height\" content=\"550\" \/>\n\t<meta property=\"og:image:type\" content=\"image\/jpeg\" \/>\n<meta name=\"twitter:card\" content=\"summary_large_image\" \/>\n<meta name=\"twitter:label1\" content=\"Tiempo de lectura\" \/>\n\t<meta name=\"twitter:data1\" content=\"1 minuto\" \/>\n<script type=\"application\/ld+json\" class=\"yoast-schema-graph\">{\"@context\":\"https:\/\/schema.org\",\"@graph\":[{\"@type\":\"WebPage\",\"@id\":\"https:\/\/demoweb.info\/sexshop001\/producto\/plug-anal-metal-mediano-con-rosa-roja\/\",\"url\":\"https:\/\/demoweb.info\/sexshop001\/producto\/plug-anal-metal-mediano-con-rosa-roja\/\",\"name\":\"PLUG ANAL METAL MEDIANO CON ROSA ROJA - Tienda Er\u00f3tica\",\"isPartOf\":{\"@id\":\"https:\/\/demoweb.info\/sexshop001\/#website\"},\"datePublished\":\"2022-01-22T08:41:34+00:00\",\"dateModified\":\"2022-01-22T08:41:34+00:00\",\"breadcrumb\":{\"@id\":\"https:\/\/demoweb.info\/sexshop001\/producto\/plug-anal-metal-mediano-con-rosa-roja\/#breadcrumb\"},\"inLanguage\":\"es\",\"potentialAction\":[{\"@type\":\"ReadAction\",\"target\":[\"https:\/\/demoweb.info\/sexshop001\/producto\/plug-anal-metal-mediano-con-rosa-roja\/\"]}]},{\"@type\":\"BreadcrumbList\",\"@id\":\"https:\/\/demoweb.info\/sexshop001\/producto\/plug-anal-metal-mediano-con-rosa-roja\/#breadcrumb\",\"itemListElement\":[{\"@type\":\"ListItem\",\"position\":1,\"name\":\"Portada\",\"item\":\"https:\/\/demoweb.info\/sexshop001\/\"},{\"@type\":\"ListItem\",\"position\":2,\"name\":\"Tienda\",\"item\":\"https:\/\/demoweb.info\/sexshop001\/tienda\/\"},{\"@type\":\"ListItem\",\"position\":3,\"name\":\"PLUG ANAL METAL MEDIANO CON ROSA ROJA\"}]},{\"@type\":\"WebSite\",\"@id\":\"https:\/\/demoweb.info\/sexshop001\/#website\",\"url\":\"https:\/\/demoweb.info\/sexshop001\/\",\"name\":\"Tienda Er\u00f3tica\",\"description\":\"DEMOWEB SL\",\"potentialAction\":[{\"@type\":\"SearchAction\",\"target\":{\"@type\":\"EntryPoint\",\"urlTemplate\":\"https:\/\/demoweb.info\/sexshop001\/?s={search_term_string}\"},\"query-input\":\"required name=search_term_string\"}],\"inLanguage\":\"es\"}]}<\/script>\n<!-- \/ Yoast SEO plugin. -->","yoast_head_json":{"title":"PLUG ANAL METAL MEDIANO CON ROSA ROJA - Tienda Er\u00f3tica","robots":{"index":"noindex","follow":"follow","max-snippet":"max-snippet:-1","max-image-preview":"max-image-preview:large","max-video-preview":"max-video-preview:-1"},"og_locale":"es_ES","og_type":"article","og_title":"PLUG ANAL METAL MEDIANO CON ROSA ROJA - Tienda Er\u00f3tica","og_description":"RED ROSE BUTT PLUG &#8211; MEDIUM Con un acabado de metal liso en aluminio liviano,este plug presenta una hermosa flor","og_url":"https:\/\/demoweb.info\/sexshop001\/producto\/plug-anal-metal-mediano-con-rosa-roja\/","og_site_name":"Tienda Er\u00f3tica","og_image":[{"width":550,"height":550,"url":"https:\/\/demoweb.info\/sexshop001\/wp-content\/uploads\/2022\/01\/PLUG-ANAL-METAL-MEDIANO-CON-ROSA-ROJA.jpg","type":"image\/jpeg"}],"twitter_card":"summary_large_image","twitter_misc":{"Tiempo de lectura":"1 minuto"},"schema":{"@context":"https:\/\/schema.org","@graph":[{"@type":"WebPage","@id":"https:\/\/demoweb.info\/sexshop001\/producto\/plug-anal-metal-mediano-con-rosa-roja\/","url":"https:\/\/demoweb.info\/sexshop001\/producto\/plug-anal-metal-mediano-con-rosa-roja\/","name":"PLUG ANAL METAL MEDIANO CON ROSA ROJA - Tienda Er\u00f3tica","isPartOf":{"@id":"https:\/\/demoweb.info\/sexshop001\/#website"},"datePublished":"2022-01-22T08:41:34+00:00","dateModified":"2022-01-22T08:41:34+00:00","breadcrumb":{"@id":"https:\/\/demoweb.info\/sexshop001\/producto\/plug-anal-metal-mediano-con-rosa-roja\/#breadcrumb"},"inLanguage":"es","potentialAction":[{"@type":"ReadAction","target":["https:\/\/demoweb.info\/sexshop001\/producto\/plug-anal-metal-mediano-con-rosa-roja\/"]}]},{"@type":"BreadcrumbList","@id":"https:\/\/demoweb.info\/sexshop001\/producto\/plug-anal-metal-mediano-con-rosa-roja\/#breadcrumb","itemListElement":[{"@type":"ListItem","position":1,"name":"Portada","item":"https:\/\/demoweb.info\/sexshop001\/"},{"@type":"ListItem","position":2,"name":"Tienda","item":"https:\/\/demoweb.info\/sexshop001\/tienda\/"},{"@type":"ListItem","position":3,"name":"PLUG ANAL METAL MEDIANO CON ROSA ROJA"}]},{"@type":"WebSite","@id":"https:\/\/demoweb.info\/sexshop001\/#website","url":"https:\/\/demoweb.info\/sexshop001\/","name":"Tienda Er\u00f3tica","description":"DEMOWEB SL","potentialAction":[{"@type":"SearchAction","target":{"@type":"EntryPoint","urlTemplate":"https:\/\/demoweb.info\/sexshop001\/?s={search_term_string}"},"query-input":"required name=search_term_string"}],"inLanguage":"es"}]}},"_links":{"self":[{"href":"https:\/\/demoweb.info\/sexshop001\/wp-json\/wp\/v3\/product\/9203","targetHints":{"allow":["GET"]}}],"collection":[{"href":"https:\/\/demoweb.info\/sexshop001\/wp-json\/wp\/v3\/product"}],"about":[{"href":"https:\/\/demoweb.info\/sexshop001\/wp-json\/wp\/v2\/types\/product"}],"replies":[{"embeddable":true,"href":"https:\/\/demoweb.info\/sexshop001\/wp-json\/wp\/v2\/comments?post=9203"}],"wp:featuredmedia":[{"embeddable":true,"href":"https:\/\/demoweb.info\/sexshop001\/wp-json\/wp\/v2\/media\/9204"}],"wp:attachment":[{"href":"https:\/\/demoweb.info\/sexshop001\/wp-json\/wp\/v2\/media?parent=9203"}],"wp:term":[{"taxonomy":"product_cat","embeddable":true,"href":"https:\/\/demoweb.info\/sexshop001\/wp-json\/wp\/v2\/product_cat?post=9203"},{"taxonomy":"product_tag","embeddable":true,"href":"https:\/\/demoweb.info\/sexshop001\/wp-json\/wp\/v2\/product_tag?post=9203"}],"curies":[{"name":"wp","href":"https:\/\/api.w.org\/{rel}","templated":true}]}}