{"id":9190,"date":"2022-01-22T09:41:15","date_gmt":"2022-01-22T08:41:15","guid":{"rendered":"https:\/\/demoweb.info\/sexshop001\/producto\/bala-juicy-swirled-negro\/"},"modified":"2022-01-22T09:41:27","modified_gmt":"2022-01-22T08:41:27","slug":"bala-juicy-swirled-negro","status":"publish","type":"product","link":"https:\/\/demoweb.info\/sexshop001\/producto\/bala-juicy-swirled-negro\/","title":{"rendered":"BALA JUICY SWIRLED &#8211; NEGRO"},"content":{"rendered":"<p><strong>JUICY SWIRLED &#8211; BLACK<\/strong><\/p>\n<p>\u00bfAnhelando algo dulce? Del\u00e9itese con este vibrante tap\u00f3n con textura que presenta el dise\u00f1o alegre y los colores vibrantes de toda la l\u00ednea Mood.<\/p>\n<p>Hecho a mano en silicona lisa con un acabado suave y aterciopelado, la cabeza firme del tap\u00f3n Mood Juicy Beaded es completamente s\u00f3lida, y una vibra de bala de 10 funciones extra\u00edble se adapta convenientemente a la base.<\/p>\n<p>Las estimulantes bolas de masaje que recubren el tallo de este exclusivo tap\u00f3n c\u00f3nico se suman a las variadas sensaciones que proporciona Mood Juicy, mientras que una base acampanada y un c\u00f3modo mango moldeado mantienen su juego simple y seguro.<\/p>\n<p>&bull; El mango proporciona un control simple<br \/>\n&bull; Los dise\u00f1os remolinados mejoran el placer<br \/>\n&bull; Punta c\u00f3nica para una f\u00e1cil inserci\u00f3n<br \/>\n&bull; Bala extra\u00edble de 10 funciones<br \/>\n&bull; Control de bot\u00f3n pulsador f\u00e1cil de usar<br \/>\n&bull; Acabado suave al tacto de terciopelo<br \/>\n&bull; Sin ftalatos, seguro para el cuerpo<\/p>\n<p>Especificaciones:<br \/>\n&#8211; Longitud total: 4.9 pulgadas<br \/>\n&#8211; Longitud insertable \/ utilizable: 4.6 pulgadas<br \/>\n&#8211; Ancho \/ Di\u00e1metro: 1.5 pulgadas<br \/>\n&#8211; Circunferencia: 9.11 pulgadas<br \/>\n&#8211; Material: silicona y ABS.\n <\/p>\n","protected":false},"excerpt":{"rendered":"<p>JUICY SWIRLED &#8211; BLACK \u00bfAnhelando algo dulce? Del\u00e9itese con este vibrante tap\u00f3n con textura que presenta el dise\u00f1o alegre y<\/p>\n","protected":false},"featured_media":9191,"comment_status":"open","ping_status":"open","template":"","meta":[],"product_cat":[313],"product_tag":[460],"class_list":["post-9190","product","type-product","status-publish","has-post-thumbnail","hentry","product_cat-balas-y-huevos","product_tag-doc-johnson"],"bundled_by":[],"bundle_stock_status":"instock","bundle_stock_quantity":1,"bundle_virtual":false,"bundle_layout":"","bundle_add_to_cart_form_location":"","bundle_editable_in_cart":false,"bundle_sold_individually_context":"","bundle_item_grouping":"","bundle_min_size":"","bundle_max_size":"","bundled_items":[],"yoast_head":"<!-- This site is optimized with the Yoast SEO plugin v20.6 - https:\/\/yoast.com\/wordpress\/plugins\/seo\/ -->\n<title>BALA JUICY SWIRLED - NEGRO - Tienda Er\u00f3tica<\/title>\n<meta name=\"robots\" content=\"noindex, follow, max-snippet:-1, max-image-preview:large, max-video-preview:-1\" \/>\n<meta property=\"og:locale\" content=\"es_ES\" \/>\n<meta property=\"og:type\" content=\"article\" \/>\n<meta property=\"og:title\" content=\"BALA JUICY SWIRLED - NEGRO - Tienda Er\u00f3tica\" \/>\n<meta property=\"og:description\" content=\"JUICY SWIRLED &#8211; BLACK \u00bfAnhelando algo dulce? Del\u00e9itese con este vibrante tap\u00f3n con textura que presenta el dise\u00f1o alegre y\" \/>\n<meta property=\"og:url\" content=\"https:\/\/demoweb.info\/sexshop001\/producto\/bala-juicy-swirled-negro\/\" \/>\n<meta property=\"og:site_name\" content=\"Tienda Er\u00f3tica\" \/>\n<meta property=\"article:modified_time\" content=\"2022-01-22T08:41:27+00:00\" \/>\n<meta property=\"og:image\" content=\"https:\/\/demoweb.info\/sexshop001\/wp-content\/uploads\/2022\/01\/BALA-JUICY-SWIRLED-NEGRO.jpg\" \/>\n\t<meta property=\"og:image:width\" content=\"550\" \/>\n\t<meta property=\"og:image:height\" content=\"550\" \/>\n\t<meta property=\"og:image:type\" content=\"image\/jpeg\" \/>\n<meta name=\"twitter:card\" content=\"summary_large_image\" \/>\n<meta name=\"twitter:label1\" content=\"Tiempo de lectura\" \/>\n\t<meta name=\"twitter:data1\" content=\"1 minuto\" \/>\n<script type=\"application\/ld+json\" class=\"yoast-schema-graph\">{\"@context\":\"https:\/\/schema.org\",\"@graph\":[{\"@type\":\"WebPage\",\"@id\":\"https:\/\/demoweb.info\/sexshop001\/producto\/bala-juicy-swirled-negro\/\",\"url\":\"https:\/\/demoweb.info\/sexshop001\/producto\/bala-juicy-swirled-negro\/\",\"name\":\"BALA JUICY SWIRLED - NEGRO - Tienda Er\u00f3tica\",\"isPartOf\":{\"@id\":\"https:\/\/demoweb.info\/sexshop001\/#website\"},\"datePublished\":\"2022-01-22T08:41:15+00:00\",\"dateModified\":\"2022-01-22T08:41:27+00:00\",\"breadcrumb\":{\"@id\":\"https:\/\/demoweb.info\/sexshop001\/producto\/bala-juicy-swirled-negro\/#breadcrumb\"},\"inLanguage\":\"es\",\"potentialAction\":[{\"@type\":\"ReadAction\",\"target\":[\"https:\/\/demoweb.info\/sexshop001\/producto\/bala-juicy-swirled-negro\/\"]}]},{\"@type\":\"BreadcrumbList\",\"@id\":\"https:\/\/demoweb.info\/sexshop001\/producto\/bala-juicy-swirled-negro\/#breadcrumb\",\"itemListElement\":[{\"@type\":\"ListItem\",\"position\":1,\"name\":\"Portada\",\"item\":\"https:\/\/demoweb.info\/sexshop001\/\"},{\"@type\":\"ListItem\",\"position\":2,\"name\":\"Tienda\",\"item\":\"https:\/\/demoweb.info\/sexshop001\/tienda\/\"},{\"@type\":\"ListItem\",\"position\":3,\"name\":\"BALA JUICY SWIRLED &#8211; NEGRO\"}]},{\"@type\":\"WebSite\",\"@id\":\"https:\/\/demoweb.info\/sexshop001\/#website\",\"url\":\"https:\/\/demoweb.info\/sexshop001\/\",\"name\":\"Tienda Er\u00f3tica\",\"description\":\"DEMOWEB SL\",\"potentialAction\":[{\"@type\":\"SearchAction\",\"target\":{\"@type\":\"EntryPoint\",\"urlTemplate\":\"https:\/\/demoweb.info\/sexshop001\/?s={search_term_string}\"},\"query-input\":\"required name=search_term_string\"}],\"inLanguage\":\"es\"}]}<\/script>\n<!-- \/ Yoast SEO plugin. -->","yoast_head_json":{"title":"BALA JUICY SWIRLED - NEGRO - Tienda Er\u00f3tica","robots":{"index":"noindex","follow":"follow","max-snippet":"max-snippet:-1","max-image-preview":"max-image-preview:large","max-video-preview":"max-video-preview:-1"},"og_locale":"es_ES","og_type":"article","og_title":"BALA JUICY SWIRLED - NEGRO - Tienda Er\u00f3tica","og_description":"JUICY SWIRLED &#8211; BLACK \u00bfAnhelando algo dulce? Del\u00e9itese con este vibrante tap\u00f3n con textura que presenta el dise\u00f1o alegre y","og_url":"https:\/\/demoweb.info\/sexshop001\/producto\/bala-juicy-swirled-negro\/","og_site_name":"Tienda Er\u00f3tica","article_modified_time":"2022-01-22T08:41:27+00:00","og_image":[{"width":550,"height":550,"url":"https:\/\/demoweb.info\/sexshop001\/wp-content\/uploads\/2022\/01\/BALA-JUICY-SWIRLED-NEGRO.jpg","type":"image\/jpeg"}],"twitter_card":"summary_large_image","twitter_misc":{"Tiempo de lectura":"1 minuto"},"schema":{"@context":"https:\/\/schema.org","@graph":[{"@type":"WebPage","@id":"https:\/\/demoweb.info\/sexshop001\/producto\/bala-juicy-swirled-negro\/","url":"https:\/\/demoweb.info\/sexshop001\/producto\/bala-juicy-swirled-negro\/","name":"BALA JUICY SWIRLED - NEGRO - Tienda Er\u00f3tica","isPartOf":{"@id":"https:\/\/demoweb.info\/sexshop001\/#website"},"datePublished":"2022-01-22T08:41:15+00:00","dateModified":"2022-01-22T08:41:27+00:00","breadcrumb":{"@id":"https:\/\/demoweb.info\/sexshop001\/producto\/bala-juicy-swirled-negro\/#breadcrumb"},"inLanguage":"es","potentialAction":[{"@type":"ReadAction","target":["https:\/\/demoweb.info\/sexshop001\/producto\/bala-juicy-swirled-negro\/"]}]},{"@type":"BreadcrumbList","@id":"https:\/\/demoweb.info\/sexshop001\/producto\/bala-juicy-swirled-negro\/#breadcrumb","itemListElement":[{"@type":"ListItem","position":1,"name":"Portada","item":"https:\/\/demoweb.info\/sexshop001\/"},{"@type":"ListItem","position":2,"name":"Tienda","item":"https:\/\/demoweb.info\/sexshop001\/tienda\/"},{"@type":"ListItem","position":3,"name":"BALA JUICY SWIRLED &#8211; NEGRO"}]},{"@type":"WebSite","@id":"https:\/\/demoweb.info\/sexshop001\/#website","url":"https:\/\/demoweb.info\/sexshop001\/","name":"Tienda Er\u00f3tica","description":"DEMOWEB SL","potentialAction":[{"@type":"SearchAction","target":{"@type":"EntryPoint","urlTemplate":"https:\/\/demoweb.info\/sexshop001\/?s={search_term_string}"},"query-input":"required name=search_term_string"}],"inLanguage":"es"}]}},"_links":{"self":[{"href":"https:\/\/demoweb.info\/sexshop001\/wp-json\/wp\/v3\/product\/9190","targetHints":{"allow":["GET"]}}],"collection":[{"href":"https:\/\/demoweb.info\/sexshop001\/wp-json\/wp\/v3\/product"}],"about":[{"href":"https:\/\/demoweb.info\/sexshop001\/wp-json\/wp\/v2\/types\/product"}],"replies":[{"embeddable":true,"href":"https:\/\/demoweb.info\/sexshop001\/wp-json\/wp\/v2\/comments?post=9190"}],"wp:featuredmedia":[{"embeddable":true,"href":"https:\/\/demoweb.info\/sexshop001\/wp-json\/wp\/v2\/media\/9191"}],"wp:attachment":[{"href":"https:\/\/demoweb.info\/sexshop001\/wp-json\/wp\/v2\/media?parent=9190"}],"wp:term":[{"taxonomy":"product_cat","embeddable":true,"href":"https:\/\/demoweb.info\/sexshop001\/wp-json\/wp\/v2\/product_cat?post=9190"},{"taxonomy":"product_tag","embeddable":true,"href":"https:\/\/demoweb.info\/sexshop001\/wp-json\/wp\/v2\/product_tag?post=9190"}],"curies":[{"name":"wp","href":"https:\/\/api.w.org\/{rel}","templated":true}]}}