{"id":9139,"date":"2022-01-22T09:41:00","date_gmt":"2022-01-22T08:41:00","guid":{"rendered":"https:\/\/demoweb.info\/sexshop001\/producto\/high-alert-dress-harness-set\/"},"modified":"2022-01-22T09:41:05","modified_gmt":"2022-01-22T08:41:05","slug":"high-alert-dress-harness-set","status":"publish","type":"product","link":"https:\/\/demoweb.info\/sexshop001\/producto\/high-alert-dress-harness-set\/","title":{"rendered":"HIGH ALERT DRESS HARNESS SET"},"content":{"rendered":"<ul>\n<li>\n<p><strong>HIGH ALERT DRESS HARNESS SET<\/strong><\/p>\n<\/li>\n<li>El\u00e1sticos de calidad recortan el escote, los pu\u00f1os de las mangas y el dobladillo de la falda.<\/li>\n<li>El arn\u00e9s es \u00fanico porque tiene una estructura de copa abierta<\/li>\n<li>Correas ajustables.<\/li>\n<li>Su pecho con correa el\u00e1stica brillante.<\/li>\n<li>G-string no est\u00e1 incluido.<\/li>\n<li>Cuello alto y manga larga.<\/li>\n<li>Vestido furtivo.<\/li>\n<\/ul>\n","protected":false},"excerpt":{"rendered":"<p>HIGH ALERT DRESS HARNESS SET El\u00e1sticos de calidad recortan el escote, los pu\u00f1os de las mangas y el dobladillo de<\/p>\n","protected":false},"featured_media":9140,"comment_status":"open","ping_status":"open","template":"","meta":[],"product_cat":[379],"product_tag":[378],"class_list":["post-9139","product","type-product","status-publish","has-post-thumbnail","hentry","product_cat-de-malla","product_tag-rene-rofe"],"bundled_by":[],"bundle_stock_status":"instock","bundle_stock_quantity":1,"bundle_virtual":false,"bundle_layout":"","bundle_add_to_cart_form_location":"","bundle_editable_in_cart":false,"bundle_sold_individually_context":"","bundle_item_grouping":"","bundle_min_size":"","bundle_max_size":"","bundled_items":[],"yoast_head":"<!-- This site is optimized with the Yoast SEO plugin v20.6 - https:\/\/yoast.com\/wordpress\/plugins\/seo\/ -->\n<title>HIGH ALERT DRESS HARNESS SET - Tienda Er\u00f3tica<\/title>\n<meta name=\"robots\" content=\"noindex, follow, max-snippet:-1, max-image-preview:large, max-video-preview:-1\" \/>\n<meta property=\"og:locale\" content=\"es_ES\" \/>\n<meta property=\"og:type\" content=\"article\" \/>\n<meta property=\"og:title\" content=\"HIGH ALERT DRESS HARNESS SET - Tienda Er\u00f3tica\" \/>\n<meta property=\"og:description\" content=\"HIGH ALERT DRESS HARNESS SET El\u00e1sticos de calidad recortan el escote, los pu\u00f1os de las mangas y el dobladillo de\" \/>\n<meta property=\"og:url\" content=\"https:\/\/demoweb.info\/sexshop001\/producto\/high-alert-dress-harness-set\/\" \/>\n<meta property=\"og:site_name\" content=\"Tienda Er\u00f3tica\" \/>\n<meta property=\"article:modified_time\" content=\"2022-01-22T08:41:05+00:00\" \/>\n<meta property=\"og:image\" content=\"https:\/\/demoweb.info\/sexshop001\/wp-content\/uploads\/2022\/01\/HIGH-ALERT-DRESS-HARNESS-SET.jpg\" \/>\n\t<meta property=\"og:image:width\" content=\"550\" \/>\n\t<meta property=\"og:image:height\" content=\"550\" \/>\n\t<meta property=\"og:image:type\" content=\"image\/jpeg\" \/>\n<meta name=\"twitter:card\" content=\"summary_large_image\" \/>\n<script type=\"application\/ld+json\" class=\"yoast-schema-graph\">{\"@context\":\"https:\/\/schema.org\",\"@graph\":[{\"@type\":\"WebPage\",\"@id\":\"https:\/\/demoweb.info\/sexshop001\/producto\/high-alert-dress-harness-set\/\",\"url\":\"https:\/\/demoweb.info\/sexshop001\/producto\/high-alert-dress-harness-set\/\",\"name\":\"HIGH ALERT DRESS HARNESS SET - Tienda Er\u00f3tica\",\"isPartOf\":{\"@id\":\"https:\/\/demoweb.info\/sexshop001\/#website\"},\"datePublished\":\"2022-01-22T08:41:00+00:00\",\"dateModified\":\"2022-01-22T08:41:05+00:00\",\"breadcrumb\":{\"@id\":\"https:\/\/demoweb.info\/sexshop001\/producto\/high-alert-dress-harness-set\/#breadcrumb\"},\"inLanguage\":\"es\",\"potentialAction\":[{\"@type\":\"ReadAction\",\"target\":[\"https:\/\/demoweb.info\/sexshop001\/producto\/high-alert-dress-harness-set\/\"]}]},{\"@type\":\"BreadcrumbList\",\"@id\":\"https:\/\/demoweb.info\/sexshop001\/producto\/high-alert-dress-harness-set\/#breadcrumb\",\"itemListElement\":[{\"@type\":\"ListItem\",\"position\":1,\"name\":\"Portada\",\"item\":\"https:\/\/demoweb.info\/sexshop001\/\"},{\"@type\":\"ListItem\",\"position\":2,\"name\":\"Tienda\",\"item\":\"https:\/\/demoweb.info\/sexshop001\/tienda\/\"},{\"@type\":\"ListItem\",\"position\":3,\"name\":\"HIGH ALERT DRESS HARNESS SET\"}]},{\"@type\":\"WebSite\",\"@id\":\"https:\/\/demoweb.info\/sexshop001\/#website\",\"url\":\"https:\/\/demoweb.info\/sexshop001\/\",\"name\":\"Tienda Er\u00f3tica\",\"description\":\"DEMOWEB SL\",\"potentialAction\":[{\"@type\":\"SearchAction\",\"target\":{\"@type\":\"EntryPoint\",\"urlTemplate\":\"https:\/\/demoweb.info\/sexshop001\/?s={search_term_string}\"},\"query-input\":\"required name=search_term_string\"}],\"inLanguage\":\"es\"}]}<\/script>\n<!-- \/ Yoast SEO plugin. -->","yoast_head_json":{"title":"HIGH ALERT DRESS HARNESS SET - Tienda Er\u00f3tica","robots":{"index":"noindex","follow":"follow","max-snippet":"max-snippet:-1","max-image-preview":"max-image-preview:large","max-video-preview":"max-video-preview:-1"},"og_locale":"es_ES","og_type":"article","og_title":"HIGH ALERT DRESS HARNESS SET - Tienda Er\u00f3tica","og_description":"HIGH ALERT DRESS HARNESS SET El\u00e1sticos de calidad recortan el escote, los pu\u00f1os de las mangas y el dobladillo de","og_url":"https:\/\/demoweb.info\/sexshop001\/producto\/high-alert-dress-harness-set\/","og_site_name":"Tienda Er\u00f3tica","article_modified_time":"2022-01-22T08:41:05+00:00","og_image":[{"width":550,"height":550,"url":"https:\/\/demoweb.info\/sexshop001\/wp-content\/uploads\/2022\/01\/HIGH-ALERT-DRESS-HARNESS-SET.jpg","type":"image\/jpeg"}],"twitter_card":"summary_large_image","schema":{"@context":"https:\/\/schema.org","@graph":[{"@type":"WebPage","@id":"https:\/\/demoweb.info\/sexshop001\/producto\/high-alert-dress-harness-set\/","url":"https:\/\/demoweb.info\/sexshop001\/producto\/high-alert-dress-harness-set\/","name":"HIGH ALERT DRESS HARNESS SET - Tienda Er\u00f3tica","isPartOf":{"@id":"https:\/\/demoweb.info\/sexshop001\/#website"},"datePublished":"2022-01-22T08:41:00+00:00","dateModified":"2022-01-22T08:41:05+00:00","breadcrumb":{"@id":"https:\/\/demoweb.info\/sexshop001\/producto\/high-alert-dress-harness-set\/#breadcrumb"},"inLanguage":"es","potentialAction":[{"@type":"ReadAction","target":["https:\/\/demoweb.info\/sexshop001\/producto\/high-alert-dress-harness-set\/"]}]},{"@type":"BreadcrumbList","@id":"https:\/\/demoweb.info\/sexshop001\/producto\/high-alert-dress-harness-set\/#breadcrumb","itemListElement":[{"@type":"ListItem","position":1,"name":"Portada","item":"https:\/\/demoweb.info\/sexshop001\/"},{"@type":"ListItem","position":2,"name":"Tienda","item":"https:\/\/demoweb.info\/sexshop001\/tienda\/"},{"@type":"ListItem","position":3,"name":"HIGH ALERT DRESS HARNESS SET"}]},{"@type":"WebSite","@id":"https:\/\/demoweb.info\/sexshop001\/#website","url":"https:\/\/demoweb.info\/sexshop001\/","name":"Tienda Er\u00f3tica","description":"DEMOWEB SL","potentialAction":[{"@type":"SearchAction","target":{"@type":"EntryPoint","urlTemplate":"https:\/\/demoweb.info\/sexshop001\/?s={search_term_string}"},"query-input":"required name=search_term_string"}],"inLanguage":"es"}]}},"_links":{"self":[{"href":"https:\/\/demoweb.info\/sexshop001\/wp-json\/wp\/v3\/product\/9139","targetHints":{"allow":["GET"]}}],"collection":[{"href":"https:\/\/demoweb.info\/sexshop001\/wp-json\/wp\/v3\/product"}],"about":[{"href":"https:\/\/demoweb.info\/sexshop001\/wp-json\/wp\/v2\/types\/product"}],"replies":[{"embeddable":true,"href":"https:\/\/demoweb.info\/sexshop001\/wp-json\/wp\/v2\/comments?post=9139"}],"wp:featuredmedia":[{"embeddable":true,"href":"https:\/\/demoweb.info\/sexshop001\/wp-json\/wp\/v2\/media\/9140"}],"wp:attachment":[{"href":"https:\/\/demoweb.info\/sexshop001\/wp-json\/wp\/v2\/media?parent=9139"}],"wp:term":[{"taxonomy":"product_cat","embeddable":true,"href":"https:\/\/demoweb.info\/sexshop001\/wp-json\/wp\/v2\/product_cat?post=9139"},{"taxonomy":"product_tag","embeddable":true,"href":"https:\/\/demoweb.info\/sexshop001\/wp-json\/wp\/v2\/product_tag?post=9139"}],"curies":[{"name":"wp","href":"https:\/\/api.w.org\/{rel}","templated":true}]}}