{"id":8706,"date":"2022-01-22T09:37:58","date_gmt":"2022-01-22T08:37:58","guid":{"rendered":"https:\/\/demoweb.info\/sexshop001\/producto\/los-lugares-secretos\/"},"modified":"2022-01-22T09:37:59","modified_gmt":"2022-01-22T08:37:59","slug":"los-lugares-secretos","status":"publish","type":"product","link":"https:\/\/demoweb.info\/sexshop001\/producto\/los-lugares-secretos\/","title":{"rendered":"LOS LUGARES SECRETOS"},"content":{"rendered":"<p><strong>CONFESIONES DE UNA SUMISA<\/strong>.<\/p>\n<p><strong>PAULA SOLER<\/strong>.<\/p>\n<p>Nada en esta hermosa empresaria parece indicar que disfrute sexualmente cuando ejerce el poder sobre los hombres. Al castigarlos y humillarlos, al conseguir de ellos su rendici\u00f3n m\u00e1s incondicional. Ante el mundo, Irene es una mujer rica y liberada, inteligente y con clase.<\/p>\n<p>Nada en este atractivo abogado sugiere que pueda sentirse atra\u00eddo por los placeres de la sumisi\u00f3n. Al contrario, David es un joven seguro de s\u00ed mismo, con un buen trabajo y una vida organizada, enamorado de su novia y a menos de dos meses de contraer matrimonio con ella.<\/p>\n<p>Cuando los caminos de ambos se cruzan en una tarde de tormenta, Irene y David se lanzan a las aguas del sexo m\u00e1s prohibido sin pensar que el placer puede convertirse en una marea capaz de arrastrarnos a lugares de los que resulta imposible regresar.<\/p>\n<p>Amor apasionado y erotismo se al\u00edan en esta historia intensa, atrevida y provocadora, que rompe todos los esquemas y nos adentra en los senderos m\u00e1s sensuales del deseo.<\/p>\n<p>300 P\u00e1ginas.<\/p>\n<p>ISBN: 978-84-253-5107-5<\/p>\n<p>Tapa blanda con solapa 23 x 15,3 cm.<\/p>\n","protected":false},"excerpt":{"rendered":"<p>CONFESIONES DE UNA SUMISA. PAULA SOLER. Nada en esta hermosa empresaria parece indicar que disfrute sexualmente cuando ejerce el poder<\/p>\n","protected":false},"featured_media":8707,"comment_status":"open","ping_status":"open","template":"","meta":[],"product_cat":[414],"product_tag":[416,415],"class_list":["post-8706","product","type-product","status-publish","has-post-thumbnail","hentry","product_cat-libros","product_tag-grijalbo","product_tag-random-house"],"bundled_by":[],"bundle_stock_status":"instock","bundle_stock_quantity":2,"bundle_virtual":false,"bundle_layout":"","bundle_add_to_cart_form_location":"","bundle_editable_in_cart":false,"bundle_sold_individually_context":"","bundle_item_grouping":"","bundle_min_size":"","bundle_max_size":"","bundled_items":[],"yoast_head":"<!-- This site is optimized with the Yoast SEO plugin v20.6 - https:\/\/yoast.com\/wordpress\/plugins\/seo\/ -->\n<title>LOS LUGARES SECRETOS - Tienda Er\u00f3tica<\/title>\n<meta name=\"robots\" content=\"noindex, follow, max-snippet:-1, max-image-preview:large, max-video-preview:-1\" \/>\n<meta property=\"og:locale\" content=\"es_ES\" \/>\n<meta property=\"og:type\" content=\"article\" \/>\n<meta property=\"og:title\" content=\"LOS LUGARES SECRETOS - Tienda Er\u00f3tica\" \/>\n<meta property=\"og:description\" content=\"CONFESIONES DE UNA SUMISA. PAULA SOLER. Nada en esta hermosa empresaria parece indicar que disfrute sexualmente cuando ejerce el poder\" \/>\n<meta property=\"og:url\" content=\"https:\/\/demoweb.info\/sexshop001\/producto\/los-lugares-secretos\/\" \/>\n<meta property=\"og:site_name\" content=\"Tienda Er\u00f3tica\" \/>\n<meta property=\"article:modified_time\" content=\"2022-01-22T08:37:59+00:00\" \/>\n<meta property=\"og:image\" content=\"https:\/\/demoweb.info\/sexshop001\/wp-content\/uploads\/2022\/01\/LOS-LUGARES-SECRETOS.jpg\" \/>\n\t<meta property=\"og:image:width\" content=\"550\" \/>\n\t<meta property=\"og:image:height\" content=\"550\" \/>\n\t<meta property=\"og:image:type\" content=\"image\/jpeg\" \/>\n<meta name=\"twitter:card\" content=\"summary_large_image\" \/>\n<meta name=\"twitter:label1\" content=\"Tiempo de lectura\" \/>\n\t<meta name=\"twitter:data1\" content=\"1 minuto\" \/>\n<script type=\"application\/ld+json\" class=\"yoast-schema-graph\">{\"@context\":\"https:\/\/schema.org\",\"@graph\":[{\"@type\":\"WebPage\",\"@id\":\"https:\/\/demoweb.info\/sexshop001\/producto\/los-lugares-secretos\/\",\"url\":\"https:\/\/demoweb.info\/sexshop001\/producto\/los-lugares-secretos\/\",\"name\":\"LOS LUGARES SECRETOS - Tienda Er\u00f3tica\",\"isPartOf\":{\"@id\":\"https:\/\/demoweb.info\/sexshop001\/#website\"},\"datePublished\":\"2022-01-22T08:37:58+00:00\",\"dateModified\":\"2022-01-22T08:37:59+00:00\",\"breadcrumb\":{\"@id\":\"https:\/\/demoweb.info\/sexshop001\/producto\/los-lugares-secretos\/#breadcrumb\"},\"inLanguage\":\"es\",\"potentialAction\":[{\"@type\":\"ReadAction\",\"target\":[\"https:\/\/demoweb.info\/sexshop001\/producto\/los-lugares-secretos\/\"]}]},{\"@type\":\"BreadcrumbList\",\"@id\":\"https:\/\/demoweb.info\/sexshop001\/producto\/los-lugares-secretos\/#breadcrumb\",\"itemListElement\":[{\"@type\":\"ListItem\",\"position\":1,\"name\":\"Portada\",\"item\":\"https:\/\/demoweb.info\/sexshop001\/\"},{\"@type\":\"ListItem\",\"position\":2,\"name\":\"Tienda\",\"item\":\"https:\/\/demoweb.info\/sexshop001\/tienda\/\"},{\"@type\":\"ListItem\",\"position\":3,\"name\":\"LOS LUGARES SECRETOS\"}]},{\"@type\":\"WebSite\",\"@id\":\"https:\/\/demoweb.info\/sexshop001\/#website\",\"url\":\"https:\/\/demoweb.info\/sexshop001\/\",\"name\":\"Tienda Er\u00f3tica\",\"description\":\"DEMOWEB SL\",\"potentialAction\":[{\"@type\":\"SearchAction\",\"target\":{\"@type\":\"EntryPoint\",\"urlTemplate\":\"https:\/\/demoweb.info\/sexshop001\/?s={search_term_string}\"},\"query-input\":\"required name=search_term_string\"}],\"inLanguage\":\"es\"}]}<\/script>\n<!-- \/ Yoast SEO plugin. -->","yoast_head_json":{"title":"LOS LUGARES SECRETOS - Tienda Er\u00f3tica","robots":{"index":"noindex","follow":"follow","max-snippet":"max-snippet:-1","max-image-preview":"max-image-preview:large","max-video-preview":"max-video-preview:-1"},"og_locale":"es_ES","og_type":"article","og_title":"LOS LUGARES SECRETOS - Tienda Er\u00f3tica","og_description":"CONFESIONES DE UNA SUMISA. PAULA SOLER. Nada en esta hermosa empresaria parece indicar que disfrute sexualmente cuando ejerce el poder","og_url":"https:\/\/demoweb.info\/sexshop001\/producto\/los-lugares-secretos\/","og_site_name":"Tienda Er\u00f3tica","article_modified_time":"2022-01-22T08:37:59+00:00","og_image":[{"width":550,"height":550,"url":"https:\/\/demoweb.info\/sexshop001\/wp-content\/uploads\/2022\/01\/LOS-LUGARES-SECRETOS.jpg","type":"image\/jpeg"}],"twitter_card":"summary_large_image","twitter_misc":{"Tiempo de lectura":"1 minuto"},"schema":{"@context":"https:\/\/schema.org","@graph":[{"@type":"WebPage","@id":"https:\/\/demoweb.info\/sexshop001\/producto\/los-lugares-secretos\/","url":"https:\/\/demoweb.info\/sexshop001\/producto\/los-lugares-secretos\/","name":"LOS LUGARES SECRETOS - Tienda Er\u00f3tica","isPartOf":{"@id":"https:\/\/demoweb.info\/sexshop001\/#website"},"datePublished":"2022-01-22T08:37:58+00:00","dateModified":"2022-01-22T08:37:59+00:00","breadcrumb":{"@id":"https:\/\/demoweb.info\/sexshop001\/producto\/los-lugares-secretos\/#breadcrumb"},"inLanguage":"es","potentialAction":[{"@type":"ReadAction","target":["https:\/\/demoweb.info\/sexshop001\/producto\/los-lugares-secretos\/"]}]},{"@type":"BreadcrumbList","@id":"https:\/\/demoweb.info\/sexshop001\/producto\/los-lugares-secretos\/#breadcrumb","itemListElement":[{"@type":"ListItem","position":1,"name":"Portada","item":"https:\/\/demoweb.info\/sexshop001\/"},{"@type":"ListItem","position":2,"name":"Tienda","item":"https:\/\/demoweb.info\/sexshop001\/tienda\/"},{"@type":"ListItem","position":3,"name":"LOS LUGARES SECRETOS"}]},{"@type":"WebSite","@id":"https:\/\/demoweb.info\/sexshop001\/#website","url":"https:\/\/demoweb.info\/sexshop001\/","name":"Tienda Er\u00f3tica","description":"DEMOWEB SL","potentialAction":[{"@type":"SearchAction","target":{"@type":"EntryPoint","urlTemplate":"https:\/\/demoweb.info\/sexshop001\/?s={search_term_string}"},"query-input":"required name=search_term_string"}],"inLanguage":"es"}]}},"_links":{"self":[{"href":"https:\/\/demoweb.info\/sexshop001\/wp-json\/wp\/v3\/product\/8706","targetHints":{"allow":["GET"]}}],"collection":[{"href":"https:\/\/demoweb.info\/sexshop001\/wp-json\/wp\/v3\/product"}],"about":[{"href":"https:\/\/demoweb.info\/sexshop001\/wp-json\/wp\/v2\/types\/product"}],"replies":[{"embeddable":true,"href":"https:\/\/demoweb.info\/sexshop001\/wp-json\/wp\/v2\/comments?post=8706"}],"wp:featuredmedia":[{"embeddable":true,"href":"https:\/\/demoweb.info\/sexshop001\/wp-json\/wp\/v2\/media\/8707"}],"wp:attachment":[{"href":"https:\/\/demoweb.info\/sexshop001\/wp-json\/wp\/v2\/media?parent=8706"}],"wp:term":[{"taxonomy":"product_cat","embeddable":true,"href":"https:\/\/demoweb.info\/sexshop001\/wp-json\/wp\/v2\/product_cat?post=8706"},{"taxonomy":"product_tag","embeddable":true,"href":"https:\/\/demoweb.info\/sexshop001\/wp-json\/wp\/v2\/product_tag?post=8706"}],"curies":[{"name":"wp","href":"https:\/\/api.w.org\/{rel}","templated":true}]}}