{"id":8702,"date":"2022-01-22T09:37:38","date_gmt":"2022-01-22T08:37:38","guid":{"rendered":"https:\/\/demoweb.info\/sexshop001\/producto\/los-diarios-del-viagra\/"},"modified":"2022-01-22T09:37:55","modified_gmt":"2022-01-22T08:37:55","slug":"los-diarios-del-viagra","status":"publish","type":"product","link":"https:\/\/demoweb.info\/sexshop001\/producto\/los-diarios-del-viagra\/","title":{"rendered":"LOS DIARIOS DEL VIAGRA"},"content":{"rendered":"<p><strong>LOS DIARIOS DEL VIAGRA<\/strong>.<\/p>\n<p><strong>BARBARA ROSE BROOKER<\/strong>.<\/p>\n<p><strong>\u00abQuiero fama, fortuna y amor eterno. Lo quiero todo. Y estoy harta de que todo el mundo me diga que soy demasiado vieja. La edad no tiene nada que ver con los sue\u00f1os.\u00bb<\/strong><\/p>\n<p>Anny Applebaum tiene sesenta y cinco a\u00f1os y est\u00e1 en la flor de la vida. Puede que no sea una jovencita y que cargue con un divorcio a sus espaldas, pero a\u00fan tiene mucho por vivir y no piensa desaprovechar el tiempo que le queda. Animada por su hija, se ha apuntado a una web de citas y ha conocido a un apuesto, elegante y seductor caballero que despierta en ella sentimientos largamente olvidados. Se hace llamar T\u00edo Genial y con \u00e9l ha pasado una velada maravillosa. Le dijo que la llamar\u00eda pero no lo ha hecho y Anny no puede dejar de preguntarse por qu\u00e9. Es un hombre enigm\u00e1tico al que ha apodado se\u00f1or X y que, de improviso, se ha convertido en el nuevo tema de sus columnas para el San Francisco Times, donde describe las calamidades de la generaci\u00f3n del Viagra. Al tiempo que inaugura una temporada de citas para investigar sobre el amor pasados los sesenta y su columna gana adeptos y se convierte en un fen\u00f3meno sin precedentes, Anny luchar\u00e1 por encontrarse a s\u00ed misma y disfrutar de todo lo que le ofrece la vida.<\/p>\n<p>Una novela fresca, \u00e1cida y divertida sobre el amor, el sexo y la vida pasados los sesenta.<\/p>\n<p>250 P\u00e1ginas.<\/p>\n<p>ISBN: 978-84-903-2302-1<\/p>\n<p>Tapa blanda con solapa 13 x 12,5 cm. Edici\u00f3n Debolsillo.<\/p>\n","protected":false},"excerpt":{"rendered":"<p>LOS DIARIOS DEL VIAGRA. BARBARA ROSE BROOKER. \u00abQuiero fama, fortuna y amor eterno. Lo quiero todo. Y estoy harta de<\/p>\n","protected":false},"featured_media":8703,"comment_status":"open","ping_status":"open","template":"","meta":[],"product_cat":[414],"product_tag":[416,415],"class_list":["post-8702","product","type-product","status-publish","has-post-thumbnail","hentry","product_cat-libros","product_tag-grijalbo","product_tag-random-house"],"bundled_by":[],"bundle_stock_status":"instock","bundle_stock_quantity":1,"bundle_virtual":false,"bundle_layout":"","bundle_add_to_cart_form_location":"","bundle_editable_in_cart":false,"bundle_sold_individually_context":"","bundle_item_grouping":"","bundle_min_size":"","bundle_max_size":"","bundled_items":[],"yoast_head":"<!-- This site is optimized with the Yoast SEO plugin v20.6 - https:\/\/yoast.com\/wordpress\/plugins\/seo\/ -->\n<title>LOS DIARIOS DEL VIAGRA - Tienda Er\u00f3tica<\/title>\n<meta name=\"robots\" content=\"noindex, follow, max-snippet:-1, max-image-preview:large, max-video-preview:-1\" \/>\n<meta property=\"og:locale\" content=\"es_ES\" \/>\n<meta property=\"og:type\" content=\"article\" \/>\n<meta property=\"og:title\" content=\"LOS DIARIOS DEL VIAGRA - Tienda Er\u00f3tica\" \/>\n<meta property=\"og:description\" content=\"LOS DIARIOS DEL VIAGRA. BARBARA ROSE BROOKER. \u00abQuiero fama, fortuna y amor eterno. Lo quiero todo. Y estoy harta de\" \/>\n<meta property=\"og:url\" content=\"https:\/\/demoweb.info\/sexshop001\/producto\/los-diarios-del-viagra\/\" \/>\n<meta property=\"og:site_name\" content=\"Tienda Er\u00f3tica\" \/>\n<meta property=\"article:modified_time\" content=\"2022-01-22T08:37:55+00:00\" \/>\n<meta property=\"og:image\" content=\"https:\/\/demoweb.info\/sexshop001\/wp-content\/uploads\/2022\/01\/LOS-DIARIOS-DEL-VIAGRA.jpg\" \/>\n\t<meta property=\"og:image:width\" content=\"550\" \/>\n\t<meta property=\"og:image:height\" content=\"550\" \/>\n\t<meta property=\"og:image:type\" content=\"image\/jpeg\" \/>\n<meta name=\"twitter:card\" content=\"summary_large_image\" \/>\n<meta name=\"twitter:label1\" content=\"Tiempo de lectura\" \/>\n\t<meta name=\"twitter:data1\" content=\"1 minuto\" \/>\n<script type=\"application\/ld+json\" class=\"yoast-schema-graph\">{\"@context\":\"https:\/\/schema.org\",\"@graph\":[{\"@type\":\"WebPage\",\"@id\":\"https:\/\/demoweb.info\/sexshop001\/producto\/los-diarios-del-viagra\/\",\"url\":\"https:\/\/demoweb.info\/sexshop001\/producto\/los-diarios-del-viagra\/\",\"name\":\"LOS DIARIOS DEL VIAGRA - Tienda Er\u00f3tica\",\"isPartOf\":{\"@id\":\"https:\/\/demoweb.info\/sexshop001\/#website\"},\"datePublished\":\"2022-01-22T08:37:38+00:00\",\"dateModified\":\"2022-01-22T08:37:55+00:00\",\"breadcrumb\":{\"@id\":\"https:\/\/demoweb.info\/sexshop001\/producto\/los-diarios-del-viagra\/#breadcrumb\"},\"inLanguage\":\"es\",\"potentialAction\":[{\"@type\":\"ReadAction\",\"target\":[\"https:\/\/demoweb.info\/sexshop001\/producto\/los-diarios-del-viagra\/\"]}]},{\"@type\":\"BreadcrumbList\",\"@id\":\"https:\/\/demoweb.info\/sexshop001\/producto\/los-diarios-del-viagra\/#breadcrumb\",\"itemListElement\":[{\"@type\":\"ListItem\",\"position\":1,\"name\":\"Portada\",\"item\":\"https:\/\/demoweb.info\/sexshop001\/\"},{\"@type\":\"ListItem\",\"position\":2,\"name\":\"Tienda\",\"item\":\"https:\/\/demoweb.info\/sexshop001\/tienda\/\"},{\"@type\":\"ListItem\",\"position\":3,\"name\":\"LOS DIARIOS DEL VIAGRA\"}]},{\"@type\":\"WebSite\",\"@id\":\"https:\/\/demoweb.info\/sexshop001\/#website\",\"url\":\"https:\/\/demoweb.info\/sexshop001\/\",\"name\":\"Tienda Er\u00f3tica\",\"description\":\"DEMOWEB SL\",\"potentialAction\":[{\"@type\":\"SearchAction\",\"target\":{\"@type\":\"EntryPoint\",\"urlTemplate\":\"https:\/\/demoweb.info\/sexshop001\/?s={search_term_string}\"},\"query-input\":\"required name=search_term_string\"}],\"inLanguage\":\"es\"}]}<\/script>\n<!-- \/ Yoast SEO plugin. -->","yoast_head_json":{"title":"LOS DIARIOS DEL VIAGRA - Tienda Er\u00f3tica","robots":{"index":"noindex","follow":"follow","max-snippet":"max-snippet:-1","max-image-preview":"max-image-preview:large","max-video-preview":"max-video-preview:-1"},"og_locale":"es_ES","og_type":"article","og_title":"LOS DIARIOS DEL VIAGRA - Tienda Er\u00f3tica","og_description":"LOS DIARIOS DEL VIAGRA. BARBARA ROSE BROOKER. \u00abQuiero fama, fortuna y amor eterno. Lo quiero todo. Y estoy harta de","og_url":"https:\/\/demoweb.info\/sexshop001\/producto\/los-diarios-del-viagra\/","og_site_name":"Tienda Er\u00f3tica","article_modified_time":"2022-01-22T08:37:55+00:00","og_image":[{"width":550,"height":550,"url":"https:\/\/demoweb.info\/sexshop001\/wp-content\/uploads\/2022\/01\/LOS-DIARIOS-DEL-VIAGRA.jpg","type":"image\/jpeg"}],"twitter_card":"summary_large_image","twitter_misc":{"Tiempo de lectura":"1 minuto"},"schema":{"@context":"https:\/\/schema.org","@graph":[{"@type":"WebPage","@id":"https:\/\/demoweb.info\/sexshop001\/producto\/los-diarios-del-viagra\/","url":"https:\/\/demoweb.info\/sexshop001\/producto\/los-diarios-del-viagra\/","name":"LOS DIARIOS DEL VIAGRA - Tienda Er\u00f3tica","isPartOf":{"@id":"https:\/\/demoweb.info\/sexshop001\/#website"},"datePublished":"2022-01-22T08:37:38+00:00","dateModified":"2022-01-22T08:37:55+00:00","breadcrumb":{"@id":"https:\/\/demoweb.info\/sexshop001\/producto\/los-diarios-del-viagra\/#breadcrumb"},"inLanguage":"es","potentialAction":[{"@type":"ReadAction","target":["https:\/\/demoweb.info\/sexshop001\/producto\/los-diarios-del-viagra\/"]}]},{"@type":"BreadcrumbList","@id":"https:\/\/demoweb.info\/sexshop001\/producto\/los-diarios-del-viagra\/#breadcrumb","itemListElement":[{"@type":"ListItem","position":1,"name":"Portada","item":"https:\/\/demoweb.info\/sexshop001\/"},{"@type":"ListItem","position":2,"name":"Tienda","item":"https:\/\/demoweb.info\/sexshop001\/tienda\/"},{"@type":"ListItem","position":3,"name":"LOS DIARIOS DEL VIAGRA"}]},{"@type":"WebSite","@id":"https:\/\/demoweb.info\/sexshop001\/#website","url":"https:\/\/demoweb.info\/sexshop001\/","name":"Tienda Er\u00f3tica","description":"DEMOWEB SL","potentialAction":[{"@type":"SearchAction","target":{"@type":"EntryPoint","urlTemplate":"https:\/\/demoweb.info\/sexshop001\/?s={search_term_string}"},"query-input":"required name=search_term_string"}],"inLanguage":"es"}]}},"_links":{"self":[{"href":"https:\/\/demoweb.info\/sexshop001\/wp-json\/wp\/v3\/product\/8702","targetHints":{"allow":["GET"]}}],"collection":[{"href":"https:\/\/demoweb.info\/sexshop001\/wp-json\/wp\/v3\/product"}],"about":[{"href":"https:\/\/demoweb.info\/sexshop001\/wp-json\/wp\/v2\/types\/product"}],"replies":[{"embeddable":true,"href":"https:\/\/demoweb.info\/sexshop001\/wp-json\/wp\/v2\/comments?post=8702"}],"wp:featuredmedia":[{"embeddable":true,"href":"https:\/\/demoweb.info\/sexshop001\/wp-json\/wp\/v2\/media\/8703"}],"wp:attachment":[{"href":"https:\/\/demoweb.info\/sexshop001\/wp-json\/wp\/v2\/media?parent=8702"}],"wp:term":[{"taxonomy":"product_cat","embeddable":true,"href":"https:\/\/demoweb.info\/sexshop001\/wp-json\/wp\/v2\/product_cat?post=8702"},{"taxonomy":"product_tag","embeddable":true,"href":"https:\/\/demoweb.info\/sexshop001\/wp-json\/wp\/v2\/product_tag?post=8702"}],"curies":[{"name":"wp","href":"https:\/\/api.w.org\/{rel}","templated":true}]}}