{"id":8695,"date":"2022-01-22T09:37:38","date_gmt":"2022-01-22T08:37:38","guid":{"rendered":"https:\/\/demoweb.info\/sexshop001\/producto\/we-vibe-unite-2-0\/"},"modified":"2022-01-22T09:37:53","modified_gmt":"2022-01-22T08:37:53","slug":"we-vibe-unite-2-0","status":"publish","type":"product","link":"https:\/\/demoweb.info\/sexshop001\/producto\/we-vibe-unite-2-0\/","title":{"rendered":"WE-VIBE UNITE 2.0"},"content":{"rendered":"<p><strong>WE-VIBE UNITE 2.0<\/strong><\/p>\n<p>Completamente legendario por derecho propio, mundialmente conocido y adorado por un dise\u00f1o impecable para parejas, el recientemente actualizado We-Vibe Unite 2.0 combina su forma consciente del cuerpo con diez patrones de vibraci\u00f3n verdaderamente org\u00e1smicos. Con un estilo remoto reducido para un uso simple y siempre placentero, el Unite 2.0 es a prueba de salpicaduras, 100% seguro para el cuerpo y convenientemente recargable por USB.<\/p>\n<p>Como una de las primeras vibraciones espec\u00edficamente dise\u00f1ada para usarse durante el sexo y el amor, este innovador juguete ha aparecido en numerosas publicaciones, incluidas Cosmo, Chatelaine, Men&#39;s Health, Flare y GQ, tambi\u00e9n ha sido un tema en el Oprah Show, elogiado por educadora sexual Dra. Laura Berman y Sue Johanson. Como si esos elogios no fueran suficientes, las cr\u00edticas entusiastas de usuarios de todo el mundo deber\u00edan convencer incluso al esc\u00e9ptico m\u00e1s grande de que vale la pena probar We-Vibe, especialmente para las mujeres que tienen problemas para llegar al cl\u00edmax, solas o con un amante.<\/p>\n<p>Una forma flexible en &#39;C&#39; permite que el Unite 2.0 se ajuste con precisi\u00f3n a curvas \u00fanicas, abrazando el punto g desde adentro y masajeando el cl\u00edtoris externamente. Cada extremo tiene un motor dedicado, lo que garantiza la estimulaci\u00f3n directa de zonas er\u00f3genas clave: el extremo m\u00e1s peque\u00f1o est\u00e1 destinado a insertarse mientras que el m\u00e1s ancho se acurruca naturalmente contra el cl\u00edtoris y el \u00e1rea circundante. Ambos extremos est\u00e1n texturizados para m\u00e1xima sensaci\u00f3n.<\/p>\n<p>Una vez en su lugar, inicie la vibraci\u00f3n con el elegante control remoto de largo alcance (3 metros) de Unite. Los primeros tres de diez ritmos muestran el poder org\u00e1smico de la vibraci\u00f3n constante, mientras que los siete restantes mezclan pulsaciones, pulsos y ondas. Bajo, Medio, Alto, Pulso, Onda, Cha Cha, Tease, Throb, Ramp y Ascend, todos se usan con el control remoto. Los motores duales silenciosos y silenciosos son realmente casi silenciosos y ofrecen situaciones de estimulaci\u00f3n p\u00fablicas o privadas extremadamente agradables.<\/p>\n<p>Incluso usado durante per\u00edodos de tiempo m\u00e1s largos, We-Vibe Unite 2.0 es completamente amigable con el cuerpo, hipoalerg\u00e9nico y no poroso, seguro de usar en y sobre la piel m\u00e1s sensible. Se requiere muy poco mantenimiento para mantener el material de calidad de silicona de la mejor calidad, el agua y el jab\u00f3n simple lo limpiar\u00e1n bien, o un excelente fluido \/ espuma para el cuidado de los juguetes. Evite los lubricantes de silicona, pero una f\u00f3rmula favorita a base de agua ser\u00e1 una combinaci\u00f3n perfecta. Gu\u00eda del usuario, cable USB y bolsa de sat\u00e9n incluidos. We-Vibe Unite es a prueba de salpicaduras, pero no debe sumergirse por completo. Requiere bater\u00eda remota CR2032 incluida.<\/p>\n","protected":false},"excerpt":{"rendered":"<p>WE-VIBE UNITE 2.0 Completamente legendario por derecho propio, mundialmente conocido y adorado por un dise\u00f1o impecable para parejas, el recientemente<\/p>\n","protected":false},"featured_media":8696,"comment_status":"open","ping_status":"open","template":"","meta":[],"product_cat":[445],"product_tag":[444],"class_list":["post-8695","product","type-product","status-publish","has-post-thumbnail","hentry","product_cat-para-parejas-vibradores-juguetes-xxx","product_tag-we-vibe"],"bundled_by":[],"bundle_stock_status":"instock","bundle_stock_quantity":2,"bundle_virtual":false,"bundle_layout":"","bundle_add_to_cart_form_location":"","bundle_editable_in_cart":false,"bundle_sold_individually_context":"","bundle_item_grouping":"","bundle_min_size":"","bundle_max_size":"","bundled_items":[],"yoast_head":"<!-- This site is optimized with the Yoast SEO plugin v20.6 - https:\/\/yoast.com\/wordpress\/plugins\/seo\/ -->\n<title>WE-VIBE UNITE 2.0 - Tienda Er\u00f3tica<\/title>\n<meta name=\"robots\" content=\"noindex, follow, max-snippet:-1, max-image-preview:large, max-video-preview:-1\" \/>\n<meta property=\"og:locale\" content=\"es_ES\" \/>\n<meta property=\"og:type\" content=\"article\" \/>\n<meta property=\"og:title\" content=\"WE-VIBE UNITE 2.0 - Tienda Er\u00f3tica\" \/>\n<meta property=\"og:description\" content=\"WE-VIBE UNITE 2.0 Completamente legendario por derecho propio, mundialmente conocido y adorado por un dise\u00f1o impecable para parejas, el recientemente\" \/>\n<meta property=\"og:url\" content=\"https:\/\/demoweb.info\/sexshop001\/producto\/we-vibe-unite-2-0\/\" \/>\n<meta property=\"og:site_name\" content=\"Tienda Er\u00f3tica\" \/>\n<meta property=\"article:modified_time\" content=\"2022-01-22T08:37:53+00:00\" \/>\n<meta property=\"og:image\" content=\"https:\/\/demoweb.info\/sexshop001\/wp-content\/uploads\/2022\/01\/WE-VIBE-UNITE-2.0.jpg\" \/>\n\t<meta property=\"og:image:width\" content=\"550\" \/>\n\t<meta property=\"og:image:height\" content=\"550\" \/>\n\t<meta property=\"og:image:type\" content=\"image\/jpeg\" \/>\n<meta name=\"twitter:card\" content=\"summary_large_image\" \/>\n<meta name=\"twitter:label1\" content=\"Tiempo de lectura\" \/>\n\t<meta name=\"twitter:data1\" content=\"2 minutos\" \/>\n<script type=\"application\/ld+json\" class=\"yoast-schema-graph\">{\"@context\":\"https:\/\/schema.org\",\"@graph\":[{\"@type\":\"WebPage\",\"@id\":\"https:\/\/demoweb.info\/sexshop001\/producto\/we-vibe-unite-2-0\/\",\"url\":\"https:\/\/demoweb.info\/sexshop001\/producto\/we-vibe-unite-2-0\/\",\"name\":\"WE-VIBE UNITE 2.0 - Tienda Er\u00f3tica\",\"isPartOf\":{\"@id\":\"https:\/\/demoweb.info\/sexshop001\/#website\"},\"datePublished\":\"2022-01-22T08:37:38+00:00\",\"dateModified\":\"2022-01-22T08:37:53+00:00\",\"breadcrumb\":{\"@id\":\"https:\/\/demoweb.info\/sexshop001\/producto\/we-vibe-unite-2-0\/#breadcrumb\"},\"inLanguage\":\"es\",\"potentialAction\":[{\"@type\":\"ReadAction\",\"target\":[\"https:\/\/demoweb.info\/sexshop001\/producto\/we-vibe-unite-2-0\/\"]}]},{\"@type\":\"BreadcrumbList\",\"@id\":\"https:\/\/demoweb.info\/sexshop001\/producto\/we-vibe-unite-2-0\/#breadcrumb\",\"itemListElement\":[{\"@type\":\"ListItem\",\"position\":1,\"name\":\"Portada\",\"item\":\"https:\/\/demoweb.info\/sexshop001\/\"},{\"@type\":\"ListItem\",\"position\":2,\"name\":\"Tienda\",\"item\":\"https:\/\/demoweb.info\/sexshop001\/tienda\/\"},{\"@type\":\"ListItem\",\"position\":3,\"name\":\"WE-VIBE UNITE 2.0\"}]},{\"@type\":\"WebSite\",\"@id\":\"https:\/\/demoweb.info\/sexshop001\/#website\",\"url\":\"https:\/\/demoweb.info\/sexshop001\/\",\"name\":\"Tienda Er\u00f3tica\",\"description\":\"DEMOWEB SL\",\"potentialAction\":[{\"@type\":\"SearchAction\",\"target\":{\"@type\":\"EntryPoint\",\"urlTemplate\":\"https:\/\/demoweb.info\/sexshop001\/?s={search_term_string}\"},\"query-input\":\"required name=search_term_string\"}],\"inLanguage\":\"es\"}]}<\/script>\n<!-- \/ Yoast SEO plugin. -->","yoast_head_json":{"title":"WE-VIBE UNITE 2.0 - Tienda Er\u00f3tica","robots":{"index":"noindex","follow":"follow","max-snippet":"max-snippet:-1","max-image-preview":"max-image-preview:large","max-video-preview":"max-video-preview:-1"},"og_locale":"es_ES","og_type":"article","og_title":"WE-VIBE UNITE 2.0 - Tienda Er\u00f3tica","og_description":"WE-VIBE UNITE 2.0 Completamente legendario por derecho propio, mundialmente conocido y adorado por un dise\u00f1o impecable para parejas, el recientemente","og_url":"https:\/\/demoweb.info\/sexshop001\/producto\/we-vibe-unite-2-0\/","og_site_name":"Tienda Er\u00f3tica","article_modified_time":"2022-01-22T08:37:53+00:00","og_image":[{"width":550,"height":550,"url":"https:\/\/demoweb.info\/sexshop001\/wp-content\/uploads\/2022\/01\/WE-VIBE-UNITE-2.0.jpg","type":"image\/jpeg"}],"twitter_card":"summary_large_image","twitter_misc":{"Tiempo de lectura":"2 minutos"},"schema":{"@context":"https:\/\/schema.org","@graph":[{"@type":"WebPage","@id":"https:\/\/demoweb.info\/sexshop001\/producto\/we-vibe-unite-2-0\/","url":"https:\/\/demoweb.info\/sexshop001\/producto\/we-vibe-unite-2-0\/","name":"WE-VIBE UNITE 2.0 - Tienda Er\u00f3tica","isPartOf":{"@id":"https:\/\/demoweb.info\/sexshop001\/#website"},"datePublished":"2022-01-22T08:37:38+00:00","dateModified":"2022-01-22T08:37:53+00:00","breadcrumb":{"@id":"https:\/\/demoweb.info\/sexshop001\/producto\/we-vibe-unite-2-0\/#breadcrumb"},"inLanguage":"es","potentialAction":[{"@type":"ReadAction","target":["https:\/\/demoweb.info\/sexshop001\/producto\/we-vibe-unite-2-0\/"]}]},{"@type":"BreadcrumbList","@id":"https:\/\/demoweb.info\/sexshop001\/producto\/we-vibe-unite-2-0\/#breadcrumb","itemListElement":[{"@type":"ListItem","position":1,"name":"Portada","item":"https:\/\/demoweb.info\/sexshop001\/"},{"@type":"ListItem","position":2,"name":"Tienda","item":"https:\/\/demoweb.info\/sexshop001\/tienda\/"},{"@type":"ListItem","position":3,"name":"WE-VIBE UNITE 2.0"}]},{"@type":"WebSite","@id":"https:\/\/demoweb.info\/sexshop001\/#website","url":"https:\/\/demoweb.info\/sexshop001\/","name":"Tienda Er\u00f3tica","description":"DEMOWEB SL","potentialAction":[{"@type":"SearchAction","target":{"@type":"EntryPoint","urlTemplate":"https:\/\/demoweb.info\/sexshop001\/?s={search_term_string}"},"query-input":"required name=search_term_string"}],"inLanguage":"es"}]}},"_links":{"self":[{"href":"https:\/\/demoweb.info\/sexshop001\/wp-json\/wp\/v3\/product\/8695","targetHints":{"allow":["GET"]}}],"collection":[{"href":"https:\/\/demoweb.info\/sexshop001\/wp-json\/wp\/v3\/product"}],"about":[{"href":"https:\/\/demoweb.info\/sexshop001\/wp-json\/wp\/v2\/types\/product"}],"replies":[{"embeddable":true,"href":"https:\/\/demoweb.info\/sexshop001\/wp-json\/wp\/v2\/comments?post=8695"}],"wp:featuredmedia":[{"embeddable":true,"href":"https:\/\/demoweb.info\/sexshop001\/wp-json\/wp\/v2\/media\/8696"}],"wp:attachment":[{"href":"https:\/\/demoweb.info\/sexshop001\/wp-json\/wp\/v2\/media?parent=8695"}],"wp:term":[{"taxonomy":"product_cat","embeddable":true,"href":"https:\/\/demoweb.info\/sexshop001\/wp-json\/wp\/v2\/product_cat?post=8695"},{"taxonomy":"product_tag","embeddable":true,"href":"https:\/\/demoweb.info\/sexshop001\/wp-json\/wp\/v2\/product_tag?post=8695"}],"curies":[{"name":"wp","href":"https:\/\/api.w.org\/{rel}","templated":true}]}}