{"id":8663,"date":"2022-01-22T09:37:38","date_gmt":"2022-01-22T08:37:38","guid":{"rendered":"https:\/\/demoweb.info\/sexshop001\/producto\/satisfyer-wand-er-woman-negro\/"},"modified":"2022-01-22T09:37:42","modified_gmt":"2022-01-22T08:37:42","slug":"satisfyer-wand-er-woman-negro","status":"publish","type":"product","link":"https:\/\/demoweb.info\/sexshop001\/producto\/satisfyer-wand-er-woman-negro\/","title":{"rendered":"SATISFYER WAND-ER WOMAN NEGRO"},"content":{"rendered":"<p><strong>SATISFYER WAND-ER WOMAN <\/strong><\/p>\n<p>Tentadores masajes en formato XXL<\/p>\n<p><strong>Una seductora relajaci\u00f3n<\/strong><br \/>\nEspejito, espejito, \u00bfpor qu\u00e9 estoy tan tensa? Tu nuevo masajeador de Satisfyer est\u00e1 dispuesto a ayudarte: \u00a1por fin alguien que no se queja cuando pides un masaje interminable! Con su impresionante tama\u00f1o XXL y mucha potencia oculta tras su atractivo cabezal de silicona, Wand-er Woman resuelve todos los problemas y tensiones sin olvidarse, por supuesto, de calmar la sed de orgasmos. El tallo del masajeador es de silicona m\u00e9dica, por lo que ofrece un contacto con la piel especialmente suave y delicado. Adem\u00e1s, su cabezal redondeado alcanza perfectamente todas las partes del cuerpo que ans\u00edan relajaci\u00f3n. \u00bfRelax en solitario o la coronaci\u00f3n de una rom\u00e1ntica sesi\u00f3n de wellness en pareja? Satisfyer Wand-er Woman ofrece una magia relajante que le hace quedar bien en cualquier situaci\u00f3n.<\/p>\n<p><strong>Loosen Up!<\/strong><br \/>\nCon toda la potencia de sus 50 combinaciones vibratorias, Wand-er Woman elimina cualquier tensi\u00f3n que se le ponga por delante. Para ello puedes elegir entre 10 patrones de vibraci\u00f3n que se pueden combinar cada uno con 5 intensidades diferentes: \u00a1as\u00ed ning\u00fan deseo vibrante quedar\u00e1 insatisfecho!<\/p>\n<p>Caracter\u00edsticas:<\/p>\n<ul>\n<li>Estimulantes masajes del cuerpo entero<\/li>\n<li>Impresionante tama\u00f1o XXL<\/li>\n<li>50 combinaciones vibratorias<\/li>\n<li>Modo susurro<\/li>\n<li>Estanco IPX7<\/li>\n<li>Resistente al agua<\/li>\n<li>F\u00e1cil de limpiar<\/li>\n<li>Bater\u00eda de iones de litio<\/li>\n<li>Carga magnetica por USB<\/li>\n<\/ul>\n","protected":false},"excerpt":{"rendered":"<p>SATISFYER WAND-ER WOMAN Tentadores masajes en formato XXL Una seductora relajaci\u00f3n Espejito, espejito, \u00bfpor qu\u00e9 estoy tan tensa? Tu nuevo<\/p>\n","protected":false},"featured_media":8664,"comment_status":"open","ping_status":"open","template":"","meta":[],"product_cat":[370],"product_tag":[442,443],"class_list":["post-8663","product","type-product","status-publish","has-post-thumbnail","hentry","product_cat-clitoris","product_tag-satisfyer","product_tag-wand"],"bundled_by":[],"bundle_stock_status":"instock","bundle_stock_quantity":5,"bundle_virtual":false,"bundle_layout":"","bundle_add_to_cart_form_location":"","bundle_editable_in_cart":false,"bundle_sold_individually_context":"","bundle_item_grouping":"","bundle_min_size":"","bundle_max_size":"","bundled_items":[],"yoast_head":"<!-- This site is optimized with the Yoast SEO plugin v20.6 - https:\/\/yoast.com\/wordpress\/plugins\/seo\/ -->\n<title>SATISFYER WAND-ER WOMAN NEGRO - Tienda Er\u00f3tica<\/title>\n<meta name=\"robots\" content=\"noindex, follow, max-snippet:-1, max-image-preview:large, max-video-preview:-1\" \/>\n<meta property=\"og:locale\" content=\"es_ES\" \/>\n<meta property=\"og:type\" content=\"article\" \/>\n<meta property=\"og:title\" content=\"SATISFYER WAND-ER WOMAN NEGRO - Tienda Er\u00f3tica\" \/>\n<meta property=\"og:description\" content=\"SATISFYER WAND-ER WOMAN Tentadores masajes en formato XXL Una seductora relajaci\u00f3n Espejito, espejito, \u00bfpor qu\u00e9 estoy tan tensa? Tu nuevo\" \/>\n<meta property=\"og:url\" content=\"https:\/\/demoweb.info\/sexshop001\/producto\/satisfyer-wand-er-woman-negro\/\" \/>\n<meta property=\"og:site_name\" content=\"Tienda Er\u00f3tica\" \/>\n<meta property=\"article:modified_time\" content=\"2022-01-22T08:37:42+00:00\" \/>\n<meta property=\"og:image\" content=\"https:\/\/demoweb.info\/sexshop001\/wp-content\/uploads\/2022\/01\/SATISFYER-WAND-ER-WOMAN-NEGRO.jpg\" \/>\n\t<meta property=\"og:image:width\" content=\"550\" \/>\n\t<meta property=\"og:image:height\" content=\"550\" \/>\n\t<meta property=\"og:image:type\" content=\"image\/jpeg\" \/>\n<meta name=\"twitter:card\" content=\"summary_large_image\" \/>\n<meta name=\"twitter:label1\" content=\"Tiempo de lectura\" \/>\n\t<meta name=\"twitter:data1\" content=\"1 minuto\" \/>\n<script type=\"application\/ld+json\" class=\"yoast-schema-graph\">{\"@context\":\"https:\/\/schema.org\",\"@graph\":[{\"@type\":\"WebPage\",\"@id\":\"https:\/\/demoweb.info\/sexshop001\/producto\/satisfyer-wand-er-woman-negro\/\",\"url\":\"https:\/\/demoweb.info\/sexshop001\/producto\/satisfyer-wand-er-woman-negro\/\",\"name\":\"SATISFYER WAND-ER WOMAN NEGRO - Tienda Er\u00f3tica\",\"isPartOf\":{\"@id\":\"https:\/\/demoweb.info\/sexshop001\/#website\"},\"datePublished\":\"2022-01-22T08:37:38+00:00\",\"dateModified\":\"2022-01-22T08:37:42+00:00\",\"breadcrumb\":{\"@id\":\"https:\/\/demoweb.info\/sexshop001\/producto\/satisfyer-wand-er-woman-negro\/#breadcrumb\"},\"inLanguage\":\"es\",\"potentialAction\":[{\"@type\":\"ReadAction\",\"target\":[\"https:\/\/demoweb.info\/sexshop001\/producto\/satisfyer-wand-er-woman-negro\/\"]}]},{\"@type\":\"BreadcrumbList\",\"@id\":\"https:\/\/demoweb.info\/sexshop001\/producto\/satisfyer-wand-er-woman-negro\/#breadcrumb\",\"itemListElement\":[{\"@type\":\"ListItem\",\"position\":1,\"name\":\"Portada\",\"item\":\"https:\/\/demoweb.info\/sexshop001\/\"},{\"@type\":\"ListItem\",\"position\":2,\"name\":\"Tienda\",\"item\":\"https:\/\/demoweb.info\/sexshop001\/tienda\/\"},{\"@type\":\"ListItem\",\"position\":3,\"name\":\"SATISFYER WAND-ER WOMAN NEGRO\"}]},{\"@type\":\"WebSite\",\"@id\":\"https:\/\/demoweb.info\/sexshop001\/#website\",\"url\":\"https:\/\/demoweb.info\/sexshop001\/\",\"name\":\"Tienda Er\u00f3tica\",\"description\":\"DEMOWEB SL\",\"potentialAction\":[{\"@type\":\"SearchAction\",\"target\":{\"@type\":\"EntryPoint\",\"urlTemplate\":\"https:\/\/demoweb.info\/sexshop001\/?s={search_term_string}\"},\"query-input\":\"required name=search_term_string\"}],\"inLanguage\":\"es\"}]}<\/script>\n<!-- \/ Yoast SEO plugin. -->","yoast_head_json":{"title":"SATISFYER WAND-ER WOMAN NEGRO - Tienda Er\u00f3tica","robots":{"index":"noindex","follow":"follow","max-snippet":"max-snippet:-1","max-image-preview":"max-image-preview:large","max-video-preview":"max-video-preview:-1"},"og_locale":"es_ES","og_type":"article","og_title":"SATISFYER WAND-ER WOMAN NEGRO - Tienda Er\u00f3tica","og_description":"SATISFYER WAND-ER WOMAN Tentadores masajes en formato XXL Una seductora relajaci\u00f3n Espejito, espejito, \u00bfpor qu\u00e9 estoy tan tensa? Tu nuevo","og_url":"https:\/\/demoweb.info\/sexshop001\/producto\/satisfyer-wand-er-woman-negro\/","og_site_name":"Tienda Er\u00f3tica","article_modified_time":"2022-01-22T08:37:42+00:00","og_image":[{"width":550,"height":550,"url":"https:\/\/demoweb.info\/sexshop001\/wp-content\/uploads\/2022\/01\/SATISFYER-WAND-ER-WOMAN-NEGRO.jpg","type":"image\/jpeg"}],"twitter_card":"summary_large_image","twitter_misc":{"Tiempo de lectura":"1 minuto"},"schema":{"@context":"https:\/\/schema.org","@graph":[{"@type":"WebPage","@id":"https:\/\/demoweb.info\/sexshop001\/producto\/satisfyer-wand-er-woman-negro\/","url":"https:\/\/demoweb.info\/sexshop001\/producto\/satisfyer-wand-er-woman-negro\/","name":"SATISFYER WAND-ER WOMAN NEGRO - Tienda Er\u00f3tica","isPartOf":{"@id":"https:\/\/demoweb.info\/sexshop001\/#website"},"datePublished":"2022-01-22T08:37:38+00:00","dateModified":"2022-01-22T08:37:42+00:00","breadcrumb":{"@id":"https:\/\/demoweb.info\/sexshop001\/producto\/satisfyer-wand-er-woman-negro\/#breadcrumb"},"inLanguage":"es","potentialAction":[{"@type":"ReadAction","target":["https:\/\/demoweb.info\/sexshop001\/producto\/satisfyer-wand-er-woman-negro\/"]}]},{"@type":"BreadcrumbList","@id":"https:\/\/demoweb.info\/sexshop001\/producto\/satisfyer-wand-er-woman-negro\/#breadcrumb","itemListElement":[{"@type":"ListItem","position":1,"name":"Portada","item":"https:\/\/demoweb.info\/sexshop001\/"},{"@type":"ListItem","position":2,"name":"Tienda","item":"https:\/\/demoweb.info\/sexshop001\/tienda\/"},{"@type":"ListItem","position":3,"name":"SATISFYER WAND-ER WOMAN NEGRO"}]},{"@type":"WebSite","@id":"https:\/\/demoweb.info\/sexshop001\/#website","url":"https:\/\/demoweb.info\/sexshop001\/","name":"Tienda Er\u00f3tica","description":"DEMOWEB SL","potentialAction":[{"@type":"SearchAction","target":{"@type":"EntryPoint","urlTemplate":"https:\/\/demoweb.info\/sexshop001\/?s={search_term_string}"},"query-input":"required name=search_term_string"}],"inLanguage":"es"}]}},"_links":{"self":[{"href":"https:\/\/demoweb.info\/sexshop001\/wp-json\/wp\/v3\/product\/8663","targetHints":{"allow":["GET"]}}],"collection":[{"href":"https:\/\/demoweb.info\/sexshop001\/wp-json\/wp\/v3\/product"}],"about":[{"href":"https:\/\/demoweb.info\/sexshop001\/wp-json\/wp\/v2\/types\/product"}],"replies":[{"embeddable":true,"href":"https:\/\/demoweb.info\/sexshop001\/wp-json\/wp\/v2\/comments?post=8663"}],"wp:featuredmedia":[{"embeddable":true,"href":"https:\/\/demoweb.info\/sexshop001\/wp-json\/wp\/v2\/media\/8664"}],"wp:attachment":[{"href":"https:\/\/demoweb.info\/sexshop001\/wp-json\/wp\/v2\/media?parent=8663"}],"wp:term":[{"taxonomy":"product_cat","embeddable":true,"href":"https:\/\/demoweb.info\/sexshop001\/wp-json\/wp\/v2\/product_cat?post=8663"},{"taxonomy":"product_tag","embeddable":true,"href":"https:\/\/demoweb.info\/sexshop001\/wp-json\/wp\/v2\/product_tag?post=8663"}],"curies":[{"name":"wp","href":"https:\/\/api.w.org\/{rel}","templated":true}]}}