{"id":8650,"date":"2022-01-22T09:37:38","date_gmt":"2022-01-22T08:37:38","guid":{"rendered":"https:\/\/demoweb.info\/sexshop001\/producto\/lelo-ora-3-estimulador-sexo-oral-rosa-profundo\/"},"modified":"2022-01-22T09:37:38","modified_gmt":"2022-01-22T08:37:38","slug":"lelo-ora-3-estimulador-sexo-oral-rosa-profundo","status":"publish","type":"product","link":"https:\/\/demoweb.info\/sexshop001\/producto\/lelo-ora-3-estimulador-sexo-oral-rosa-profundo\/","title":{"rendered":"LELO &#8211; ORA 3 ESTIMULADOR SEXO ORAL ROSA PROFUNDO"},"content":{"rendered":"<p><strong>LELO &#8211; ORA 3 ORAL SEX SIMULATOR <\/strong><\/p>\n<p>Para las mujeres que se conformar\u00e1n con nada menos que el galardonado sexo oral, ORA 3 le permite fundirse en un momento de verdadera felicidad. La tecnolog\u00eda PreMotion utiliza un movimiento de rotaci\u00f3n de protuberancias m\u00e1s firme y preciso, para una estimulaci\u00f3n oral de sensaci\u00f3n real un 25% m\u00e1s r\u00e1pida. La protuberancia del placer gira y vibra, como una lengua, pero mejor. El simulador de sexo oral m\u00e1s intuitivo del mundo ofrece una sensaci\u00f3n de sexo oral que lo har\u00e1 volver una y otra vez.<\/p>\n<p>1 &#8211; SIMULADOR DE LENGUA GIRATORIA<br \/>\nORA 3 utiliza una combinaci\u00f3n alucinante de diferentes patrones de vibraci\u00f3n y un nodo giratorio ultra suave que simula la sensaci\u00f3n de placer oral indulgente.<\/p>\n<p>2 &#8211; Nodo de placer mejorado<br \/>\nErgon\u00f3micamente perfeccionado para una sensaci\u00f3n firme y controlada de lengua.<\/p>\n<p>3 &#8211; M\u00e1s grande, m\u00e1s r\u00e1pido, m\u00e1s firme<br \/>\nMovimientos un 25% m\u00e1s r\u00e1pidos para la estimulaci\u00f3n correcta.<\/p>\n<p>4 &#8211; Rango m\u00e1s amplio de intensidades de vibraci\u00f3n<br \/>\nPorque no hay demasiada o muy poca satisfacci\u00f3n.<\/p>\n<p>Contenido<br \/>\n&#8211; ORA 3<br \/>\n&#8211; Cable de carga USB<br \/>\n&#8211; Bolsa de almacenamiento de sat\u00e9n<br \/>\n&#8211; Tarjeta de registro de garant\u00eda<br \/>\n&#8211; Manual de instrucciones detallado<\/p>\n<p>Especificaciones<br \/>\nMateriales: pl\u00e1stico ABS \/ silicio<br \/>\nAcabado: mate \/ brillante<br \/>\nTama\u00f1o: 75 x 43 x 80 mm<br \/>\nPeso: 117,5 g<br \/>\nBater\u00eda: Li-Ion 3.7V 420mAh<br \/>\nCarga: 2 horas a 5.0V 400mA<br \/>\nTiempo de usuario: hasta 1 hora<br \/>\nEn espera: hasta 90 d\u00edas<br \/>\nFrecuencia: 11 Hz<br \/>\nMax. Nivel de ruido: 50dB<\/p>\n","protected":false},"excerpt":{"rendered":"<p>LELO &#8211; ORA 3 ORAL SEX SIMULATOR Para las mujeres que se conformar\u00e1n con nada menos que el galardonado sexo<\/p>\n","protected":false},"featured_media":8651,"comment_status":"open","ping_status":"open","template":"","meta":[],"product_cat":[370],"product_tag":[406],"class_list":["post-8650","product","type-product","status-publish","has-post-thumbnail","hentry","product_cat-clitoris","product_tag-lelo"],"bundled_by":[],"bundle_stock_status":"instock","bundle_stock_quantity":2,"bundle_virtual":false,"bundle_layout":"","bundle_add_to_cart_form_location":"","bundle_editable_in_cart":false,"bundle_sold_individually_context":"","bundle_item_grouping":"","bundle_min_size":"","bundle_max_size":"","bundled_items":[],"yoast_head":"<!-- This site is optimized with the Yoast SEO plugin v20.6 - https:\/\/yoast.com\/wordpress\/plugins\/seo\/ -->\n<title>LELO - ORA 3 ESTIMULADOR SEXO ORAL ROSA PROFUNDO - Tienda Er\u00f3tica<\/title>\n<meta name=\"robots\" content=\"noindex, follow, max-snippet:-1, max-image-preview:large, max-video-preview:-1\" \/>\n<meta property=\"og:locale\" content=\"es_ES\" \/>\n<meta property=\"og:type\" content=\"article\" \/>\n<meta property=\"og:title\" content=\"LELO - ORA 3 ESTIMULADOR SEXO ORAL ROSA PROFUNDO - Tienda Er\u00f3tica\" \/>\n<meta property=\"og:description\" content=\"LELO &#8211; ORA 3 ORAL SEX SIMULATOR Para las mujeres que se conformar\u00e1n con nada menos que el galardonado sexo\" \/>\n<meta property=\"og:url\" content=\"https:\/\/demoweb.info\/sexshop001\/producto\/lelo-ora-3-estimulador-sexo-oral-rosa-profundo\/\" \/>\n<meta property=\"og:site_name\" content=\"Tienda Er\u00f3tica\" \/>\n<meta property=\"og:image\" content=\"https:\/\/demoweb.info\/sexshop001\/wp-content\/uploads\/2022\/01\/LELO-ORA-3-ESTIMULADOR-SEXO-ORAL-ROSA-PROFUNDO.jpg\" \/>\n\t<meta property=\"og:image:width\" content=\"550\" \/>\n\t<meta property=\"og:image:height\" content=\"550\" \/>\n\t<meta property=\"og:image:type\" content=\"image\/jpeg\" \/>\n<meta name=\"twitter:card\" content=\"summary_large_image\" \/>\n<meta name=\"twitter:label1\" content=\"Tiempo de lectura\" \/>\n\t<meta name=\"twitter:data1\" content=\"1 minuto\" \/>\n<script type=\"application\/ld+json\" class=\"yoast-schema-graph\">{\"@context\":\"https:\/\/schema.org\",\"@graph\":[{\"@type\":\"WebPage\",\"@id\":\"https:\/\/demoweb.info\/sexshop001\/producto\/lelo-ora-3-estimulador-sexo-oral-rosa-profundo\/\",\"url\":\"https:\/\/demoweb.info\/sexshop001\/producto\/lelo-ora-3-estimulador-sexo-oral-rosa-profundo\/\",\"name\":\"LELO - ORA 3 ESTIMULADOR SEXO ORAL ROSA PROFUNDO - Tienda Er\u00f3tica\",\"isPartOf\":{\"@id\":\"https:\/\/demoweb.info\/sexshop001\/#website\"},\"datePublished\":\"2022-01-22T08:37:38+00:00\",\"dateModified\":\"2022-01-22T08:37:38+00:00\",\"breadcrumb\":{\"@id\":\"https:\/\/demoweb.info\/sexshop001\/producto\/lelo-ora-3-estimulador-sexo-oral-rosa-profundo\/#breadcrumb\"},\"inLanguage\":\"es\",\"potentialAction\":[{\"@type\":\"ReadAction\",\"target\":[\"https:\/\/demoweb.info\/sexshop001\/producto\/lelo-ora-3-estimulador-sexo-oral-rosa-profundo\/\"]}]},{\"@type\":\"BreadcrumbList\",\"@id\":\"https:\/\/demoweb.info\/sexshop001\/producto\/lelo-ora-3-estimulador-sexo-oral-rosa-profundo\/#breadcrumb\",\"itemListElement\":[{\"@type\":\"ListItem\",\"position\":1,\"name\":\"Portada\",\"item\":\"https:\/\/demoweb.info\/sexshop001\/\"},{\"@type\":\"ListItem\",\"position\":2,\"name\":\"Tienda\",\"item\":\"https:\/\/demoweb.info\/sexshop001\/tienda\/\"},{\"@type\":\"ListItem\",\"position\":3,\"name\":\"LELO &#8211; ORA 3 ESTIMULADOR SEXO ORAL ROSA PROFUNDO\"}]},{\"@type\":\"WebSite\",\"@id\":\"https:\/\/demoweb.info\/sexshop001\/#website\",\"url\":\"https:\/\/demoweb.info\/sexshop001\/\",\"name\":\"Tienda Er\u00f3tica\",\"description\":\"DEMOWEB SL\",\"potentialAction\":[{\"@type\":\"SearchAction\",\"target\":{\"@type\":\"EntryPoint\",\"urlTemplate\":\"https:\/\/demoweb.info\/sexshop001\/?s={search_term_string}\"},\"query-input\":\"required name=search_term_string\"}],\"inLanguage\":\"es\"}]}<\/script>\n<!-- \/ Yoast SEO plugin. -->","yoast_head_json":{"title":"LELO - ORA 3 ESTIMULADOR SEXO ORAL ROSA PROFUNDO - Tienda Er\u00f3tica","robots":{"index":"noindex","follow":"follow","max-snippet":"max-snippet:-1","max-image-preview":"max-image-preview:large","max-video-preview":"max-video-preview:-1"},"og_locale":"es_ES","og_type":"article","og_title":"LELO - ORA 3 ESTIMULADOR SEXO ORAL ROSA PROFUNDO - Tienda Er\u00f3tica","og_description":"LELO &#8211; ORA 3 ORAL SEX SIMULATOR Para las mujeres que se conformar\u00e1n con nada menos que el galardonado sexo","og_url":"https:\/\/demoweb.info\/sexshop001\/producto\/lelo-ora-3-estimulador-sexo-oral-rosa-profundo\/","og_site_name":"Tienda Er\u00f3tica","og_image":[{"width":550,"height":550,"url":"https:\/\/demoweb.info\/sexshop001\/wp-content\/uploads\/2022\/01\/LELO-ORA-3-ESTIMULADOR-SEXO-ORAL-ROSA-PROFUNDO.jpg","type":"image\/jpeg"}],"twitter_card":"summary_large_image","twitter_misc":{"Tiempo de lectura":"1 minuto"},"schema":{"@context":"https:\/\/schema.org","@graph":[{"@type":"WebPage","@id":"https:\/\/demoweb.info\/sexshop001\/producto\/lelo-ora-3-estimulador-sexo-oral-rosa-profundo\/","url":"https:\/\/demoweb.info\/sexshop001\/producto\/lelo-ora-3-estimulador-sexo-oral-rosa-profundo\/","name":"LELO - ORA 3 ESTIMULADOR SEXO ORAL ROSA PROFUNDO - Tienda Er\u00f3tica","isPartOf":{"@id":"https:\/\/demoweb.info\/sexshop001\/#website"},"datePublished":"2022-01-22T08:37:38+00:00","dateModified":"2022-01-22T08:37:38+00:00","breadcrumb":{"@id":"https:\/\/demoweb.info\/sexshop001\/producto\/lelo-ora-3-estimulador-sexo-oral-rosa-profundo\/#breadcrumb"},"inLanguage":"es","potentialAction":[{"@type":"ReadAction","target":["https:\/\/demoweb.info\/sexshop001\/producto\/lelo-ora-3-estimulador-sexo-oral-rosa-profundo\/"]}]},{"@type":"BreadcrumbList","@id":"https:\/\/demoweb.info\/sexshop001\/producto\/lelo-ora-3-estimulador-sexo-oral-rosa-profundo\/#breadcrumb","itemListElement":[{"@type":"ListItem","position":1,"name":"Portada","item":"https:\/\/demoweb.info\/sexshop001\/"},{"@type":"ListItem","position":2,"name":"Tienda","item":"https:\/\/demoweb.info\/sexshop001\/tienda\/"},{"@type":"ListItem","position":3,"name":"LELO &#8211; ORA 3 ESTIMULADOR SEXO ORAL ROSA PROFUNDO"}]},{"@type":"WebSite","@id":"https:\/\/demoweb.info\/sexshop001\/#website","url":"https:\/\/demoweb.info\/sexshop001\/","name":"Tienda Er\u00f3tica","description":"DEMOWEB SL","potentialAction":[{"@type":"SearchAction","target":{"@type":"EntryPoint","urlTemplate":"https:\/\/demoweb.info\/sexshop001\/?s={search_term_string}"},"query-input":"required name=search_term_string"}],"inLanguage":"es"}]}},"_links":{"self":[{"href":"https:\/\/demoweb.info\/sexshop001\/wp-json\/wp\/v3\/product\/8650","targetHints":{"allow":["GET"]}}],"collection":[{"href":"https:\/\/demoweb.info\/sexshop001\/wp-json\/wp\/v3\/product"}],"about":[{"href":"https:\/\/demoweb.info\/sexshop001\/wp-json\/wp\/v2\/types\/product"}],"replies":[{"embeddable":true,"href":"https:\/\/demoweb.info\/sexshop001\/wp-json\/wp\/v2\/comments?post=8650"}],"wp:featuredmedia":[{"embeddable":true,"href":"https:\/\/demoweb.info\/sexshop001\/wp-json\/wp\/v2\/media\/8651"}],"wp:attachment":[{"href":"https:\/\/demoweb.info\/sexshop001\/wp-json\/wp\/v2\/media?parent=8650"}],"wp:term":[{"taxonomy":"product_cat","embeddable":true,"href":"https:\/\/demoweb.info\/sexshop001\/wp-json\/wp\/v2\/product_cat?post=8650"},{"taxonomy":"product_tag","embeddable":true,"href":"https:\/\/demoweb.info\/sexshop001\/wp-json\/wp\/v2\/product_tag?post=8650"}],"curies":[{"name":"wp","href":"https:\/\/api.w.org\/{rel}","templated":true}]}}