{"id":8642,"date":"2022-01-22T09:37:23","date_gmt":"2022-01-22T08:37:23","guid":{"rendered":"https:\/\/demoweb.info\/sexshop001\/producto\/lelo-soraya-2-vibrador-rosa-intenso\/"},"modified":"2022-01-22T09:37:33","modified_gmt":"2022-01-22T08:37:33","slug":"lelo-soraya-2-vibrador-rosa-intenso","status":"publish","type":"product","link":"https:\/\/demoweb.info\/sexshop001\/producto\/lelo-soraya-2-vibrador-rosa-intenso\/","title":{"rendered":"LELO &#8211; SORAYA 2 VIBRADOR ROSA INTENSO"},"content":{"rendered":"<p><strong>LELO &#8211; SORAYA 2 VIBRATOR<\/strong><\/p>\n<p>\u00a1Vuela a nuevas alturas de intensa intimidad para un placer exquisito que te har\u00e1 regresar por m\u00e1s!<\/p>\n<p>Este masajeador mejorado de doble acci\u00f3n redefine la satisfacci\u00f3n total. Combinando el punto G simult\u00e1neo y la estimulaci\u00f3n del cl\u00edtoris con un toque de lujo, SORAYA 2 es hermoso, poderoso y placentero: todo lo que desea, sin compromiso.<\/p>\n<p>DATOS T\u00c9CNICOS<br \/>\n&#8211; Carga: 2 horas a 5.0V 500mA<br \/>\n&#8211; Tiempo de usuario: hasta 4 h<br \/>\n&#8211; En espera: 90 d\u00edas<br \/>\n&#8211; Interfaz: 3 botones<br \/>\n&#8211; Material: silicona, ABS<br \/>\n&#8211; Tama\u00f1o: 220 x 85 x 44 mm<br \/>\n&#8211; Longitud insertable: 110 mm<br \/>\n&#8211; Peso: 182 g<\/p>\n<p>C\u00d3MO UTILIZAR<br \/>\nAseg\u00farese de que SORAYA 2 est\u00e9 desbloqueado manteniendo presionados los botones + y &#8211; simult\u00e1neamente durante 3 segundos hasta que se encienda la luz. Presione el bot\u00f3n + para encender; presione nuevamente para aumentar la resistencia a la vibraci\u00f3n.<br \/>\nPresione el bot\u00f3n () para cambiar entre los 12 patrones de vibraci\u00f3n. Presione el bot\u00f3n &#8211; para reducir la fuerza de vibraci\u00f3n. Mantenga presionado el bot\u00f3n () para apagar.<\/p>\n<p>BENEFICIOS<br \/>\n&#8211; Caracter\u00edsticas de punta extendida.<br \/>\n&#8211; Punta esculpida m\u00e1s ancha y gruesa para sensaciones mejoradas del punto G.<br \/>\n&#8211; Estimulador externo ergon\u00f3mico.<br \/>\n&#8211; Estimulador externo totalmente flexible con un \u00e1ngulo perfecto que se adapta a cada tipo de cuerpo.<br \/>\n&#8211; Silicona extra suave Silicona ultra suave y segura para el cuerpo que es suave como la seda para un placer total.<br \/>\n&#8211; 12 configuraciones de vibraciones potentes.<br \/>\n&#8211; 12 configuraciones de vibraci\u00f3n con funcionalidad mejorada para una intimidad vers\u00e1til.<\/p>\n<p>RECARGABLE Y TOTALMENTE IMPERMEABLE<br \/>\n&#8211; Usando el cable de carga USB suministrado, SORAYA 2 puede ir a donde quiera que vaya y el dise\u00f1o suave e impermeable es incre\u00edblemente f\u00e1cil de mantener limpio.<\/p>\n","protected":false},"excerpt":{"rendered":"<p>LELO &#8211; SORAYA 2 VIBRATOR \u00a1Vuela a nuevas alturas de intensa intimidad para un placer exquisito que te har\u00e1 regresar<\/p>\n","protected":false},"featured_media":8643,"comment_status":"open","ping_status":"open","template":"","meta":[],"product_cat":[434],"product_tag":[406],"class_list":["post-8642","product","type-product","status-publish","has-post-thumbnail","hentry","product_cat-doble-estimulacion-vibradores-juguetes-xxx","product_tag-lelo"],"bundled_by":[],"bundle_stock_status":"instock","bundle_stock_quantity":3,"bundle_virtual":false,"bundle_layout":"","bundle_add_to_cart_form_location":"","bundle_editable_in_cart":false,"bundle_sold_individually_context":"","bundle_item_grouping":"","bundle_min_size":"","bundle_max_size":"","bundled_items":[],"yoast_head":"<!-- This site is optimized with the Yoast SEO plugin v20.6 - https:\/\/yoast.com\/wordpress\/plugins\/seo\/ -->\n<title>LELO - SORAYA 2 VIBRADOR ROSA INTENSO - Tienda Er\u00f3tica<\/title>\n<meta name=\"robots\" content=\"noindex, follow, max-snippet:-1, max-image-preview:large, max-video-preview:-1\" \/>\n<meta property=\"og:locale\" content=\"es_ES\" \/>\n<meta property=\"og:type\" content=\"article\" \/>\n<meta property=\"og:title\" content=\"LELO - SORAYA 2 VIBRADOR ROSA INTENSO - Tienda Er\u00f3tica\" \/>\n<meta property=\"og:description\" content=\"LELO &#8211; SORAYA 2 VIBRATOR \u00a1Vuela a nuevas alturas de intensa intimidad para un placer exquisito que te har\u00e1 regresar\" \/>\n<meta property=\"og:url\" content=\"https:\/\/demoweb.info\/sexshop001\/producto\/lelo-soraya-2-vibrador-rosa-intenso\/\" \/>\n<meta property=\"og:site_name\" content=\"Tienda Er\u00f3tica\" \/>\n<meta property=\"article:modified_time\" content=\"2022-01-22T08:37:33+00:00\" \/>\n<meta property=\"og:image\" content=\"https:\/\/demoweb.info\/sexshop001\/wp-content\/uploads\/2022\/01\/LELO-SORAYA-2-VIBRADOR-ROSA-INTENSO.jpg\" \/>\n\t<meta property=\"og:image:width\" content=\"550\" \/>\n\t<meta property=\"og:image:height\" content=\"550\" \/>\n\t<meta property=\"og:image:type\" content=\"image\/jpeg\" \/>\n<meta name=\"twitter:card\" content=\"summary_large_image\" \/>\n<meta name=\"twitter:label1\" content=\"Tiempo de lectura\" \/>\n\t<meta name=\"twitter:data1\" content=\"1 minuto\" \/>\n<script type=\"application\/ld+json\" class=\"yoast-schema-graph\">{\"@context\":\"https:\/\/schema.org\",\"@graph\":[{\"@type\":\"WebPage\",\"@id\":\"https:\/\/demoweb.info\/sexshop001\/producto\/lelo-soraya-2-vibrador-rosa-intenso\/\",\"url\":\"https:\/\/demoweb.info\/sexshop001\/producto\/lelo-soraya-2-vibrador-rosa-intenso\/\",\"name\":\"LELO - SORAYA 2 VIBRADOR ROSA INTENSO - Tienda Er\u00f3tica\",\"isPartOf\":{\"@id\":\"https:\/\/demoweb.info\/sexshop001\/#website\"},\"datePublished\":\"2022-01-22T08:37:23+00:00\",\"dateModified\":\"2022-01-22T08:37:33+00:00\",\"breadcrumb\":{\"@id\":\"https:\/\/demoweb.info\/sexshop001\/producto\/lelo-soraya-2-vibrador-rosa-intenso\/#breadcrumb\"},\"inLanguage\":\"es\",\"potentialAction\":[{\"@type\":\"ReadAction\",\"target\":[\"https:\/\/demoweb.info\/sexshop001\/producto\/lelo-soraya-2-vibrador-rosa-intenso\/\"]}]},{\"@type\":\"BreadcrumbList\",\"@id\":\"https:\/\/demoweb.info\/sexshop001\/producto\/lelo-soraya-2-vibrador-rosa-intenso\/#breadcrumb\",\"itemListElement\":[{\"@type\":\"ListItem\",\"position\":1,\"name\":\"Portada\",\"item\":\"https:\/\/demoweb.info\/sexshop001\/\"},{\"@type\":\"ListItem\",\"position\":2,\"name\":\"Tienda\",\"item\":\"https:\/\/demoweb.info\/sexshop001\/tienda\/\"},{\"@type\":\"ListItem\",\"position\":3,\"name\":\"LELO &#8211; SORAYA 2 VIBRADOR ROSA INTENSO\"}]},{\"@type\":\"WebSite\",\"@id\":\"https:\/\/demoweb.info\/sexshop001\/#website\",\"url\":\"https:\/\/demoweb.info\/sexshop001\/\",\"name\":\"Tienda Er\u00f3tica\",\"description\":\"DEMOWEB SL\",\"potentialAction\":[{\"@type\":\"SearchAction\",\"target\":{\"@type\":\"EntryPoint\",\"urlTemplate\":\"https:\/\/demoweb.info\/sexshop001\/?s={search_term_string}\"},\"query-input\":\"required name=search_term_string\"}],\"inLanguage\":\"es\"}]}<\/script>\n<!-- \/ Yoast SEO plugin. -->","yoast_head_json":{"title":"LELO - SORAYA 2 VIBRADOR ROSA INTENSO - Tienda Er\u00f3tica","robots":{"index":"noindex","follow":"follow","max-snippet":"max-snippet:-1","max-image-preview":"max-image-preview:large","max-video-preview":"max-video-preview:-1"},"og_locale":"es_ES","og_type":"article","og_title":"LELO - SORAYA 2 VIBRADOR ROSA INTENSO - Tienda Er\u00f3tica","og_description":"LELO &#8211; SORAYA 2 VIBRATOR \u00a1Vuela a nuevas alturas de intensa intimidad para un placer exquisito que te har\u00e1 regresar","og_url":"https:\/\/demoweb.info\/sexshop001\/producto\/lelo-soraya-2-vibrador-rosa-intenso\/","og_site_name":"Tienda Er\u00f3tica","article_modified_time":"2022-01-22T08:37:33+00:00","og_image":[{"width":550,"height":550,"url":"https:\/\/demoweb.info\/sexshop001\/wp-content\/uploads\/2022\/01\/LELO-SORAYA-2-VIBRADOR-ROSA-INTENSO.jpg","type":"image\/jpeg"}],"twitter_card":"summary_large_image","twitter_misc":{"Tiempo de lectura":"1 minuto"},"schema":{"@context":"https:\/\/schema.org","@graph":[{"@type":"WebPage","@id":"https:\/\/demoweb.info\/sexshop001\/producto\/lelo-soraya-2-vibrador-rosa-intenso\/","url":"https:\/\/demoweb.info\/sexshop001\/producto\/lelo-soraya-2-vibrador-rosa-intenso\/","name":"LELO - SORAYA 2 VIBRADOR ROSA INTENSO - Tienda Er\u00f3tica","isPartOf":{"@id":"https:\/\/demoweb.info\/sexshop001\/#website"},"datePublished":"2022-01-22T08:37:23+00:00","dateModified":"2022-01-22T08:37:33+00:00","breadcrumb":{"@id":"https:\/\/demoweb.info\/sexshop001\/producto\/lelo-soraya-2-vibrador-rosa-intenso\/#breadcrumb"},"inLanguage":"es","potentialAction":[{"@type":"ReadAction","target":["https:\/\/demoweb.info\/sexshop001\/producto\/lelo-soraya-2-vibrador-rosa-intenso\/"]}]},{"@type":"BreadcrumbList","@id":"https:\/\/demoweb.info\/sexshop001\/producto\/lelo-soraya-2-vibrador-rosa-intenso\/#breadcrumb","itemListElement":[{"@type":"ListItem","position":1,"name":"Portada","item":"https:\/\/demoweb.info\/sexshop001\/"},{"@type":"ListItem","position":2,"name":"Tienda","item":"https:\/\/demoweb.info\/sexshop001\/tienda\/"},{"@type":"ListItem","position":3,"name":"LELO &#8211; SORAYA 2 VIBRADOR ROSA INTENSO"}]},{"@type":"WebSite","@id":"https:\/\/demoweb.info\/sexshop001\/#website","url":"https:\/\/demoweb.info\/sexshop001\/","name":"Tienda Er\u00f3tica","description":"DEMOWEB SL","potentialAction":[{"@type":"SearchAction","target":{"@type":"EntryPoint","urlTemplate":"https:\/\/demoweb.info\/sexshop001\/?s={search_term_string}"},"query-input":"required name=search_term_string"}],"inLanguage":"es"}]}},"_links":{"self":[{"href":"https:\/\/demoweb.info\/sexshop001\/wp-json\/wp\/v3\/product\/8642","targetHints":{"allow":["GET"]}}],"collection":[{"href":"https:\/\/demoweb.info\/sexshop001\/wp-json\/wp\/v3\/product"}],"about":[{"href":"https:\/\/demoweb.info\/sexshop001\/wp-json\/wp\/v2\/types\/product"}],"replies":[{"embeddable":true,"href":"https:\/\/demoweb.info\/sexshop001\/wp-json\/wp\/v2\/comments?post=8642"}],"wp:featuredmedia":[{"embeddable":true,"href":"https:\/\/demoweb.info\/sexshop001\/wp-json\/wp\/v2\/media\/8643"}],"wp:attachment":[{"href":"https:\/\/demoweb.info\/sexshop001\/wp-json\/wp\/v2\/media?parent=8642"}],"wp:term":[{"taxonomy":"product_cat","embeddable":true,"href":"https:\/\/demoweb.info\/sexshop001\/wp-json\/wp\/v2\/product_cat?post=8642"},{"taxonomy":"product_tag","embeddable":true,"href":"https:\/\/demoweb.info\/sexshop001\/wp-json\/wp\/v2\/product_tag?post=8642"}],"curies":[{"name":"wp","href":"https:\/\/api.w.org\/{rel}","templated":true}]}}