{"id":8556,"date":"2022-01-22T09:36:53","date_gmt":"2022-01-22T08:36:53","guid":{"rendered":"https:\/\/demoweb.info\/sexshop001\/producto\/alive-cesar-pene-realistico-175cm\/"},"modified":"2022-01-22T09:37:01","modified_gmt":"2022-01-22T08:37:01","slug":"alive-cesar-pene-realistico-175cm","status":"publish","type":"product","link":"https:\/\/demoweb.info\/sexshop001\/producto\/alive-cesar-pene-realistico-175cm\/","title":{"rendered":"ALIVE CESAR PENE REAL\u00cdSTICO 17,5CM"},"content":{"rendered":"<p><strong>CESAR<\/strong><\/p>\n<p>\u00a1Nunca ha existido nada igual! &#8211;  \u00a1La ficci\u00f3n supera la realidad!<\/p>\n<p>Cesar proporciona las sensaciones m\u00e1s naturales que hayas probado nunca.<\/p>\n<p>Relieves m\u00e1s realistas, textura real inmejorablemente; har\u00e1 m\u00e1s apasionados tus momentos a solas.<\/p>\n<p>Disfruta de este juguete como si tuvieras uno de verdad en tus manos. <\/p>\n<p>Deja volar tu imaginaci\u00f3n y alucina con su textura inigualable de suavidad y tacto de seda.<\/p>\n<p>Potente ventosa de sujeci\u00f3n para que lo disfrutes donde quieras, en la posici\u00f3n que mejor se adapte a ti. <\/p>\n<p>Material revolucionario: Cesar es el primer realistic del mercado  hecho de material Future Skin.<\/p>\n<p>\u00bfEn qu\u00e9 consiste?<\/p>\n<p>Totalmente tacto de piel.<\/p>\n<p>\u00c9ste material no tiene la necesidad de a\u00f1adir agentes de refuerzo, estabilizantes o sistemas de curaci\u00f3n.<\/p>\n<p>Molde producido mediante sistema \u201cpor inyecci\u00f3n\u201d.<\/p>\n<p>ECO: Al ser f\u00e1cilmente procesado, consume menos energ\u00eda y se logra un control m\u00e1s estrecho de la calidad del producto.<\/p>\n<p>Dimensiones: 17,75 x 4 cm<\/p>\n","protected":false},"excerpt":{"rendered":"<p>CESAR \u00a1Nunca ha existido nada igual! &#8211; \u00a1La ficci\u00f3n supera la realidad! Cesar proporciona las sensaciones m\u00e1s naturales que hayas<\/p>\n","protected":false},"featured_media":8557,"comment_status":"open","ping_status":"open","template":"","meta":[],"product_cat":[386],"product_tag":[427],"class_list":["post-8556","product","type-product","status-publish","has-post-thumbnail","hentry","product_cat-realisticos","product_tag-alive"],"bundled_by":[],"bundle_stock_status":"instock","bundle_stock_quantity":5,"bundle_virtual":false,"bundle_layout":"","bundle_add_to_cart_form_location":"","bundle_editable_in_cart":false,"bundle_sold_individually_context":"","bundle_item_grouping":"","bundle_min_size":"","bundle_max_size":"","bundled_items":[],"yoast_head":"<!-- This site is optimized with the Yoast SEO plugin v20.6 - https:\/\/yoast.com\/wordpress\/plugins\/seo\/ -->\n<title>ALIVE CESAR PENE REAL\u00cdSTICO 17,5CM - Tienda Er\u00f3tica<\/title>\n<meta name=\"robots\" content=\"noindex, follow, max-snippet:-1, max-image-preview:large, max-video-preview:-1\" \/>\n<meta property=\"og:locale\" content=\"es_ES\" \/>\n<meta property=\"og:type\" content=\"article\" \/>\n<meta property=\"og:title\" content=\"ALIVE CESAR PENE REAL\u00cdSTICO 17,5CM - Tienda Er\u00f3tica\" \/>\n<meta property=\"og:description\" content=\"CESAR \u00a1Nunca ha existido nada igual! &#8211; \u00a1La ficci\u00f3n supera la realidad! Cesar proporciona las sensaciones m\u00e1s naturales que hayas\" \/>\n<meta property=\"og:url\" content=\"https:\/\/demoweb.info\/sexshop001\/producto\/alive-cesar-pene-realistico-175cm\/\" \/>\n<meta property=\"og:site_name\" content=\"Tienda Er\u00f3tica\" \/>\n<meta property=\"article:modified_time\" content=\"2022-01-22T08:37:01+00:00\" \/>\n<meta property=\"og:image\" content=\"https:\/\/demoweb.info\/sexshop001\/wp-content\/uploads\/2022\/01\/ALIVE-CESAR-PENE-REALISTICO-175CM.jpg\" \/>\n\t<meta property=\"og:image:width\" content=\"550\" \/>\n\t<meta property=\"og:image:height\" content=\"550\" \/>\n\t<meta property=\"og:image:type\" content=\"image\/jpeg\" \/>\n<meta name=\"twitter:card\" content=\"summary_large_image\" \/>\n<meta name=\"twitter:label1\" content=\"Tiempo de lectura\" \/>\n\t<meta name=\"twitter:data1\" content=\"1 minuto\" \/>\n<script type=\"application\/ld+json\" class=\"yoast-schema-graph\">{\"@context\":\"https:\/\/schema.org\",\"@graph\":[{\"@type\":\"WebPage\",\"@id\":\"https:\/\/demoweb.info\/sexshop001\/producto\/alive-cesar-pene-realistico-175cm\/\",\"url\":\"https:\/\/demoweb.info\/sexshop001\/producto\/alive-cesar-pene-realistico-175cm\/\",\"name\":\"ALIVE CESAR PENE REAL\u00cdSTICO 17,5CM - Tienda Er\u00f3tica\",\"isPartOf\":{\"@id\":\"https:\/\/demoweb.info\/sexshop001\/#website\"},\"datePublished\":\"2022-01-22T08:36:53+00:00\",\"dateModified\":\"2022-01-22T08:37:01+00:00\",\"breadcrumb\":{\"@id\":\"https:\/\/demoweb.info\/sexshop001\/producto\/alive-cesar-pene-realistico-175cm\/#breadcrumb\"},\"inLanguage\":\"es\",\"potentialAction\":[{\"@type\":\"ReadAction\",\"target\":[\"https:\/\/demoweb.info\/sexshop001\/producto\/alive-cesar-pene-realistico-175cm\/\"]}]},{\"@type\":\"BreadcrumbList\",\"@id\":\"https:\/\/demoweb.info\/sexshop001\/producto\/alive-cesar-pene-realistico-175cm\/#breadcrumb\",\"itemListElement\":[{\"@type\":\"ListItem\",\"position\":1,\"name\":\"Portada\",\"item\":\"https:\/\/demoweb.info\/sexshop001\/\"},{\"@type\":\"ListItem\",\"position\":2,\"name\":\"Tienda\",\"item\":\"https:\/\/demoweb.info\/sexshop001\/tienda\/\"},{\"@type\":\"ListItem\",\"position\":3,\"name\":\"ALIVE CESAR PENE REAL\u00cdSTICO 17,5CM\"}]},{\"@type\":\"WebSite\",\"@id\":\"https:\/\/demoweb.info\/sexshop001\/#website\",\"url\":\"https:\/\/demoweb.info\/sexshop001\/\",\"name\":\"Tienda Er\u00f3tica\",\"description\":\"DEMOWEB SL\",\"potentialAction\":[{\"@type\":\"SearchAction\",\"target\":{\"@type\":\"EntryPoint\",\"urlTemplate\":\"https:\/\/demoweb.info\/sexshop001\/?s={search_term_string}\"},\"query-input\":\"required name=search_term_string\"}],\"inLanguage\":\"es\"}]}<\/script>\n<!-- \/ Yoast SEO plugin. -->","yoast_head_json":{"title":"ALIVE CESAR PENE REAL\u00cdSTICO 17,5CM - Tienda Er\u00f3tica","robots":{"index":"noindex","follow":"follow","max-snippet":"max-snippet:-1","max-image-preview":"max-image-preview:large","max-video-preview":"max-video-preview:-1"},"og_locale":"es_ES","og_type":"article","og_title":"ALIVE CESAR PENE REAL\u00cdSTICO 17,5CM - Tienda Er\u00f3tica","og_description":"CESAR \u00a1Nunca ha existido nada igual! &#8211; \u00a1La ficci\u00f3n supera la realidad! Cesar proporciona las sensaciones m\u00e1s naturales que hayas","og_url":"https:\/\/demoweb.info\/sexshop001\/producto\/alive-cesar-pene-realistico-175cm\/","og_site_name":"Tienda Er\u00f3tica","article_modified_time":"2022-01-22T08:37:01+00:00","og_image":[{"width":550,"height":550,"url":"https:\/\/demoweb.info\/sexshop001\/wp-content\/uploads\/2022\/01\/ALIVE-CESAR-PENE-REALISTICO-175CM.jpg","type":"image\/jpeg"}],"twitter_card":"summary_large_image","twitter_misc":{"Tiempo de lectura":"1 minuto"},"schema":{"@context":"https:\/\/schema.org","@graph":[{"@type":"WebPage","@id":"https:\/\/demoweb.info\/sexshop001\/producto\/alive-cesar-pene-realistico-175cm\/","url":"https:\/\/demoweb.info\/sexshop001\/producto\/alive-cesar-pene-realistico-175cm\/","name":"ALIVE CESAR PENE REAL\u00cdSTICO 17,5CM - Tienda Er\u00f3tica","isPartOf":{"@id":"https:\/\/demoweb.info\/sexshop001\/#website"},"datePublished":"2022-01-22T08:36:53+00:00","dateModified":"2022-01-22T08:37:01+00:00","breadcrumb":{"@id":"https:\/\/demoweb.info\/sexshop001\/producto\/alive-cesar-pene-realistico-175cm\/#breadcrumb"},"inLanguage":"es","potentialAction":[{"@type":"ReadAction","target":["https:\/\/demoweb.info\/sexshop001\/producto\/alive-cesar-pene-realistico-175cm\/"]}]},{"@type":"BreadcrumbList","@id":"https:\/\/demoweb.info\/sexshop001\/producto\/alive-cesar-pene-realistico-175cm\/#breadcrumb","itemListElement":[{"@type":"ListItem","position":1,"name":"Portada","item":"https:\/\/demoweb.info\/sexshop001\/"},{"@type":"ListItem","position":2,"name":"Tienda","item":"https:\/\/demoweb.info\/sexshop001\/tienda\/"},{"@type":"ListItem","position":3,"name":"ALIVE CESAR PENE REAL\u00cdSTICO 17,5CM"}]},{"@type":"WebSite","@id":"https:\/\/demoweb.info\/sexshop001\/#website","url":"https:\/\/demoweb.info\/sexshop001\/","name":"Tienda Er\u00f3tica","description":"DEMOWEB SL","potentialAction":[{"@type":"SearchAction","target":{"@type":"EntryPoint","urlTemplate":"https:\/\/demoweb.info\/sexshop001\/?s={search_term_string}"},"query-input":"required name=search_term_string"}],"inLanguage":"es"}]}},"_links":{"self":[{"href":"https:\/\/demoweb.info\/sexshop001\/wp-json\/wp\/v3\/product\/8556","targetHints":{"allow":["GET"]}}],"collection":[{"href":"https:\/\/demoweb.info\/sexshop001\/wp-json\/wp\/v3\/product"}],"about":[{"href":"https:\/\/demoweb.info\/sexshop001\/wp-json\/wp\/v2\/types\/product"}],"replies":[{"embeddable":true,"href":"https:\/\/demoweb.info\/sexshop001\/wp-json\/wp\/v2\/comments?post=8556"}],"wp:featuredmedia":[{"embeddable":true,"href":"https:\/\/demoweb.info\/sexshop001\/wp-json\/wp\/v2\/media\/8557"}],"wp:attachment":[{"href":"https:\/\/demoweb.info\/sexshop001\/wp-json\/wp\/v2\/media?parent=8556"}],"wp:term":[{"taxonomy":"product_cat","embeddable":true,"href":"https:\/\/demoweb.info\/sexshop001\/wp-json\/wp\/v2\/product_cat?post=8556"},{"taxonomy":"product_tag","embeddable":true,"href":"https:\/\/demoweb.info\/sexshop001\/wp-json\/wp\/v2\/product_tag?post=8556"}],"curies":[{"name":"wp","href":"https:\/\/api.w.org\/{rel}","templated":true}]}}