{"id":8491,"date":"2022-01-22T09:36:35","date_gmt":"2022-01-22T08:36:35","guid":{"rendered":"https:\/\/demoweb.info\/sexshop001\/producto\/intimrelax\/"},"modified":"2022-01-22T09:36:39","modified_gmt":"2022-01-22T08:36:39","slug":"intimrelax","status":"publish","type":"product","link":"https:\/\/demoweb.info\/sexshop001\/producto\/intimrelax\/","title":{"rendered":"INTIMRELAX"},"content":{"rendered":"<p><strong>INTIMRELAX<\/strong><\/p>\n<p>IMTIMRELAX\u00ae est\u00e1 indicado para el tratamiento de la vaginitis atr\u00f3fica o atrofia vaginal.<\/p>\n<p>REEDUCA<\/p>\n<p>Un sistema de reeducaci\u00f3n ofreciendo 3 dispositivos ergon\u00f3micos intravaginales de diversas tallas y di\u00e1metros para ejercitar y progresivamente dilatar el canal vaginal.<\/p>\n<p>EJERCITA<\/p>\n<p>Un programa de ejercicios diarios dirigido a recuperar plenamente la cavidad y elasticidad vaginal, paliar a la dispareunia (dolor coital), y consecuentemente perder el miedo a la penetraci\u00f3n.<\/p>\n<p>RECUPERA TU VIDA SEXUAL<\/p>\n<p>Una soluci\u00f3n para recuperar y gozar de una vida sexual plena y sana.<\/p>\n<p>Medidas: 12,2 cm \/ 10,7 cm \/ 7,4 cm<\/p>\n","protected":false},"excerpt":{"rendered":"<p>INTIMRELAX IMTIMRELAX\u00ae est\u00e1 indicado para el tratamiento de la vaginitis atr\u00f3fica o atrofia vaginal. REEDUCA Un sistema de reeducaci\u00f3n ofreciendo<\/p>\n","protected":false},"featured_media":8492,"comment_status":"open","ping_status":"open","template":"","meta":[],"product_cat":[428],"product_tag":[429],"class_list":["post-8491","product","type-product","status-publish","has-post-thumbnail","hentry","product_cat-suelo-pelvico","product_tag-femintimate"],"bundled_by":[],"bundle_stock_status":"instock","bundle_stock_quantity":17,"bundle_virtual":false,"bundle_layout":"","bundle_add_to_cart_form_location":"","bundle_editable_in_cart":false,"bundle_sold_individually_context":"","bundle_item_grouping":"","bundle_min_size":"","bundle_max_size":"","bundled_items":[],"yoast_head":"<!-- This site is optimized with the Yoast SEO plugin v20.6 - https:\/\/yoast.com\/wordpress\/plugins\/seo\/ -->\n<title>INTIMRELAX - Tienda Er\u00f3tica<\/title>\n<meta name=\"robots\" content=\"noindex, follow, max-snippet:-1, max-image-preview:large, max-video-preview:-1\" \/>\n<meta property=\"og:locale\" content=\"es_ES\" \/>\n<meta property=\"og:type\" content=\"article\" \/>\n<meta property=\"og:title\" content=\"INTIMRELAX - Tienda Er\u00f3tica\" \/>\n<meta property=\"og:description\" content=\"INTIMRELAX IMTIMRELAX\u00ae est\u00e1 indicado para el tratamiento de la vaginitis atr\u00f3fica o atrofia vaginal. REEDUCA Un sistema de reeducaci\u00f3n ofreciendo\" \/>\n<meta property=\"og:url\" content=\"https:\/\/demoweb.info\/sexshop001\/producto\/intimrelax\/\" \/>\n<meta property=\"og:site_name\" content=\"Tienda Er\u00f3tica\" \/>\n<meta property=\"article:modified_time\" content=\"2022-01-22T08:36:39+00:00\" \/>\n<meta property=\"og:image\" content=\"https:\/\/demoweb.info\/sexshop001\/wp-content\/uploads\/2022\/01\/INTIMRELAX.jpg\" \/>\n\t<meta property=\"og:image:width\" content=\"550\" \/>\n\t<meta property=\"og:image:height\" content=\"550\" \/>\n\t<meta property=\"og:image:type\" content=\"image\/jpeg\" \/>\n<meta name=\"twitter:card\" content=\"summary_large_image\" \/>\n<script type=\"application\/ld+json\" class=\"yoast-schema-graph\">{\"@context\":\"https:\/\/schema.org\",\"@graph\":[{\"@type\":\"WebPage\",\"@id\":\"https:\/\/demoweb.info\/sexshop001\/producto\/intimrelax\/\",\"url\":\"https:\/\/demoweb.info\/sexshop001\/producto\/intimrelax\/\",\"name\":\"INTIMRELAX - Tienda Er\u00f3tica\",\"isPartOf\":{\"@id\":\"https:\/\/demoweb.info\/sexshop001\/#website\"},\"datePublished\":\"2022-01-22T08:36:35+00:00\",\"dateModified\":\"2022-01-22T08:36:39+00:00\",\"breadcrumb\":{\"@id\":\"https:\/\/demoweb.info\/sexshop001\/producto\/intimrelax\/#breadcrumb\"},\"inLanguage\":\"es\",\"potentialAction\":[{\"@type\":\"ReadAction\",\"target\":[\"https:\/\/demoweb.info\/sexshop001\/producto\/intimrelax\/\"]}]},{\"@type\":\"BreadcrumbList\",\"@id\":\"https:\/\/demoweb.info\/sexshop001\/producto\/intimrelax\/#breadcrumb\",\"itemListElement\":[{\"@type\":\"ListItem\",\"position\":1,\"name\":\"Portada\",\"item\":\"https:\/\/demoweb.info\/sexshop001\/\"},{\"@type\":\"ListItem\",\"position\":2,\"name\":\"Tienda\",\"item\":\"https:\/\/demoweb.info\/sexshop001\/tienda\/\"},{\"@type\":\"ListItem\",\"position\":3,\"name\":\"INTIMRELAX\"}]},{\"@type\":\"WebSite\",\"@id\":\"https:\/\/demoweb.info\/sexshop001\/#website\",\"url\":\"https:\/\/demoweb.info\/sexshop001\/\",\"name\":\"Tienda Er\u00f3tica\",\"description\":\"DEMOWEB SL\",\"potentialAction\":[{\"@type\":\"SearchAction\",\"target\":{\"@type\":\"EntryPoint\",\"urlTemplate\":\"https:\/\/demoweb.info\/sexshop001\/?s={search_term_string}\"},\"query-input\":\"required name=search_term_string\"}],\"inLanguage\":\"es\"}]}<\/script>\n<!-- \/ Yoast SEO plugin. -->","yoast_head_json":{"title":"INTIMRELAX - Tienda Er\u00f3tica","robots":{"index":"noindex","follow":"follow","max-snippet":"max-snippet:-1","max-image-preview":"max-image-preview:large","max-video-preview":"max-video-preview:-1"},"og_locale":"es_ES","og_type":"article","og_title":"INTIMRELAX - Tienda Er\u00f3tica","og_description":"INTIMRELAX IMTIMRELAX\u00ae est\u00e1 indicado para el tratamiento de la vaginitis atr\u00f3fica o atrofia vaginal. REEDUCA Un sistema de reeducaci\u00f3n ofreciendo","og_url":"https:\/\/demoweb.info\/sexshop001\/producto\/intimrelax\/","og_site_name":"Tienda Er\u00f3tica","article_modified_time":"2022-01-22T08:36:39+00:00","og_image":[{"width":550,"height":550,"url":"https:\/\/demoweb.info\/sexshop001\/wp-content\/uploads\/2022\/01\/INTIMRELAX.jpg","type":"image\/jpeg"}],"twitter_card":"summary_large_image","schema":{"@context":"https:\/\/schema.org","@graph":[{"@type":"WebPage","@id":"https:\/\/demoweb.info\/sexshop001\/producto\/intimrelax\/","url":"https:\/\/demoweb.info\/sexshop001\/producto\/intimrelax\/","name":"INTIMRELAX - Tienda Er\u00f3tica","isPartOf":{"@id":"https:\/\/demoweb.info\/sexshop001\/#website"},"datePublished":"2022-01-22T08:36:35+00:00","dateModified":"2022-01-22T08:36:39+00:00","breadcrumb":{"@id":"https:\/\/demoweb.info\/sexshop001\/producto\/intimrelax\/#breadcrumb"},"inLanguage":"es","potentialAction":[{"@type":"ReadAction","target":["https:\/\/demoweb.info\/sexshop001\/producto\/intimrelax\/"]}]},{"@type":"BreadcrumbList","@id":"https:\/\/demoweb.info\/sexshop001\/producto\/intimrelax\/#breadcrumb","itemListElement":[{"@type":"ListItem","position":1,"name":"Portada","item":"https:\/\/demoweb.info\/sexshop001\/"},{"@type":"ListItem","position":2,"name":"Tienda","item":"https:\/\/demoweb.info\/sexshop001\/tienda\/"},{"@type":"ListItem","position":3,"name":"INTIMRELAX"}]},{"@type":"WebSite","@id":"https:\/\/demoweb.info\/sexshop001\/#website","url":"https:\/\/demoweb.info\/sexshop001\/","name":"Tienda Er\u00f3tica","description":"DEMOWEB SL","potentialAction":[{"@type":"SearchAction","target":{"@type":"EntryPoint","urlTemplate":"https:\/\/demoweb.info\/sexshop001\/?s={search_term_string}"},"query-input":"required name=search_term_string"}],"inLanguage":"es"}]}},"_links":{"self":[{"href":"https:\/\/demoweb.info\/sexshop001\/wp-json\/wp\/v3\/product\/8491","targetHints":{"allow":["GET"]}}],"collection":[{"href":"https:\/\/demoweb.info\/sexshop001\/wp-json\/wp\/v3\/product"}],"about":[{"href":"https:\/\/demoweb.info\/sexshop001\/wp-json\/wp\/v2\/types\/product"}],"replies":[{"embeddable":true,"href":"https:\/\/demoweb.info\/sexshop001\/wp-json\/wp\/v2\/comments?post=8491"}],"wp:featuredmedia":[{"embeddable":true,"href":"https:\/\/demoweb.info\/sexshop001\/wp-json\/wp\/v2\/media\/8492"}],"wp:attachment":[{"href":"https:\/\/demoweb.info\/sexshop001\/wp-json\/wp\/v2\/media?parent=8491"}],"wp:term":[{"taxonomy":"product_cat","embeddable":true,"href":"https:\/\/demoweb.info\/sexshop001\/wp-json\/wp\/v2\/product_cat?post=8491"},{"taxonomy":"product_tag","embeddable":true,"href":"https:\/\/demoweb.info\/sexshop001\/wp-json\/wp\/v2\/product_tag?post=8491"}],"curies":[{"name":"wp","href":"https:\/\/api.w.org\/{rel}","templated":true}]}}