{"id":8478,"date":"2022-01-22T09:36:20","date_gmt":"2022-01-22T08:36:20","guid":{"rendered":"https:\/\/demoweb.info\/sexshop001\/producto\/universal-massager-masajeador-silicona\/"},"modified":"2022-01-22T09:36:32","modified_gmt":"2022-01-22T08:36:32","slug":"universal-massager-masajeador-silicona","status":"publish","type":"product","link":"https:\/\/demoweb.info\/sexshop001\/producto\/universal-massager-masajeador-silicona\/","title":{"rendered":"UNIVERSAL MASSAGER &#8211; MASAJEADOR SILICONA"},"content":{"rendered":"<p><strong>UNIVERSAL MASSAGER<\/strong><\/p>\n<p>Masajeador especialmente concebido para los masajes corporales \u00edntimos de la mujer.<\/p>\n<p>Este masajeador multifunci\u00f3n, compacto potente y silencioso, se adaptar\u00e1 perfectamente a todas sus necesidades.<\/p>\n<p>Ergon\u00f3mico y f\u00e1cil de dirigir, sus m\u00faltiples modos de vibraci\u00f3n ser\u00e1n simplemente ideales para aliviar la tensi\u00f3n muscular, as\u00ed como ofrecer un amplio abanico de placeres \u00edntimos.<\/p>\n<p>Medidas: 21 x 3,7 cm<\/p>\n<p>Material: 100% silicona<\/p>\n<p>Pilas incluidas.<\/p>\n","protected":false},"excerpt":{"rendered":"<p>UNIVERSAL MASSAGER Masajeador especialmente concebido para los masajes corporales \u00edntimos de la mujer. Este masajeador multifunci\u00f3n, compacto potente y silencioso,<\/p>\n","protected":false},"featured_media":8479,"comment_status":"open","ping_status":"open","template":"","meta":[],"product_cat":[428],"product_tag":[429],"class_list":["post-8478","product","type-product","status-publish","has-post-thumbnail","hentry","product_cat-suelo-pelvico","product_tag-femintimate"],"bundled_by":[],"bundle_stock_status":"outofstock","bundle_stock_quantity":0,"bundle_virtual":false,"bundle_layout":"","bundle_add_to_cart_form_location":"","bundle_editable_in_cart":false,"bundle_sold_individually_context":"","bundle_item_grouping":"","bundle_min_size":"","bundle_max_size":"","bundled_items":[],"yoast_head":"<!-- This site is optimized with the Yoast SEO plugin v20.6 - https:\/\/yoast.com\/wordpress\/plugins\/seo\/ -->\n<title>UNIVERSAL MASSAGER - MASAJEADOR SILICONA - Tienda Er\u00f3tica<\/title>\n<meta name=\"robots\" content=\"noindex, follow, max-snippet:-1, max-image-preview:large, max-video-preview:-1\" \/>\n<meta property=\"og:locale\" content=\"es_ES\" \/>\n<meta property=\"og:type\" content=\"article\" \/>\n<meta property=\"og:title\" content=\"UNIVERSAL MASSAGER - MASAJEADOR SILICONA - Tienda Er\u00f3tica\" \/>\n<meta property=\"og:description\" content=\"UNIVERSAL MASSAGER Masajeador especialmente concebido para los masajes corporales \u00edntimos de la mujer. Este masajeador multifunci\u00f3n, compacto potente y silencioso,\" \/>\n<meta property=\"og:url\" content=\"https:\/\/demoweb.info\/sexshop001\/producto\/universal-massager-masajeador-silicona\/\" \/>\n<meta property=\"og:site_name\" content=\"Tienda Er\u00f3tica\" \/>\n<meta property=\"article:modified_time\" content=\"2022-01-22T08:36:32+00:00\" \/>\n<meta property=\"og:image\" content=\"https:\/\/demoweb.info\/sexshop001\/wp-content\/uploads\/2022\/01\/UNIVERSAL-MASSAGER-MASAJEADOR-SILICONA.jpg\" \/>\n\t<meta property=\"og:image:width\" content=\"550\" \/>\n\t<meta property=\"og:image:height\" content=\"550\" \/>\n\t<meta property=\"og:image:type\" content=\"image\/jpeg\" \/>\n<meta name=\"twitter:card\" content=\"summary_large_image\" \/>\n<script type=\"application\/ld+json\" class=\"yoast-schema-graph\">{\"@context\":\"https:\/\/schema.org\",\"@graph\":[{\"@type\":\"WebPage\",\"@id\":\"https:\/\/demoweb.info\/sexshop001\/producto\/universal-massager-masajeador-silicona\/\",\"url\":\"https:\/\/demoweb.info\/sexshop001\/producto\/universal-massager-masajeador-silicona\/\",\"name\":\"UNIVERSAL MASSAGER - MASAJEADOR SILICONA - Tienda Er\u00f3tica\",\"isPartOf\":{\"@id\":\"https:\/\/demoweb.info\/sexshop001\/#website\"},\"datePublished\":\"2022-01-22T08:36:20+00:00\",\"dateModified\":\"2022-01-22T08:36:32+00:00\",\"breadcrumb\":{\"@id\":\"https:\/\/demoweb.info\/sexshop001\/producto\/universal-massager-masajeador-silicona\/#breadcrumb\"},\"inLanguage\":\"es\",\"potentialAction\":[{\"@type\":\"ReadAction\",\"target\":[\"https:\/\/demoweb.info\/sexshop001\/producto\/universal-massager-masajeador-silicona\/\"]}]},{\"@type\":\"BreadcrumbList\",\"@id\":\"https:\/\/demoweb.info\/sexshop001\/producto\/universal-massager-masajeador-silicona\/#breadcrumb\",\"itemListElement\":[{\"@type\":\"ListItem\",\"position\":1,\"name\":\"Portada\",\"item\":\"https:\/\/demoweb.info\/sexshop001\/\"},{\"@type\":\"ListItem\",\"position\":2,\"name\":\"Tienda\",\"item\":\"https:\/\/demoweb.info\/sexshop001\/tienda\/\"},{\"@type\":\"ListItem\",\"position\":3,\"name\":\"UNIVERSAL MASSAGER &#8211; MASAJEADOR SILICONA\"}]},{\"@type\":\"WebSite\",\"@id\":\"https:\/\/demoweb.info\/sexshop001\/#website\",\"url\":\"https:\/\/demoweb.info\/sexshop001\/\",\"name\":\"Tienda Er\u00f3tica\",\"description\":\"DEMOWEB SL\",\"potentialAction\":[{\"@type\":\"SearchAction\",\"target\":{\"@type\":\"EntryPoint\",\"urlTemplate\":\"https:\/\/demoweb.info\/sexshop001\/?s={search_term_string}\"},\"query-input\":\"required name=search_term_string\"}],\"inLanguage\":\"es\"}]}<\/script>\n<!-- \/ Yoast SEO plugin. -->","yoast_head_json":{"title":"UNIVERSAL MASSAGER - MASAJEADOR SILICONA - Tienda Er\u00f3tica","robots":{"index":"noindex","follow":"follow","max-snippet":"max-snippet:-1","max-image-preview":"max-image-preview:large","max-video-preview":"max-video-preview:-1"},"og_locale":"es_ES","og_type":"article","og_title":"UNIVERSAL MASSAGER - MASAJEADOR SILICONA - Tienda Er\u00f3tica","og_description":"UNIVERSAL MASSAGER Masajeador especialmente concebido para los masajes corporales \u00edntimos de la mujer. Este masajeador multifunci\u00f3n, compacto potente y silencioso,","og_url":"https:\/\/demoweb.info\/sexshop001\/producto\/universal-massager-masajeador-silicona\/","og_site_name":"Tienda Er\u00f3tica","article_modified_time":"2022-01-22T08:36:32+00:00","og_image":[{"width":550,"height":550,"url":"https:\/\/demoweb.info\/sexshop001\/wp-content\/uploads\/2022\/01\/UNIVERSAL-MASSAGER-MASAJEADOR-SILICONA.jpg","type":"image\/jpeg"}],"twitter_card":"summary_large_image","schema":{"@context":"https:\/\/schema.org","@graph":[{"@type":"WebPage","@id":"https:\/\/demoweb.info\/sexshop001\/producto\/universal-massager-masajeador-silicona\/","url":"https:\/\/demoweb.info\/sexshop001\/producto\/universal-massager-masajeador-silicona\/","name":"UNIVERSAL MASSAGER - MASAJEADOR SILICONA - Tienda Er\u00f3tica","isPartOf":{"@id":"https:\/\/demoweb.info\/sexshop001\/#website"},"datePublished":"2022-01-22T08:36:20+00:00","dateModified":"2022-01-22T08:36:32+00:00","breadcrumb":{"@id":"https:\/\/demoweb.info\/sexshop001\/producto\/universal-massager-masajeador-silicona\/#breadcrumb"},"inLanguage":"es","potentialAction":[{"@type":"ReadAction","target":["https:\/\/demoweb.info\/sexshop001\/producto\/universal-massager-masajeador-silicona\/"]}]},{"@type":"BreadcrumbList","@id":"https:\/\/demoweb.info\/sexshop001\/producto\/universal-massager-masajeador-silicona\/#breadcrumb","itemListElement":[{"@type":"ListItem","position":1,"name":"Portada","item":"https:\/\/demoweb.info\/sexshop001\/"},{"@type":"ListItem","position":2,"name":"Tienda","item":"https:\/\/demoweb.info\/sexshop001\/tienda\/"},{"@type":"ListItem","position":3,"name":"UNIVERSAL MASSAGER &#8211; MASAJEADOR SILICONA"}]},{"@type":"WebSite","@id":"https:\/\/demoweb.info\/sexshop001\/#website","url":"https:\/\/demoweb.info\/sexshop001\/","name":"Tienda Er\u00f3tica","description":"DEMOWEB SL","potentialAction":[{"@type":"SearchAction","target":{"@type":"EntryPoint","urlTemplate":"https:\/\/demoweb.info\/sexshop001\/?s={search_term_string}"},"query-input":"required name=search_term_string"}],"inLanguage":"es"}]}},"_links":{"self":[{"href":"https:\/\/demoweb.info\/sexshop001\/wp-json\/wp\/v3\/product\/8478","targetHints":{"allow":["GET"]}}],"collection":[{"href":"https:\/\/demoweb.info\/sexshop001\/wp-json\/wp\/v3\/product"}],"about":[{"href":"https:\/\/demoweb.info\/sexshop001\/wp-json\/wp\/v2\/types\/product"}],"replies":[{"embeddable":true,"href":"https:\/\/demoweb.info\/sexshop001\/wp-json\/wp\/v2\/comments?post=8478"}],"wp:featuredmedia":[{"embeddable":true,"href":"https:\/\/demoweb.info\/sexshop001\/wp-json\/wp\/v2\/media\/8479"}],"wp:attachment":[{"href":"https:\/\/demoweb.info\/sexshop001\/wp-json\/wp\/v2\/media?parent=8478"}],"wp:term":[{"taxonomy":"product_cat","embeddable":true,"href":"https:\/\/demoweb.info\/sexshop001\/wp-json\/wp\/v2\/product_cat?post=8478"},{"taxonomy":"product_tag","embeddable":true,"href":"https:\/\/demoweb.info\/sexshop001\/wp-json\/wp\/v2\/product_tag?post=8478"}],"curies":[{"name":"wp","href":"https:\/\/api.w.org\/{rel}","templated":true}]}}